{"id":846,"date":"2022-07-11T15:16:08","date_gmt":"2022-07-11T13:16:08","guid":{"rendered":"https:\/\/leonore-mau.de\/produkt\/htte-am-strand-von-piat\/"},"modified":"2022-09-13T23:09:07","modified_gmt":"2022-09-13T21:09:07","slug":"htte-am-strand-von-piat","status":"publish","type":"product","link":"https:\/\/leonore-mau.de\/en\/produkt\/htte-am-strand-von-piat\/","title":{"rendered":"H\u00fctte am Strand von Piat\u00e3"},"content":{"rendered":"<p>Eingang einer H\u00fctte am Strand von Piat\u00e3. Das Dach ist mit Palmenzweigen bedeckt. Aus dem T\u00fcrrahmen treten zwei Kinder. Das M\u00e4dchen tr\u00e4gt ein Baby auf dem Arm. R\u00fcckseitenbeschriftung: &#8220;Arimbepe Brasilien 1971&#8221;<\/p>\n","protected":false},"excerpt":{"rendered":"<p>Eingang einer H\u00fctte am Strand von Piat\u00e3. Das Dach ist mit Palmenzweigen bedeckt. Aus dem T\u00fcrrahmen treten zwei Kinder. Das M\u00e4dchen tr\u00e4gt ein Baby auf dem Arm. R\u00fcckseitenbeschriftung: &#8220;Arimbepe Brasilien 1971&#8221;<\/p>\n","protected":false},"featured_media":294,"template":"","meta":[],"product_brand":[],"product_cat":[4433,17],"product_tag":[78,642,22,24,21,23,80,666,171,172,173,174,175,147,668,669,853,854,43,44,855,856,857,858,169,552,859,860,861,862,863,864,865,866,867,868,70,71,105,107,93,92,94,91,95,163,164,106,108],"class_list":{"0":"post-846","1":"product","2":"type-product","3":"status-publish","4":"has-post-thumbnail","6":"product_cat-prekaere-verhaeltnisse","7":"product_cat-unkategorisiert","8":"product_tag-1970er-jahre","9":"product_tag-2-3-1_prekaere-verhaeltnisse","10":"product_tag-20-jahrhundert-nach-chr","11":"product_tag-20-jh-n-chr","12":"product_tag-20-jahrhundert","13":"product_tag-20-jh","14":"product_tag-70er","15":"product_tag-armut","16":"product_tag-aussenaufnahme","17":"product_tag-aussenaufnahmen","18":"product_tag-brasil","19":"product_tag-brasilien","20":"product_tag-brasiliens","21":"product_tag-eingang","22":"product_tag-elend","23":"product_tag-elends","24":"product_tag-elendshuette","25":"product_tag-elendshuetten","26":"product_tag-fotografin","27":"product_tag-fotografinnen","28":"product_tag-holz","29":"product_tag-holzstamm","30":"product_tag-holzstock","31":"product_tag-holzstoecker","32":"product_tag-kind","33":"product_tag-kinder","34":"product_tag-kleinkind","35":"product_tag-kleinkinder","36":"product_tag-kleinkindern","37":"product_tag-korb","38":"product_tag-palmenwedel","39":"product_tag-palmenzweig","40":"product_tag-palmenzweige","41":"product_tag-palmwedel","42":"product_tag-palmzweig","43":"product_tag-palmzweige","44":"product_tag-photographin","45":"product_tag-photographinnen","46":"product_tag-s-w-fotografie","47":"product_tag-s-w-photographie","48":"product_tag-schwarzweissphotographie","49":"product_tag-schwarz-weiss-fotografie","50":"product_tag-schwarz-weiss-photographie","51":"product_tag-schwarzweissfotografie","52":"product_tag-siebziger","53":"product_tag-suedamerika","54":"product_tag-suedamerikas","55":"product_tag-sw-fotografie","56":"product_tag-sw-photographie","58":"first","59":"instock","60":"shipping-taxable","61":"product-type-simple"},"yoast_head":"<!-- This site is optimized with the Yoast SEO plugin v27.4 - https:\/\/yoast.com\/product\/yoast-seo-wordpress\/ -->\n<title>H\u00fctte am Strand von Piat\u00e3 - Leonore Mau<\/title>\n<meta name=\"robots\" content=\"index, follow, max-snippet:-1, max-image-preview:large, max-video-preview:-1\" \/>\n<link rel=\"canonical\" href=\"https:\/\/leonore-mau.de\/produkt\/htte-am-strand-von-piat\/\" \/>\n<meta property=\"og:locale\" content=\"en_US\" \/>\n<meta property=\"og:type\" content=\"article\" \/>\n<meta property=\"og:title\" content=\"H\u00fctte am Strand von Piat\u00e3 - Leonore Mau\" \/>\n<meta property=\"og:description\" content=\"Eingang einer H\u00fctte am Strand von Piat\u00e3. Das Dach ist mit Palmenzweigen bedeckt. Aus dem T\u00fcrrahmen treten zwei Kinder. Das M\u00e4dchen tr\u00e4gt ein Baby auf dem Arm. R\u00fcckseitenbeschriftung: &#8220;Arimbepe Brasilien 1971&#8221;\" \/>\n<meta property=\"og:url\" content=\"https:\/\/leonore-mau.de\/produkt\/htte-am-strand-von-piat\/\" \/>\n<meta property=\"og:site_name\" content=\"Leonore Mau\" \/>\n<meta property=\"article:modified_time\" content=\"2022-09-13T21:09:07+00:00\" \/>\n<meta property=\"og:image\" content=\"https:\/\/leonore-mau.de\/wp-content\/uploads\/2022\/07\/70245806.jpg\" \/>\n\t<meta property=\"og:image:width\" content=\"1030\" \/>\n\t<meta property=\"og:image:height\" content=\"1200\" \/>\n\t<meta property=\"og:image:type\" content=\"image\/jpeg\" \/>\n<meta name=\"twitter:card\" content=\"summary_large_image\" \/>\n<script type=\"application\/ld+json\" class=\"yoast-schema-graph\">{\"@context\":\"https:\\\/\\\/schema.org\",\"@graph\":[{\"@type\":\"WebPage\",\"@id\":\"https:\\\/\\\/leonore-mau.de\\\/produkt\\\/htte-am-strand-von-piat\\\/\",\"url\":\"https:\\\/\\\/leonore-mau.de\\\/produkt\\\/htte-am-strand-von-piat\\\/\",\"name\":\"H\u00fctte am Strand von Piat\u00e3 - Leonore Mau\",\"isPartOf\":{\"@id\":\"https:\\\/\\\/leonore-mau.de\\\/#website\"},\"primaryImageOfPage\":{\"@id\":\"https:\\\/\\\/leonore-mau.de\\\/produkt\\\/htte-am-strand-von-piat\\\/#primaryimage\"},\"image\":{\"@id\":\"https:\\\/\\\/leonore-mau.de\\\/produkt\\\/htte-am-strand-von-piat\\\/#primaryimage\"},\"thumbnailUrl\":\"https:\\\/\\\/leonore-mau.de\\\/wp-content\\\/uploads\\\/2022\\\/07\\\/70245806.jpg\",\"datePublished\":\"2022-07-11T13:16:08+00:00\",\"dateModified\":\"2022-09-13T21:09:07+00:00\",\"breadcrumb\":{\"@id\":\"https:\\\/\\\/leonore-mau.de\\\/produkt\\\/htte-am-strand-von-piat\\\/#breadcrumb\"},\"inLanguage\":\"en-US\",\"potentialAction\":[{\"@type\":\"ReadAction\",\"target\":[\"https:\\\/\\\/leonore-mau.de\\\/produkt\\\/htte-am-strand-von-piat\\\/\"]}]},{\"@type\":\"ImageObject\",\"inLanguage\":\"en-US\",\"@id\":\"https:\\\/\\\/leonore-mau.de\\\/produkt\\\/htte-am-strand-von-piat\\\/#primaryimage\",\"url\":\"https:\\\/\\\/leonore-mau.de\\\/wp-content\\\/uploads\\\/2022\\\/07\\\/70245806.jpg\",\"contentUrl\":\"https:\\\/\\\/leonore-mau.de\\\/wp-content\\\/uploads\\\/2022\\\/07\\\/70245806.jpg\",\"width\":1030,\"height\":1200,\"caption\":\"Eingang einer H\u00fctte am Strand von Piat\u00e3. Das Dach ist mit Palmenzweigen bedeckt. Aus dem T\u00fcrrahmen treten zwei Kinder. Das M\u00e4dchen tr\u00e4gt ein Baby auf dem Arm. R\u00fcckseitenbeschriftung: \\\"Arimbepe Brasilien 1971\\\" Aufnahmedatum: 1971 Material\\\/Technik: Foto \\\/ Silbergelatine auf Barytpapier Bildformat (Foto): 23,7 x 27,9 cm Aufnahmeort: Arembepe \\\/ Bahia Inventar-Nr.: LM-506634\"},{\"@type\":\"BreadcrumbList\",\"@id\":\"https:\\\/\\\/leonore-mau.de\\\/produkt\\\/htte-am-strand-von-piat\\\/#breadcrumb\",\"itemListElement\":[{\"@type\":\"ListItem\",\"position\":1,\"name\":\"Startseite\",\"item\":\"https:\\\/\\\/leonore-mau.de\\\/en\\\/\"},{\"@type\":\"ListItem\",\"position\":2,\"name\":\"Shop\",\"item\":\"https:\\\/\\\/leonore-mau.de\\\/en\\\/shop-2\\\/\"},{\"@type\":\"ListItem\",\"position\":3,\"name\":\"H\u00fctte am Strand von Piat\u00e3\"}]},{\"@type\":\"WebSite\",\"@id\":\"https:\\\/\\\/leonore-mau.de\\\/#website\",\"url\":\"https:\\\/\\\/leonore-mau.de\\\/\",\"name\":\"Leonore Mau\",\"description\":\"Fotografin\",\"potentialAction\":[{\"@type\":\"SearchAction\",\"target\":{\"@type\":\"EntryPoint\",\"urlTemplate\":\"https:\\\/\\\/leonore-mau.de\\\/?s={search_term_string}\"},\"query-input\":{\"@type\":\"PropertyValueSpecification\",\"valueRequired\":true,\"valueName\":\"search_term_string\"}}],\"inLanguage\":\"en-US\"}]}<\/script>\n<!-- \/ Yoast SEO plugin. -->","yoast_head_json":{"title":"H\u00fctte am Strand von Piat\u00e3 - Leonore Mau","robots":{"index":"index","follow":"follow","max-snippet":"max-snippet:-1","max-image-preview":"max-image-preview:large","max-video-preview":"max-video-preview:-1"},"canonical":"https:\/\/leonore-mau.de\/produkt\/htte-am-strand-von-piat\/","og_locale":"en_US","og_type":"article","og_title":"H\u00fctte am Strand von Piat\u00e3 - Leonore Mau","og_description":"Eingang einer H\u00fctte am Strand von Piat\u00e3. Das Dach ist mit Palmenzweigen bedeckt. Aus dem T\u00fcrrahmen treten zwei Kinder. Das M\u00e4dchen tr\u00e4gt ein Baby auf dem Arm. R\u00fcckseitenbeschriftung: &#8220;Arimbepe Brasilien 1971&#8221;","og_url":"https:\/\/leonore-mau.de\/produkt\/htte-am-strand-von-piat\/","og_site_name":"Leonore Mau","article_modified_time":"2022-09-13T21:09:07+00:00","og_image":[{"width":1030,"height":1200,"url":"https:\/\/leonore-mau.de\/wp-content\/uploads\/2022\/07\/70245806.jpg","type":"image\/jpeg"}],"twitter_card":"summary_large_image","schema":{"@context":"https:\/\/schema.org","@graph":[{"@type":"WebPage","@id":"https:\/\/leonore-mau.de\/produkt\/htte-am-strand-von-piat\/","url":"https:\/\/leonore-mau.de\/produkt\/htte-am-strand-von-piat\/","name":"H\u00fctte am Strand von Piat\u00e3 - Leonore Mau","isPartOf":{"@id":"https:\/\/leonore-mau.de\/#website"},"primaryImageOfPage":{"@id":"https:\/\/leonore-mau.de\/produkt\/htte-am-strand-von-piat\/#primaryimage"},"image":{"@id":"https:\/\/leonore-mau.de\/produkt\/htte-am-strand-von-piat\/#primaryimage"},"thumbnailUrl":"https:\/\/leonore-mau.de\/wp-content\/uploads\/2022\/07\/70245806.jpg","datePublished":"2022-07-11T13:16:08+00:00","dateModified":"2022-09-13T21:09:07+00:00","breadcrumb":{"@id":"https:\/\/leonore-mau.de\/produkt\/htte-am-strand-von-piat\/#breadcrumb"},"inLanguage":"en-US","potentialAction":[{"@type":"ReadAction","target":["https:\/\/leonore-mau.de\/produkt\/htte-am-strand-von-piat\/"]}]},{"@type":"ImageObject","inLanguage":"en-US","@id":"https:\/\/leonore-mau.de\/produkt\/htte-am-strand-von-piat\/#primaryimage","url":"https:\/\/leonore-mau.de\/wp-content\/uploads\/2022\/07\/70245806.jpg","contentUrl":"https:\/\/leonore-mau.de\/wp-content\/uploads\/2022\/07\/70245806.jpg","width":1030,"height":1200,"caption":"Eingang einer H\u00fctte am Strand von Piat\u00e3. Das Dach ist mit Palmenzweigen bedeckt. Aus dem T\u00fcrrahmen treten zwei Kinder. Das M\u00e4dchen tr\u00e4gt ein Baby auf dem Arm. R\u00fcckseitenbeschriftung: \"Arimbepe Brasilien 1971\" Aufnahmedatum: 1971 Material\/Technik: Foto \/ Silbergelatine auf Barytpapier Bildformat (Foto): 23,7 x 27,9 cm Aufnahmeort: Arembepe \/ Bahia Inventar-Nr.: LM-506634"},{"@type":"BreadcrumbList","@id":"https:\/\/leonore-mau.de\/produkt\/htte-am-strand-von-piat\/#breadcrumb","itemListElement":[{"@type":"ListItem","position":1,"name":"Startseite","item":"https:\/\/leonore-mau.de\/en\/"},{"@type":"ListItem","position":2,"name":"Shop","item":"https:\/\/leonore-mau.de\/en\/shop-2\/"},{"@type":"ListItem","position":3,"name":"H\u00fctte am Strand von Piat\u00e3"}]},{"@type":"WebSite","@id":"https:\/\/leonore-mau.de\/#website","url":"https:\/\/leonore-mau.de\/","name":"Leonore Mau","description":"Fotografin","potentialAction":[{"@type":"SearchAction","target":{"@type":"EntryPoint","urlTemplate":"https:\/\/leonore-mau.de\/?s={search_term_string}"},"query-input":{"@type":"PropertyValueSpecification","valueRequired":true,"valueName":"search_term_string"}}],"inLanguage":"en-US"}]}},"_links":{"self":[{"href":"https:\/\/leonore-mau.de\/en\/wp-json\/wp\/v2\/product\/846","targetHints":{"allow":["GET"]}}],"collection":[{"href":"https:\/\/leonore-mau.de\/en\/wp-json\/wp\/v2\/product"}],"about":[{"href":"https:\/\/leonore-mau.de\/en\/wp-json\/wp\/v2\/types\/product"}],"wp:featuredmedia":[{"embeddable":true,"href":"https:\/\/leonore-mau.de\/en\/wp-json\/wp\/v2\/media\/294"}],"wp:attachment":[{"href":"https:\/\/leonore-mau.de\/en\/wp-json\/wp\/v2\/media?parent=846"}],"wp:term":[{"taxonomy":"product_brand","embeddable":true,"href":"https:\/\/leonore-mau.de\/en\/wp-json\/wp\/v2\/product_brand?post=846"},{"taxonomy":"product_cat","embeddable":true,"href":"https:\/\/leonore-mau.de\/en\/wp-json\/wp\/v2\/product_cat?post=846"},{"taxonomy":"product_tag","embeddable":true,"href":"https:\/\/leonore-mau.de\/en\/wp-json\/wp\/v2\/product_tag?post=846"}],"curies":[{"name":"wp","href":"https:\/\/api.w.org\/{rel}","templated":true}]}}