{"id":854,"date":"2022-07-11T15:16:08","date_gmt":"2022-07-11T13:16:08","guid":{"rendered":"https:\/\/leonore-mau.de\/produkt\/ohne-titel-zwei-frauen-in-agadir\/"},"modified":"2022-09-13T23:09:10","modified_gmt":"2022-09-13T21:09:10","slug":"ohne-titel-zwei-frauen-in-agadir","status":"publish","type":"product","link":"https:\/\/leonore-mau.de\/en\/produkt\/ohne-titel-zwei-frauen-in-agadir\/","title":{"rendered":"Ohne Titel (Zwei Frauen in Agadir)"},"content":{"rendered":"<p>Zwei Frauen in langen Gew\u00e4ndern und verh\u00fcllten Gesichtern \u00fcberqueren eine Stra\u00dfe. Im Hintergrund h\u00e4ngt ein schwarzes Tuch mit arabischer Schrift an einem Geb\u00e4ude. R\u00fcckseitenbeschriftung: &#8220;1970 Agadir&#8221;<\/p>\n","protected":false},"excerpt":{"rendered":"<p>Zwei Frauen in langen Gew\u00e4ndern und verh\u00fcllten Gesichtern \u00fcberqueren eine Stra\u00dfe. Im Hintergrund h\u00e4ngt ein schwarzes Tuch mit arabischer Schrift an einem Geb\u00e4ude. R\u00fcckseitenbeschriftung: &#8220;1970 Agadir&#8221;<\/p>\n","protected":false},"featured_media":302,"template":"","meta":[],"product_brand":[],"product_cat":[4436,17],"product_tag":[78,228,22,24,21,23,80,939,940,941,942,943,944,945,946,84,171,172,947,948,43,44,354,740,165,166,549,550,949,167,168,70,71,105,107,950,93,92,94,91,95,97,99,106,108,951,952,953,954,955,956,957,958],"class_list":{"0":"post-854","1":"product","2":"type-product","3":"status-publish","4":"has-post-thumbnail","6":"product_cat-strassenszenen","7":"product_cat-unkategorisiert","8":"product_tag-1970er-jahre","9":"product_tag-2-4_strassenszenen","10":"product_tag-20-jahrhundert-nach-chr","11":"product_tag-20-jh-n-chr","12":"product_tag-20-jahrhundert","13":"product_tag-20-jh","14":"product_tag-70er","15":"product_tag-afrika","16":"product_tag-afrikas","17":"product_tag-arabisch","18":"product_tag-arabische","19":"product_tag-arabischem","20":"product_tag-arabischen","21":"product_tag-arabischer","22":"product_tag-arabisches","23":"product_tag-ausland","24":"product_tag-aussenaufnahme","25":"product_tag-aussenaufnahmen","26":"product_tag-beschriftung","27":"product_tag-beschriftungen","28":"product_tag-fotografin","29":"product_tag-fotografinnen","30":"product_tag-frau","31":"product_tag-frauen","32":"product_tag-fussgaengerin","33":"product_tag-fussgaengerinnen","34":"product_tag-gewand","35":"product_tag-gewaender","36":"product_tag-marokko","37":"product_tag-passantin","38":"product_tag-passantinnen","39":"product_tag-photographin","40":"product_tag-photographinnen","41":"product_tag-s-w-fotografie","42":"product_tag-s-w-photographie","43":"product_tag-schrift","44":"product_tag-schwarzweissphotographie","45":"product_tag-schwarz-weiss-fotografie","46":"product_tag-schwarz-weiss-photographie","47":"product_tag-schwarzweissfotografie","48":"product_tag-siebziger","49":"product_tag-strassenleben","50":"product_tag-strassenszene","51":"product_tag-sw-fotografie","52":"product_tag-sw-photographie","53":"product_tag-verhuellt","54":"product_tag-verhuellte","55":"product_tag-verhuellten","56":"product_tag-verhuellter","57":"product_tag-verhuelltes","58":"product_tag-verhuellung","59":"product_tag-westafrika","60":"product_tag-westafrikas","62":"first","63":"instock","64":"shipping-taxable","65":"product-type-simple"},"yoast_head":"<!-- This site is optimized with the Yoast SEO plugin v27.4 - https:\/\/yoast.com\/product\/yoast-seo-wordpress\/ -->\n<title>Ohne Titel (Zwei Frauen in Agadir) - Leonore Mau<\/title>\n<meta name=\"robots\" content=\"index, follow, max-snippet:-1, max-image-preview:large, max-video-preview:-1\" \/>\n<link rel=\"canonical\" href=\"https:\/\/leonore-mau.de\/produkt\/ohne-titel-zwei-frauen-in-agadir\/\" \/>\n<meta property=\"og:locale\" content=\"en_US\" \/>\n<meta property=\"og:type\" content=\"article\" \/>\n<meta property=\"og:title\" content=\"Ohne Titel (Zwei Frauen in Agadir) - Leonore Mau\" \/>\n<meta property=\"og:description\" content=\"Zwei Frauen in langen Gew\u00e4ndern und verh\u00fcllten Gesichtern \u00fcberqueren eine Stra\u00dfe. Im Hintergrund h\u00e4ngt ein schwarzes Tuch mit arabischer Schrift an einem Geb\u00e4ude. R\u00fcckseitenbeschriftung: &#8220;1970 Agadir&#8221;\" \/>\n<meta property=\"og:url\" content=\"https:\/\/leonore-mau.de\/produkt\/ohne-titel-zwei-frauen-in-agadir\/\" \/>\n<meta property=\"og:site_name\" content=\"Leonore Mau\" \/>\n<meta property=\"article:modified_time\" content=\"2022-09-13T21:09:10+00:00\" \/>\n<meta property=\"og:image\" content=\"https:\/\/leonore-mau.de\/wp-content\/uploads\/2022\/07\/70245861.jpg\" \/>\n\t<meta property=\"og:image:width\" content=\"1196\" \/>\n\t<meta property=\"og:image:height\" content=\"1200\" \/>\n\t<meta property=\"og:image:type\" content=\"image\/jpeg\" \/>\n<meta name=\"twitter:card\" content=\"summary_large_image\" \/>\n<script type=\"application\/ld+json\" class=\"yoast-schema-graph\">{\"@context\":\"https:\\\/\\\/schema.org\",\"@graph\":[{\"@type\":\"WebPage\",\"@id\":\"https:\\\/\\\/leonore-mau.de\\\/produkt\\\/ohne-titel-zwei-frauen-in-agadir\\\/\",\"url\":\"https:\\\/\\\/leonore-mau.de\\\/produkt\\\/ohne-titel-zwei-frauen-in-agadir\\\/\",\"name\":\"Ohne Titel (Zwei Frauen in Agadir) - Leonore Mau\",\"isPartOf\":{\"@id\":\"https:\\\/\\\/leonore-mau.de\\\/#website\"},\"primaryImageOfPage\":{\"@id\":\"https:\\\/\\\/leonore-mau.de\\\/produkt\\\/ohne-titel-zwei-frauen-in-agadir\\\/#primaryimage\"},\"image\":{\"@id\":\"https:\\\/\\\/leonore-mau.de\\\/produkt\\\/ohne-titel-zwei-frauen-in-agadir\\\/#primaryimage\"},\"thumbnailUrl\":\"https:\\\/\\\/leonore-mau.de\\\/wp-content\\\/uploads\\\/2022\\\/07\\\/70245861.jpg\",\"datePublished\":\"2022-07-11T13:16:08+00:00\",\"dateModified\":\"2022-09-13T21:09:10+00:00\",\"breadcrumb\":{\"@id\":\"https:\\\/\\\/leonore-mau.de\\\/produkt\\\/ohne-titel-zwei-frauen-in-agadir\\\/#breadcrumb\"},\"inLanguage\":\"en-US\",\"potentialAction\":[{\"@type\":\"ReadAction\",\"target\":[\"https:\\\/\\\/leonore-mau.de\\\/produkt\\\/ohne-titel-zwei-frauen-in-agadir\\\/\"]}]},{\"@type\":\"ImageObject\",\"inLanguage\":\"en-US\",\"@id\":\"https:\\\/\\\/leonore-mau.de\\\/produkt\\\/ohne-titel-zwei-frauen-in-agadir\\\/#primaryimage\",\"url\":\"https:\\\/\\\/leonore-mau.de\\\/wp-content\\\/uploads\\\/2022\\\/07\\\/70245861.jpg\",\"contentUrl\":\"https:\\\/\\\/leonore-mau.de\\\/wp-content\\\/uploads\\\/2022\\\/07\\\/70245861.jpg\",\"width\":1196,\"height\":1200,\"caption\":\"Zwei Frauen in langen Gew\u00e4ndern und verh\u00fcllten Gesichtern \u00fcberqueren eine Stra\u00dfe. Im Hintergrund h\u00e4ngt ein schwarzes Tuch mit arabischer Schrift an einem Geb\u00e4ude. R\u00fcckseitenbeschriftung: \\\"1970 Agadir\\\" Aufnahmedatum: 1970 Material\\\/Technik: Foto \\\/ Negativ Bildformat (Foto): Gro\u00dfbild (6x6) Aufnahmeort: Agadir Inventar-Nr.: LM-503750\"},{\"@type\":\"BreadcrumbList\",\"@id\":\"https:\\\/\\\/leonore-mau.de\\\/produkt\\\/ohne-titel-zwei-frauen-in-agadir\\\/#breadcrumb\",\"itemListElement\":[{\"@type\":\"ListItem\",\"position\":1,\"name\":\"Startseite\",\"item\":\"https:\\\/\\\/leonore-mau.de\\\/en\\\/\"},{\"@type\":\"ListItem\",\"position\":2,\"name\":\"Shop\",\"item\":\"https:\\\/\\\/leonore-mau.de\\\/en\\\/shop-2\\\/\"},{\"@type\":\"ListItem\",\"position\":3,\"name\":\"Ohne Titel (Zwei Frauen in Agadir)\"}]},{\"@type\":\"WebSite\",\"@id\":\"https:\\\/\\\/leonore-mau.de\\\/#website\",\"url\":\"https:\\\/\\\/leonore-mau.de\\\/\",\"name\":\"Leonore Mau\",\"description\":\"Fotografin\",\"potentialAction\":[{\"@type\":\"SearchAction\",\"target\":{\"@type\":\"EntryPoint\",\"urlTemplate\":\"https:\\\/\\\/leonore-mau.de\\\/?s={search_term_string}\"},\"query-input\":{\"@type\":\"PropertyValueSpecification\",\"valueRequired\":true,\"valueName\":\"search_term_string\"}}],\"inLanguage\":\"en-US\"}]}<\/script>\n<!-- \/ Yoast SEO plugin. -->","yoast_head_json":{"title":"Ohne Titel (Zwei Frauen in Agadir) - Leonore Mau","robots":{"index":"index","follow":"follow","max-snippet":"max-snippet:-1","max-image-preview":"max-image-preview:large","max-video-preview":"max-video-preview:-1"},"canonical":"https:\/\/leonore-mau.de\/produkt\/ohne-titel-zwei-frauen-in-agadir\/","og_locale":"en_US","og_type":"article","og_title":"Ohne Titel (Zwei Frauen in Agadir) - Leonore Mau","og_description":"Zwei Frauen in langen Gew\u00e4ndern und verh\u00fcllten Gesichtern \u00fcberqueren eine Stra\u00dfe. Im Hintergrund h\u00e4ngt ein schwarzes Tuch mit arabischer Schrift an einem Geb\u00e4ude. R\u00fcckseitenbeschriftung: &#8220;1970 Agadir&#8221;","og_url":"https:\/\/leonore-mau.de\/produkt\/ohne-titel-zwei-frauen-in-agadir\/","og_site_name":"Leonore Mau","article_modified_time":"2022-09-13T21:09:10+00:00","og_image":[{"width":1196,"height":1200,"url":"https:\/\/leonore-mau.de\/wp-content\/uploads\/2022\/07\/70245861.jpg","type":"image\/jpeg"}],"twitter_card":"summary_large_image","schema":{"@context":"https:\/\/schema.org","@graph":[{"@type":"WebPage","@id":"https:\/\/leonore-mau.de\/produkt\/ohne-titel-zwei-frauen-in-agadir\/","url":"https:\/\/leonore-mau.de\/produkt\/ohne-titel-zwei-frauen-in-agadir\/","name":"Ohne Titel (Zwei Frauen in Agadir) - Leonore Mau","isPartOf":{"@id":"https:\/\/leonore-mau.de\/#website"},"primaryImageOfPage":{"@id":"https:\/\/leonore-mau.de\/produkt\/ohne-titel-zwei-frauen-in-agadir\/#primaryimage"},"image":{"@id":"https:\/\/leonore-mau.de\/produkt\/ohne-titel-zwei-frauen-in-agadir\/#primaryimage"},"thumbnailUrl":"https:\/\/leonore-mau.de\/wp-content\/uploads\/2022\/07\/70245861.jpg","datePublished":"2022-07-11T13:16:08+00:00","dateModified":"2022-09-13T21:09:10+00:00","breadcrumb":{"@id":"https:\/\/leonore-mau.de\/produkt\/ohne-titel-zwei-frauen-in-agadir\/#breadcrumb"},"inLanguage":"en-US","potentialAction":[{"@type":"ReadAction","target":["https:\/\/leonore-mau.de\/produkt\/ohne-titel-zwei-frauen-in-agadir\/"]}]},{"@type":"ImageObject","inLanguage":"en-US","@id":"https:\/\/leonore-mau.de\/produkt\/ohne-titel-zwei-frauen-in-agadir\/#primaryimage","url":"https:\/\/leonore-mau.de\/wp-content\/uploads\/2022\/07\/70245861.jpg","contentUrl":"https:\/\/leonore-mau.de\/wp-content\/uploads\/2022\/07\/70245861.jpg","width":1196,"height":1200,"caption":"Zwei Frauen in langen Gew\u00e4ndern und verh\u00fcllten Gesichtern \u00fcberqueren eine Stra\u00dfe. Im Hintergrund h\u00e4ngt ein schwarzes Tuch mit arabischer Schrift an einem Geb\u00e4ude. R\u00fcckseitenbeschriftung: \"1970 Agadir\" Aufnahmedatum: 1970 Material\/Technik: Foto \/ Negativ Bildformat (Foto): Gro\u00dfbild (6x6) Aufnahmeort: Agadir Inventar-Nr.: LM-503750"},{"@type":"BreadcrumbList","@id":"https:\/\/leonore-mau.de\/produkt\/ohne-titel-zwei-frauen-in-agadir\/#breadcrumb","itemListElement":[{"@type":"ListItem","position":1,"name":"Startseite","item":"https:\/\/leonore-mau.de\/en\/"},{"@type":"ListItem","position":2,"name":"Shop","item":"https:\/\/leonore-mau.de\/en\/shop-2\/"},{"@type":"ListItem","position":3,"name":"Ohne Titel (Zwei Frauen in Agadir)"}]},{"@type":"WebSite","@id":"https:\/\/leonore-mau.de\/#website","url":"https:\/\/leonore-mau.de\/","name":"Leonore Mau","description":"Fotografin","potentialAction":[{"@type":"SearchAction","target":{"@type":"EntryPoint","urlTemplate":"https:\/\/leonore-mau.de\/?s={search_term_string}"},"query-input":{"@type":"PropertyValueSpecification","valueRequired":true,"valueName":"search_term_string"}}],"inLanguage":"en-US"}]}},"_links":{"self":[{"href":"https:\/\/leonore-mau.de\/en\/wp-json\/wp\/v2\/product\/854","targetHints":{"allow":["GET"]}}],"collection":[{"href":"https:\/\/leonore-mau.de\/en\/wp-json\/wp\/v2\/product"}],"about":[{"href":"https:\/\/leonore-mau.de\/en\/wp-json\/wp\/v2\/types\/product"}],"wp:featuredmedia":[{"embeddable":true,"href":"https:\/\/leonore-mau.de\/en\/wp-json\/wp\/v2\/media\/302"}],"wp:attachment":[{"href":"https:\/\/leonore-mau.de\/en\/wp-json\/wp\/v2\/media?parent=854"}],"wp:term":[{"taxonomy":"product_brand","embeddable":true,"href":"https:\/\/leonore-mau.de\/en\/wp-json\/wp\/v2\/product_brand?post=854"},{"taxonomy":"product_cat","embeddable":true,"href":"https:\/\/leonore-mau.de\/en\/wp-json\/wp\/v2\/product_cat?post=854"},{"taxonomy":"product_tag","embeddable":true,"href":"https:\/\/leonore-mau.de\/en\/wp-json\/wp\/v2\/product_tag?post=854"}],"curies":[{"name":"wp","href":"https:\/\/api.w.org\/{rel}","templated":true}]}}