{"id":857,"date":"2022-07-11T15:16:09","date_gmt":"2022-07-11T13:16:09","guid":{"rendered":"https:\/\/leonore-mau.de\/produkt\/ohne-titel-verkehrspolizist\/"},"modified":"2022-09-13T23:09:11","modified_gmt":"2022-09-13T21:09:11","slug":"ohne-titel-verkehrspolizist","status":"publish","type":"product","link":"https:\/\/leonore-mau.de\/en\/produkt\/ohne-titel-verkehrspolizist\/","title":{"rendered":"Ohne Titel (Verkehrspolizist)"},"content":{"rendered":"<p>Stra\u00dfenszene im Zentrum von Porto Alegre. Im Vordergrund ein Verkehrspolizist stehend auf einem Holzpodest. Passanten \u00fcberqueren die Stra\u00dfe. Im Hintergrund Hochh\u00e4user, Autos und Werbeplakate.<\/p>\n","protected":false},"excerpt":{"rendered":"<p>Stra\u00dfenszene im Zentrum von Porto Alegre. Im Vordergrund ein Verkehrspolizist stehend auf einem Holzpodest. Passanten \u00fcberqueren die Stra\u00dfe. Im Hintergrund Hochh\u00e4user, Autos und Werbeplakate.<\/p>\n","protected":false},"featured_media":305,"template":"","meta":[],"product_brand":[],"product_cat":[4436,17],"product_tag":[78,228,22,24,21,23,80,171,172,115,116,117,118,119,983,984,985,986,987,173,174,175,43,44,160,988,989,961,962,963,188,189,486,161,162,70,71,990,991,992,993,994,105,107,93,92,94,91,95,995,996,997,998,999,1000,1001,1002,97,99,106,108,1003,1004,1005,1006,496,497,75,76,77],"class_list":{"0":"post-857","1":"product","2":"type-product","3":"status-publish","4":"has-post-thumbnail","6":"product_cat-strassenszenen","7":"product_cat-unkategorisiert","8":"product_tag-1970er-jahre","9":"product_tag-2-4_strassenszenen","10":"product_tag-20-jahrhundert-nach-chr","11":"product_tag-20-jh-n-chr","12":"product_tag-20-jahrhundert","13":"product_tag-20-jh","14":"product_tag-70er","15":"product_tag-aussenaufnahme","16":"product_tag-aussenaufnahmen","17":"product_tag-auto","18":"product_tag-automobil","19":"product_tag-automobile","20":"product_tag-automobils","21":"product_tag-autos","22":"product_tag-autostrasse","23":"product_tag-autostrassen","24":"product_tag-autoverkehr","25":"product_tag-autoverkehrs","26":"product_tag-baum","27":"product_tag-brasil","28":"product_tag-brasilien","29":"product_tag-brasiliens","30":"product_tag-fotografin","31":"product_tag-fotografinnen","32":"product_tag-fussgaenger","33":"product_tag-helm","34":"product_tag-helme","35":"product_tag-hochhaus","36":"product_tag-hochhaeuser","37":"product_tag-hochhauses","38":"product_tag-kopfbedeckung","39":"product_tag-kopfbedeckungen","40":"product_tag-mann","41":"product_tag-passant","42":"product_tag-passanten","43":"product_tag-photographin","44":"product_tag-photographinnen","45":"product_tag-podest","46":"product_tag-podeste","47":"product_tag-polizei","48":"product_tag-polizeiuniform","49":"product_tag-polizeiuniformen","50":"product_tag-s-w-fotografie","51":"product_tag-s-w-photographie","52":"product_tag-schwarzweissphotographie","53":"product_tag-schwarz-weiss-fotografie","54":"product_tag-schwarz-weiss-photographie","55":"product_tag-schwarzweissfotografie","56":"product_tag-siebziger","57":"product_tag-stadtleben","58":"product_tag-stehen","59":"product_tag-stehend","60":"product_tag-stehende","61":"product_tag-stehenden","62":"product_tag-stehender","63":"product_tag-stehendes","64":"product_tag-strasse","65":"product_tag-strassenleben","66":"product_tag-strassenszene","67":"product_tag-sw-fotografie","68":"product_tag-sw-photographie","69":"product_tag-uniform","70":"product_tag-verkehrspolizei","71":"product_tag-verkehrspolizist","72":"product_tag-verkehrspolizisten","73":"product_tag-werbeplakat","74":"product_tag-werbeplakate","75":"product_tag-wohngebaeude","76":"product_tag-wohnhaus","77":"product_tag-wohnhaeuser","79":"first","80":"instock","81":"shipping-taxable","82":"product-type-simple"},"yoast_head":"<!-- This site is optimized with the Yoast SEO plugin v27.3 - https:\/\/yoast.com\/product\/yoast-seo-wordpress\/ -->\n<title>Ohne Titel (Verkehrspolizist) - Leonore Mau<\/title>\n<meta name=\"robots\" content=\"index, follow, max-snippet:-1, max-image-preview:large, max-video-preview:-1\" \/>\n<link rel=\"canonical\" href=\"https:\/\/leonore-mau.de\/produkt\/ohne-titel-verkehrspolizist\/\" \/>\n<meta property=\"og:locale\" content=\"en_US\" \/>\n<meta property=\"og:type\" content=\"article\" \/>\n<meta property=\"og:title\" content=\"Ohne Titel (Verkehrspolizist) - Leonore Mau\" \/>\n<meta property=\"og:description\" content=\"Stra\u00dfenszene im Zentrum von Porto Alegre. Im Vordergrund ein Verkehrspolizist stehend auf einem Holzpodest. Passanten \u00fcberqueren die Stra\u00dfe. Im Hintergrund Hochh\u00e4user, Autos und Werbeplakate.\" \/>\n<meta property=\"og:url\" content=\"https:\/\/leonore-mau.de\/produkt\/ohne-titel-verkehrspolizist\/\" \/>\n<meta property=\"og:site_name\" content=\"Leonore Mau\" \/>\n<meta property=\"article:modified_time\" content=\"2022-09-13T21:09:11+00:00\" \/>\n<meta property=\"og:image\" content=\"https:\/\/leonore-mau.de\/wp-content\/uploads\/2022\/07\/70245933.jpg\" \/>\n\t<meta property=\"og:image:width\" content=\"784\" \/>\n\t<meta property=\"og:image:height\" content=\"1200\" \/>\n\t<meta property=\"og:image:type\" content=\"image\/jpeg\" \/>\n<meta name=\"twitter:card\" content=\"summary_large_image\" \/>\n<script type=\"application\/ld+json\" class=\"yoast-schema-graph\">{\"@context\":\"https:\\\/\\\/schema.org\",\"@graph\":[{\"@type\":\"WebPage\",\"@id\":\"https:\\\/\\\/leonore-mau.de\\\/produkt\\\/ohne-titel-verkehrspolizist\\\/\",\"url\":\"https:\\\/\\\/leonore-mau.de\\\/produkt\\\/ohne-titel-verkehrspolizist\\\/\",\"name\":\"Ohne Titel (Verkehrspolizist) - Leonore Mau\",\"isPartOf\":{\"@id\":\"https:\\\/\\\/leonore-mau.de\\\/#website\"},\"primaryImageOfPage\":{\"@id\":\"https:\\\/\\\/leonore-mau.de\\\/produkt\\\/ohne-titel-verkehrspolizist\\\/#primaryimage\"},\"image\":{\"@id\":\"https:\\\/\\\/leonore-mau.de\\\/produkt\\\/ohne-titel-verkehrspolizist\\\/#primaryimage\"},\"thumbnailUrl\":\"https:\\\/\\\/leonore-mau.de\\\/wp-content\\\/uploads\\\/2022\\\/07\\\/70245933.jpg\",\"datePublished\":\"2022-07-11T13:16:09+00:00\",\"dateModified\":\"2022-09-13T21:09:11+00:00\",\"breadcrumb\":{\"@id\":\"https:\\\/\\\/leonore-mau.de\\\/produkt\\\/ohne-titel-verkehrspolizist\\\/#breadcrumb\"},\"inLanguage\":\"en-US\",\"potentialAction\":[{\"@type\":\"ReadAction\",\"target\":[\"https:\\\/\\\/leonore-mau.de\\\/produkt\\\/ohne-titel-verkehrspolizist\\\/\"]}]},{\"@type\":\"ImageObject\",\"inLanguage\":\"en-US\",\"@id\":\"https:\\\/\\\/leonore-mau.de\\\/produkt\\\/ohne-titel-verkehrspolizist\\\/#primaryimage\",\"url\":\"https:\\\/\\\/leonore-mau.de\\\/wp-content\\\/uploads\\\/2022\\\/07\\\/70245933.jpg\",\"contentUrl\":\"https:\\\/\\\/leonore-mau.de\\\/wp-content\\\/uploads\\\/2022\\\/07\\\/70245933.jpg\",\"width\":784,\"height\":1200,\"caption\":\"Stra\u00dfenszene im Zentrum von Porto Alegre. Im Vordergrund ein Verkehrspolizist stehend auf einem Holzpodest. Passanten \u00fcberqueren die Stra\u00dfe. Im Hintergrund Hochh\u00e4user, Autos und Werbeplakate. Aufnahmedatum: 1969 - 1971 Material\\\/Technik: Foto \\\/ Negativ Bildformat (Foto): Kleinbild Aufnahmeort: Porto Alegre Inventar-Nr.: LM-506588\"},{\"@type\":\"BreadcrumbList\",\"@id\":\"https:\\\/\\\/leonore-mau.de\\\/produkt\\\/ohne-titel-verkehrspolizist\\\/#breadcrumb\",\"itemListElement\":[{\"@type\":\"ListItem\",\"position\":1,\"name\":\"Startseite\",\"item\":\"https:\\\/\\\/leonore-mau.de\\\/en\\\/\"},{\"@type\":\"ListItem\",\"position\":2,\"name\":\"Shop\",\"item\":\"https:\\\/\\\/leonore-mau.de\\\/en\\\/shop-2\\\/\"},{\"@type\":\"ListItem\",\"position\":3,\"name\":\"Ohne Titel (Verkehrspolizist)\"}]},{\"@type\":\"WebSite\",\"@id\":\"https:\\\/\\\/leonore-mau.de\\\/#website\",\"url\":\"https:\\\/\\\/leonore-mau.de\\\/\",\"name\":\"Leonore Mau\",\"description\":\"Fotografin\",\"potentialAction\":[{\"@type\":\"SearchAction\",\"target\":{\"@type\":\"EntryPoint\",\"urlTemplate\":\"https:\\\/\\\/leonore-mau.de\\\/?s={search_term_string}\"},\"query-input\":{\"@type\":\"PropertyValueSpecification\",\"valueRequired\":true,\"valueName\":\"search_term_string\"}}],\"inLanguage\":\"en-US\"}]}<\/script>\n<!-- \/ Yoast SEO plugin. -->","yoast_head_json":{"title":"Ohne Titel (Verkehrspolizist) - Leonore Mau","robots":{"index":"index","follow":"follow","max-snippet":"max-snippet:-1","max-image-preview":"max-image-preview:large","max-video-preview":"max-video-preview:-1"},"canonical":"https:\/\/leonore-mau.de\/produkt\/ohne-titel-verkehrspolizist\/","og_locale":"en_US","og_type":"article","og_title":"Ohne Titel (Verkehrspolizist) - Leonore Mau","og_description":"Stra\u00dfenszene im Zentrum von Porto Alegre. Im Vordergrund ein Verkehrspolizist stehend auf einem Holzpodest. Passanten \u00fcberqueren die Stra\u00dfe. Im Hintergrund Hochh\u00e4user, Autos und Werbeplakate.","og_url":"https:\/\/leonore-mau.de\/produkt\/ohne-titel-verkehrspolizist\/","og_site_name":"Leonore Mau","article_modified_time":"2022-09-13T21:09:11+00:00","og_image":[{"width":784,"height":1200,"url":"https:\/\/leonore-mau.de\/wp-content\/uploads\/2022\/07\/70245933.jpg","type":"image\/jpeg"}],"twitter_card":"summary_large_image","schema":{"@context":"https:\/\/schema.org","@graph":[{"@type":"WebPage","@id":"https:\/\/leonore-mau.de\/produkt\/ohne-titel-verkehrspolizist\/","url":"https:\/\/leonore-mau.de\/produkt\/ohne-titel-verkehrspolizist\/","name":"Ohne Titel (Verkehrspolizist) - Leonore Mau","isPartOf":{"@id":"https:\/\/leonore-mau.de\/#website"},"primaryImageOfPage":{"@id":"https:\/\/leonore-mau.de\/produkt\/ohne-titel-verkehrspolizist\/#primaryimage"},"image":{"@id":"https:\/\/leonore-mau.de\/produkt\/ohne-titel-verkehrspolizist\/#primaryimage"},"thumbnailUrl":"https:\/\/leonore-mau.de\/wp-content\/uploads\/2022\/07\/70245933.jpg","datePublished":"2022-07-11T13:16:09+00:00","dateModified":"2022-09-13T21:09:11+00:00","breadcrumb":{"@id":"https:\/\/leonore-mau.de\/produkt\/ohne-titel-verkehrspolizist\/#breadcrumb"},"inLanguage":"en-US","potentialAction":[{"@type":"ReadAction","target":["https:\/\/leonore-mau.de\/produkt\/ohne-titel-verkehrspolizist\/"]}]},{"@type":"ImageObject","inLanguage":"en-US","@id":"https:\/\/leonore-mau.de\/produkt\/ohne-titel-verkehrspolizist\/#primaryimage","url":"https:\/\/leonore-mau.de\/wp-content\/uploads\/2022\/07\/70245933.jpg","contentUrl":"https:\/\/leonore-mau.de\/wp-content\/uploads\/2022\/07\/70245933.jpg","width":784,"height":1200,"caption":"Stra\u00dfenszene im Zentrum von Porto Alegre. Im Vordergrund ein Verkehrspolizist stehend auf einem Holzpodest. Passanten \u00fcberqueren die Stra\u00dfe. Im Hintergrund Hochh\u00e4user, Autos und Werbeplakate. Aufnahmedatum: 1969 - 1971 Material\/Technik: Foto \/ Negativ Bildformat (Foto): Kleinbild Aufnahmeort: Porto Alegre Inventar-Nr.: LM-506588"},{"@type":"BreadcrumbList","@id":"https:\/\/leonore-mau.de\/produkt\/ohne-titel-verkehrspolizist\/#breadcrumb","itemListElement":[{"@type":"ListItem","position":1,"name":"Startseite","item":"https:\/\/leonore-mau.de\/en\/"},{"@type":"ListItem","position":2,"name":"Shop","item":"https:\/\/leonore-mau.de\/en\/shop-2\/"},{"@type":"ListItem","position":3,"name":"Ohne Titel (Verkehrspolizist)"}]},{"@type":"WebSite","@id":"https:\/\/leonore-mau.de\/#website","url":"https:\/\/leonore-mau.de\/","name":"Leonore Mau","description":"Fotografin","potentialAction":[{"@type":"SearchAction","target":{"@type":"EntryPoint","urlTemplate":"https:\/\/leonore-mau.de\/?s={search_term_string}"},"query-input":{"@type":"PropertyValueSpecification","valueRequired":true,"valueName":"search_term_string"}}],"inLanguage":"en-US"}]}},"_links":{"self":[{"href":"https:\/\/leonore-mau.de\/en\/wp-json\/wp\/v2\/product\/857","targetHints":{"allow":["GET"]}}],"collection":[{"href":"https:\/\/leonore-mau.de\/en\/wp-json\/wp\/v2\/product"}],"about":[{"href":"https:\/\/leonore-mau.de\/en\/wp-json\/wp\/v2\/types\/product"}],"wp:featuredmedia":[{"embeddable":true,"href":"https:\/\/leonore-mau.de\/en\/wp-json\/wp\/v2\/media\/305"}],"wp:attachment":[{"href":"https:\/\/leonore-mau.de\/en\/wp-json\/wp\/v2\/media?parent=857"}],"wp:term":[{"taxonomy":"product_brand","embeddable":true,"href":"https:\/\/leonore-mau.de\/en\/wp-json\/wp\/v2\/product_brand?post=857"},{"taxonomy":"product_cat","embeddable":true,"href":"https:\/\/leonore-mau.de\/en\/wp-json\/wp\/v2\/product_cat?post=857"},{"taxonomy":"product_tag","embeddable":true,"href":"https:\/\/leonore-mau.de\/en\/wp-json\/wp\/v2\/product_tag?post=857"}],"curies":[{"name":"wp","href":"https:\/\/api.w.org\/{rel}","templated":true}]}}