{"id":860,"date":"2022-07-11T15:16:09","date_gmt":"2022-07-11T13:16:09","guid":{"rendered":"https:\/\/leonore-mau.de\/produkt\/ohne-titel-verkerzung-beim-velacin-ritual\/"},"modified":"2026-01-21T09:34:58","modified_gmt":"2026-01-21T08:34:58","slug":"ohne-titel-verkerzung-beim-velacin-ritual","status":"publish","type":"product","link":"https:\/\/leonore-mau.de\/en\/produkt\/ohne-titel-verkerzung-beim-velacin-ritual\/","title":{"rendered":"Ohne Titel (Verkerzung beim Velaci\u00f3n-Ritual)"},"content":{"rendered":"<p>Frau liegend auf dem Boden, umgeben von brennenden Kerzen. Sie hat die Arme von sich gestreckt. &#8220;Zum Ritus der Velaci\u00f3n, des Velat\u00f3rio, werden die Gl\u00e4ubigen auf den Boden gelegt, eingepudert und von Kerzen umgeben. Die Verkerzungen finden vor allem nachts statt. Oft verkerzt ein Priester mehrere Personen zur selben Zeit. Die Verkerzungen sollen die verschiedenen Krankheiten heilen, vor allem wohl psychosomatische St\u00f6rungen.&#8221; Referenz: Hubert Fichte und Leonore Mau, Petersilie, S. Fischer Verlag GmbH, 1980<\/p>\n","protected":false},"excerpt":{"rendered":"<p>Frau liegend auf dem Boden, umgeben von brennenden Kerzen. Sie hat die Arme von sich gestreckt. &#8220;Zum Ritus der Velaci\u00f3n, des Velat\u00f3rio, werden die Gl\u00e4ubigen auf den Boden gelegt, eingepudert und von Kerzen umgeben. Die Verkerzungen finden vor allem nachts statt. Oft verkerzt ein Priester mehrere Personen zur selben Zeit. Die Verkerzungen sollen die verschiedenen [&hellip;]<\/p>\n","protected":false},"featured_media":0,"template":"","meta":[],"product_brand":[],"product_cat":[17,4444],"product_tag":[78,22,24,21,23,1054,80,1055,1056,84,171,172,1057,1058,1059,1008,1009,36,37,39,40,41,42,43,44,354,1060,1061,1062,1063,1064,1065,1066,1067,1068,1069,1070,1071,1072,1073,1074,1075,1076,1077,1050,70,71,1078,1079,381,525,526,1080,1081,1013,1014,1015,1016,1017,1018,1019,95,1021,1022,1023,1024,1025,1026,1082,1083,163,164,527,528,529,530,531,532,533,1084,1032,1033,1034,1035,1036,1037,1038,1039],"class_list":{"0":"post-860","1":"product","2":"type-product","3":"status-publish","5":"product_cat-unkategorisiert","6":"product_cat-venezuela","7":"product_tag-1970er-jahre","8":"product_tag-20-jahrhundert-nach-chr","9":"product_tag-20-jh-n-chr","10":"product_tag-20-jahrhundert","11":"product_tag-20-jh","12":"product_tag-4-4_venezuela","13":"product_tag-70er","14":"product_tag-aberglaube","15":"product_tag-aberglauben","16":"product_tag-ausland","17":"product_tag-aussenaufnahme","18":"product_tag-aussenaufnahmen","19":"product_tag-boden","20":"product_tag-brauch","21":"product_tag-braeuche","22":"product_tag-ceremonie","23":"product_tag-ceremonien","24":"product_tag-farbaufnahme","25":"product_tag-farbaufnahmen","26":"product_tag-farbfoto","27":"product_tag-farbfotografie","28":"product_tag-farbphoto","29":"product_tag-farbphotographie","30":"product_tag-fotografin","31":"product_tag-fotografinnen","32":"product_tag-frau","33":"product_tag-kerze","34":"product_tag-kerzen","35":"product_tag-kerzenflamme","36":"product_tag-liegen","37":"product_tag-liegend","38":"product_tag-liegende","39":"product_tag-liegendem","40":"product_tag-liegenden","41":"product_tag-liegender","42":"product_tag-liegendes","43":"product_tag-messer","44":"product_tag-nacht","45":"product_tag-naechtlich","46":"product_tag-naechtliche","47":"product_tag-naechtlichen","48":"product_tag-naechtlicher","49":"product_tag-naechtliches","50":"product_tag-nachts","51":"product_tag-petersilie","52":"product_tag-photographin","53":"product_tag-photographinnen","54":"product_tag-priester","55":"product_tag-puder","56":"product_tag-rauch","57":"product_tag-religion","58":"product_tag-religionen","59":"product_tag-religionsgemeinschaft","60":"product_tag-religionsgemeinschaften","61":"product_tag-ritual","62":"product_tag-rituale","63":"product_tag-rituell","64":"product_tag-rituelle","65":"product_tag-rituellen","66":"product_tag-ritueller","67":"product_tag-rituelles","68":"product_tag-siebziger","69":"product_tag-spiritualitaet","70":"product_tag-spirituell","71":"product_tag-spirituelle","72":"product_tag-spirituellen","73":"product_tag-spiritueller","74":"product_tag-spirituelles","75":"product_tag-stirnband","76":"product_tag-stirnbaender","77":"product_tag-suedamerika","78":"product_tag-suedamerikas","79":"product_tag-tradition","80":"product_tag-traditionell","81":"product_tag-traditionelle","82":"product_tag-traditionellem","83":"product_tag-traditionellen","84":"product_tag-traditioneller","85":"product_tag-traditionelles","86":"product_tag-venezuela","87":"product_tag-zeremonie","88":"product_tag-zeremoniell","89":"product_tag-zeremonielle","90":"product_tag-zeremoniellem","91":"product_tag-zeremoniellen","92":"product_tag-zeremonieller","93":"product_tag-zeremonielles","94":"product_tag-zeremonien","96":"first","97":"instock","98":"shipping-taxable","99":"product-type-simple"},"yoast_head":"<!-- This site is optimized with the Yoast SEO plugin v27.3 - https:\/\/yoast.com\/product\/yoast-seo-wordpress\/ -->\n<title>Ohne Titel (Verkerzung beim Velaci\u00f3n-Ritual) - Leonore Mau<\/title>\n<meta name=\"robots\" content=\"index, follow, max-snippet:-1, max-image-preview:large, max-video-preview:-1\" \/>\n<link rel=\"canonical\" href=\"https:\/\/leonore-mau.de\/produkt\/ohne-titel-verkerzung-beim-velacin-ritual\/\" \/>\n<meta property=\"og:locale\" content=\"en_US\" \/>\n<meta property=\"og:type\" content=\"article\" \/>\n<meta property=\"og:title\" content=\"Ohne Titel (Verkerzung beim Velaci\u00f3n-Ritual) - Leonore Mau\" \/>\n<meta property=\"og:description\" content=\"Frau liegend auf dem Boden, umgeben von brennenden Kerzen. Sie hat die Arme von sich gestreckt. &#8220;Zum Ritus der Velaci\u00f3n, des Velat\u00f3rio, werden die Gl\u00e4ubigen auf den Boden gelegt, eingepudert und von Kerzen umgeben. Die Verkerzungen finden vor allem nachts statt. Oft verkerzt ein Priester mehrere Personen zur selben Zeit. Die Verkerzungen sollen die verschiedenen [&hellip;]\" \/>\n<meta property=\"og:url\" content=\"https:\/\/leonore-mau.de\/produkt\/ohne-titel-verkerzung-beim-velacin-ritual\/\" \/>\n<meta property=\"og:site_name\" content=\"Leonore Mau\" \/>\n<meta property=\"article:modified_time\" content=\"2026-01-21T08:34:58+00:00\" \/>\n<meta name=\"twitter:card\" content=\"summary_large_image\" \/>\n<meta name=\"twitter:label1\" content=\"Est. reading time\" \/>\n\t<meta name=\"twitter:data1\" content=\"1 minute\" \/>\n<script type=\"application\/ld+json\" class=\"yoast-schema-graph\">{\"@context\":\"https:\\\/\\\/schema.org\",\"@graph\":[{\"@type\":\"WebPage\",\"@id\":\"https:\\\/\\\/leonore-mau.de\\\/produkt\\\/ohne-titel-verkerzung-beim-velacin-ritual\\\/\",\"url\":\"https:\\\/\\\/leonore-mau.de\\\/produkt\\\/ohne-titel-verkerzung-beim-velacin-ritual\\\/\",\"name\":\"Ohne Titel (Verkerzung beim Velaci\u00f3n-Ritual) - Leonore Mau\",\"isPartOf\":{\"@id\":\"https:\\\/\\\/leonore-mau.de\\\/#website\"},\"datePublished\":\"2022-07-11T13:16:09+00:00\",\"dateModified\":\"2026-01-21T08:34:58+00:00\",\"breadcrumb\":{\"@id\":\"https:\\\/\\\/leonore-mau.de\\\/produkt\\\/ohne-titel-verkerzung-beim-velacin-ritual\\\/#breadcrumb\"},\"inLanguage\":\"en-US\",\"potentialAction\":[{\"@type\":\"ReadAction\",\"target\":[\"https:\\\/\\\/leonore-mau.de\\\/produkt\\\/ohne-titel-verkerzung-beim-velacin-ritual\\\/\"]}]},{\"@type\":\"BreadcrumbList\",\"@id\":\"https:\\\/\\\/leonore-mau.de\\\/produkt\\\/ohne-titel-verkerzung-beim-velacin-ritual\\\/#breadcrumb\",\"itemListElement\":[{\"@type\":\"ListItem\",\"position\":1,\"name\":\"Startseite\",\"item\":\"https:\\\/\\\/leonore-mau.de\\\/en\\\/\"},{\"@type\":\"ListItem\",\"position\":2,\"name\":\"Shop\",\"item\":\"https:\\\/\\\/leonore-mau.de\\\/en\\\/shop-2\\\/\"},{\"@type\":\"ListItem\",\"position\":3,\"name\":\"Ohne Titel (Verkerzung beim Velaci\u00f3n-Ritual)\"}]},{\"@type\":\"WebSite\",\"@id\":\"https:\\\/\\\/leonore-mau.de\\\/#website\",\"url\":\"https:\\\/\\\/leonore-mau.de\\\/\",\"name\":\"Leonore Mau\",\"description\":\"Fotografin\",\"potentialAction\":[{\"@type\":\"SearchAction\",\"target\":{\"@type\":\"EntryPoint\",\"urlTemplate\":\"https:\\\/\\\/leonore-mau.de\\\/?s={search_term_string}\"},\"query-input\":{\"@type\":\"PropertyValueSpecification\",\"valueRequired\":true,\"valueName\":\"search_term_string\"}}],\"inLanguage\":\"en-US\"}]}<\/script>\n<!-- \/ Yoast SEO plugin. -->","yoast_head_json":{"title":"Ohne Titel (Verkerzung beim Velaci\u00f3n-Ritual) - Leonore Mau","robots":{"index":"index","follow":"follow","max-snippet":"max-snippet:-1","max-image-preview":"max-image-preview:large","max-video-preview":"max-video-preview:-1"},"canonical":"https:\/\/leonore-mau.de\/produkt\/ohne-titel-verkerzung-beim-velacin-ritual\/","og_locale":"en_US","og_type":"article","og_title":"Ohne Titel (Verkerzung beim Velaci\u00f3n-Ritual) - Leonore Mau","og_description":"Frau liegend auf dem Boden, umgeben von brennenden Kerzen. Sie hat die Arme von sich gestreckt. &#8220;Zum Ritus der Velaci\u00f3n, des Velat\u00f3rio, werden die Gl\u00e4ubigen auf den Boden gelegt, eingepudert und von Kerzen umgeben. Die Verkerzungen finden vor allem nachts statt. Oft verkerzt ein Priester mehrere Personen zur selben Zeit. Die Verkerzungen sollen die verschiedenen [&hellip;]","og_url":"https:\/\/leonore-mau.de\/produkt\/ohne-titel-verkerzung-beim-velacin-ritual\/","og_site_name":"Leonore Mau","article_modified_time":"2026-01-21T08:34:58+00:00","twitter_card":"summary_large_image","twitter_misc":{"Est. reading time":"1 minute"},"schema":{"@context":"https:\/\/schema.org","@graph":[{"@type":"WebPage","@id":"https:\/\/leonore-mau.de\/produkt\/ohne-titel-verkerzung-beim-velacin-ritual\/","url":"https:\/\/leonore-mau.de\/produkt\/ohne-titel-verkerzung-beim-velacin-ritual\/","name":"Ohne Titel (Verkerzung beim Velaci\u00f3n-Ritual) - Leonore Mau","isPartOf":{"@id":"https:\/\/leonore-mau.de\/#website"},"datePublished":"2022-07-11T13:16:09+00:00","dateModified":"2026-01-21T08:34:58+00:00","breadcrumb":{"@id":"https:\/\/leonore-mau.de\/produkt\/ohne-titel-verkerzung-beim-velacin-ritual\/#breadcrumb"},"inLanguage":"en-US","potentialAction":[{"@type":"ReadAction","target":["https:\/\/leonore-mau.de\/produkt\/ohne-titel-verkerzung-beim-velacin-ritual\/"]}]},{"@type":"BreadcrumbList","@id":"https:\/\/leonore-mau.de\/produkt\/ohne-titel-verkerzung-beim-velacin-ritual\/#breadcrumb","itemListElement":[{"@type":"ListItem","position":1,"name":"Startseite","item":"https:\/\/leonore-mau.de\/en\/"},{"@type":"ListItem","position":2,"name":"Shop","item":"https:\/\/leonore-mau.de\/en\/shop-2\/"},{"@type":"ListItem","position":3,"name":"Ohne Titel (Verkerzung beim Velaci\u00f3n-Ritual)"}]},{"@type":"WebSite","@id":"https:\/\/leonore-mau.de\/#website","url":"https:\/\/leonore-mau.de\/","name":"Leonore Mau","description":"Fotografin","potentialAction":[{"@type":"SearchAction","target":{"@type":"EntryPoint","urlTemplate":"https:\/\/leonore-mau.de\/?s={search_term_string}"},"query-input":{"@type":"PropertyValueSpecification","valueRequired":true,"valueName":"search_term_string"}}],"inLanguage":"en-US"}]}},"_links":{"self":[{"href":"https:\/\/leonore-mau.de\/en\/wp-json\/wp\/v2\/product\/860","targetHints":{"allow":["GET"]}}],"collection":[{"href":"https:\/\/leonore-mau.de\/en\/wp-json\/wp\/v2\/product"}],"about":[{"href":"https:\/\/leonore-mau.de\/en\/wp-json\/wp\/v2\/types\/product"}],"wp:attachment":[{"href":"https:\/\/leonore-mau.de\/en\/wp-json\/wp\/v2\/media?parent=860"}],"wp:term":[{"taxonomy":"product_brand","embeddable":true,"href":"https:\/\/leonore-mau.de\/en\/wp-json\/wp\/v2\/product_brand?post=860"},{"taxonomy":"product_cat","embeddable":true,"href":"https:\/\/leonore-mau.de\/en\/wp-json\/wp\/v2\/product_cat?post=860"},{"taxonomy":"product_tag","embeddable":true,"href":"https:\/\/leonore-mau.de\/en\/wp-json\/wp\/v2\/product_tag?post=860"}],"curies":[{"name":"wp","href":"https:\/\/api.w.org\/{rel}","templated":true}]}}