{"id":863,"date":"2022-07-11T15:16:10","date_gmt":"2022-07-11T13:16:10","guid":{"rendered":"https:\/\/leonore-mau.de\/produkt\/ohne-titel-karneval-in-einer-favela\/"},"modified":"2022-09-13T23:09:16","modified_gmt":"2022-09-13T21:09:16","slug":"ohne-titel-karneval-in-einer-favela","status":"publish","type":"product","link":"https:\/\/leonore-mau.de\/en\/produkt\/ohne-titel-karneval-in-einer-favela\/","title":{"rendered":"Ohne Titel (Karneval in einer Favela)"},"content":{"rendered":"<p>Karneval in einer Favela im Stadtteil Mangueira. Verkleideter junger Mann im gl\u00e4nzenden Anzug mit Hut, wei\u00dfer Per\u00fccke und pinken Schuhen. Neben ihm eine Gruppe junger Kinder. Referenz: Hubert Fichte und Leonore Mau, Xango, S. Fischer Verlag GmbH, 1976<\/p>\n","protected":false},"excerpt":{"rendered":"<p>Karneval in einer Favela im Stadtteil Mangueira. Verkleideter junger Mann im gl\u00e4nzenden Anzug mit Hut, wei\u00dfer Per\u00fccke und pinken Schuhen. Neben ihm eine Gruppe junger Kinder. Referenz: Hubert Fichte und Leonore Mau, Xango, S. Fischer Verlag GmbH, 1976<\/p>\n","protected":false},"featured_media":311,"template":"","meta":[],"product_brand":[],"product_cat":[4441,17],"product_tag":[20,22,24,21,23,1117,26,666,84,171,172,173,174,175,36,37,39,40,41,42,1118,1119,1120,1121,1122,241,1123,1124,169,552,188,189,486,1125,1126,74,97,99,1127],"class_list":{"0":"post-863","1":"product","2":"type-product","3":"status-publish","4":"has-post-thumbnail","6":"product_cat-brasilien","7":"product_cat-unkategorisiert","8":"product_tag-1960er-jahre","9":"product_tag-20-jahrhundert-nach-chr","10":"product_tag-20-jh-n-chr","11":"product_tag-20-jahrhundert","12":"product_tag-20-jh","13":"product_tag-4-1_brasilien","14":"product_tag-60er","15":"product_tag-armut","16":"product_tag-ausland","17":"product_tag-aussenaufnahme","18":"product_tag-aussenaufnahmen","19":"product_tag-brasil","20":"product_tag-brasilien","21":"product_tag-brasiliens","22":"product_tag-farbaufnahme","23":"product_tag-farbaufnahmen","24":"product_tag-farbfoto","25":"product_tag-farbfotografie","26":"product_tag-farbphoto","27":"product_tag-farbphotographie","28":"product_tag-fasching","29":"product_tag-faschingskostuem","30":"product_tag-faschingskostueme","31":"product_tag-fastnacht","32":"product_tag-favela","33":"product_tag-hut","34":"product_tag-karneval","35":"product_tag-karnevals","36":"product_tag-kind","37":"product_tag-kinder","38":"product_tag-kopfbedeckung","39":"product_tag-kopfbedeckungen","40":"product_tag-mann","41":"product_tag-peruecke","42":"product_tag-peruecken","43":"product_tag-sechziger","44":"product_tag-strassenleben","45":"product_tag-strassenszene","46":"product_tag-verkleidung","48":"first","49":"instock","50":"shipping-taxable","51":"product-type-simple"},"yoast_head":"<!-- This site is optimized with the Yoast SEO plugin v27.3 - https:\/\/yoast.com\/product\/yoast-seo-wordpress\/ -->\n<title>Ohne Titel (Karneval in einer Favela) - Leonore Mau<\/title>\n<meta name=\"robots\" content=\"index, follow, max-snippet:-1, max-image-preview:large, max-video-preview:-1\" \/>\n<link rel=\"canonical\" href=\"https:\/\/leonore-mau.de\/produkt\/ohne-titel-karneval-in-einer-favela\/\" \/>\n<meta property=\"og:locale\" content=\"en_US\" \/>\n<meta property=\"og:type\" content=\"article\" \/>\n<meta property=\"og:title\" content=\"Ohne Titel (Karneval in einer Favela) - Leonore Mau\" \/>\n<meta property=\"og:description\" content=\"Karneval in einer Favela im Stadtteil Mangueira. Verkleideter junger Mann im gl\u00e4nzenden Anzug mit Hut, wei\u00dfer Per\u00fccke und pinken Schuhen. Neben ihm eine Gruppe junger Kinder. Referenz: Hubert Fichte und Leonore Mau, Xango, S. Fischer Verlag GmbH, 1976\" \/>\n<meta property=\"og:url\" content=\"https:\/\/leonore-mau.de\/produkt\/ohne-titel-karneval-in-einer-favela\/\" \/>\n<meta property=\"og:site_name\" content=\"Leonore Mau\" \/>\n<meta property=\"article:modified_time\" content=\"2022-09-13T21:09:16+00:00\" \/>\n<meta property=\"og:image\" content=\"https:\/\/leonore-mau.de\/wp-content\/uploads\/2022\/07\/70246164.jpg\" \/>\n\t<meta property=\"og:image:width\" content=\"843\" \/>\n\t<meta property=\"og:image:height\" content=\"1200\" \/>\n\t<meta property=\"og:image:type\" content=\"image\/jpeg\" \/>\n<meta name=\"twitter:card\" content=\"summary_large_image\" \/>\n<script type=\"application\/ld+json\" class=\"yoast-schema-graph\">{\"@context\":\"https:\\\/\\\/schema.org\",\"@graph\":[{\"@type\":\"WebPage\",\"@id\":\"https:\\\/\\\/leonore-mau.de\\\/produkt\\\/ohne-titel-karneval-in-einer-favela\\\/\",\"url\":\"https:\\\/\\\/leonore-mau.de\\\/produkt\\\/ohne-titel-karneval-in-einer-favela\\\/\",\"name\":\"Ohne Titel (Karneval in einer Favela) - Leonore Mau\",\"isPartOf\":{\"@id\":\"https:\\\/\\\/leonore-mau.de\\\/#website\"},\"primaryImageOfPage\":{\"@id\":\"https:\\\/\\\/leonore-mau.de\\\/produkt\\\/ohne-titel-karneval-in-einer-favela\\\/#primaryimage\"},\"image\":{\"@id\":\"https:\\\/\\\/leonore-mau.de\\\/produkt\\\/ohne-titel-karneval-in-einer-favela\\\/#primaryimage\"},\"thumbnailUrl\":\"https:\\\/\\\/leonore-mau.de\\\/wp-content\\\/uploads\\\/2022\\\/07\\\/70246164.jpg\",\"datePublished\":\"2022-07-11T13:16:10+00:00\",\"dateModified\":\"2022-09-13T21:09:16+00:00\",\"breadcrumb\":{\"@id\":\"https:\\\/\\\/leonore-mau.de\\\/produkt\\\/ohne-titel-karneval-in-einer-favela\\\/#breadcrumb\"},\"inLanguage\":\"en-US\",\"potentialAction\":[{\"@type\":\"ReadAction\",\"target\":[\"https:\\\/\\\/leonore-mau.de\\\/produkt\\\/ohne-titel-karneval-in-einer-favela\\\/\"]}]},{\"@type\":\"ImageObject\",\"inLanguage\":\"en-US\",\"@id\":\"https:\\\/\\\/leonore-mau.de\\\/produkt\\\/ohne-titel-karneval-in-einer-favela\\\/#primaryimage\",\"url\":\"https:\\\/\\\/leonore-mau.de\\\/wp-content\\\/uploads\\\/2022\\\/07\\\/70246164.jpg\",\"contentUrl\":\"https:\\\/\\\/leonore-mau.de\\\/wp-content\\\/uploads\\\/2022\\\/07\\\/70246164.jpg\",\"width\":843,\"height\":1200,\"caption\":\"Karneval in einer Favela im Stadtteil Mangueira. Verkleideter junger Mann im gl\u00e4nzenden Anzug mit Hut, wei\u00dfer Per\u00fccke und pinken Schuhen. Neben ihm eine Gruppe junger Kinder. Referenz: Hubert Fichte und Leonore Mau, Xango, S. Fischer Verlag GmbH, 1976 Aufnahmedatum: 1969 - 1971 Material\\\/Technik: Foto \\\/ Farbdia Bildformat (Foto): Kleinbild Aufnahmeort: Rio de Janeiro Inventar-Nr.: LM-506544\"},{\"@type\":\"BreadcrumbList\",\"@id\":\"https:\\\/\\\/leonore-mau.de\\\/produkt\\\/ohne-titel-karneval-in-einer-favela\\\/#breadcrumb\",\"itemListElement\":[{\"@type\":\"ListItem\",\"position\":1,\"name\":\"Startseite\",\"item\":\"https:\\\/\\\/leonore-mau.de\\\/en\\\/\"},{\"@type\":\"ListItem\",\"position\":2,\"name\":\"Shop\",\"item\":\"https:\\\/\\\/leonore-mau.de\\\/en\\\/shop-2\\\/\"},{\"@type\":\"ListItem\",\"position\":3,\"name\":\"Ohne Titel (Karneval in einer Favela)\"}]},{\"@type\":\"WebSite\",\"@id\":\"https:\\\/\\\/leonore-mau.de\\\/#website\",\"url\":\"https:\\\/\\\/leonore-mau.de\\\/\",\"name\":\"Leonore Mau\",\"description\":\"Fotografin\",\"potentialAction\":[{\"@type\":\"SearchAction\",\"target\":{\"@type\":\"EntryPoint\",\"urlTemplate\":\"https:\\\/\\\/leonore-mau.de\\\/?s={search_term_string}\"},\"query-input\":{\"@type\":\"PropertyValueSpecification\",\"valueRequired\":true,\"valueName\":\"search_term_string\"}}],\"inLanguage\":\"en-US\"}]}<\/script>\n<!-- \/ Yoast SEO plugin. -->","yoast_head_json":{"title":"Ohne Titel (Karneval in einer Favela) - Leonore Mau","robots":{"index":"index","follow":"follow","max-snippet":"max-snippet:-1","max-image-preview":"max-image-preview:large","max-video-preview":"max-video-preview:-1"},"canonical":"https:\/\/leonore-mau.de\/produkt\/ohne-titel-karneval-in-einer-favela\/","og_locale":"en_US","og_type":"article","og_title":"Ohne Titel (Karneval in einer Favela) - Leonore Mau","og_description":"Karneval in einer Favela im Stadtteil Mangueira. Verkleideter junger Mann im gl\u00e4nzenden Anzug mit Hut, wei\u00dfer Per\u00fccke und pinken Schuhen. Neben ihm eine Gruppe junger Kinder. Referenz: Hubert Fichte und Leonore Mau, Xango, S. Fischer Verlag GmbH, 1976","og_url":"https:\/\/leonore-mau.de\/produkt\/ohne-titel-karneval-in-einer-favela\/","og_site_name":"Leonore Mau","article_modified_time":"2022-09-13T21:09:16+00:00","og_image":[{"width":843,"height":1200,"url":"https:\/\/leonore-mau.de\/wp-content\/uploads\/2022\/07\/70246164.jpg","type":"image\/jpeg"}],"twitter_card":"summary_large_image","schema":{"@context":"https:\/\/schema.org","@graph":[{"@type":"WebPage","@id":"https:\/\/leonore-mau.de\/produkt\/ohne-titel-karneval-in-einer-favela\/","url":"https:\/\/leonore-mau.de\/produkt\/ohne-titel-karneval-in-einer-favela\/","name":"Ohne Titel (Karneval in einer Favela) - Leonore Mau","isPartOf":{"@id":"https:\/\/leonore-mau.de\/#website"},"primaryImageOfPage":{"@id":"https:\/\/leonore-mau.de\/produkt\/ohne-titel-karneval-in-einer-favela\/#primaryimage"},"image":{"@id":"https:\/\/leonore-mau.de\/produkt\/ohne-titel-karneval-in-einer-favela\/#primaryimage"},"thumbnailUrl":"https:\/\/leonore-mau.de\/wp-content\/uploads\/2022\/07\/70246164.jpg","datePublished":"2022-07-11T13:16:10+00:00","dateModified":"2022-09-13T21:09:16+00:00","breadcrumb":{"@id":"https:\/\/leonore-mau.de\/produkt\/ohne-titel-karneval-in-einer-favela\/#breadcrumb"},"inLanguage":"en-US","potentialAction":[{"@type":"ReadAction","target":["https:\/\/leonore-mau.de\/produkt\/ohne-titel-karneval-in-einer-favela\/"]}]},{"@type":"ImageObject","inLanguage":"en-US","@id":"https:\/\/leonore-mau.de\/produkt\/ohne-titel-karneval-in-einer-favela\/#primaryimage","url":"https:\/\/leonore-mau.de\/wp-content\/uploads\/2022\/07\/70246164.jpg","contentUrl":"https:\/\/leonore-mau.de\/wp-content\/uploads\/2022\/07\/70246164.jpg","width":843,"height":1200,"caption":"Karneval in einer Favela im Stadtteil Mangueira. Verkleideter junger Mann im gl\u00e4nzenden Anzug mit Hut, wei\u00dfer Per\u00fccke und pinken Schuhen. Neben ihm eine Gruppe junger Kinder. Referenz: Hubert Fichte und Leonore Mau, Xango, S. Fischer Verlag GmbH, 1976 Aufnahmedatum: 1969 - 1971 Material\/Technik: Foto \/ Farbdia Bildformat (Foto): Kleinbild Aufnahmeort: Rio de Janeiro Inventar-Nr.: LM-506544"},{"@type":"BreadcrumbList","@id":"https:\/\/leonore-mau.de\/produkt\/ohne-titel-karneval-in-einer-favela\/#breadcrumb","itemListElement":[{"@type":"ListItem","position":1,"name":"Startseite","item":"https:\/\/leonore-mau.de\/en\/"},{"@type":"ListItem","position":2,"name":"Shop","item":"https:\/\/leonore-mau.de\/en\/shop-2\/"},{"@type":"ListItem","position":3,"name":"Ohne Titel (Karneval in einer Favela)"}]},{"@type":"WebSite","@id":"https:\/\/leonore-mau.de\/#website","url":"https:\/\/leonore-mau.de\/","name":"Leonore Mau","description":"Fotografin","potentialAction":[{"@type":"SearchAction","target":{"@type":"EntryPoint","urlTemplate":"https:\/\/leonore-mau.de\/?s={search_term_string}"},"query-input":{"@type":"PropertyValueSpecification","valueRequired":true,"valueName":"search_term_string"}}],"inLanguage":"en-US"}]}},"_links":{"self":[{"href":"https:\/\/leonore-mau.de\/en\/wp-json\/wp\/v2\/product\/863","targetHints":{"allow":["GET"]}}],"collection":[{"href":"https:\/\/leonore-mau.de\/en\/wp-json\/wp\/v2\/product"}],"about":[{"href":"https:\/\/leonore-mau.de\/en\/wp-json\/wp\/v2\/types\/product"}],"wp:featuredmedia":[{"embeddable":true,"href":"https:\/\/leonore-mau.de\/en\/wp-json\/wp\/v2\/media\/311"}],"wp:attachment":[{"href":"https:\/\/leonore-mau.de\/en\/wp-json\/wp\/v2\/media?parent=863"}],"wp:term":[{"taxonomy":"product_brand","embeddable":true,"href":"https:\/\/leonore-mau.de\/en\/wp-json\/wp\/v2\/product_brand?post=863"},{"taxonomy":"product_cat","embeddable":true,"href":"https:\/\/leonore-mau.de\/en\/wp-json\/wp\/v2\/product_cat?post=863"},{"taxonomy":"product_tag","embeddable":true,"href":"https:\/\/leonore-mau.de\/en\/wp-json\/wp\/v2\/product_tag?post=863"}],"curies":[{"name":"wp","href":"https:\/\/api.w.org\/{rel}","templated":true}]}}