{"id":878,"date":"2022-07-11T15:16:11","date_gmt":"2022-07-11T13:16:11","guid":{"rendered":"https:\/\/leonore-mau.de\/produkt\/ohne-titel-drei-mdchen\/"},"modified":"2022-09-13T23:09:21","modified_gmt":"2022-09-13T21:09:21","slug":"ohne-titel-drei-mdchen","status":"publish","type":"product","link":"https:\/\/leonore-mau.de\/en\/produkt\/ohne-titel-drei-mdchen\/","title":{"rendered":"Ohne Titel (Drei M\u00e4dchen)"},"content":{"rendered":"<p>Drei M\u00e4dchen sitzend auf einem Sims. Zwischen ihnen ein get\u00f6pferter Totensch\u00e4del. Im Hintergrund eine Wandmalerei, die einen Bongo spielenden Mann mit Pfeife im Mund darstellt.<\/p>\n","protected":false},"excerpt":{"rendered":"<p>Drei M\u00e4dchen sitzend auf einem Sims. Zwischen ihnen ein get\u00f6pferter Totensch\u00e4del. Im Hintergrund eine Wandmalerei, die einen Bongo spielenden Mann mit Pfeife im Mund darstellt.<\/p>\n","protected":false},"featured_media":326,"template":"","meta":[],"product_brand":[],"product_cat":[4439,17],"product_tag":[78,22,24,21,23,709,80,84,36,37,39,40,41,42,43,44,204,206,552,623,89,70,71,95,536,537,538,539,540,541,542,109,110,111,112,113,114],"class_list":{"0":"post-878","1":"product","2":"type-product","3":"status-publish","4":"has-post-thumbnail","6":"product_cat-kinder","7":"product_cat-unkategorisiert","8":"product_tag-1970er-jahre","9":"product_tag-20-jahrhundert-nach-chr","10":"product_tag-20-jh-n-chr","11":"product_tag-20-jahrhundert","12":"product_tag-20-jh","13":"product_tag-3-3_kinder","14":"product_tag-70er","15":"product_tag-ausland","16":"product_tag-farbaufnahme","17":"product_tag-farbaufnahmen","18":"product_tag-farbfoto","19":"product_tag-farbfotografie","20":"product_tag-farbphoto","21":"product_tag-farbphotographie","22":"product_tag-fotografin","23":"product_tag-fotografinnen","24":"product_tag-haiti","25":"product_tag-karibik","26":"product_tag-kinder","27":"product_tag-maedchen","28":"product_tag-muralismus","29":"product_tag-photographin","30":"product_tag-photographinnen","31":"product_tag-siebziger","32":"product_tag-sitzen","33":"product_tag-sitzend","34":"product_tag-sitzende","35":"product_tag-sitzenden","36":"product_tag-sitzender","37":"product_tag-sitzendes","38":"product_tag-sitzt","39":"product_tag-wandbild","40":"product_tag-wandbilder","41":"product_tag-wandbildes","42":"product_tag-wandgemaelde","43":"product_tag-wandmalerei","44":"product_tag-wandmalereien","46":"first","47":"instock","48":"shipping-taxable","49":"product-type-simple"},"yoast_head":"<!-- This site is optimized with the Yoast SEO plugin v27.3 - https:\/\/yoast.com\/product\/yoast-seo-wordpress\/ -->\n<title>Ohne Titel (Drei M\u00e4dchen) - Leonore Mau<\/title>\n<meta name=\"robots\" content=\"index, follow, max-snippet:-1, max-image-preview:large, max-video-preview:-1\" \/>\n<link rel=\"canonical\" href=\"https:\/\/leonore-mau.de\/produkt\/ohne-titel-drei-mdchen\/\" \/>\n<meta property=\"og:locale\" content=\"en_US\" \/>\n<meta property=\"og:type\" content=\"article\" \/>\n<meta property=\"og:title\" content=\"Ohne Titel (Drei M\u00e4dchen) - Leonore Mau\" \/>\n<meta property=\"og:description\" content=\"Drei M\u00e4dchen sitzend auf einem Sims. Zwischen ihnen ein get\u00f6pferter Totensch\u00e4del. Im Hintergrund eine Wandmalerei, die einen Bongo spielenden Mann mit Pfeife im Mund darstellt.\" \/>\n<meta property=\"og:url\" content=\"https:\/\/leonore-mau.de\/produkt\/ohne-titel-drei-mdchen\/\" \/>\n<meta property=\"og:site_name\" content=\"Leonore Mau\" \/>\n<meta property=\"article:modified_time\" content=\"2022-09-13T21:09:21+00:00\" \/>\n<meta property=\"og:image\" content=\"https:\/\/leonore-mau.de\/wp-content\/uploads\/2022\/07\/70246877.jpg\" \/>\n\t<meta property=\"og:image:width\" content=\"1200\" \/>\n\t<meta property=\"og:image:height\" content=\"1200\" \/>\n\t<meta property=\"og:image:type\" content=\"image\/jpeg\" \/>\n<meta name=\"twitter:card\" content=\"summary_large_image\" \/>\n<script type=\"application\/ld+json\" class=\"yoast-schema-graph\">{\"@context\":\"https:\\\/\\\/schema.org\",\"@graph\":[{\"@type\":\"WebPage\",\"@id\":\"https:\\\/\\\/leonore-mau.de\\\/produkt\\\/ohne-titel-drei-mdchen\\\/\",\"url\":\"https:\\\/\\\/leonore-mau.de\\\/produkt\\\/ohne-titel-drei-mdchen\\\/\",\"name\":\"Ohne Titel (Drei M\u00e4dchen) - Leonore Mau\",\"isPartOf\":{\"@id\":\"https:\\\/\\\/leonore-mau.de\\\/#website\"},\"primaryImageOfPage\":{\"@id\":\"https:\\\/\\\/leonore-mau.de\\\/produkt\\\/ohne-titel-drei-mdchen\\\/#primaryimage\"},\"image\":{\"@id\":\"https:\\\/\\\/leonore-mau.de\\\/produkt\\\/ohne-titel-drei-mdchen\\\/#primaryimage\"},\"thumbnailUrl\":\"https:\\\/\\\/leonore-mau.de\\\/wp-content\\\/uploads\\\/2022\\\/07\\\/70246877.jpg\",\"datePublished\":\"2022-07-11T13:16:11+00:00\",\"dateModified\":\"2022-09-13T21:09:21+00:00\",\"breadcrumb\":{\"@id\":\"https:\\\/\\\/leonore-mau.de\\\/produkt\\\/ohne-titel-drei-mdchen\\\/#breadcrumb\"},\"inLanguage\":\"en-US\",\"potentialAction\":[{\"@type\":\"ReadAction\",\"target\":[\"https:\\\/\\\/leonore-mau.de\\\/produkt\\\/ohne-titel-drei-mdchen\\\/\"]}]},{\"@type\":\"ImageObject\",\"inLanguage\":\"en-US\",\"@id\":\"https:\\\/\\\/leonore-mau.de\\\/produkt\\\/ohne-titel-drei-mdchen\\\/#primaryimage\",\"url\":\"https:\\\/\\\/leonore-mau.de\\\/wp-content\\\/uploads\\\/2022\\\/07\\\/70246877.jpg\",\"contentUrl\":\"https:\\\/\\\/leonore-mau.de\\\/wp-content\\\/uploads\\\/2022\\\/07\\\/70246877.jpg\",\"width\":1200,\"height\":1200,\"caption\":\"Drei M\u00e4dchen sitzend auf einem Sims. Zwischen ihnen ein get\u00f6pferter Totensch\u00e4del. Im Hintergrund eine Wandmalerei, die einen Bongo spielenden Mann mit Pfeife im Mund darstellt. Aufnahmedatum: 1972 - 1975 Material\\\/Technik: Foto \\\/ Farbdia Bildformat (Foto): Gro\u00dfbild (6x6) Aufnahmeort: Haiti Inventar-Nr.: LM-506515\"},{\"@type\":\"BreadcrumbList\",\"@id\":\"https:\\\/\\\/leonore-mau.de\\\/produkt\\\/ohne-titel-drei-mdchen\\\/#breadcrumb\",\"itemListElement\":[{\"@type\":\"ListItem\",\"position\":1,\"name\":\"Startseite\",\"item\":\"https:\\\/\\\/leonore-mau.de\\\/en\\\/\"},{\"@type\":\"ListItem\",\"position\":2,\"name\":\"Shop\",\"item\":\"https:\\\/\\\/leonore-mau.de\\\/en\\\/shop-2\\\/\"},{\"@type\":\"ListItem\",\"position\":3,\"name\":\"Ohne Titel (Drei M\u00e4dchen)\"}]},{\"@type\":\"WebSite\",\"@id\":\"https:\\\/\\\/leonore-mau.de\\\/#website\",\"url\":\"https:\\\/\\\/leonore-mau.de\\\/\",\"name\":\"Leonore Mau\",\"description\":\"Fotografin\",\"potentialAction\":[{\"@type\":\"SearchAction\",\"target\":{\"@type\":\"EntryPoint\",\"urlTemplate\":\"https:\\\/\\\/leonore-mau.de\\\/?s={search_term_string}\"},\"query-input\":{\"@type\":\"PropertyValueSpecification\",\"valueRequired\":true,\"valueName\":\"search_term_string\"}}],\"inLanguage\":\"en-US\"}]}<\/script>\n<!-- \/ Yoast SEO plugin. -->","yoast_head_json":{"title":"Ohne Titel (Drei M\u00e4dchen) - Leonore Mau","robots":{"index":"index","follow":"follow","max-snippet":"max-snippet:-1","max-image-preview":"max-image-preview:large","max-video-preview":"max-video-preview:-1"},"canonical":"https:\/\/leonore-mau.de\/produkt\/ohne-titel-drei-mdchen\/","og_locale":"en_US","og_type":"article","og_title":"Ohne Titel (Drei M\u00e4dchen) - Leonore Mau","og_description":"Drei M\u00e4dchen sitzend auf einem Sims. Zwischen ihnen ein get\u00f6pferter Totensch\u00e4del. Im Hintergrund eine Wandmalerei, die einen Bongo spielenden Mann mit Pfeife im Mund darstellt.","og_url":"https:\/\/leonore-mau.de\/produkt\/ohne-titel-drei-mdchen\/","og_site_name":"Leonore Mau","article_modified_time":"2022-09-13T21:09:21+00:00","og_image":[{"width":1200,"height":1200,"url":"https:\/\/leonore-mau.de\/wp-content\/uploads\/2022\/07\/70246877.jpg","type":"image\/jpeg"}],"twitter_card":"summary_large_image","schema":{"@context":"https:\/\/schema.org","@graph":[{"@type":"WebPage","@id":"https:\/\/leonore-mau.de\/produkt\/ohne-titel-drei-mdchen\/","url":"https:\/\/leonore-mau.de\/produkt\/ohne-titel-drei-mdchen\/","name":"Ohne Titel (Drei M\u00e4dchen) - Leonore Mau","isPartOf":{"@id":"https:\/\/leonore-mau.de\/#website"},"primaryImageOfPage":{"@id":"https:\/\/leonore-mau.de\/produkt\/ohne-titel-drei-mdchen\/#primaryimage"},"image":{"@id":"https:\/\/leonore-mau.de\/produkt\/ohne-titel-drei-mdchen\/#primaryimage"},"thumbnailUrl":"https:\/\/leonore-mau.de\/wp-content\/uploads\/2022\/07\/70246877.jpg","datePublished":"2022-07-11T13:16:11+00:00","dateModified":"2022-09-13T21:09:21+00:00","breadcrumb":{"@id":"https:\/\/leonore-mau.de\/produkt\/ohne-titel-drei-mdchen\/#breadcrumb"},"inLanguage":"en-US","potentialAction":[{"@type":"ReadAction","target":["https:\/\/leonore-mau.de\/produkt\/ohne-titel-drei-mdchen\/"]}]},{"@type":"ImageObject","inLanguage":"en-US","@id":"https:\/\/leonore-mau.de\/produkt\/ohne-titel-drei-mdchen\/#primaryimage","url":"https:\/\/leonore-mau.de\/wp-content\/uploads\/2022\/07\/70246877.jpg","contentUrl":"https:\/\/leonore-mau.de\/wp-content\/uploads\/2022\/07\/70246877.jpg","width":1200,"height":1200,"caption":"Drei M\u00e4dchen sitzend auf einem Sims. Zwischen ihnen ein get\u00f6pferter Totensch\u00e4del. Im Hintergrund eine Wandmalerei, die einen Bongo spielenden Mann mit Pfeife im Mund darstellt. Aufnahmedatum: 1972 - 1975 Material\/Technik: Foto \/ Farbdia Bildformat (Foto): Gro\u00dfbild (6x6) Aufnahmeort: Haiti Inventar-Nr.: LM-506515"},{"@type":"BreadcrumbList","@id":"https:\/\/leonore-mau.de\/produkt\/ohne-titel-drei-mdchen\/#breadcrumb","itemListElement":[{"@type":"ListItem","position":1,"name":"Startseite","item":"https:\/\/leonore-mau.de\/en\/"},{"@type":"ListItem","position":2,"name":"Shop","item":"https:\/\/leonore-mau.de\/en\/shop-2\/"},{"@type":"ListItem","position":3,"name":"Ohne Titel (Drei M\u00e4dchen)"}]},{"@type":"WebSite","@id":"https:\/\/leonore-mau.de\/#website","url":"https:\/\/leonore-mau.de\/","name":"Leonore Mau","description":"Fotografin","potentialAction":[{"@type":"SearchAction","target":{"@type":"EntryPoint","urlTemplate":"https:\/\/leonore-mau.de\/?s={search_term_string}"},"query-input":{"@type":"PropertyValueSpecification","valueRequired":true,"valueName":"search_term_string"}}],"inLanguage":"en-US"}]}},"_links":{"self":[{"href":"https:\/\/leonore-mau.de\/en\/wp-json\/wp\/v2\/product\/878","targetHints":{"allow":["GET"]}}],"collection":[{"href":"https:\/\/leonore-mau.de\/en\/wp-json\/wp\/v2\/product"}],"about":[{"href":"https:\/\/leonore-mau.de\/en\/wp-json\/wp\/v2\/types\/product"}],"wp:featuredmedia":[{"embeddable":true,"href":"https:\/\/leonore-mau.de\/en\/wp-json\/wp\/v2\/media\/326"}],"wp:attachment":[{"href":"https:\/\/leonore-mau.de\/en\/wp-json\/wp\/v2\/media?parent=878"}],"wp:term":[{"taxonomy":"product_brand","embeddable":true,"href":"https:\/\/leonore-mau.de\/en\/wp-json\/wp\/v2\/product_brand?post=878"},{"taxonomy":"product_cat","embeddable":true,"href":"https:\/\/leonore-mau.de\/en\/wp-json\/wp\/v2\/product_cat?post=878"},{"taxonomy":"product_tag","embeddable":true,"href":"https:\/\/leonore-mau.de\/en\/wp-json\/wp\/v2\/product_tag?post=878"}],"curies":[{"name":"wp","href":"https:\/\/api.w.org\/{rel}","templated":true}]}}