{"id":906,"date":"2022-07-11T15:16:15","date_gmt":"2022-07-11T13:16:15","guid":{"rendered":"https:\/\/leonore-mau.de\/produkt\/ohne-titel-szenerie-am-kanal\/"},"modified":"2022-09-13T23:09:34","modified_gmt":"2022-09-13T21:09:34","slug":"ohne-titel-szenerie-am-kanal","status":"publish","type":"product","link":"https:\/\/leonore-mau.de\/en\/produkt\/ohne-titel-szenerie-am-kanal\/","title":{"rendered":"Ohne Titel (Szenerie am Kanal)"},"content":{"rendered":"<p>Szenerie am Kanal in Venedig. Eine Gruppe von M\u00e4nnern sitzt auf der Stra\u00dfe und dem angelegten Boot und flickt ein Fischernetz. Daneben w\u00e4scht eine Person Geschirr in gro\u00dfen Sch\u00fcsseln. Sie wird von der M\u00e4nnergruppe und anderen Leuten auf der Stra\u00dfe beobachtet.<\/p>\n","protected":false},"excerpt":{"rendered":"<p>Szenerie am Kanal in Venedig. Eine Gruppe von M\u00e4nnern sitzt auf der Stra\u00dfe und dem angelegten Boot und flickt ein Fischernetz. Daneben w\u00e4scht eine Person Geschirr in gro\u00dfen Sch\u00fcsseln. Sie wird von der M\u00e4nnergruppe und anderen Leuten auf der Stra\u00dfe beobachtet.<\/p>\n","protected":false},"featured_media":354,"template":"","meta":[],"product_brand":[],"product_cat":[4436,17],"product_tag":[20,228,22,24,21,23,26,84,171,172,442,443,200,201,1432,1433,959,960,656,751,657,43,44,354,126,127,578,579,1434,1435,1436,1437,486,560,70,71,105,107,93,92,94,91,74,97,99,106,108,1438],"class_list":{"0":"post-906","1":"product","2":"type-product","3":"status-publish","4":"has-post-thumbnail","6":"product_cat-strassenszenen","7":"product_cat-unkategorisiert","8":"product_tag-1960er-jahre","9":"product_tag-2-4_strassenszenen","10":"product_tag-20-jahrhundert-nach-chr","11":"product_tag-20-jh-n-chr","12":"product_tag-20-jahrhundert","13":"product_tag-20-jh","14":"product_tag-60er","15":"product_tag-ausland","16":"product_tag-aussenaufnahme","17":"product_tag-aussenaufnahmen","18":"product_tag-balkon","19":"product_tag-balkone","20":"product_tag-boot","21":"product_tag-boote","22":"product_tag-canal","23":"product_tag-canale","24":"product_tag-fassade","25":"product_tag-fassaden","26":"product_tag-fenster","27":"product_tag-fensterladen","28":"product_tag-fensters","29":"product_tag-fotografin","30":"product_tag-fotografinnen","31":"product_tag-frau","32":"product_tag-hausfassade","33":"product_tag-hausfassaden","34":"product_tag-italien","35":"product_tag-italiens","36":"product_tag-kanal","37":"product_tag-kanaele","38":"product_tag-kanaelen","39":"product_tag-kanals","40":"product_tag-mann","41":"product_tag-maenner","42":"product_tag-photographin","43":"product_tag-photographinnen","44":"product_tag-s-w-fotografie","45":"product_tag-s-w-photographie","46":"product_tag-schwarzweissphotographie","47":"product_tag-schwarz-weiss-fotografie","48":"product_tag-schwarz-weiss-photographie","49":"product_tag-schwarzweissfotografie","50":"product_tag-sechziger","51":"product_tag-strassenleben","52":"product_tag-strassenszene","53":"product_tag-sw-fotografie","54":"product_tag-sw-photographie","55":"product_tag-wasser","57":"first","58":"instock","59":"shipping-taxable","60":"product-type-simple"},"yoast_head":"<!-- This site is optimized with the Yoast SEO plugin v27.3 - https:\/\/yoast.com\/product\/yoast-seo-wordpress\/ -->\n<title>Ohne Titel (Szenerie am Kanal) - Leonore Mau<\/title>\n<meta name=\"robots\" content=\"index, follow, max-snippet:-1, max-image-preview:large, max-video-preview:-1\" \/>\n<link rel=\"canonical\" href=\"https:\/\/leonore-mau.de\/produkt\/ohne-titel-szenerie-am-kanal\/\" \/>\n<meta property=\"og:locale\" content=\"en_US\" \/>\n<meta property=\"og:type\" content=\"article\" \/>\n<meta property=\"og:title\" content=\"Ohne Titel (Szenerie am Kanal) - Leonore Mau\" \/>\n<meta property=\"og:description\" content=\"Szenerie am Kanal in Venedig. Eine Gruppe von M\u00e4nnern sitzt auf der Stra\u00dfe und dem angelegten Boot und flickt ein Fischernetz. Daneben w\u00e4scht eine Person Geschirr in gro\u00dfen Sch\u00fcsseln. Sie wird von der M\u00e4nnergruppe und anderen Leuten auf der Stra\u00dfe beobachtet.\" \/>\n<meta property=\"og:url\" content=\"https:\/\/leonore-mau.de\/produkt\/ohne-titel-szenerie-am-kanal\/\" \/>\n<meta property=\"og:site_name\" content=\"Leonore Mau\" \/>\n<meta property=\"article:modified_time\" content=\"2022-09-13T21:09:34+00:00\" \/>\n<meta property=\"og:image\" content=\"https:\/\/leonore-mau.de\/wp-content\/uploads\/2022\/07\/70247952.jpg\" \/>\n\t<meta property=\"og:image:width\" content=\"1200\" \/>\n\t<meta property=\"og:image:height\" content=\"798\" \/>\n\t<meta property=\"og:image:type\" content=\"image\/jpeg\" \/>\n<meta name=\"twitter:card\" content=\"summary_large_image\" \/>\n<script type=\"application\/ld+json\" class=\"yoast-schema-graph\">{\"@context\":\"https:\\\/\\\/schema.org\",\"@graph\":[{\"@type\":\"WebPage\",\"@id\":\"https:\\\/\\\/leonore-mau.de\\\/produkt\\\/ohne-titel-szenerie-am-kanal\\\/\",\"url\":\"https:\\\/\\\/leonore-mau.de\\\/produkt\\\/ohne-titel-szenerie-am-kanal\\\/\",\"name\":\"Ohne Titel (Szenerie am Kanal) - Leonore Mau\",\"isPartOf\":{\"@id\":\"https:\\\/\\\/leonore-mau.de\\\/#website\"},\"primaryImageOfPage\":{\"@id\":\"https:\\\/\\\/leonore-mau.de\\\/produkt\\\/ohne-titel-szenerie-am-kanal\\\/#primaryimage\"},\"image\":{\"@id\":\"https:\\\/\\\/leonore-mau.de\\\/produkt\\\/ohne-titel-szenerie-am-kanal\\\/#primaryimage\"},\"thumbnailUrl\":\"https:\\\/\\\/leonore-mau.de\\\/wp-content\\\/uploads\\\/2022\\\/07\\\/70247952.jpg\",\"datePublished\":\"2022-07-11T13:16:15+00:00\",\"dateModified\":\"2022-09-13T21:09:34+00:00\",\"breadcrumb\":{\"@id\":\"https:\\\/\\\/leonore-mau.de\\\/produkt\\\/ohne-titel-szenerie-am-kanal\\\/#breadcrumb\"},\"inLanguage\":\"en-US\",\"potentialAction\":[{\"@type\":\"ReadAction\",\"target\":[\"https:\\\/\\\/leonore-mau.de\\\/produkt\\\/ohne-titel-szenerie-am-kanal\\\/\"]}]},{\"@type\":\"ImageObject\",\"inLanguage\":\"en-US\",\"@id\":\"https:\\\/\\\/leonore-mau.de\\\/produkt\\\/ohne-titel-szenerie-am-kanal\\\/#primaryimage\",\"url\":\"https:\\\/\\\/leonore-mau.de\\\/wp-content\\\/uploads\\\/2022\\\/07\\\/70247952.jpg\",\"contentUrl\":\"https:\\\/\\\/leonore-mau.de\\\/wp-content\\\/uploads\\\/2022\\\/07\\\/70247952.jpg\",\"width\":1200,\"height\":798,\"caption\":\"Szenerie am Kanal in Venedig. Eine Gruppe von M\u00e4nnern sitzt auf der Stra\u00dfe und dem angelegten Boot und flickt ein Fischernetz. Daneben w\u00e4scht eine Person Geschirr in gro\u00dfen Sch\u00fcsseln. Sie wird von der M\u00e4nnergruppe und anderen Leuten auf der Stra\u00dfe beobachtet. Aufnahmedatum: 1959 - 1961 Material\\\/Technik: Foto \\\/ Silbergelatine auf Barytpapier Bildformat (Foto): 16,0 x 23,9 cm Aufnahmeort: Venedig Inventar-Nr.: LM-506601\"},{\"@type\":\"BreadcrumbList\",\"@id\":\"https:\\\/\\\/leonore-mau.de\\\/produkt\\\/ohne-titel-szenerie-am-kanal\\\/#breadcrumb\",\"itemListElement\":[{\"@type\":\"ListItem\",\"position\":1,\"name\":\"Startseite\",\"item\":\"https:\\\/\\\/leonore-mau.de\\\/en\\\/\"},{\"@type\":\"ListItem\",\"position\":2,\"name\":\"Shop\",\"item\":\"https:\\\/\\\/leonore-mau.de\\\/en\\\/shop-2\\\/\"},{\"@type\":\"ListItem\",\"position\":3,\"name\":\"Ohne Titel (Szenerie am Kanal)\"}]},{\"@type\":\"WebSite\",\"@id\":\"https:\\\/\\\/leonore-mau.de\\\/#website\",\"url\":\"https:\\\/\\\/leonore-mau.de\\\/\",\"name\":\"Leonore Mau\",\"description\":\"Fotografin\",\"potentialAction\":[{\"@type\":\"SearchAction\",\"target\":{\"@type\":\"EntryPoint\",\"urlTemplate\":\"https:\\\/\\\/leonore-mau.de\\\/?s={search_term_string}\"},\"query-input\":{\"@type\":\"PropertyValueSpecification\",\"valueRequired\":true,\"valueName\":\"search_term_string\"}}],\"inLanguage\":\"en-US\"}]}<\/script>\n<!-- \/ Yoast SEO plugin. -->","yoast_head_json":{"title":"Ohne Titel (Szenerie am Kanal) - Leonore Mau","robots":{"index":"index","follow":"follow","max-snippet":"max-snippet:-1","max-image-preview":"max-image-preview:large","max-video-preview":"max-video-preview:-1"},"canonical":"https:\/\/leonore-mau.de\/produkt\/ohne-titel-szenerie-am-kanal\/","og_locale":"en_US","og_type":"article","og_title":"Ohne Titel (Szenerie am Kanal) - Leonore Mau","og_description":"Szenerie am Kanal in Venedig. Eine Gruppe von M\u00e4nnern sitzt auf der Stra\u00dfe und dem angelegten Boot und flickt ein Fischernetz. Daneben w\u00e4scht eine Person Geschirr in gro\u00dfen Sch\u00fcsseln. Sie wird von der M\u00e4nnergruppe und anderen Leuten auf der Stra\u00dfe beobachtet.","og_url":"https:\/\/leonore-mau.de\/produkt\/ohne-titel-szenerie-am-kanal\/","og_site_name":"Leonore Mau","article_modified_time":"2022-09-13T21:09:34+00:00","og_image":[{"width":1200,"height":798,"url":"https:\/\/leonore-mau.de\/wp-content\/uploads\/2022\/07\/70247952.jpg","type":"image\/jpeg"}],"twitter_card":"summary_large_image","schema":{"@context":"https:\/\/schema.org","@graph":[{"@type":"WebPage","@id":"https:\/\/leonore-mau.de\/produkt\/ohne-titel-szenerie-am-kanal\/","url":"https:\/\/leonore-mau.de\/produkt\/ohne-titel-szenerie-am-kanal\/","name":"Ohne Titel (Szenerie am Kanal) - Leonore Mau","isPartOf":{"@id":"https:\/\/leonore-mau.de\/#website"},"primaryImageOfPage":{"@id":"https:\/\/leonore-mau.de\/produkt\/ohne-titel-szenerie-am-kanal\/#primaryimage"},"image":{"@id":"https:\/\/leonore-mau.de\/produkt\/ohne-titel-szenerie-am-kanal\/#primaryimage"},"thumbnailUrl":"https:\/\/leonore-mau.de\/wp-content\/uploads\/2022\/07\/70247952.jpg","datePublished":"2022-07-11T13:16:15+00:00","dateModified":"2022-09-13T21:09:34+00:00","breadcrumb":{"@id":"https:\/\/leonore-mau.de\/produkt\/ohne-titel-szenerie-am-kanal\/#breadcrumb"},"inLanguage":"en-US","potentialAction":[{"@type":"ReadAction","target":["https:\/\/leonore-mau.de\/produkt\/ohne-titel-szenerie-am-kanal\/"]}]},{"@type":"ImageObject","inLanguage":"en-US","@id":"https:\/\/leonore-mau.de\/produkt\/ohne-titel-szenerie-am-kanal\/#primaryimage","url":"https:\/\/leonore-mau.de\/wp-content\/uploads\/2022\/07\/70247952.jpg","contentUrl":"https:\/\/leonore-mau.de\/wp-content\/uploads\/2022\/07\/70247952.jpg","width":1200,"height":798,"caption":"Szenerie am Kanal in Venedig. Eine Gruppe von M\u00e4nnern sitzt auf der Stra\u00dfe und dem angelegten Boot und flickt ein Fischernetz. Daneben w\u00e4scht eine Person Geschirr in gro\u00dfen Sch\u00fcsseln. Sie wird von der M\u00e4nnergruppe und anderen Leuten auf der Stra\u00dfe beobachtet. Aufnahmedatum: 1959 - 1961 Material\/Technik: Foto \/ Silbergelatine auf Barytpapier Bildformat (Foto): 16,0 x 23,9 cm Aufnahmeort: Venedig Inventar-Nr.: LM-506601"},{"@type":"BreadcrumbList","@id":"https:\/\/leonore-mau.de\/produkt\/ohne-titel-szenerie-am-kanal\/#breadcrumb","itemListElement":[{"@type":"ListItem","position":1,"name":"Startseite","item":"https:\/\/leonore-mau.de\/en\/"},{"@type":"ListItem","position":2,"name":"Shop","item":"https:\/\/leonore-mau.de\/en\/shop-2\/"},{"@type":"ListItem","position":3,"name":"Ohne Titel (Szenerie am Kanal)"}]},{"@type":"WebSite","@id":"https:\/\/leonore-mau.de\/#website","url":"https:\/\/leonore-mau.de\/","name":"Leonore Mau","description":"Fotografin","potentialAction":[{"@type":"SearchAction","target":{"@type":"EntryPoint","urlTemplate":"https:\/\/leonore-mau.de\/?s={search_term_string}"},"query-input":{"@type":"PropertyValueSpecification","valueRequired":true,"valueName":"search_term_string"}}],"inLanguage":"en-US"}]}},"_links":{"self":[{"href":"https:\/\/leonore-mau.de\/en\/wp-json\/wp\/v2\/product\/906","targetHints":{"allow":["GET"]}}],"collection":[{"href":"https:\/\/leonore-mau.de\/en\/wp-json\/wp\/v2\/product"}],"about":[{"href":"https:\/\/leonore-mau.de\/en\/wp-json\/wp\/v2\/types\/product"}],"wp:featuredmedia":[{"embeddable":true,"href":"https:\/\/leonore-mau.de\/en\/wp-json\/wp\/v2\/media\/354"}],"wp:attachment":[{"href":"https:\/\/leonore-mau.de\/en\/wp-json\/wp\/v2\/media?parent=906"}],"wp:term":[{"taxonomy":"product_brand","embeddable":true,"href":"https:\/\/leonore-mau.de\/en\/wp-json\/wp\/v2\/product_brand?post=906"},{"taxonomy":"product_cat","embeddable":true,"href":"https:\/\/leonore-mau.de\/en\/wp-json\/wp\/v2\/product_cat?post=906"},{"taxonomy":"product_tag","embeddable":true,"href":"https:\/\/leonore-mau.de\/en\/wp-json\/wp\/v2\/product_tag?post=906"}],"curies":[{"name":"wp","href":"https:\/\/api.w.org\/{rel}","templated":true}]}}