{"id":907,"date":"2022-07-11T15:16:15","date_gmt":"2022-07-11T13:16:15","guid":{"rendered":"https:\/\/leonore-mau.de\/produkt\/ohne-titel-mdchen-an-der-spanischen-treppe\/"},"modified":"2022-09-13T23:09:34","modified_gmt":"2022-09-13T21:09:34","slug":"ohne-titel-mdchen-an-der-spanischen-treppe","status":"publish","type":"product","link":"https:\/\/leonore-mau.de\/en\/produkt\/ohne-titel-mdchen-an-der-spanischen-treppe\/","title":{"rendered":"Ohne Titel (M\u00e4dchen an der Spanischen Treppe)"},"content":{"rendered":"<p>Ein junges M\u00e4dchen mit Z\u00f6pfen steht vor einer Wand der Spanischen Treppe. Ihre H\u00e4nde und Kopf h\u00e4lt sie gegen die Wand. Im Hintergrund l\u00e4uft eine Frau mit Sonnenbrille die Treppe runter. Referenz: Ronald Kay, Die Kinder Herodots, S. Fischer Verlag GmbH, 2006 R\u00fcckseitenbeschriftung: &#8220;ROM SPAN. TREPPE&#8221;<\/p>\n","protected":false},"excerpt":{"rendered":"<p>Ein junges M\u00e4dchen mit Z\u00f6pfen steht vor einer Wand der Spanischen Treppe. Ihre H\u00e4nde und Kopf h\u00e4lt sie gegen die Wand. Im Hintergrund l\u00e4uft eine Frau mit Sonnenbrille die Treppe runter. Referenz: Ronald Kay, Die Kinder Herodots, S. Fischer Verlag GmbH, 2006 R\u00fcckseitenbeschriftung: &#8220;ROM SPAN. TREPPE&#8221;<\/p>\n","protected":false},"featured_media":355,"template":"","meta":[],"product_brand":[],"product_cat":[4439,17],"product_tag":[20,22,24,21,23,709,26,84,1316,959,960,43,44,354,905,1439,578,579,169,623,70,71,624,1351,625,105,107,93,92,94,91,74,582,583,1415,996,997,998,999,1000,1001,106,108,1318,626,896,897,898,899],"class_list":{"0":"post-907","1":"product","2":"type-product","3":"status-publish","4":"has-post-thumbnail","6":"product_cat-kinder","7":"product_cat-unkategorisiert","8":"product_tag-1960er-jahre","9":"product_tag-20-jahrhundert-nach-chr","10":"product_tag-20-jh-n-chr","11":"product_tag-20-jahrhundert","12":"product_tag-20-jh","13":"product_tag-3-3_kinder","14":"product_tag-60er","15":"product_tag-ausland","16":"product_tag-aussentreppe","17":"product_tag-fassade","18":"product_tag-fassaden","19":"product_tag-fotografin","20":"product_tag-fotografinnen","21":"product_tag-frau","22":"product_tag-hand","23":"product_tag-herodot","24":"product_tag-italien","25":"product_tag-italiens","26":"product_tag-kind","27":"product_tag-maedchen","28":"product_tag-photographin","29":"product_tag-photographinnen","30":"product_tag-rueckansicht","31":"product_tag-rueckenansicht","32":"product_tag-rueckseite","33":"product_tag-s-w-fotografie","34":"product_tag-s-w-photographie","35":"product_tag-schwarzweissphotographie","36":"product_tag-schwarz-weiss-fotografie","37":"product_tag-schwarz-weiss-photographie","38":"product_tag-schwarzweissfotografie","39":"product_tag-sechziger","40":"product_tag-sonnenbrille","41":"product_tag-sonnenbrillen","42":"product_tag-spanische-treppe","43":"product_tag-stehen","44":"product_tag-stehend","45":"product_tag-stehende","46":"product_tag-stehenden","47":"product_tag-stehender","48":"product_tag-stehendes","49":"product_tag-sw-fotografie","50":"product_tag-sw-photographie","51":"product_tag-treppe","52":"product_tag-von-hinten","53":"product_tag-zopf","54":"product_tag-zoepfe","55":"product_tag-zoepfen","56":"product_tag-zopfes","58":"first","59":"instock","60":"shipping-taxable","61":"product-type-simple"},"yoast_head":"<!-- This site is optimized with the Yoast SEO plugin v27.4 - https:\/\/yoast.com\/product\/yoast-seo-wordpress\/ -->\n<title>Ohne Titel (M\u00e4dchen an der Spanischen Treppe) - Leonore Mau<\/title>\n<meta name=\"robots\" content=\"index, follow, max-snippet:-1, max-image-preview:large, max-video-preview:-1\" \/>\n<link rel=\"canonical\" href=\"https:\/\/leonore-mau.de\/produkt\/ohne-titel-mdchen-an-der-spanischen-treppe\/\" \/>\n<meta property=\"og:locale\" content=\"en_US\" \/>\n<meta property=\"og:type\" content=\"article\" \/>\n<meta property=\"og:title\" content=\"Ohne Titel (M\u00e4dchen an der Spanischen Treppe) - Leonore Mau\" \/>\n<meta property=\"og:description\" content=\"Ein junges M\u00e4dchen mit Z\u00f6pfen steht vor einer Wand der Spanischen Treppe. Ihre H\u00e4nde und Kopf h\u00e4lt sie gegen die Wand. Im Hintergrund l\u00e4uft eine Frau mit Sonnenbrille die Treppe runter. Referenz: Ronald Kay, Die Kinder Herodots, S. Fischer Verlag GmbH, 2006 R\u00fcckseitenbeschriftung: &#8220;ROM SPAN. TREPPE&#8221;\" \/>\n<meta property=\"og:url\" content=\"https:\/\/leonore-mau.de\/produkt\/ohne-titel-mdchen-an-der-spanischen-treppe\/\" \/>\n<meta property=\"og:site_name\" content=\"Leonore Mau\" \/>\n<meta property=\"article:modified_time\" content=\"2022-09-13T21:09:34+00:00\" \/>\n<meta property=\"og:image\" content=\"https:\/\/leonore-mau.de\/wp-content\/uploads\/2022\/07\/70247956.jpg\" \/>\n\t<meta property=\"og:image:width\" content=\"941\" \/>\n\t<meta property=\"og:image:height\" content=\"1200\" \/>\n\t<meta property=\"og:image:type\" content=\"image\/jpeg\" \/>\n<meta name=\"twitter:card\" content=\"summary_large_image\" \/>\n<script type=\"application\/ld+json\" class=\"yoast-schema-graph\">{\"@context\":\"https:\\\/\\\/schema.org\",\"@graph\":[{\"@type\":\"WebPage\",\"@id\":\"https:\\\/\\\/leonore-mau.de\\\/produkt\\\/ohne-titel-mdchen-an-der-spanischen-treppe\\\/\",\"url\":\"https:\\\/\\\/leonore-mau.de\\\/produkt\\\/ohne-titel-mdchen-an-der-spanischen-treppe\\\/\",\"name\":\"Ohne Titel (M\u00e4dchen an der Spanischen Treppe) - Leonore Mau\",\"isPartOf\":{\"@id\":\"https:\\\/\\\/leonore-mau.de\\\/#website\"},\"primaryImageOfPage\":{\"@id\":\"https:\\\/\\\/leonore-mau.de\\\/produkt\\\/ohne-titel-mdchen-an-der-spanischen-treppe\\\/#primaryimage\"},\"image\":{\"@id\":\"https:\\\/\\\/leonore-mau.de\\\/produkt\\\/ohne-titel-mdchen-an-der-spanischen-treppe\\\/#primaryimage\"},\"thumbnailUrl\":\"https:\\\/\\\/leonore-mau.de\\\/wp-content\\\/uploads\\\/2022\\\/07\\\/70247956.jpg\",\"datePublished\":\"2022-07-11T13:16:15+00:00\",\"dateModified\":\"2022-09-13T21:09:34+00:00\",\"breadcrumb\":{\"@id\":\"https:\\\/\\\/leonore-mau.de\\\/produkt\\\/ohne-titel-mdchen-an-der-spanischen-treppe\\\/#breadcrumb\"},\"inLanguage\":\"en-US\",\"potentialAction\":[{\"@type\":\"ReadAction\",\"target\":[\"https:\\\/\\\/leonore-mau.de\\\/produkt\\\/ohne-titel-mdchen-an-der-spanischen-treppe\\\/\"]}]},{\"@type\":\"ImageObject\",\"inLanguage\":\"en-US\",\"@id\":\"https:\\\/\\\/leonore-mau.de\\\/produkt\\\/ohne-titel-mdchen-an-der-spanischen-treppe\\\/#primaryimage\",\"url\":\"https:\\\/\\\/leonore-mau.de\\\/wp-content\\\/uploads\\\/2022\\\/07\\\/70247956.jpg\",\"contentUrl\":\"https:\\\/\\\/leonore-mau.de\\\/wp-content\\\/uploads\\\/2022\\\/07\\\/70247956.jpg\",\"width\":941,\"height\":1200,\"caption\":\"Ein junges M\u00e4dchen mit Z\u00f6pfen steht vor einer Wand der Spanischen Treppe. Ihre H\u00e4nde und Kopf h\u00e4lt sie gegen die Wand. Im Hintergrund l\u00e4uft eine Frau mit Sonnenbrille die Treppe runter. Referenz: Ronald Kay, Die Kinder Herodots, S. Fischer Verlag GmbH, 2006 R\u00fcckseitenbeschriftung: \\\"ROM SPAN. TREPPE\\\" Aufnahmedatum: November 1967 - April 1968 Material\\\/Technik: Foto \\\/ Silbergelatine auf Barytpapier Bildformat (Foto): 23,4 x 29,8 cm Aufnahmeort: Rom Inventar-Nr.: LM-506600\"},{\"@type\":\"BreadcrumbList\",\"@id\":\"https:\\\/\\\/leonore-mau.de\\\/produkt\\\/ohne-titel-mdchen-an-der-spanischen-treppe\\\/#breadcrumb\",\"itemListElement\":[{\"@type\":\"ListItem\",\"position\":1,\"name\":\"Startseite\",\"item\":\"https:\\\/\\\/leonore-mau.de\\\/en\\\/\"},{\"@type\":\"ListItem\",\"position\":2,\"name\":\"Shop\",\"item\":\"https:\\\/\\\/leonore-mau.de\\\/en\\\/shop-2\\\/\"},{\"@type\":\"ListItem\",\"position\":3,\"name\":\"Ohne Titel (M\u00e4dchen an der Spanischen Treppe)\"}]},{\"@type\":\"WebSite\",\"@id\":\"https:\\\/\\\/leonore-mau.de\\\/#website\",\"url\":\"https:\\\/\\\/leonore-mau.de\\\/\",\"name\":\"Leonore Mau\",\"description\":\"Fotografin\",\"potentialAction\":[{\"@type\":\"SearchAction\",\"target\":{\"@type\":\"EntryPoint\",\"urlTemplate\":\"https:\\\/\\\/leonore-mau.de\\\/?s={search_term_string}\"},\"query-input\":{\"@type\":\"PropertyValueSpecification\",\"valueRequired\":true,\"valueName\":\"search_term_string\"}}],\"inLanguage\":\"en-US\"}]}<\/script>\n<!-- \/ Yoast SEO plugin. -->","yoast_head_json":{"title":"Ohne Titel (M\u00e4dchen an der Spanischen Treppe) - Leonore Mau","robots":{"index":"index","follow":"follow","max-snippet":"max-snippet:-1","max-image-preview":"max-image-preview:large","max-video-preview":"max-video-preview:-1"},"canonical":"https:\/\/leonore-mau.de\/produkt\/ohne-titel-mdchen-an-der-spanischen-treppe\/","og_locale":"en_US","og_type":"article","og_title":"Ohne Titel (M\u00e4dchen an der Spanischen Treppe) - Leonore Mau","og_description":"Ein junges M\u00e4dchen mit Z\u00f6pfen steht vor einer Wand der Spanischen Treppe. Ihre H\u00e4nde und Kopf h\u00e4lt sie gegen die Wand. Im Hintergrund l\u00e4uft eine Frau mit Sonnenbrille die Treppe runter. Referenz: Ronald Kay, Die Kinder Herodots, S. Fischer Verlag GmbH, 2006 R\u00fcckseitenbeschriftung: &#8220;ROM SPAN. TREPPE&#8221;","og_url":"https:\/\/leonore-mau.de\/produkt\/ohne-titel-mdchen-an-der-spanischen-treppe\/","og_site_name":"Leonore Mau","article_modified_time":"2022-09-13T21:09:34+00:00","og_image":[{"width":941,"height":1200,"url":"https:\/\/leonore-mau.de\/wp-content\/uploads\/2022\/07\/70247956.jpg","type":"image\/jpeg"}],"twitter_card":"summary_large_image","schema":{"@context":"https:\/\/schema.org","@graph":[{"@type":"WebPage","@id":"https:\/\/leonore-mau.de\/produkt\/ohne-titel-mdchen-an-der-spanischen-treppe\/","url":"https:\/\/leonore-mau.de\/produkt\/ohne-titel-mdchen-an-der-spanischen-treppe\/","name":"Ohne Titel (M\u00e4dchen an der Spanischen Treppe) - Leonore Mau","isPartOf":{"@id":"https:\/\/leonore-mau.de\/#website"},"primaryImageOfPage":{"@id":"https:\/\/leonore-mau.de\/produkt\/ohne-titel-mdchen-an-der-spanischen-treppe\/#primaryimage"},"image":{"@id":"https:\/\/leonore-mau.de\/produkt\/ohne-titel-mdchen-an-der-spanischen-treppe\/#primaryimage"},"thumbnailUrl":"https:\/\/leonore-mau.de\/wp-content\/uploads\/2022\/07\/70247956.jpg","datePublished":"2022-07-11T13:16:15+00:00","dateModified":"2022-09-13T21:09:34+00:00","breadcrumb":{"@id":"https:\/\/leonore-mau.de\/produkt\/ohne-titel-mdchen-an-der-spanischen-treppe\/#breadcrumb"},"inLanguage":"en-US","potentialAction":[{"@type":"ReadAction","target":["https:\/\/leonore-mau.de\/produkt\/ohne-titel-mdchen-an-der-spanischen-treppe\/"]}]},{"@type":"ImageObject","inLanguage":"en-US","@id":"https:\/\/leonore-mau.de\/produkt\/ohne-titel-mdchen-an-der-spanischen-treppe\/#primaryimage","url":"https:\/\/leonore-mau.de\/wp-content\/uploads\/2022\/07\/70247956.jpg","contentUrl":"https:\/\/leonore-mau.de\/wp-content\/uploads\/2022\/07\/70247956.jpg","width":941,"height":1200,"caption":"Ein junges M\u00e4dchen mit Z\u00f6pfen steht vor einer Wand der Spanischen Treppe. Ihre H\u00e4nde und Kopf h\u00e4lt sie gegen die Wand. Im Hintergrund l\u00e4uft eine Frau mit Sonnenbrille die Treppe runter. Referenz: Ronald Kay, Die Kinder Herodots, S. Fischer Verlag GmbH, 2006 R\u00fcckseitenbeschriftung: \"ROM SPAN. TREPPE\" Aufnahmedatum: November 1967 - April 1968 Material\/Technik: Foto \/ Silbergelatine auf Barytpapier Bildformat (Foto): 23,4 x 29,8 cm Aufnahmeort: Rom Inventar-Nr.: LM-506600"},{"@type":"BreadcrumbList","@id":"https:\/\/leonore-mau.de\/produkt\/ohne-titel-mdchen-an-der-spanischen-treppe\/#breadcrumb","itemListElement":[{"@type":"ListItem","position":1,"name":"Startseite","item":"https:\/\/leonore-mau.de\/en\/"},{"@type":"ListItem","position":2,"name":"Shop","item":"https:\/\/leonore-mau.de\/en\/shop-2\/"},{"@type":"ListItem","position":3,"name":"Ohne Titel (M\u00e4dchen an der Spanischen Treppe)"}]},{"@type":"WebSite","@id":"https:\/\/leonore-mau.de\/#website","url":"https:\/\/leonore-mau.de\/","name":"Leonore Mau","description":"Fotografin","potentialAction":[{"@type":"SearchAction","target":{"@type":"EntryPoint","urlTemplate":"https:\/\/leonore-mau.de\/?s={search_term_string}"},"query-input":{"@type":"PropertyValueSpecification","valueRequired":true,"valueName":"search_term_string"}}],"inLanguage":"en-US"}]}},"_links":{"self":[{"href":"https:\/\/leonore-mau.de\/en\/wp-json\/wp\/v2\/product\/907","targetHints":{"allow":["GET"]}}],"collection":[{"href":"https:\/\/leonore-mau.de\/en\/wp-json\/wp\/v2\/product"}],"about":[{"href":"https:\/\/leonore-mau.de\/en\/wp-json\/wp\/v2\/types\/product"}],"wp:featuredmedia":[{"embeddable":true,"href":"https:\/\/leonore-mau.de\/en\/wp-json\/wp\/v2\/media\/355"}],"wp:attachment":[{"href":"https:\/\/leonore-mau.de\/en\/wp-json\/wp\/v2\/media?parent=907"}],"wp:term":[{"taxonomy":"product_brand","embeddable":true,"href":"https:\/\/leonore-mau.de\/en\/wp-json\/wp\/v2\/product_brand?post=907"},{"taxonomy":"product_cat","embeddable":true,"href":"https:\/\/leonore-mau.de\/en\/wp-json\/wp\/v2\/product_cat?post=907"},{"taxonomy":"product_tag","embeddable":true,"href":"https:\/\/leonore-mau.de\/en\/wp-json\/wp\/v2\/product_tag?post=907"}],"curies":[{"name":"wp","href":"https:\/\/api.w.org\/{rel}","templated":true}]}}