{"id":910,"date":"2022-07-11T15:16:15","date_gmt":"2022-07-11T13:16:15","guid":{"rendered":"https:\/\/leonore-mau.de\/produkt\/ohne-titel-tempel-in-togo\/"},"modified":"2022-09-13T23:09:35","modified_gmt":"2022-09-13T21:09:35","slug":"ohne-titel-tempel-in-togo","status":"publish","type":"product","link":"https:\/\/leonore-mau.de\/en\/produkt\/ohne-titel-tempel-in-togo\/","title":{"rendered":"Ohne Titel (Tempel in Togo)"},"content":{"rendered":"<p>&#8220;Tempel in Togo, am Fluss Mono, wo nerv\u00f6se und somatisch bedingte Impotenz geheilt wird. Die Holzphaolli erwirbt der Kranke vor der Therapie auf den M\u00e4rkten. Man st\u00f6\u00dft sie als Votivgabe in den Boden.&#8221; Referenz: Hubert Fichte und Leonore Mau, Psyche, S. Fischer Verlag GmbH, 2005<\/p>\n","protected":false},"excerpt":{"rendered":"<p>&#8220;Tempel in Togo, am Fluss Mono, wo nerv\u00f6se und somatisch bedingte Impotenz geheilt wird. Die Holzphaolli erwirbt der Kranke vor der Therapie auf den M\u00e4rkten. Man st\u00f6\u00dft sie als Votivgabe in den Boden.&#8221; Referenz: Hubert Fichte und Leonore Mau, Psyche, S. Fischer Verlag GmbH, 2005<\/p>\n","protected":false},"featured_media":358,"template":"","meta":[],"product_brand":[],"product_cat":[17,4445],"product_tag":[78,22,24,21,23,1440,80,939,940,171,172,1472,1473,1474,1475,1476,1477,1478,36,37,39,40,41,42,43,44,1454,1455,1479,1480,1481,1482,1010,1011,1483,1484,1485,1486,1487,1466,70,71,1349,95,1457,1488,1489,1458,1459,1460,1461,1462,957,958],"class_list":{"0":"post-910","1":"product","2":"type-product","3":"status-publish","4":"has-post-thumbnail","6":"product_cat-unkategorisiert","7":"product_cat-westafrika","8":"product_tag-1970er-jahre","9":"product_tag-20-jahrhundert-nach-chr","10":"product_tag-20-jh-n-chr","11":"product_tag-20-jahrhundert","12":"product_tag-20-jh","13":"product_tag-4-5_westafrika","14":"product_tag-70er","15":"product_tag-afrika","16":"product_tag-afrikas","17":"product_tag-aussenaufnahme","18":"product_tag-aussenaufnahmen","19":"product_tag-busch","20":"product_tag-buesche","21":"product_tag-bueschen","22":"product_tag-busches","23":"product_tag-buschs","24":"product_tag-buschwerk","25":"product_tag-buschwerks","26":"product_tag-farbaufnahme","27":"product_tag-farbaufnahmen","28":"product_tag-farbfoto","29":"product_tag-farbfotografie","30":"product_tag-farbphoto","31":"product_tag-farbphotographie","32":"product_tag-fotografin","33":"product_tag-fotografinnen","34":"product_tag-gebetsstaette","35":"product_tag-gebetsstaetten","36":"product_tag-gebuesch","37":"product_tag-gebueschen","38":"product_tag-gebuesches","39":"product_tag-gebueschs","40":"product_tag-glaube","41":"product_tag-glauben","42":"product_tag-heilung","43":"product_tag-heilungen","44":"product_tag-holzphalloi","45":"product_tag-holzstab","46":"product_tag-holzstaebe","47":"product_tag-natur","48":"product_tag-photographin","49":"product_tag-photographinnen","50":"product_tag-psyche","51":"product_tag-siebziger","52":"product_tag-strauch","53":"product_tag-straeucher","54":"product_tag-straeuchern","55":"product_tag-tempel","56":"product_tag-votiv","57":"product_tag-votivgabe","58":"product_tag-votivgaben","59":"product_tag-votivs","60":"product_tag-westafrika","61":"product_tag-westafrikas","63":"first","64":"instock","65":"shipping-taxable","66":"product-type-simple"},"yoast_head":"<!-- This site is optimized with the Yoast SEO plugin v27.3 - https:\/\/yoast.com\/product\/yoast-seo-wordpress\/ -->\n<title>Ohne Titel (Tempel in Togo) - Leonore Mau<\/title>\n<meta name=\"robots\" content=\"index, follow, max-snippet:-1, max-image-preview:large, max-video-preview:-1\" \/>\n<link rel=\"canonical\" href=\"https:\/\/leonore-mau.de\/produkt\/ohne-titel-tempel-in-togo\/\" \/>\n<meta property=\"og:locale\" content=\"en_US\" \/>\n<meta property=\"og:type\" content=\"article\" \/>\n<meta property=\"og:title\" content=\"Ohne Titel (Tempel in Togo) - Leonore Mau\" \/>\n<meta property=\"og:description\" content=\"&#8220;Tempel in Togo, am Fluss Mono, wo nerv\u00f6se und somatisch bedingte Impotenz geheilt wird. Die Holzphaolli erwirbt der Kranke vor der Therapie auf den M\u00e4rkten. Man st\u00f6\u00dft sie als Votivgabe in den Boden.&#8221; Referenz: Hubert Fichte und Leonore Mau, Psyche, S. Fischer Verlag GmbH, 2005\" \/>\n<meta property=\"og:url\" content=\"https:\/\/leonore-mau.de\/produkt\/ohne-titel-tempel-in-togo\/\" \/>\n<meta property=\"og:site_name\" content=\"Leonore Mau\" \/>\n<meta property=\"article:modified_time\" content=\"2022-09-13T21:09:35+00:00\" \/>\n<meta property=\"og:image\" content=\"https:\/\/leonore-mau.de\/wp-content\/uploads\/2022\/07\/70247971.jpg\" \/>\n\t<meta property=\"og:image:width\" content=\"835\" \/>\n\t<meta property=\"og:image:height\" content=\"1200\" \/>\n\t<meta property=\"og:image:type\" content=\"image\/jpeg\" \/>\n<meta name=\"twitter:card\" content=\"summary_large_image\" \/>\n<script type=\"application\/ld+json\" class=\"yoast-schema-graph\">{\"@context\":\"https:\\\/\\\/schema.org\",\"@graph\":[{\"@type\":\"WebPage\",\"@id\":\"https:\\\/\\\/leonore-mau.de\\\/produkt\\\/ohne-titel-tempel-in-togo\\\/\",\"url\":\"https:\\\/\\\/leonore-mau.de\\\/produkt\\\/ohne-titel-tempel-in-togo\\\/\",\"name\":\"Ohne Titel (Tempel in Togo) - Leonore Mau\",\"isPartOf\":{\"@id\":\"https:\\\/\\\/leonore-mau.de\\\/#website\"},\"primaryImageOfPage\":{\"@id\":\"https:\\\/\\\/leonore-mau.de\\\/produkt\\\/ohne-titel-tempel-in-togo\\\/#primaryimage\"},\"image\":{\"@id\":\"https:\\\/\\\/leonore-mau.de\\\/produkt\\\/ohne-titel-tempel-in-togo\\\/#primaryimage\"},\"thumbnailUrl\":\"https:\\\/\\\/leonore-mau.de\\\/wp-content\\\/uploads\\\/2022\\\/07\\\/70247971.jpg\",\"datePublished\":\"2022-07-11T13:16:15+00:00\",\"dateModified\":\"2022-09-13T21:09:35+00:00\",\"breadcrumb\":{\"@id\":\"https:\\\/\\\/leonore-mau.de\\\/produkt\\\/ohne-titel-tempel-in-togo\\\/#breadcrumb\"},\"inLanguage\":\"en-US\",\"potentialAction\":[{\"@type\":\"ReadAction\",\"target\":[\"https:\\\/\\\/leonore-mau.de\\\/produkt\\\/ohne-titel-tempel-in-togo\\\/\"]}]},{\"@type\":\"ImageObject\",\"inLanguage\":\"en-US\",\"@id\":\"https:\\\/\\\/leonore-mau.de\\\/produkt\\\/ohne-titel-tempel-in-togo\\\/#primaryimage\",\"url\":\"https:\\\/\\\/leonore-mau.de\\\/wp-content\\\/uploads\\\/2022\\\/07\\\/70247971.jpg\",\"contentUrl\":\"https:\\\/\\\/leonore-mau.de\\\/wp-content\\\/uploads\\\/2022\\\/07\\\/70247971.jpg\",\"width\":835,\"height\":1200,\"caption\":\"\\\"Tempel in Togo, am Fluss Mono, wo nerv\u00f6se und somatisch bedingte Impotenz geheilt wird. Die Holzphaolli erwirbt der Kranke vor der Therapie auf den M\u00e4rkten. Man st\u00f6\u00dft sie als Votivgabe in den Boden.\\\" Referenz: Hubert Fichte und Leonore Mau, Psyche, S. Fischer Verlag GmbH, 2005 Aufnahmedatum: 1978 Material\\\/Technik: Foto \\\/ Farbdia Bildformat (Foto): Kleinbild Aufnahmeort: Togo Inventar-Nr.: LM-506599\"},{\"@type\":\"BreadcrumbList\",\"@id\":\"https:\\\/\\\/leonore-mau.de\\\/produkt\\\/ohne-titel-tempel-in-togo\\\/#breadcrumb\",\"itemListElement\":[{\"@type\":\"ListItem\",\"position\":1,\"name\":\"Startseite\",\"item\":\"https:\\\/\\\/leonore-mau.de\\\/en\\\/\"},{\"@type\":\"ListItem\",\"position\":2,\"name\":\"Shop\",\"item\":\"https:\\\/\\\/leonore-mau.de\\\/en\\\/shop-2\\\/\"},{\"@type\":\"ListItem\",\"position\":3,\"name\":\"Ohne Titel (Tempel in Togo)\"}]},{\"@type\":\"WebSite\",\"@id\":\"https:\\\/\\\/leonore-mau.de\\\/#website\",\"url\":\"https:\\\/\\\/leonore-mau.de\\\/\",\"name\":\"Leonore Mau\",\"description\":\"Fotografin\",\"potentialAction\":[{\"@type\":\"SearchAction\",\"target\":{\"@type\":\"EntryPoint\",\"urlTemplate\":\"https:\\\/\\\/leonore-mau.de\\\/?s={search_term_string}\"},\"query-input\":{\"@type\":\"PropertyValueSpecification\",\"valueRequired\":true,\"valueName\":\"search_term_string\"}}],\"inLanguage\":\"en-US\"}]}<\/script>\n<!-- \/ Yoast SEO plugin. -->","yoast_head_json":{"title":"Ohne Titel (Tempel in Togo) - Leonore Mau","robots":{"index":"index","follow":"follow","max-snippet":"max-snippet:-1","max-image-preview":"max-image-preview:large","max-video-preview":"max-video-preview:-1"},"canonical":"https:\/\/leonore-mau.de\/produkt\/ohne-titel-tempel-in-togo\/","og_locale":"en_US","og_type":"article","og_title":"Ohne Titel (Tempel in Togo) - Leonore Mau","og_description":"&#8220;Tempel in Togo, am Fluss Mono, wo nerv\u00f6se und somatisch bedingte Impotenz geheilt wird. Die Holzphaolli erwirbt der Kranke vor der Therapie auf den M\u00e4rkten. Man st\u00f6\u00dft sie als Votivgabe in den Boden.&#8221; Referenz: Hubert Fichte und Leonore Mau, Psyche, S. Fischer Verlag GmbH, 2005","og_url":"https:\/\/leonore-mau.de\/produkt\/ohne-titel-tempel-in-togo\/","og_site_name":"Leonore Mau","article_modified_time":"2022-09-13T21:09:35+00:00","og_image":[{"width":835,"height":1200,"url":"https:\/\/leonore-mau.de\/wp-content\/uploads\/2022\/07\/70247971.jpg","type":"image\/jpeg"}],"twitter_card":"summary_large_image","schema":{"@context":"https:\/\/schema.org","@graph":[{"@type":"WebPage","@id":"https:\/\/leonore-mau.de\/produkt\/ohne-titel-tempel-in-togo\/","url":"https:\/\/leonore-mau.de\/produkt\/ohne-titel-tempel-in-togo\/","name":"Ohne Titel (Tempel in Togo) - Leonore Mau","isPartOf":{"@id":"https:\/\/leonore-mau.de\/#website"},"primaryImageOfPage":{"@id":"https:\/\/leonore-mau.de\/produkt\/ohne-titel-tempel-in-togo\/#primaryimage"},"image":{"@id":"https:\/\/leonore-mau.de\/produkt\/ohne-titel-tempel-in-togo\/#primaryimage"},"thumbnailUrl":"https:\/\/leonore-mau.de\/wp-content\/uploads\/2022\/07\/70247971.jpg","datePublished":"2022-07-11T13:16:15+00:00","dateModified":"2022-09-13T21:09:35+00:00","breadcrumb":{"@id":"https:\/\/leonore-mau.de\/produkt\/ohne-titel-tempel-in-togo\/#breadcrumb"},"inLanguage":"en-US","potentialAction":[{"@type":"ReadAction","target":["https:\/\/leonore-mau.de\/produkt\/ohne-titel-tempel-in-togo\/"]}]},{"@type":"ImageObject","inLanguage":"en-US","@id":"https:\/\/leonore-mau.de\/produkt\/ohne-titel-tempel-in-togo\/#primaryimage","url":"https:\/\/leonore-mau.de\/wp-content\/uploads\/2022\/07\/70247971.jpg","contentUrl":"https:\/\/leonore-mau.de\/wp-content\/uploads\/2022\/07\/70247971.jpg","width":835,"height":1200,"caption":"\"Tempel in Togo, am Fluss Mono, wo nerv\u00f6se und somatisch bedingte Impotenz geheilt wird. Die Holzphaolli erwirbt der Kranke vor der Therapie auf den M\u00e4rkten. Man st\u00f6\u00dft sie als Votivgabe in den Boden.\" Referenz: Hubert Fichte und Leonore Mau, Psyche, S. Fischer Verlag GmbH, 2005 Aufnahmedatum: 1978 Material\/Technik: Foto \/ Farbdia Bildformat (Foto): Kleinbild Aufnahmeort: Togo Inventar-Nr.: LM-506599"},{"@type":"BreadcrumbList","@id":"https:\/\/leonore-mau.de\/produkt\/ohne-titel-tempel-in-togo\/#breadcrumb","itemListElement":[{"@type":"ListItem","position":1,"name":"Startseite","item":"https:\/\/leonore-mau.de\/en\/"},{"@type":"ListItem","position":2,"name":"Shop","item":"https:\/\/leonore-mau.de\/en\/shop-2\/"},{"@type":"ListItem","position":3,"name":"Ohne Titel (Tempel in Togo)"}]},{"@type":"WebSite","@id":"https:\/\/leonore-mau.de\/#website","url":"https:\/\/leonore-mau.de\/","name":"Leonore Mau","description":"Fotografin","potentialAction":[{"@type":"SearchAction","target":{"@type":"EntryPoint","urlTemplate":"https:\/\/leonore-mau.de\/?s={search_term_string}"},"query-input":{"@type":"PropertyValueSpecification","valueRequired":true,"valueName":"search_term_string"}}],"inLanguage":"en-US"}]}},"_links":{"self":[{"href":"https:\/\/leonore-mau.de\/en\/wp-json\/wp\/v2\/product\/910","targetHints":{"allow":["GET"]}}],"collection":[{"href":"https:\/\/leonore-mau.de\/en\/wp-json\/wp\/v2\/product"}],"about":[{"href":"https:\/\/leonore-mau.de\/en\/wp-json\/wp\/v2\/types\/product"}],"wp:featuredmedia":[{"embeddable":true,"href":"https:\/\/leonore-mau.de\/en\/wp-json\/wp\/v2\/media\/358"}],"wp:attachment":[{"href":"https:\/\/leonore-mau.de\/en\/wp-json\/wp\/v2\/media?parent=910"}],"wp:term":[{"taxonomy":"product_brand","embeddable":true,"href":"https:\/\/leonore-mau.de\/en\/wp-json\/wp\/v2\/product_brand?post=910"},{"taxonomy":"product_cat","embeddable":true,"href":"https:\/\/leonore-mau.de\/en\/wp-json\/wp\/v2\/product_cat?post=910"},{"taxonomy":"product_tag","embeddable":true,"href":"https:\/\/leonore-mau.de\/en\/wp-json\/wp\/v2\/product_tag?post=910"}],"curies":[{"name":"wp","href":"https:\/\/api.w.org\/{rel}","templated":true}]}}