{"id":916,"date":"2022-07-11T15:16:16","date_gmt":"2022-07-11T13:16:16","guid":{"rendered":"https:\/\/leonore-mau.de\/produkt\/ohne-titel-maskierte-in-einer-favela\/"},"modified":"2022-09-13T23:09:37","modified_gmt":"2022-09-13T21:09:37","slug":"ohne-titel-maskierte-in-einer-favela","status":"publish","type":"product","link":"https:\/\/leonore-mau.de\/en\/produkt\/ohne-titel-maskierte-in-einer-favela\/","title":{"rendered":"Ohne Titel (Maskierte in einer Favela)"},"content":{"rendered":"<p>Zwei verkleidete Personen mit gro\u00dfen blauen Gesichtsmasken in einer Favela. Die linke Person tr\u00e4gt ein Kleid aus Leinens\u00e4cke. Im Hintergrund rennt ein Junge, der unter seinem linken Arm einen Ball tr\u00e4gt.<\/p>\n","protected":false},"excerpt":{"rendered":"<p>Zwei verkleidete Personen mit gro\u00dfen blauen Gesichtsmasken in einer Favela. Die linke Person tr\u00e4gt ein Kleid aus Leinens\u00e4cke. Im Hintergrund rennt ein Junge, der unter seinem linken Arm einen Ball tr\u00e4gt.<\/p>\n","protected":false},"featured_media":364,"template":"","meta":[],"product_brand":[],"product_cat":[4441,17],"product_tag":[78,22,24,21,23,1117,80,171,172,1529,1085,1086,1087,1088,1089,1090,1091,173,174,175,36,37,39,40,41,42,1530,43,44,1531,1532,1533,1534,727,1535,1536,1537,1538,1539,1540,70,71,580,581,1541,1542,95,1543,1544,996,997,998,999,1000,1001,163,164,1127],"class_list":{"0":"post-916","1":"product","2":"type-product","3":"status-publish","4":"has-post-thumbnail","6":"product_cat-brasilien","7":"product_cat-unkategorisiert","8":"product_tag-1970er-jahre","9":"product_tag-20-jahrhundert-nach-chr","10":"product_tag-20-jh-n-chr","11":"product_tag-20-jahrhundert","12":"product_tag-20-jh","13":"product_tag-4-1_brasilien","14":"product_tag-70er","15":"product_tag-aussenaufnahme","16":"product_tag-aussenaufnahmen","17":"product_tag-ball","18":"product_tag-barfuss","19":"product_tag-barfuessig","20":"product_tag-barfuessige","21":"product_tag-barfuessigen","22":"product_tag-barfuessiger","23":"product_tag-barfuessiges","24":"product_tag-barfuessigkeit","25":"product_tag-brasil","26":"product_tag-brasilien","27":"product_tag-brasiliens","28":"product_tag-farbaufnahme","29":"product_tag-farbaufnahmen","30":"product_tag-farbfoto","31":"product_tag-farbfotografie","32":"product_tag-farbphoto","33":"product_tag-farbphotographie","34":"product_tag-flachs","35":"product_tag-fotografin","36":"product_tag-fotografinnen","37":"product_tag-gehstock","38":"product_tag-gehstoecke","39":"product_tag-gesichtsmaske","40":"product_tag-gesichtsmasken","41":"product_tag-junge","42":"product_tag-jutesack","43":"product_tag-jutesaecke","44":"product_tag-lateinamerika","45":"product_tag-leinen","46":"product_tag-maske","47":"product_tag-masken","48":"product_tag-photographin","49":"product_tag-photographinnen","50":"product_tag-portrait","51":"product_tag-portraet","52":"product_tag-rock","53":"product_tag-schirm","54":"product_tag-siebziger","55":"product_tag-spazierstock","56":"product_tag-spazierstoecke","57":"product_tag-stehen","58":"product_tag-stehend","59":"product_tag-stehende","60":"product_tag-stehenden","61":"product_tag-stehender","62":"product_tag-stehendes","63":"product_tag-suedamerika","64":"product_tag-suedamerikas","65":"product_tag-verkleidung","67":"first","68":"instock","69":"shipping-taxable","70":"product-type-simple"},"yoast_head":"<!-- This site is optimized with the Yoast SEO plugin v27.3 - https:\/\/yoast.com\/product\/yoast-seo-wordpress\/ -->\n<title>Ohne Titel (Maskierte in einer Favela) - Leonore Mau<\/title>\n<meta name=\"robots\" content=\"index, follow, max-snippet:-1, max-image-preview:large, max-video-preview:-1\" \/>\n<link rel=\"canonical\" href=\"https:\/\/leonore-mau.de\/produkt\/ohne-titel-maskierte-in-einer-favela\/\" \/>\n<meta property=\"og:locale\" content=\"en_US\" \/>\n<meta property=\"og:type\" content=\"article\" \/>\n<meta property=\"og:title\" content=\"Ohne Titel (Maskierte in einer Favela) - Leonore Mau\" \/>\n<meta property=\"og:description\" content=\"Zwei verkleidete Personen mit gro\u00dfen blauen Gesichtsmasken in einer Favela. Die linke Person tr\u00e4gt ein Kleid aus Leinens\u00e4cke. Im Hintergrund rennt ein Junge, der unter seinem linken Arm einen Ball tr\u00e4gt.\" \/>\n<meta property=\"og:url\" content=\"https:\/\/leonore-mau.de\/produkt\/ohne-titel-maskierte-in-einer-favela\/\" \/>\n<meta property=\"og:site_name\" content=\"Leonore Mau\" \/>\n<meta property=\"article:modified_time\" content=\"2022-09-13T21:09:37+00:00\" \/>\n<meta property=\"og:image\" content=\"https:\/\/leonore-mau.de\/wp-content\/uploads\/2022\/07\/70248264.jpg\" \/>\n\t<meta property=\"og:image:width\" content=\"1200\" \/>\n\t<meta property=\"og:image:height\" content=\"1200\" \/>\n\t<meta property=\"og:image:type\" content=\"image\/jpeg\" \/>\n<meta name=\"twitter:card\" content=\"summary_large_image\" \/>\n<script type=\"application\/ld+json\" class=\"yoast-schema-graph\">{\"@context\":\"https:\\\/\\\/schema.org\",\"@graph\":[{\"@type\":\"WebPage\",\"@id\":\"https:\\\/\\\/leonore-mau.de\\\/produkt\\\/ohne-titel-maskierte-in-einer-favela\\\/\",\"url\":\"https:\\\/\\\/leonore-mau.de\\\/produkt\\\/ohne-titel-maskierte-in-einer-favela\\\/\",\"name\":\"Ohne Titel (Maskierte in einer Favela) - Leonore Mau\",\"isPartOf\":{\"@id\":\"https:\\\/\\\/leonore-mau.de\\\/#website\"},\"primaryImageOfPage\":{\"@id\":\"https:\\\/\\\/leonore-mau.de\\\/produkt\\\/ohne-titel-maskierte-in-einer-favela\\\/#primaryimage\"},\"image\":{\"@id\":\"https:\\\/\\\/leonore-mau.de\\\/produkt\\\/ohne-titel-maskierte-in-einer-favela\\\/#primaryimage\"},\"thumbnailUrl\":\"https:\\\/\\\/leonore-mau.de\\\/wp-content\\\/uploads\\\/2022\\\/07\\\/70248264.jpg\",\"datePublished\":\"2022-07-11T13:16:16+00:00\",\"dateModified\":\"2022-09-13T21:09:37+00:00\",\"breadcrumb\":{\"@id\":\"https:\\\/\\\/leonore-mau.de\\\/produkt\\\/ohne-titel-maskierte-in-einer-favela\\\/#breadcrumb\"},\"inLanguage\":\"en-US\",\"potentialAction\":[{\"@type\":\"ReadAction\",\"target\":[\"https:\\\/\\\/leonore-mau.de\\\/produkt\\\/ohne-titel-maskierte-in-einer-favela\\\/\"]}]},{\"@type\":\"ImageObject\",\"inLanguage\":\"en-US\",\"@id\":\"https:\\\/\\\/leonore-mau.de\\\/produkt\\\/ohne-titel-maskierte-in-einer-favela\\\/#primaryimage\",\"url\":\"https:\\\/\\\/leonore-mau.de\\\/wp-content\\\/uploads\\\/2022\\\/07\\\/70248264.jpg\",\"contentUrl\":\"https:\\\/\\\/leonore-mau.de\\\/wp-content\\\/uploads\\\/2022\\\/07\\\/70248264.jpg\",\"width\":1200,\"height\":1200,\"caption\":\"Zwei verkleidete Personen mit gro\u00dfen blauen Gesichtsmasken in einer Favela. Die linke Person tr\u00e4gt ein Kleid aus Leinens\u00e4cke. Im Hintergrund rennt ein Junge, der unter seinem linken Arm einen Ball tr\u00e4gt. Aufnahmedatum: 1971 Material\\\/Technik: Foto \\\/ Farbdia Bildformat (Foto): Gro\u00dfbild (6x6) Aufnahmeort: Salvador da Bahia Inventar-Nr.: LM-506578\"},{\"@type\":\"BreadcrumbList\",\"@id\":\"https:\\\/\\\/leonore-mau.de\\\/produkt\\\/ohne-titel-maskierte-in-einer-favela\\\/#breadcrumb\",\"itemListElement\":[{\"@type\":\"ListItem\",\"position\":1,\"name\":\"Startseite\",\"item\":\"https:\\\/\\\/leonore-mau.de\\\/en\\\/\"},{\"@type\":\"ListItem\",\"position\":2,\"name\":\"Shop\",\"item\":\"https:\\\/\\\/leonore-mau.de\\\/en\\\/shop-2\\\/\"},{\"@type\":\"ListItem\",\"position\":3,\"name\":\"Ohne Titel (Maskierte in einer Favela)\"}]},{\"@type\":\"WebSite\",\"@id\":\"https:\\\/\\\/leonore-mau.de\\\/#website\",\"url\":\"https:\\\/\\\/leonore-mau.de\\\/\",\"name\":\"Leonore Mau\",\"description\":\"Fotografin\",\"potentialAction\":[{\"@type\":\"SearchAction\",\"target\":{\"@type\":\"EntryPoint\",\"urlTemplate\":\"https:\\\/\\\/leonore-mau.de\\\/?s={search_term_string}\"},\"query-input\":{\"@type\":\"PropertyValueSpecification\",\"valueRequired\":true,\"valueName\":\"search_term_string\"}}],\"inLanguage\":\"en-US\"}]}<\/script>\n<!-- \/ Yoast SEO plugin. -->","yoast_head_json":{"title":"Ohne Titel (Maskierte in einer Favela) - Leonore Mau","robots":{"index":"index","follow":"follow","max-snippet":"max-snippet:-1","max-image-preview":"max-image-preview:large","max-video-preview":"max-video-preview:-1"},"canonical":"https:\/\/leonore-mau.de\/produkt\/ohne-titel-maskierte-in-einer-favela\/","og_locale":"en_US","og_type":"article","og_title":"Ohne Titel (Maskierte in einer Favela) - Leonore Mau","og_description":"Zwei verkleidete Personen mit gro\u00dfen blauen Gesichtsmasken in einer Favela. Die linke Person tr\u00e4gt ein Kleid aus Leinens\u00e4cke. Im Hintergrund rennt ein Junge, der unter seinem linken Arm einen Ball tr\u00e4gt.","og_url":"https:\/\/leonore-mau.de\/produkt\/ohne-titel-maskierte-in-einer-favela\/","og_site_name":"Leonore Mau","article_modified_time":"2022-09-13T21:09:37+00:00","og_image":[{"width":1200,"height":1200,"url":"https:\/\/leonore-mau.de\/wp-content\/uploads\/2022\/07\/70248264.jpg","type":"image\/jpeg"}],"twitter_card":"summary_large_image","schema":{"@context":"https:\/\/schema.org","@graph":[{"@type":"WebPage","@id":"https:\/\/leonore-mau.de\/produkt\/ohne-titel-maskierte-in-einer-favela\/","url":"https:\/\/leonore-mau.de\/produkt\/ohne-titel-maskierte-in-einer-favela\/","name":"Ohne Titel (Maskierte in einer Favela) - Leonore Mau","isPartOf":{"@id":"https:\/\/leonore-mau.de\/#website"},"primaryImageOfPage":{"@id":"https:\/\/leonore-mau.de\/produkt\/ohne-titel-maskierte-in-einer-favela\/#primaryimage"},"image":{"@id":"https:\/\/leonore-mau.de\/produkt\/ohne-titel-maskierte-in-einer-favela\/#primaryimage"},"thumbnailUrl":"https:\/\/leonore-mau.de\/wp-content\/uploads\/2022\/07\/70248264.jpg","datePublished":"2022-07-11T13:16:16+00:00","dateModified":"2022-09-13T21:09:37+00:00","breadcrumb":{"@id":"https:\/\/leonore-mau.de\/produkt\/ohne-titel-maskierte-in-einer-favela\/#breadcrumb"},"inLanguage":"en-US","potentialAction":[{"@type":"ReadAction","target":["https:\/\/leonore-mau.de\/produkt\/ohne-titel-maskierte-in-einer-favela\/"]}]},{"@type":"ImageObject","inLanguage":"en-US","@id":"https:\/\/leonore-mau.de\/produkt\/ohne-titel-maskierte-in-einer-favela\/#primaryimage","url":"https:\/\/leonore-mau.de\/wp-content\/uploads\/2022\/07\/70248264.jpg","contentUrl":"https:\/\/leonore-mau.de\/wp-content\/uploads\/2022\/07\/70248264.jpg","width":1200,"height":1200,"caption":"Zwei verkleidete Personen mit gro\u00dfen blauen Gesichtsmasken in einer Favela. Die linke Person tr\u00e4gt ein Kleid aus Leinens\u00e4cke. Im Hintergrund rennt ein Junge, der unter seinem linken Arm einen Ball tr\u00e4gt. Aufnahmedatum: 1971 Material\/Technik: Foto \/ Farbdia Bildformat (Foto): Gro\u00dfbild (6x6) Aufnahmeort: Salvador da Bahia Inventar-Nr.: LM-506578"},{"@type":"BreadcrumbList","@id":"https:\/\/leonore-mau.de\/produkt\/ohne-titel-maskierte-in-einer-favela\/#breadcrumb","itemListElement":[{"@type":"ListItem","position":1,"name":"Startseite","item":"https:\/\/leonore-mau.de\/en\/"},{"@type":"ListItem","position":2,"name":"Shop","item":"https:\/\/leonore-mau.de\/en\/shop-2\/"},{"@type":"ListItem","position":3,"name":"Ohne Titel (Maskierte in einer Favela)"}]},{"@type":"WebSite","@id":"https:\/\/leonore-mau.de\/#website","url":"https:\/\/leonore-mau.de\/","name":"Leonore Mau","description":"Fotografin","potentialAction":[{"@type":"SearchAction","target":{"@type":"EntryPoint","urlTemplate":"https:\/\/leonore-mau.de\/?s={search_term_string}"},"query-input":{"@type":"PropertyValueSpecification","valueRequired":true,"valueName":"search_term_string"}}],"inLanguage":"en-US"}]}},"_links":{"self":[{"href":"https:\/\/leonore-mau.de\/en\/wp-json\/wp\/v2\/product\/916","targetHints":{"allow":["GET"]}}],"collection":[{"href":"https:\/\/leonore-mau.de\/en\/wp-json\/wp\/v2\/product"}],"about":[{"href":"https:\/\/leonore-mau.de\/en\/wp-json\/wp\/v2\/types\/product"}],"wp:featuredmedia":[{"embeddable":true,"href":"https:\/\/leonore-mau.de\/en\/wp-json\/wp\/v2\/media\/364"}],"wp:attachment":[{"href":"https:\/\/leonore-mau.de\/en\/wp-json\/wp\/v2\/media?parent=916"}],"wp:term":[{"taxonomy":"product_brand","embeddable":true,"href":"https:\/\/leonore-mau.de\/en\/wp-json\/wp\/v2\/product_brand?post=916"},{"taxonomy":"product_cat","embeddable":true,"href":"https:\/\/leonore-mau.de\/en\/wp-json\/wp\/v2\/product_cat?post=916"},{"taxonomy":"product_tag","embeddable":true,"href":"https:\/\/leonore-mau.de\/en\/wp-json\/wp\/v2\/product_tag?post=916"}],"curies":[{"name":"wp","href":"https:\/\/api.w.org\/{rel}","templated":true}]}}