{"id":920,"date":"2022-07-11T15:16:16","date_gmt":"2022-07-11T13:16:16","guid":{"rendered":"https:\/\/leonore-mau.de\/produkt\/ohne-titel-junger-mann-bei-einer-shangozeremonie\/"},"modified":"2022-09-13T23:09:39","modified_gmt":"2022-09-13T21:09:39","slug":"ohne-titel-junger-mann-bei-einer-shangozeremonie","status":"publish","type":"product","link":"https:\/\/leonore-mau.de\/en\/produkt\/ohne-titel-junger-mann-bei-einer-shangozeremonie\/","title":{"rendered":"Ohne Titel (Junger Mann bei einer Shangozeremonie)"},"content":{"rendered":"<p>Junger Mann bei einer Shangozeremonie. Er tr\u00e4gt eine M\u00fctze und ein Unterhemd, auf dem eine unbekleidete Frau abgedruckt ist. In seinen H\u00e4nden h\u00e4lt er eine wei\u00dfe Fahne mit bunten Punkten. Referenz: Hubert Fichte und Leonore Mau, Petersilie, S. Fischer Verlag GmbH, 1980<\/p>\n","protected":false},"excerpt":{"rendered":"<p>Junger Mann bei einer Shangozeremonie. Er tr\u00e4gt eine M\u00fctze und ein Unterhemd, auf dem eine unbekleidete Frau abgedruckt ist. In seinen H\u00e4nden h\u00e4lt er eine wei\u00dfe Fahne mit bunten Punkten. Referenz: Hubert Fichte und Leonore Mau, Petersilie, S. Fischer Verlag GmbH, 1980<\/p>\n","protected":false},"featured_media":368,"template":"","meta":[],"product_brand":[],"product_cat":[4440,17],"product_tag":[78,22,24,21,23,722,80,1566,1567,1568,1569,1570,1571,1572,1573,1574,1575,84,1164,1165,1045,1166,760,761,36,37,39,40,41,42,762,763,43,44,1576,206,188,486,769,1169,1170,1171,1172,1173,1050,70,71,1577,1051,1578,1052,1053,1579,95,1031],"class_list":{"0":"post-920","1":"product","2":"type-product","3":"status-publish","4":"has-post-thumbnail","6":"product_cat-menschen-im-fokus","7":"product_cat-unkategorisiert","8":"product_tag-1970er-jahre","9":"product_tag-20-jahrhundert-nach-chr","10":"product_tag-20-jh-n-chr","11":"product_tag-20-jahrhundert","12":"product_tag-20-jh","13":"product_tag-3-4_menschen-im-fokus","14":"product_tag-70er","15":"product_tag-akpotographien","16":"product_tag-aktaufnahme","17":"product_tag-aktaufnamen","18":"product_tag-aktfoto","19":"product_tag-aktfotografie","20":"product_tag-aktfotografien","21":"product_tag-aktfotos","22":"product_tag-aktphoto","23":"product_tag-aktphotographie","24":"product_tag-aktphotos","25":"product_tag-ausland","26":"product_tag-dunkelhaeutig","27":"product_tag-dunkelhaeutige","28":"product_tag-dunkelhaeutiger","29":"product_tag-dunkelhaeutiges","30":"product_tag-fahne","31":"product_tag-fahnen","32":"product_tag-farbaufnahme","33":"product_tag-farbaufnahmen","34":"product_tag-farbfoto","35":"product_tag-farbfotografie","36":"product_tag-farbphoto","37":"product_tag-farbphotographie","38":"product_tag-flagge","39":"product_tag-flaggen","40":"product_tag-fotografin","41":"product_tag-fotografinnen","42":"product_tag-halskette","43":"product_tag-karibik","44":"product_tag-kopfbedeckung","45":"product_tag-mann","46":"product_tag-muetze","47":"product_tag-nackt","48":"product_tag-nackte","49":"product_tag-nackten","50":"product_tag-nackter","51":"product_tag-nacktes","52":"product_tag-petersilie","53":"product_tag-photographin","54":"product_tag-photographinnen","55":"product_tag-schwarz","56":"product_tag-schwarze","57":"product_tag-schwarzem","58":"product_tag-schwarzen","59":"product_tag-schwarzer","60":"product_tag-schwarzes","61":"product_tag-siebziger","62":"product_tag-xango","64":"first","65":"instock","66":"shipping-taxable","67":"product-type-simple"},"yoast_head":"<!-- This site is optimized with the Yoast SEO plugin v27.3 - https:\/\/yoast.com\/product\/yoast-seo-wordpress\/ -->\n<title>Ohne Titel (Junger Mann bei einer Shangozeremonie) - Leonore Mau<\/title>\n<meta name=\"robots\" content=\"index, follow, max-snippet:-1, max-image-preview:large, max-video-preview:-1\" \/>\n<link rel=\"canonical\" href=\"https:\/\/leonore-mau.de\/produkt\/ohne-titel-junger-mann-bei-einer-shangozeremonie\/\" \/>\n<meta property=\"og:locale\" content=\"en_US\" \/>\n<meta property=\"og:type\" content=\"article\" \/>\n<meta property=\"og:title\" content=\"Ohne Titel (Junger Mann bei einer Shangozeremonie) - Leonore Mau\" \/>\n<meta property=\"og:description\" content=\"Junger Mann bei einer Shangozeremonie. Er tr\u00e4gt eine M\u00fctze und ein Unterhemd, auf dem eine unbekleidete Frau abgedruckt ist. In seinen H\u00e4nden h\u00e4lt er eine wei\u00dfe Fahne mit bunten Punkten. Referenz: Hubert Fichte und Leonore Mau, Petersilie, S. Fischer Verlag GmbH, 1980\" \/>\n<meta property=\"og:url\" content=\"https:\/\/leonore-mau.de\/produkt\/ohne-titel-junger-mann-bei-einer-shangozeremonie\/\" \/>\n<meta property=\"og:site_name\" content=\"Leonore Mau\" \/>\n<meta property=\"article:modified_time\" content=\"2022-09-13T21:09:39+00:00\" \/>\n<meta property=\"og:image\" content=\"https:\/\/leonore-mau.de\/wp-content\/uploads\/2022\/07\/70248456.jpg\" \/>\n\t<meta property=\"og:image:width\" content=\"838\" \/>\n\t<meta property=\"og:image:height\" content=\"1200\" \/>\n\t<meta property=\"og:image:type\" content=\"image\/jpeg\" \/>\n<meta name=\"twitter:card\" content=\"summary_large_image\" \/>\n<script type=\"application\/ld+json\" class=\"yoast-schema-graph\">{\"@context\":\"https:\\\/\\\/schema.org\",\"@graph\":[{\"@type\":\"WebPage\",\"@id\":\"https:\\\/\\\/leonore-mau.de\\\/produkt\\\/ohne-titel-junger-mann-bei-einer-shangozeremonie\\\/\",\"url\":\"https:\\\/\\\/leonore-mau.de\\\/produkt\\\/ohne-titel-junger-mann-bei-einer-shangozeremonie\\\/\",\"name\":\"Ohne Titel (Junger Mann bei einer Shangozeremonie) - Leonore Mau\",\"isPartOf\":{\"@id\":\"https:\\\/\\\/leonore-mau.de\\\/#website\"},\"primaryImageOfPage\":{\"@id\":\"https:\\\/\\\/leonore-mau.de\\\/produkt\\\/ohne-titel-junger-mann-bei-einer-shangozeremonie\\\/#primaryimage\"},\"image\":{\"@id\":\"https:\\\/\\\/leonore-mau.de\\\/produkt\\\/ohne-titel-junger-mann-bei-einer-shangozeremonie\\\/#primaryimage\"},\"thumbnailUrl\":\"https:\\\/\\\/leonore-mau.de\\\/wp-content\\\/uploads\\\/2022\\\/07\\\/70248456.jpg\",\"datePublished\":\"2022-07-11T13:16:16+00:00\",\"dateModified\":\"2022-09-13T21:09:39+00:00\",\"breadcrumb\":{\"@id\":\"https:\\\/\\\/leonore-mau.de\\\/produkt\\\/ohne-titel-junger-mann-bei-einer-shangozeremonie\\\/#breadcrumb\"},\"inLanguage\":\"en-US\",\"potentialAction\":[{\"@type\":\"ReadAction\",\"target\":[\"https:\\\/\\\/leonore-mau.de\\\/produkt\\\/ohne-titel-junger-mann-bei-einer-shangozeremonie\\\/\"]}]},{\"@type\":\"ImageObject\",\"inLanguage\":\"en-US\",\"@id\":\"https:\\\/\\\/leonore-mau.de\\\/produkt\\\/ohne-titel-junger-mann-bei-einer-shangozeremonie\\\/#primaryimage\",\"url\":\"https:\\\/\\\/leonore-mau.de\\\/wp-content\\\/uploads\\\/2022\\\/07\\\/70248456.jpg\",\"contentUrl\":\"https:\\\/\\\/leonore-mau.de\\\/wp-content\\\/uploads\\\/2022\\\/07\\\/70248456.jpg\",\"width\":838,\"height\":1200,\"caption\":\"Junger Mann bei einer Shangozeremonie. Er tr\u00e4gt eine M\u00fctze und ein Unterhemd, auf dem eine unbekleidete Frau abgedruckt ist. In seinen H\u00e4nden h\u00e4lt er eine wei\u00dfe Fahne mit bunten Punkten. Referenz: Hubert Fichte und Leonore Mau, Petersilie, S. Fischer Verlag GmbH, 1980 Aufnahmedatum: 1978 - 1979 Material\\\/Technik: Foto \\\/ Farbdia Bildformat (Foto): Kleinbild Aufnahmeort: Grenada Inventar-Nr.: LM-506566\"},{\"@type\":\"BreadcrumbList\",\"@id\":\"https:\\\/\\\/leonore-mau.de\\\/produkt\\\/ohne-titel-junger-mann-bei-einer-shangozeremonie\\\/#breadcrumb\",\"itemListElement\":[{\"@type\":\"ListItem\",\"position\":1,\"name\":\"Startseite\",\"item\":\"https:\\\/\\\/leonore-mau.de\\\/en\\\/\"},{\"@type\":\"ListItem\",\"position\":2,\"name\":\"Shop\",\"item\":\"https:\\\/\\\/leonore-mau.de\\\/en\\\/shop-2\\\/\"},{\"@type\":\"ListItem\",\"position\":3,\"name\":\"Ohne Titel (Junger Mann bei einer Shangozeremonie)\"}]},{\"@type\":\"WebSite\",\"@id\":\"https:\\\/\\\/leonore-mau.de\\\/#website\",\"url\":\"https:\\\/\\\/leonore-mau.de\\\/\",\"name\":\"Leonore Mau\",\"description\":\"Fotografin\",\"potentialAction\":[{\"@type\":\"SearchAction\",\"target\":{\"@type\":\"EntryPoint\",\"urlTemplate\":\"https:\\\/\\\/leonore-mau.de\\\/?s={search_term_string}\"},\"query-input\":{\"@type\":\"PropertyValueSpecification\",\"valueRequired\":true,\"valueName\":\"search_term_string\"}}],\"inLanguage\":\"en-US\"}]}<\/script>\n<!-- \/ Yoast SEO plugin. -->","yoast_head_json":{"title":"Ohne Titel (Junger Mann bei einer Shangozeremonie) - Leonore Mau","robots":{"index":"index","follow":"follow","max-snippet":"max-snippet:-1","max-image-preview":"max-image-preview:large","max-video-preview":"max-video-preview:-1"},"canonical":"https:\/\/leonore-mau.de\/produkt\/ohne-titel-junger-mann-bei-einer-shangozeremonie\/","og_locale":"en_US","og_type":"article","og_title":"Ohne Titel (Junger Mann bei einer Shangozeremonie) - Leonore Mau","og_description":"Junger Mann bei einer Shangozeremonie. Er tr\u00e4gt eine M\u00fctze und ein Unterhemd, auf dem eine unbekleidete Frau abgedruckt ist. In seinen H\u00e4nden h\u00e4lt er eine wei\u00dfe Fahne mit bunten Punkten. Referenz: Hubert Fichte und Leonore Mau, Petersilie, S. Fischer Verlag GmbH, 1980","og_url":"https:\/\/leonore-mau.de\/produkt\/ohne-titel-junger-mann-bei-einer-shangozeremonie\/","og_site_name":"Leonore Mau","article_modified_time":"2022-09-13T21:09:39+00:00","og_image":[{"width":838,"height":1200,"url":"https:\/\/leonore-mau.de\/wp-content\/uploads\/2022\/07\/70248456.jpg","type":"image\/jpeg"}],"twitter_card":"summary_large_image","schema":{"@context":"https:\/\/schema.org","@graph":[{"@type":"WebPage","@id":"https:\/\/leonore-mau.de\/produkt\/ohne-titel-junger-mann-bei-einer-shangozeremonie\/","url":"https:\/\/leonore-mau.de\/produkt\/ohne-titel-junger-mann-bei-einer-shangozeremonie\/","name":"Ohne Titel (Junger Mann bei einer Shangozeremonie) - Leonore Mau","isPartOf":{"@id":"https:\/\/leonore-mau.de\/#website"},"primaryImageOfPage":{"@id":"https:\/\/leonore-mau.de\/produkt\/ohne-titel-junger-mann-bei-einer-shangozeremonie\/#primaryimage"},"image":{"@id":"https:\/\/leonore-mau.de\/produkt\/ohne-titel-junger-mann-bei-einer-shangozeremonie\/#primaryimage"},"thumbnailUrl":"https:\/\/leonore-mau.de\/wp-content\/uploads\/2022\/07\/70248456.jpg","datePublished":"2022-07-11T13:16:16+00:00","dateModified":"2022-09-13T21:09:39+00:00","breadcrumb":{"@id":"https:\/\/leonore-mau.de\/produkt\/ohne-titel-junger-mann-bei-einer-shangozeremonie\/#breadcrumb"},"inLanguage":"en-US","potentialAction":[{"@type":"ReadAction","target":["https:\/\/leonore-mau.de\/produkt\/ohne-titel-junger-mann-bei-einer-shangozeremonie\/"]}]},{"@type":"ImageObject","inLanguage":"en-US","@id":"https:\/\/leonore-mau.de\/produkt\/ohne-titel-junger-mann-bei-einer-shangozeremonie\/#primaryimage","url":"https:\/\/leonore-mau.de\/wp-content\/uploads\/2022\/07\/70248456.jpg","contentUrl":"https:\/\/leonore-mau.de\/wp-content\/uploads\/2022\/07\/70248456.jpg","width":838,"height":1200,"caption":"Junger Mann bei einer Shangozeremonie. Er tr\u00e4gt eine M\u00fctze und ein Unterhemd, auf dem eine unbekleidete Frau abgedruckt ist. In seinen H\u00e4nden h\u00e4lt er eine wei\u00dfe Fahne mit bunten Punkten. Referenz: Hubert Fichte und Leonore Mau, Petersilie, S. Fischer Verlag GmbH, 1980 Aufnahmedatum: 1978 - 1979 Material\/Technik: Foto \/ Farbdia Bildformat (Foto): Kleinbild Aufnahmeort: Grenada Inventar-Nr.: LM-506566"},{"@type":"BreadcrumbList","@id":"https:\/\/leonore-mau.de\/produkt\/ohne-titel-junger-mann-bei-einer-shangozeremonie\/#breadcrumb","itemListElement":[{"@type":"ListItem","position":1,"name":"Startseite","item":"https:\/\/leonore-mau.de\/en\/"},{"@type":"ListItem","position":2,"name":"Shop","item":"https:\/\/leonore-mau.de\/en\/shop-2\/"},{"@type":"ListItem","position":3,"name":"Ohne Titel (Junger Mann bei einer Shangozeremonie)"}]},{"@type":"WebSite","@id":"https:\/\/leonore-mau.de\/#website","url":"https:\/\/leonore-mau.de\/","name":"Leonore Mau","description":"Fotografin","potentialAction":[{"@type":"SearchAction","target":{"@type":"EntryPoint","urlTemplate":"https:\/\/leonore-mau.de\/?s={search_term_string}"},"query-input":{"@type":"PropertyValueSpecification","valueRequired":true,"valueName":"search_term_string"}}],"inLanguage":"en-US"}]}},"_links":{"self":[{"href":"https:\/\/leonore-mau.de\/en\/wp-json\/wp\/v2\/product\/920","targetHints":{"allow":["GET"]}}],"collection":[{"href":"https:\/\/leonore-mau.de\/en\/wp-json\/wp\/v2\/product"}],"about":[{"href":"https:\/\/leonore-mau.de\/en\/wp-json\/wp\/v2\/types\/product"}],"wp:featuredmedia":[{"embeddable":true,"href":"https:\/\/leonore-mau.de\/en\/wp-json\/wp\/v2\/media\/368"}],"wp:attachment":[{"href":"https:\/\/leonore-mau.de\/en\/wp-json\/wp\/v2\/media?parent=920"}],"wp:term":[{"taxonomy":"product_brand","embeddable":true,"href":"https:\/\/leonore-mau.de\/en\/wp-json\/wp\/v2\/product_brand?post=920"},{"taxonomy":"product_cat","embeddable":true,"href":"https:\/\/leonore-mau.de\/en\/wp-json\/wp\/v2\/product_cat?post=920"},{"taxonomy":"product_tag","embeddable":true,"href":"https:\/\/leonore-mau.de\/en\/wp-json\/wp\/v2\/product_tag?post=920"}],"curies":[{"name":"wp","href":"https:\/\/api.w.org\/{rel}","templated":true}]}}