{"id":921,"date":"2022-07-11T15:16:16","date_gmt":"2022-07-11T13:16:16","guid":{"rendered":"https:\/\/leonore-mau.de\/produkt\/touristen\/"},"modified":"2022-09-13T23:09:39","modified_gmt":"2022-09-13T21:09:39","slug":"touristen","status":"publish","type":"product","link":"https:\/\/leonore-mau.de\/en\/produkt\/touristen\/","title":{"rendered":"Touristen"},"content":{"rendered":"<p>Wei\u00dfer Mann in Badehose sitzend in einem Liegestuhl. Neben ihm stehend ein junges Schwarzes M\u00e4dchen im Kleid. Um sie herum finden Verk\u00e4ufe an Touristen statt.  Referenz: Hubert Fichte und Leonore Mau, Petersilie, S. Fischer Verlag GmbH, 1980<\/p>\n","protected":false},"excerpt":{"rendered":"<p>Wei\u00dfer Mann in Badehose sitzend in einem Liegestuhl. Neben ihm stehend ein junges Schwarzes M\u00e4dchen im Kleid. Um sie herum finden Verk\u00e4ufe an Touristen statt. Referenz: Hubert Fichte und Leonore Mau, Petersilie, S. Fischer Verlag GmbH, 1980<\/p>\n","protected":false},"featured_media":369,"template":"","meta":[],"product_brand":[],"product_cat":[4440,17],"product_tag":[78,22,24,21,23,722,80,84,36,37,39,40,41,42,43,44,1405,1406,181,182,183,184,185,186,187,1580,1581,1582,1583,206,1584,1585,623,486,1586,1587,192,193,194,195,196,1050,70,71,95,1416,1417,1418,1419,1420,1421,1588],"class_list":{"0":"post-921","1":"product","2":"type-product","3":"status-publish","4":"has-post-thumbnail","6":"product_cat-menschen-im-fokus","7":"product_cat-unkategorisiert","8":"product_tag-1970er-jahre","9":"product_tag-20-jahrhundert-nach-chr","10":"product_tag-20-jh-n-chr","11":"product_tag-20-jahrhundert","12":"product_tag-20-jh","13":"product_tag-3-4_menschen-im-fokus","14":"product_tag-70er","15":"product_tag-ausland","16":"product_tag-farbaufnahme","17":"product_tag-farbaufnahmen","18":"product_tag-farbfoto","19":"product_tag-farbfotografie","20":"product_tag-farbphoto","21":"product_tag-farbphotographie","22":"product_tag-fotografin","23":"product_tag-fotografinnen","24":"product_tag-fremdenverkehr","25":"product_tag-fremdenverkehrs","26":"product_tag-halbakt","27":"product_tag-halbakte","28":"product_tag-halbnackt","29":"product_tag-halbnackte","30":"product_tag-halbnackten","31":"product_tag-halbnackter","32":"product_tag-halbnacktes","33":"product_tag-handel","34":"product_tag-haeuschen","35":"product_tag-huette","36":"product_tag-huetten","37":"product_tag-karibik","38":"product_tag-liegestuhl","39":"product_tag-liegestuehle","40":"product_tag-maedchen","41":"product_tag-mann","42":"product_tag-mensch","43":"product_tag-menschen","44":"product_tag-menschenansammlung","45":"product_tag-menschenauflauf","46":"product_tag-menschenmassen","47":"product_tag-menschenmenge","48":"product_tag-menschenschar","49":"product_tag-petersilie","50":"product_tag-photographin","51":"product_tag-photographinnen","52":"product_tag-siebziger","53":"product_tag-tourismus","54":"product_tag-tourist","55":"product_tag-touristen","56":"product_tag-touristik","57":"product_tag-turist","58":"product_tag-turisten","59":"product_tag-verkauf","61":"first","62":"instock","63":"shipping-taxable","64":"product-type-simple"},"yoast_head":"<!-- This site is optimized with the Yoast SEO plugin v27.3 - https:\/\/yoast.com\/product\/yoast-seo-wordpress\/ -->\n<title>Touristen - Leonore Mau<\/title>\n<meta name=\"robots\" content=\"index, follow, max-snippet:-1, max-image-preview:large, max-video-preview:-1\" \/>\n<link rel=\"canonical\" href=\"https:\/\/leonore-mau.de\/produkt\/touristen\/\" \/>\n<meta property=\"og:locale\" content=\"en_US\" \/>\n<meta property=\"og:type\" content=\"article\" \/>\n<meta property=\"og:title\" content=\"Touristen - Leonore Mau\" \/>\n<meta property=\"og:description\" content=\"Wei\u00dfer Mann in Badehose sitzend in einem Liegestuhl. Neben ihm stehend ein junges Schwarzes M\u00e4dchen im Kleid. Um sie herum finden Verk\u00e4ufe an Touristen statt. Referenz: Hubert Fichte und Leonore Mau, Petersilie, S. Fischer Verlag GmbH, 1980\" \/>\n<meta property=\"og:url\" content=\"https:\/\/leonore-mau.de\/produkt\/touristen\/\" \/>\n<meta property=\"og:site_name\" content=\"Leonore Mau\" \/>\n<meta property=\"article:modified_time\" content=\"2022-09-13T21:09:39+00:00\" \/>\n<meta property=\"og:image\" content=\"https:\/\/leonore-mau.de\/wp-content\/uploads\/2022\/07\/70248466.jpg\" \/>\n\t<meta property=\"og:image:width\" content=\"840\" \/>\n\t<meta property=\"og:image:height\" content=\"1200\" \/>\n\t<meta property=\"og:image:type\" content=\"image\/jpeg\" \/>\n<meta name=\"twitter:card\" content=\"summary_large_image\" \/>\n<script type=\"application\/ld+json\" class=\"yoast-schema-graph\">{\"@context\":\"https:\\\/\\\/schema.org\",\"@graph\":[{\"@type\":\"WebPage\",\"@id\":\"https:\\\/\\\/leonore-mau.de\\\/produkt\\\/touristen\\\/\",\"url\":\"https:\\\/\\\/leonore-mau.de\\\/produkt\\\/touristen\\\/\",\"name\":\"Touristen - Leonore Mau\",\"isPartOf\":{\"@id\":\"https:\\\/\\\/leonore-mau.de\\\/#website\"},\"primaryImageOfPage\":{\"@id\":\"https:\\\/\\\/leonore-mau.de\\\/produkt\\\/touristen\\\/#primaryimage\"},\"image\":{\"@id\":\"https:\\\/\\\/leonore-mau.de\\\/produkt\\\/touristen\\\/#primaryimage\"},\"thumbnailUrl\":\"https:\\\/\\\/leonore-mau.de\\\/wp-content\\\/uploads\\\/2022\\\/07\\\/70248466.jpg\",\"datePublished\":\"2022-07-11T13:16:16+00:00\",\"dateModified\":\"2022-09-13T21:09:39+00:00\",\"breadcrumb\":{\"@id\":\"https:\\\/\\\/leonore-mau.de\\\/produkt\\\/touristen\\\/#breadcrumb\"},\"inLanguage\":\"en-US\",\"potentialAction\":[{\"@type\":\"ReadAction\",\"target\":[\"https:\\\/\\\/leonore-mau.de\\\/produkt\\\/touristen\\\/\"]}]},{\"@type\":\"ImageObject\",\"inLanguage\":\"en-US\",\"@id\":\"https:\\\/\\\/leonore-mau.de\\\/produkt\\\/touristen\\\/#primaryimage\",\"url\":\"https:\\\/\\\/leonore-mau.de\\\/wp-content\\\/uploads\\\/2022\\\/07\\\/70248466.jpg\",\"contentUrl\":\"https:\\\/\\\/leonore-mau.de\\\/wp-content\\\/uploads\\\/2022\\\/07\\\/70248466.jpg\",\"width\":840,\"height\":1200,\"caption\":\"Wei\u00dfer Mann in Badehose sitzend in einem Liegestuhl. Neben ihm stehend ein junges Schwarzes M\u00e4dchen im Kleid. Um sie herum finden Verk\u00e4ufe an Touristen statt. Referenz: Hubert Fichte und Leonore Mau, Petersilie, S. Fischer Verlag GmbH, 1980 Aufnahmedatum: 1979 Material\\\/Technik: Foto \\\/ Farbdia Bildformat (Foto): Kleinbild Aufnahmeort: Grenada Inventar-Nr.: LM-506565\"},{\"@type\":\"BreadcrumbList\",\"@id\":\"https:\\\/\\\/leonore-mau.de\\\/produkt\\\/touristen\\\/#breadcrumb\",\"itemListElement\":[{\"@type\":\"ListItem\",\"position\":1,\"name\":\"Startseite\",\"item\":\"https:\\\/\\\/leonore-mau.de\\\/en\\\/\"},{\"@type\":\"ListItem\",\"position\":2,\"name\":\"Shop\",\"item\":\"https:\\\/\\\/leonore-mau.de\\\/en\\\/shop-2\\\/\"},{\"@type\":\"ListItem\",\"position\":3,\"name\":\"Touristen\"}]},{\"@type\":\"WebSite\",\"@id\":\"https:\\\/\\\/leonore-mau.de\\\/#website\",\"url\":\"https:\\\/\\\/leonore-mau.de\\\/\",\"name\":\"Leonore Mau\",\"description\":\"Fotografin\",\"potentialAction\":[{\"@type\":\"SearchAction\",\"target\":{\"@type\":\"EntryPoint\",\"urlTemplate\":\"https:\\\/\\\/leonore-mau.de\\\/?s={search_term_string}\"},\"query-input\":{\"@type\":\"PropertyValueSpecification\",\"valueRequired\":true,\"valueName\":\"search_term_string\"}}],\"inLanguage\":\"en-US\"}]}<\/script>\n<!-- \/ Yoast SEO plugin. -->","yoast_head_json":{"title":"Touristen - Leonore Mau","robots":{"index":"index","follow":"follow","max-snippet":"max-snippet:-1","max-image-preview":"max-image-preview:large","max-video-preview":"max-video-preview:-1"},"canonical":"https:\/\/leonore-mau.de\/produkt\/touristen\/","og_locale":"en_US","og_type":"article","og_title":"Touristen - Leonore Mau","og_description":"Wei\u00dfer Mann in Badehose sitzend in einem Liegestuhl. Neben ihm stehend ein junges Schwarzes M\u00e4dchen im Kleid. Um sie herum finden Verk\u00e4ufe an Touristen statt. Referenz: Hubert Fichte und Leonore Mau, Petersilie, S. Fischer Verlag GmbH, 1980","og_url":"https:\/\/leonore-mau.de\/produkt\/touristen\/","og_site_name":"Leonore Mau","article_modified_time":"2022-09-13T21:09:39+00:00","og_image":[{"width":840,"height":1200,"url":"https:\/\/leonore-mau.de\/wp-content\/uploads\/2022\/07\/70248466.jpg","type":"image\/jpeg"}],"twitter_card":"summary_large_image","schema":{"@context":"https:\/\/schema.org","@graph":[{"@type":"WebPage","@id":"https:\/\/leonore-mau.de\/produkt\/touristen\/","url":"https:\/\/leonore-mau.de\/produkt\/touristen\/","name":"Touristen - Leonore Mau","isPartOf":{"@id":"https:\/\/leonore-mau.de\/#website"},"primaryImageOfPage":{"@id":"https:\/\/leonore-mau.de\/produkt\/touristen\/#primaryimage"},"image":{"@id":"https:\/\/leonore-mau.de\/produkt\/touristen\/#primaryimage"},"thumbnailUrl":"https:\/\/leonore-mau.de\/wp-content\/uploads\/2022\/07\/70248466.jpg","datePublished":"2022-07-11T13:16:16+00:00","dateModified":"2022-09-13T21:09:39+00:00","breadcrumb":{"@id":"https:\/\/leonore-mau.de\/produkt\/touristen\/#breadcrumb"},"inLanguage":"en-US","potentialAction":[{"@type":"ReadAction","target":["https:\/\/leonore-mau.de\/produkt\/touristen\/"]}]},{"@type":"ImageObject","inLanguage":"en-US","@id":"https:\/\/leonore-mau.de\/produkt\/touristen\/#primaryimage","url":"https:\/\/leonore-mau.de\/wp-content\/uploads\/2022\/07\/70248466.jpg","contentUrl":"https:\/\/leonore-mau.de\/wp-content\/uploads\/2022\/07\/70248466.jpg","width":840,"height":1200,"caption":"Wei\u00dfer Mann in Badehose sitzend in einem Liegestuhl. Neben ihm stehend ein junges Schwarzes M\u00e4dchen im Kleid. Um sie herum finden Verk\u00e4ufe an Touristen statt. Referenz: Hubert Fichte und Leonore Mau, Petersilie, S. Fischer Verlag GmbH, 1980 Aufnahmedatum: 1979 Material\/Technik: Foto \/ Farbdia Bildformat (Foto): Kleinbild Aufnahmeort: Grenada Inventar-Nr.: LM-506565"},{"@type":"BreadcrumbList","@id":"https:\/\/leonore-mau.de\/produkt\/touristen\/#breadcrumb","itemListElement":[{"@type":"ListItem","position":1,"name":"Startseite","item":"https:\/\/leonore-mau.de\/en\/"},{"@type":"ListItem","position":2,"name":"Shop","item":"https:\/\/leonore-mau.de\/en\/shop-2\/"},{"@type":"ListItem","position":3,"name":"Touristen"}]},{"@type":"WebSite","@id":"https:\/\/leonore-mau.de\/#website","url":"https:\/\/leonore-mau.de\/","name":"Leonore Mau","description":"Fotografin","potentialAction":[{"@type":"SearchAction","target":{"@type":"EntryPoint","urlTemplate":"https:\/\/leonore-mau.de\/?s={search_term_string}"},"query-input":{"@type":"PropertyValueSpecification","valueRequired":true,"valueName":"search_term_string"}}],"inLanguage":"en-US"}]}},"_links":{"self":[{"href":"https:\/\/leonore-mau.de\/en\/wp-json\/wp\/v2\/product\/921","targetHints":{"allow":["GET"]}}],"collection":[{"href":"https:\/\/leonore-mau.de\/en\/wp-json\/wp\/v2\/product"}],"about":[{"href":"https:\/\/leonore-mau.de\/en\/wp-json\/wp\/v2\/types\/product"}],"wp:featuredmedia":[{"embeddable":true,"href":"https:\/\/leonore-mau.de\/en\/wp-json\/wp\/v2\/media\/369"}],"wp:attachment":[{"href":"https:\/\/leonore-mau.de\/en\/wp-json\/wp\/v2\/media?parent=921"}],"wp:term":[{"taxonomy":"product_brand","embeddable":true,"href":"https:\/\/leonore-mau.de\/en\/wp-json\/wp\/v2\/product_brand?post=921"},{"taxonomy":"product_cat","embeddable":true,"href":"https:\/\/leonore-mau.de\/en\/wp-json\/wp\/v2\/product_cat?post=921"},{"taxonomy":"product_tag","embeddable":true,"href":"https:\/\/leonore-mau.de\/en\/wp-json\/wp\/v2\/product_tag?post=921"}],"curies":[{"name":"wp","href":"https:\/\/api.w.org\/{rel}","templated":true}]}}