{"id":931,"date":"2022-07-11T15:16:18","date_gmt":"2022-07-11T13:16:18","guid":{"rendered":"https:\/\/leonore-mau.de\/produkt\/ohne-titel-hochhaus-in-caracas\/"},"modified":"2022-09-13T23:09:48","modified_gmt":"2022-09-13T21:09:48","slug":"ohne-titel-hochhaus-in-caracas","status":"publish","type":"product","link":"https:\/\/leonore-mau.de\/en\/produkt\/ohne-titel-hochhaus-in-caracas\/","title":{"rendered":"Ohne Titel (Hochhaus in Caracas)"},"content":{"rendered":"<p>&#8220;Halb Caracas besteht aus Elendssiedlungen. Gelegentlich werden die H\u00fctten abgerissen und die Bev\u00f6lkerung &#8211; zwangsweise &#8211; in Hochh\u00e4user einquartiert.&#8221; Referenz: Hubert Fichte und Leonore Mau, Petersilie, S. Fischer Verlag GmbH, 1980<\/p>\n","protected":false},"excerpt":{"rendered":"<p>&#8220;Halb Caracas besteht aus Elendssiedlungen. Gelegentlich werden die H\u00fctten abgerissen und die Bev\u00f6lkerung &#8211; zwangsweise &#8211; in Hochh\u00e4user einquartiert.&#8221; Referenz: Hubert Fichte und Leonore Mau, Petersilie, S. Fischer Verlag GmbH, 1980<\/p>\n","protected":false},"featured_media":379,"template":"","meta":[],"product_brand":[],"product_cat":[4433,17],"product_tag":[78,642,22,24,21,23,80,250,294,295,1640,1641,297,298,300,301,84,171,172,302,303,304,36,37,39,40,41,42,43,44,308,871,872,87,88,123,124,125,126,127,128,129,130,961,962,963,1050,70,71,95,310,311,312,313,163,164,1084,1642,1643,75,76,77,1039],"class_list":{"0":"post-931","1":"product","2":"type-product","3":"status-publish","4":"has-post-thumbnail","6":"product_cat-prekaere-verhaeltnisse","7":"product_cat-unkategorisiert","8":"product_tag-1970er-jahre","9":"product_tag-2-3-1_prekaere-verhaeltnisse","10":"product_tag-20-jahrhundert-nach-chr","11":"product_tag-20-jh-n-chr","12":"product_tag-20-jahrhundert","13":"product_tag-20-jh","14":"product_tag-70er","15":"product_tag-architektur","16":"product_tag-architekturaufnahme","17":"product_tag-architekturaufnahmen","18":"product_tag-architekturdarstellung","19":"product_tag-architekturdarstellungen","20":"product_tag-architekturfotografie","21":"product_tag-architekturfotografien","22":"product_tag-architekturphotographie","23":"product_tag-architekturphotographien","24":"product_tag-ausland","25":"product_tag-aussenaufnahme","26":"product_tag-aussenaufnahmen","27":"product_tag-bauten","28":"product_tag-bauwerk","29":"product_tag-bauwerke","30":"product_tag-farbaufnahme","31":"product_tag-farbaufnahmen","32":"product_tag-farbfoto","33":"product_tag-farbfotografie","34":"product_tag-farbphoto","35":"product_tag-farbphotographie","36":"product_tag-fotografin","37":"product_tag-fotografinnen","38":"product_tag-gebaeude","39":"product_tag-gebaeudeansicht","40":"product_tag-gebaeudeansichten","41":"product_tag-grossstadt","42":"product_tag-grossstaedte","43":"product_tag-haeuserwand","44":"product_tag-haeuserwaende","45":"product_tag-haeuserwaenden","46":"product_tag-hausfassade","47":"product_tag-hausfassaden","48":"product_tag-hauswand","49":"product_tag-hauswaende","50":"product_tag-hauswaenden","51":"product_tag-hochhaus","52":"product_tag-hochhaeuser","53":"product_tag-hochhauses","54":"product_tag-petersilie","55":"product_tag-photographin","56":"product_tag-photographinnen","57":"product_tag-siebziger","58":"product_tag-strassenlampe","59":"product_tag-strassenlampen","60":"product_tag-strassenlaterne","61":"product_tag-strassenlaternen","62":"product_tag-suedamerika","63":"product_tag-suedamerikas","64":"product_tag-venezuela","65":"product_tag-waesche","66":"product_tag-wohnen","67":"product_tag-wohngebaeude","68":"product_tag-wohnhaus","69":"product_tag-wohnhaeuser","70":"product_tag-zeremonien","72":"first","73":"instock","74":"shipping-taxable","75":"product-type-simple"},"yoast_head":"<!-- This site is optimized with the Yoast SEO plugin v27.3 - https:\/\/yoast.com\/product\/yoast-seo-wordpress\/ -->\n<title>Ohne Titel (Hochhaus in Caracas) - Leonore Mau<\/title>\n<meta name=\"robots\" content=\"index, follow, max-snippet:-1, max-image-preview:large, max-video-preview:-1\" \/>\n<link rel=\"canonical\" href=\"https:\/\/leonore-mau.de\/produkt\/ohne-titel-hochhaus-in-caracas\/\" \/>\n<meta property=\"og:locale\" content=\"en_US\" \/>\n<meta property=\"og:type\" content=\"article\" \/>\n<meta property=\"og:title\" content=\"Ohne Titel (Hochhaus in Caracas) - Leonore Mau\" \/>\n<meta property=\"og:description\" content=\"&#8220;Halb Caracas besteht aus Elendssiedlungen. Gelegentlich werden die H\u00fctten abgerissen und die Bev\u00f6lkerung &#8211; zwangsweise &#8211; in Hochh\u00e4user einquartiert.&#8221; Referenz: Hubert Fichte und Leonore Mau, Petersilie, S. Fischer Verlag GmbH, 1980\" \/>\n<meta property=\"og:url\" content=\"https:\/\/leonore-mau.de\/produkt\/ohne-titel-hochhaus-in-caracas\/\" \/>\n<meta property=\"og:site_name\" content=\"Leonore Mau\" \/>\n<meta property=\"article:modified_time\" content=\"2022-09-13T21:09:48+00:00\" \/>\n<meta property=\"og:image\" content=\"https:\/\/leonore-mau.de\/wp-content\/uploads\/2022\/07\/70248486.jpg\" \/>\n\t<meta property=\"og:image:width\" content=\"824\" \/>\n\t<meta property=\"og:image:height\" content=\"1200\" \/>\n\t<meta property=\"og:image:type\" content=\"image\/jpeg\" \/>\n<meta name=\"twitter:card\" content=\"summary_large_image\" \/>\n<script type=\"application\/ld+json\" class=\"yoast-schema-graph\">{\"@context\":\"https:\\\/\\\/schema.org\",\"@graph\":[{\"@type\":\"WebPage\",\"@id\":\"https:\\\/\\\/leonore-mau.de\\\/produkt\\\/ohne-titel-hochhaus-in-caracas\\\/\",\"url\":\"https:\\\/\\\/leonore-mau.de\\\/produkt\\\/ohne-titel-hochhaus-in-caracas\\\/\",\"name\":\"Ohne Titel (Hochhaus in Caracas) - Leonore Mau\",\"isPartOf\":{\"@id\":\"https:\\\/\\\/leonore-mau.de\\\/#website\"},\"primaryImageOfPage\":{\"@id\":\"https:\\\/\\\/leonore-mau.de\\\/produkt\\\/ohne-titel-hochhaus-in-caracas\\\/#primaryimage\"},\"image\":{\"@id\":\"https:\\\/\\\/leonore-mau.de\\\/produkt\\\/ohne-titel-hochhaus-in-caracas\\\/#primaryimage\"},\"thumbnailUrl\":\"https:\\\/\\\/leonore-mau.de\\\/wp-content\\\/uploads\\\/2022\\\/07\\\/70248486.jpg\",\"datePublished\":\"2022-07-11T13:16:18+00:00\",\"dateModified\":\"2022-09-13T21:09:48+00:00\",\"breadcrumb\":{\"@id\":\"https:\\\/\\\/leonore-mau.de\\\/produkt\\\/ohne-titel-hochhaus-in-caracas\\\/#breadcrumb\"},\"inLanguage\":\"en-US\",\"potentialAction\":[{\"@type\":\"ReadAction\",\"target\":[\"https:\\\/\\\/leonore-mau.de\\\/produkt\\\/ohne-titel-hochhaus-in-caracas\\\/\"]}]},{\"@type\":\"ImageObject\",\"inLanguage\":\"en-US\",\"@id\":\"https:\\\/\\\/leonore-mau.de\\\/produkt\\\/ohne-titel-hochhaus-in-caracas\\\/#primaryimage\",\"url\":\"https:\\\/\\\/leonore-mau.de\\\/wp-content\\\/uploads\\\/2022\\\/07\\\/70248486.jpg\",\"contentUrl\":\"https:\\\/\\\/leonore-mau.de\\\/wp-content\\\/uploads\\\/2022\\\/07\\\/70248486.jpg\",\"width\":824,\"height\":1200,\"caption\":\"\\\"Halb Caracas besteht aus Elendssiedlungen. Gelegentlich werden die H\u00fctten abgerissen und die Bev\u00f6lkerung - zwangsweise - in Hochh\u00e4user einquartiert.\\\" Referenz: Hubert Fichte und Leonore Mau, Petersilie, S. Fischer Verlag GmbH, 1980 Aufnahmedatum: 1977 Material\\\/Technik: Foto \\\/ Farbdia Bildformat (Foto): Kleinbild Aufnahmeort: Caracas Inventar-Nr.: LM-506553\"},{\"@type\":\"BreadcrumbList\",\"@id\":\"https:\\\/\\\/leonore-mau.de\\\/produkt\\\/ohne-titel-hochhaus-in-caracas\\\/#breadcrumb\",\"itemListElement\":[{\"@type\":\"ListItem\",\"position\":1,\"name\":\"Startseite\",\"item\":\"https:\\\/\\\/leonore-mau.de\\\/en\\\/\"},{\"@type\":\"ListItem\",\"position\":2,\"name\":\"Shop\",\"item\":\"https:\\\/\\\/leonore-mau.de\\\/en\\\/shop-2\\\/\"},{\"@type\":\"ListItem\",\"position\":3,\"name\":\"Ohne Titel (Hochhaus in Caracas)\"}]},{\"@type\":\"WebSite\",\"@id\":\"https:\\\/\\\/leonore-mau.de\\\/#website\",\"url\":\"https:\\\/\\\/leonore-mau.de\\\/\",\"name\":\"Leonore Mau\",\"description\":\"Fotografin\",\"potentialAction\":[{\"@type\":\"SearchAction\",\"target\":{\"@type\":\"EntryPoint\",\"urlTemplate\":\"https:\\\/\\\/leonore-mau.de\\\/?s={search_term_string}\"},\"query-input\":{\"@type\":\"PropertyValueSpecification\",\"valueRequired\":true,\"valueName\":\"search_term_string\"}}],\"inLanguage\":\"en-US\"}]}<\/script>\n<!-- \/ Yoast SEO plugin. -->","yoast_head_json":{"title":"Ohne Titel (Hochhaus in Caracas) - Leonore Mau","robots":{"index":"index","follow":"follow","max-snippet":"max-snippet:-1","max-image-preview":"max-image-preview:large","max-video-preview":"max-video-preview:-1"},"canonical":"https:\/\/leonore-mau.de\/produkt\/ohne-titel-hochhaus-in-caracas\/","og_locale":"en_US","og_type":"article","og_title":"Ohne Titel (Hochhaus in Caracas) - Leonore Mau","og_description":"&#8220;Halb Caracas besteht aus Elendssiedlungen. Gelegentlich werden die H\u00fctten abgerissen und die Bev\u00f6lkerung &#8211; zwangsweise &#8211; in Hochh\u00e4user einquartiert.&#8221; Referenz: Hubert Fichte und Leonore Mau, Petersilie, S. Fischer Verlag GmbH, 1980","og_url":"https:\/\/leonore-mau.de\/produkt\/ohne-titel-hochhaus-in-caracas\/","og_site_name":"Leonore Mau","article_modified_time":"2022-09-13T21:09:48+00:00","og_image":[{"width":824,"height":1200,"url":"https:\/\/leonore-mau.de\/wp-content\/uploads\/2022\/07\/70248486.jpg","type":"image\/jpeg"}],"twitter_card":"summary_large_image","schema":{"@context":"https:\/\/schema.org","@graph":[{"@type":"WebPage","@id":"https:\/\/leonore-mau.de\/produkt\/ohne-titel-hochhaus-in-caracas\/","url":"https:\/\/leonore-mau.de\/produkt\/ohne-titel-hochhaus-in-caracas\/","name":"Ohne Titel (Hochhaus in Caracas) - Leonore Mau","isPartOf":{"@id":"https:\/\/leonore-mau.de\/#website"},"primaryImageOfPage":{"@id":"https:\/\/leonore-mau.de\/produkt\/ohne-titel-hochhaus-in-caracas\/#primaryimage"},"image":{"@id":"https:\/\/leonore-mau.de\/produkt\/ohne-titel-hochhaus-in-caracas\/#primaryimage"},"thumbnailUrl":"https:\/\/leonore-mau.de\/wp-content\/uploads\/2022\/07\/70248486.jpg","datePublished":"2022-07-11T13:16:18+00:00","dateModified":"2022-09-13T21:09:48+00:00","breadcrumb":{"@id":"https:\/\/leonore-mau.de\/produkt\/ohne-titel-hochhaus-in-caracas\/#breadcrumb"},"inLanguage":"en-US","potentialAction":[{"@type":"ReadAction","target":["https:\/\/leonore-mau.de\/produkt\/ohne-titel-hochhaus-in-caracas\/"]}]},{"@type":"ImageObject","inLanguage":"en-US","@id":"https:\/\/leonore-mau.de\/produkt\/ohne-titel-hochhaus-in-caracas\/#primaryimage","url":"https:\/\/leonore-mau.de\/wp-content\/uploads\/2022\/07\/70248486.jpg","contentUrl":"https:\/\/leonore-mau.de\/wp-content\/uploads\/2022\/07\/70248486.jpg","width":824,"height":1200,"caption":"\"Halb Caracas besteht aus Elendssiedlungen. Gelegentlich werden die H\u00fctten abgerissen und die Bev\u00f6lkerung - zwangsweise - in Hochh\u00e4user einquartiert.\" Referenz: Hubert Fichte und Leonore Mau, Petersilie, S. Fischer Verlag GmbH, 1980 Aufnahmedatum: 1977 Material\/Technik: Foto \/ Farbdia Bildformat (Foto): Kleinbild Aufnahmeort: Caracas Inventar-Nr.: LM-506553"},{"@type":"BreadcrumbList","@id":"https:\/\/leonore-mau.de\/produkt\/ohne-titel-hochhaus-in-caracas\/#breadcrumb","itemListElement":[{"@type":"ListItem","position":1,"name":"Startseite","item":"https:\/\/leonore-mau.de\/en\/"},{"@type":"ListItem","position":2,"name":"Shop","item":"https:\/\/leonore-mau.de\/en\/shop-2\/"},{"@type":"ListItem","position":3,"name":"Ohne Titel (Hochhaus in Caracas)"}]},{"@type":"WebSite","@id":"https:\/\/leonore-mau.de\/#website","url":"https:\/\/leonore-mau.de\/","name":"Leonore Mau","description":"Fotografin","potentialAction":[{"@type":"SearchAction","target":{"@type":"EntryPoint","urlTemplate":"https:\/\/leonore-mau.de\/?s={search_term_string}"},"query-input":{"@type":"PropertyValueSpecification","valueRequired":true,"valueName":"search_term_string"}}],"inLanguage":"en-US"}]}},"_links":{"self":[{"href":"https:\/\/leonore-mau.de\/en\/wp-json\/wp\/v2\/product\/931","targetHints":{"allow":["GET"]}}],"collection":[{"href":"https:\/\/leonore-mau.de\/en\/wp-json\/wp\/v2\/product"}],"about":[{"href":"https:\/\/leonore-mau.de\/en\/wp-json\/wp\/v2\/types\/product"}],"wp:featuredmedia":[{"embeddable":true,"href":"https:\/\/leonore-mau.de\/en\/wp-json\/wp\/v2\/media\/379"}],"wp:attachment":[{"href":"https:\/\/leonore-mau.de\/en\/wp-json\/wp\/v2\/media?parent=931"}],"wp:term":[{"taxonomy":"product_brand","embeddable":true,"href":"https:\/\/leonore-mau.de\/en\/wp-json\/wp\/v2\/product_brand?post=931"},{"taxonomy":"product_cat","embeddable":true,"href":"https:\/\/leonore-mau.de\/en\/wp-json\/wp\/v2\/product_cat?post=931"},{"taxonomy":"product_tag","embeddable":true,"href":"https:\/\/leonore-mau.de\/en\/wp-json\/wp\/v2\/product_tag?post=931"}],"curies":[{"name":"wp","href":"https:\/\/api.w.org\/{rel}","templated":true}]}}