{"id":932,"date":"2022-07-11T15:16:18","date_gmt":"2022-07-11T13:16:18","guid":{"rendered":"https:\/\/leonore-mau.de\/produkt\/ohne-titel-das-zauberschiff-eines-andenkenhndlers\/"},"modified":"2022-09-13T23:09:48","modified_gmt":"2022-09-13T21:09:48","slug":"ohne-titel-das-zauberschiff-eines-andenkenhndlers","status":"publish","type":"product","link":"https:\/\/leonore-mau.de\/en\/produkt\/ohne-titel-das-zauberschiff-eines-andenkenhndlers\/","title":{"rendered":"Ohne Titel (Das Zauberschiff eines Andenkenh\u00e4ndlers)"},"content":{"rendered":"<p>Junger Mann mit wei\u00dfem Hut stehend neben einem Boot voller Korallen und Meereslebewesen. &#8220;Ein Andenkenh\u00e4ndler in Boca Chica hat f\u00fcr die Touristen ein Zauberschiff konstruiert. Magische Schiffsladungen f\u00fcr die G\u00f6tter des Meeres gibt es in vielen afrikanischen Religionen. [&#8230;]&#8221; Referenz: Hubert Fichte und Leonore Mau, Petersilie, S. Fischer Verlag GmbH, 1980<\/p>\n","protected":false},"excerpt":{"rendered":"<p>Junger Mann mit wei\u00dfem Hut stehend neben einem Boot voller Korallen und Meereslebewesen. &#8220;Ein Andenkenh\u00e4ndler in Boca Chica hat f\u00fcr die Touristen ein Zauberschiff konstruiert. Magische Schiffsladungen f\u00fcr die G\u00f6tter des Meeres gibt es in vielen afrikanischen Religionen. [&#8230;]&#8221; Referenz: Hubert Fichte und Leonore Mau, Petersilie, S. Fischer Verlag GmbH, 1980<\/p>\n","protected":false},"featured_media":380,"template":"","meta":[],"product_brand":[],"product_cat":[4430,17],"product_tag":[78,170,22,24,21,23,80,84,171,172,200,307,1644,36,37,39,40,41,42,43,44,241,1645,206,188,1646,1647,486,190,1648,1649,1650,1050,70,71,1651,1652,1653,95,996,997,998,999,1000,1001,1654,1588,1438],"class_list":{"0":"post-932","1":"product","2":"type-product","3":"status-publish","4":"has-post-thumbnail","6":"product_cat-markt-hafen-und-meer","7":"product_cat-unkategorisiert","8":"product_tag-1970er-jahre","9":"product_tag-2-1_markt-hafen-und-meer","10":"product_tag-20-jahrhundert-nach-chr","11":"product_tag-20-jh-n-chr","12":"product_tag-20-jahrhundert","13":"product_tag-20-jh","14":"product_tag-70er","15":"product_tag-ausland","16":"product_tag-aussenaufnahme","17":"product_tag-aussenaufnahmen","18":"product_tag-boot","19":"product_tag-dominikanische-republik","20":"product_tag-einzelhaendler","21":"product_tag-farbaufnahme","22":"product_tag-farbaufnahmen","23":"product_tag-farbfoto","24":"product_tag-farbfotografie","25":"product_tag-farbphoto","26":"product_tag-farbphotographie","27":"product_tag-fotografin","28":"product_tag-fotografinnen","29":"product_tag-hut","30":"product_tag-igelfisch","31":"product_tag-karibik","32":"product_tag-kopfbedeckung","33":"product_tag-koralle","34":"product_tag-korallen","35":"product_tag-mann","36":"product_tag-meer","37":"product_tag-meerestier","38":"product_tag-meerestiere","39":"product_tag-meerestieres","40":"product_tag-petersilie","41":"product_tag-photographin","42":"product_tag-photographinnen","43":"product_tag-seestern","44":"product_tag-seesterne","45":"product_tag-seesterns","46":"product_tag-siebziger","47":"product_tag-stehen","48":"product_tag-stehend","49":"product_tag-stehende","50":"product_tag-stehenden","51":"product_tag-stehender","52":"product_tag-stehendes","53":"product_tag-tiere","54":"product_tag-verkauf","55":"product_tag-wasser","57":"first","58":"instock","59":"shipping-taxable","60":"product-type-simple"},"yoast_head":"<!-- This site is optimized with the Yoast SEO plugin v27.3 - https:\/\/yoast.com\/product\/yoast-seo-wordpress\/ -->\n<title>Ohne Titel (Das Zauberschiff eines Andenkenh\u00e4ndlers) - Leonore Mau<\/title>\n<meta name=\"robots\" content=\"index, follow, max-snippet:-1, max-image-preview:large, max-video-preview:-1\" \/>\n<link rel=\"canonical\" href=\"https:\/\/leonore-mau.de\/produkt\/ohne-titel-das-zauberschiff-eines-andenkenhndlers\/\" \/>\n<meta property=\"og:locale\" content=\"en_US\" \/>\n<meta property=\"og:type\" content=\"article\" \/>\n<meta property=\"og:title\" content=\"Ohne Titel (Das Zauberschiff eines Andenkenh\u00e4ndlers) - Leonore Mau\" \/>\n<meta property=\"og:description\" content=\"Junger Mann mit wei\u00dfem Hut stehend neben einem Boot voller Korallen und Meereslebewesen. &#8220;Ein Andenkenh\u00e4ndler in Boca Chica hat f\u00fcr die Touristen ein Zauberschiff konstruiert. Magische Schiffsladungen f\u00fcr die G\u00f6tter des Meeres gibt es in vielen afrikanischen Religionen. [&#8230;]&#8221; Referenz: Hubert Fichte und Leonore Mau, Petersilie, S. Fischer Verlag GmbH, 1980\" \/>\n<meta property=\"og:url\" content=\"https:\/\/leonore-mau.de\/produkt\/ohne-titel-das-zauberschiff-eines-andenkenhndlers\/\" \/>\n<meta property=\"og:site_name\" content=\"Leonore Mau\" \/>\n<meta property=\"article:modified_time\" content=\"2022-09-13T21:09:48+00:00\" \/>\n<meta property=\"og:image\" content=\"https:\/\/leonore-mau.de\/wp-content\/uploads\/2022\/07\/70248488.jpg\" \/>\n\t<meta property=\"og:image:width\" content=\"1200\" \/>\n\t<meta property=\"og:image:height\" content=\"1159\" \/>\n\t<meta property=\"og:image:type\" content=\"image\/jpeg\" \/>\n<meta name=\"twitter:card\" content=\"summary_large_image\" \/>\n<script type=\"application\/ld+json\" class=\"yoast-schema-graph\">{\"@context\":\"https:\\\/\\\/schema.org\",\"@graph\":[{\"@type\":\"WebPage\",\"@id\":\"https:\\\/\\\/leonore-mau.de\\\/produkt\\\/ohne-titel-das-zauberschiff-eines-andenkenhndlers\\\/\",\"url\":\"https:\\\/\\\/leonore-mau.de\\\/produkt\\\/ohne-titel-das-zauberschiff-eines-andenkenhndlers\\\/\",\"name\":\"Ohne Titel (Das Zauberschiff eines Andenkenh\u00e4ndlers) - Leonore Mau\",\"isPartOf\":{\"@id\":\"https:\\\/\\\/leonore-mau.de\\\/#website\"},\"primaryImageOfPage\":{\"@id\":\"https:\\\/\\\/leonore-mau.de\\\/produkt\\\/ohne-titel-das-zauberschiff-eines-andenkenhndlers\\\/#primaryimage\"},\"image\":{\"@id\":\"https:\\\/\\\/leonore-mau.de\\\/produkt\\\/ohne-titel-das-zauberschiff-eines-andenkenhndlers\\\/#primaryimage\"},\"thumbnailUrl\":\"https:\\\/\\\/leonore-mau.de\\\/wp-content\\\/uploads\\\/2022\\\/07\\\/70248488.jpg\",\"datePublished\":\"2022-07-11T13:16:18+00:00\",\"dateModified\":\"2022-09-13T21:09:48+00:00\",\"breadcrumb\":{\"@id\":\"https:\\\/\\\/leonore-mau.de\\\/produkt\\\/ohne-titel-das-zauberschiff-eines-andenkenhndlers\\\/#breadcrumb\"},\"inLanguage\":\"en-US\",\"potentialAction\":[{\"@type\":\"ReadAction\",\"target\":[\"https:\\\/\\\/leonore-mau.de\\\/produkt\\\/ohne-titel-das-zauberschiff-eines-andenkenhndlers\\\/\"]}]},{\"@type\":\"ImageObject\",\"inLanguage\":\"en-US\",\"@id\":\"https:\\\/\\\/leonore-mau.de\\\/produkt\\\/ohne-titel-das-zauberschiff-eines-andenkenhndlers\\\/#primaryimage\",\"url\":\"https:\\\/\\\/leonore-mau.de\\\/wp-content\\\/uploads\\\/2022\\\/07\\\/70248488.jpg\",\"contentUrl\":\"https:\\\/\\\/leonore-mau.de\\\/wp-content\\\/uploads\\\/2022\\\/07\\\/70248488.jpg\",\"width\":1200,\"height\":1159,\"caption\":\"Junger Mann mit wei\u00dfem Hut stehend neben einem Boot voller Korallen und Meereslebewesen. \\\"Ein Andenkenh\u00e4ndler in Boca Chica hat f\u00fcr die Touristen ein Zauberschiff konstruiert. Magische Schiffsladungen f\u00fcr die G\u00f6tter des Meeres gibt es in vielen afrikanischen Religionen. [...]\\\" Referenz: Hubert Fichte und Leonore Mau, Petersilie, S. Fischer Verlag GmbH, 1980 Aufnahmedatum: 1974 - 1975 Material\\\/Technik: Foto \\\/ Farbdia Bildformat (Foto): Gro\u00dfformat (6x6) Aufnahmeort: Boca Chica Inventar-Nr.: LM-506594\"},{\"@type\":\"BreadcrumbList\",\"@id\":\"https:\\\/\\\/leonore-mau.de\\\/produkt\\\/ohne-titel-das-zauberschiff-eines-andenkenhndlers\\\/#breadcrumb\",\"itemListElement\":[{\"@type\":\"ListItem\",\"position\":1,\"name\":\"Startseite\",\"item\":\"https:\\\/\\\/leonore-mau.de\\\/en\\\/\"},{\"@type\":\"ListItem\",\"position\":2,\"name\":\"Shop\",\"item\":\"https:\\\/\\\/leonore-mau.de\\\/en\\\/shop-2\\\/\"},{\"@type\":\"ListItem\",\"position\":3,\"name\":\"Ohne Titel (Das Zauberschiff eines Andenkenh\u00e4ndlers)\"}]},{\"@type\":\"WebSite\",\"@id\":\"https:\\\/\\\/leonore-mau.de\\\/#website\",\"url\":\"https:\\\/\\\/leonore-mau.de\\\/\",\"name\":\"Leonore Mau\",\"description\":\"Fotografin\",\"potentialAction\":[{\"@type\":\"SearchAction\",\"target\":{\"@type\":\"EntryPoint\",\"urlTemplate\":\"https:\\\/\\\/leonore-mau.de\\\/?s={search_term_string}\"},\"query-input\":{\"@type\":\"PropertyValueSpecification\",\"valueRequired\":true,\"valueName\":\"search_term_string\"}}],\"inLanguage\":\"en-US\"}]}<\/script>\n<!-- \/ Yoast SEO plugin. -->","yoast_head_json":{"title":"Ohne Titel (Das Zauberschiff eines Andenkenh\u00e4ndlers) - Leonore Mau","robots":{"index":"index","follow":"follow","max-snippet":"max-snippet:-1","max-image-preview":"max-image-preview:large","max-video-preview":"max-video-preview:-1"},"canonical":"https:\/\/leonore-mau.de\/produkt\/ohne-titel-das-zauberschiff-eines-andenkenhndlers\/","og_locale":"en_US","og_type":"article","og_title":"Ohne Titel (Das Zauberschiff eines Andenkenh\u00e4ndlers) - Leonore Mau","og_description":"Junger Mann mit wei\u00dfem Hut stehend neben einem Boot voller Korallen und Meereslebewesen. &#8220;Ein Andenkenh\u00e4ndler in Boca Chica hat f\u00fcr die Touristen ein Zauberschiff konstruiert. Magische Schiffsladungen f\u00fcr die G\u00f6tter des Meeres gibt es in vielen afrikanischen Religionen. [&#8230;]&#8221; Referenz: Hubert Fichte und Leonore Mau, Petersilie, S. Fischer Verlag GmbH, 1980","og_url":"https:\/\/leonore-mau.de\/produkt\/ohne-titel-das-zauberschiff-eines-andenkenhndlers\/","og_site_name":"Leonore Mau","article_modified_time":"2022-09-13T21:09:48+00:00","og_image":[{"width":1200,"height":1159,"url":"https:\/\/leonore-mau.de\/wp-content\/uploads\/2022\/07\/70248488.jpg","type":"image\/jpeg"}],"twitter_card":"summary_large_image","schema":{"@context":"https:\/\/schema.org","@graph":[{"@type":"WebPage","@id":"https:\/\/leonore-mau.de\/produkt\/ohne-titel-das-zauberschiff-eines-andenkenhndlers\/","url":"https:\/\/leonore-mau.de\/produkt\/ohne-titel-das-zauberschiff-eines-andenkenhndlers\/","name":"Ohne Titel (Das Zauberschiff eines Andenkenh\u00e4ndlers) - Leonore Mau","isPartOf":{"@id":"https:\/\/leonore-mau.de\/#website"},"primaryImageOfPage":{"@id":"https:\/\/leonore-mau.de\/produkt\/ohne-titel-das-zauberschiff-eines-andenkenhndlers\/#primaryimage"},"image":{"@id":"https:\/\/leonore-mau.de\/produkt\/ohne-titel-das-zauberschiff-eines-andenkenhndlers\/#primaryimage"},"thumbnailUrl":"https:\/\/leonore-mau.de\/wp-content\/uploads\/2022\/07\/70248488.jpg","datePublished":"2022-07-11T13:16:18+00:00","dateModified":"2022-09-13T21:09:48+00:00","breadcrumb":{"@id":"https:\/\/leonore-mau.de\/produkt\/ohne-titel-das-zauberschiff-eines-andenkenhndlers\/#breadcrumb"},"inLanguage":"en-US","potentialAction":[{"@type":"ReadAction","target":["https:\/\/leonore-mau.de\/produkt\/ohne-titel-das-zauberschiff-eines-andenkenhndlers\/"]}]},{"@type":"ImageObject","inLanguage":"en-US","@id":"https:\/\/leonore-mau.de\/produkt\/ohne-titel-das-zauberschiff-eines-andenkenhndlers\/#primaryimage","url":"https:\/\/leonore-mau.de\/wp-content\/uploads\/2022\/07\/70248488.jpg","contentUrl":"https:\/\/leonore-mau.de\/wp-content\/uploads\/2022\/07\/70248488.jpg","width":1200,"height":1159,"caption":"Junger Mann mit wei\u00dfem Hut stehend neben einem Boot voller Korallen und Meereslebewesen. \"Ein Andenkenh\u00e4ndler in Boca Chica hat f\u00fcr die Touristen ein Zauberschiff konstruiert. Magische Schiffsladungen f\u00fcr die G\u00f6tter des Meeres gibt es in vielen afrikanischen Religionen. [...]\" Referenz: Hubert Fichte und Leonore Mau, Petersilie, S. Fischer Verlag GmbH, 1980 Aufnahmedatum: 1974 - 1975 Material\/Technik: Foto \/ Farbdia Bildformat (Foto): Gro\u00dfformat (6x6) Aufnahmeort: Boca Chica Inventar-Nr.: LM-506594"},{"@type":"BreadcrumbList","@id":"https:\/\/leonore-mau.de\/produkt\/ohne-titel-das-zauberschiff-eines-andenkenhndlers\/#breadcrumb","itemListElement":[{"@type":"ListItem","position":1,"name":"Startseite","item":"https:\/\/leonore-mau.de\/en\/"},{"@type":"ListItem","position":2,"name":"Shop","item":"https:\/\/leonore-mau.de\/en\/shop-2\/"},{"@type":"ListItem","position":3,"name":"Ohne Titel (Das Zauberschiff eines Andenkenh\u00e4ndlers)"}]},{"@type":"WebSite","@id":"https:\/\/leonore-mau.de\/#website","url":"https:\/\/leonore-mau.de\/","name":"Leonore Mau","description":"Fotografin","potentialAction":[{"@type":"SearchAction","target":{"@type":"EntryPoint","urlTemplate":"https:\/\/leonore-mau.de\/?s={search_term_string}"},"query-input":{"@type":"PropertyValueSpecification","valueRequired":true,"valueName":"search_term_string"}}],"inLanguage":"en-US"}]}},"_links":{"self":[{"href":"https:\/\/leonore-mau.de\/en\/wp-json\/wp\/v2\/product\/932","targetHints":{"allow":["GET"]}}],"collection":[{"href":"https:\/\/leonore-mau.de\/en\/wp-json\/wp\/v2\/product"}],"about":[{"href":"https:\/\/leonore-mau.de\/en\/wp-json\/wp\/v2\/types\/product"}],"wp:featuredmedia":[{"embeddable":true,"href":"https:\/\/leonore-mau.de\/en\/wp-json\/wp\/v2\/media\/380"}],"wp:attachment":[{"href":"https:\/\/leonore-mau.de\/en\/wp-json\/wp\/v2\/media?parent=932"}],"wp:term":[{"taxonomy":"product_brand","embeddable":true,"href":"https:\/\/leonore-mau.de\/en\/wp-json\/wp\/v2\/product_brand?post=932"},{"taxonomy":"product_cat","embeddable":true,"href":"https:\/\/leonore-mau.de\/en\/wp-json\/wp\/v2\/product_cat?post=932"},{"taxonomy":"product_tag","embeddable":true,"href":"https:\/\/leonore-mau.de\/en\/wp-json\/wp\/v2\/product_tag?post=932"}],"curies":[{"name":"wp","href":"https:\/\/api.w.org\/{rel}","templated":true}]}}