{"id":936,"date":"2022-07-11T15:16:18","date_gmt":"2022-07-11T13:16:18","guid":{"rendered":"https:\/\/leonore-mau.de\/produkt\/ohne-titel-essenszubereitung-im-psychiatrischen-dorf-von-kenia\/"},"modified":"2026-01-21T09:38:41","modified_gmt":"2026-01-21T08:38:41","slug":"ohne-titel-essenszubereitung-im-psychiatrischen-dorf-von-kenia","status":"publish","type":"product","link":"https:\/\/leonore-mau.de\/en\/produkt\/ohne-titel-essenszubereitung-im-psychiatrischen-dorf-von-kenia\/","title":{"rendered":"Ohne Titel (Essenszubereitung im psychiatrischen Dorf von Kenia)"},"content":{"rendered":"<p>Eine Frau bei der Essenszubereitung im psychiatrischen Dorf von Kenia in Casamance, S\u00fcd-Senegal. Vor ihr eine Feuerstelle mit einem gro\u00dfen Kochtopf, in dem afrikanische Fr\u00fcchte kochen. Referenz: Hubert Fichte und Leonore Mau, Psyche, S. Fischer Verlag GmbH, 2005<\/p>\n","protected":false},"excerpt":{"rendered":"<p>Eine Frau bei der Essenszubereitung im psychiatrischen Dorf von Kenia in Casamance, S\u00fcd-Senegal. Vor ihr eine Feuerstelle mit einem gro\u00dfen Kochtopf, in dem afrikanische Fr\u00fcchte kochen. Referenz: Hubert Fichte und Leonore Mau, Psyche, S. Fischer Verlag GmbH, 2005<\/p>\n","protected":false},"featured_media":0,"template":"","meta":[],"product_brand":[],"product_cat":[4451,17],"product_tag":[78,22,24,21,23,1344,80,939,1109,1110,1111,1112,1113,940,1662,84,1057,1058,1059,908,36,37,39,40,41,42,1663,1664,1665,1666,1667,43,44,354,855,858,1668,1669,1670,1671,1672,1673,70,71,1349,1350,197,1674,1174,1141,95,536,537,538,539,540,541,542,1675,1175,1676,957,958,1677,1678],"class_list":{"0":"post-936","1":"product","2":"type-product","3":"status-publish","5":"product_cat-psychiatrische-doerfer","6":"product_cat-unkategorisiert","7":"product_tag-1970er-jahre","8":"product_tag-20-jahrhundert-nach-chr","9":"product_tag-20-jh-n-chr","10":"product_tag-20-jahrhundert","11":"product_tag-20-jh","12":"product_tag-7-1_psychiatrische-doerfer","13":"product_tag-70er","14":"product_tag-afrika","15":"product_tag-afrikanisch","16":"product_tag-afrikanische","17":"product_tag-afrikanischen","18":"product_tag-afrikanischer","19":"product_tag-afrikanisches","20":"product_tag-afrikas","21":"product_tag-asche","22":"product_tag-ausland","23":"product_tag-boden","24":"product_tag-brauch","25":"product_tag-braeuche","26":"product_tag-essen","27":"product_tag-farbaufnahme","28":"product_tag-farbaufnahmen","29":"product_tag-farbfoto","30":"product_tag-farbfotografie","31":"product_tag-farbphoto","32":"product_tag-farbphotographie","33":"product_tag-feuer","34":"product_tag-feuern","35":"product_tag-feuers","36":"product_tag-feuerstelle","37":"product_tag-feuerstellen","38":"product_tag-fotografin","39":"product_tag-fotografinnen","40":"product_tag-frau","41":"product_tag-holz","42":"product_tag-holzstoecker","43":"product_tag-irrenanstalt","44":"product_tag-irrenhaus","45":"product_tag-kochen","46":"product_tag-kochtopf","47":"product_tag-kochtoepfe","48":"product_tag-narrenhaus","49":"product_tag-photographin","50":"product_tag-photographinnen","51":"product_tag-psyche","52":"product_tag-psychiatrie","53":"product_tag-sand","54":"product_tag-sandboden","55":"product_tag-schuessel","56":"product_tag-senegal","57":"product_tag-siebziger","58":"product_tag-sitzen","59":"product_tag-sitzend","60":"product_tag-sitzende","61":"product_tag-sitzenden","62":"product_tag-sitzender","63":"product_tag-sitzendes","64":"product_tag-sitzt","65":"product_tag-tollhaus","66":"product_tag-topf","67":"product_tag-toepfe","68":"product_tag-westafrika","69":"product_tag-westafrikas","70":"product_tag-zubereiten","71":"product_tag-zubereitung","73":"first","74":"instock","75":"shipping-taxable","76":"product-type-simple"},"yoast_head":"<!-- This site is optimized with the Yoast SEO plugin v27.3 - https:\/\/yoast.com\/product\/yoast-seo-wordpress\/ -->\n<title>Ohne Titel (Essenszubereitung im psychiatrischen Dorf von Kenia) - Leonore Mau<\/title>\n<meta name=\"robots\" content=\"index, follow, max-snippet:-1, max-image-preview:large, max-video-preview:-1\" \/>\n<link rel=\"canonical\" href=\"https:\/\/leonore-mau.de\/produkt\/ohne-titel-essenszubereitung-im-psychiatrischen-dorf-von-kenia\/\" \/>\n<meta property=\"og:locale\" content=\"en_US\" \/>\n<meta property=\"og:type\" content=\"article\" \/>\n<meta property=\"og:title\" content=\"Ohne Titel (Essenszubereitung im psychiatrischen Dorf von Kenia) - Leonore Mau\" \/>\n<meta property=\"og:description\" content=\"Eine Frau bei der Essenszubereitung im psychiatrischen Dorf von Kenia in Casamance, S\u00fcd-Senegal. Vor ihr eine Feuerstelle mit einem gro\u00dfen Kochtopf, in dem afrikanische Fr\u00fcchte kochen. Referenz: Hubert Fichte und Leonore Mau, Psyche, S. Fischer Verlag GmbH, 2005\" \/>\n<meta property=\"og:url\" content=\"https:\/\/leonore-mau.de\/produkt\/ohne-titel-essenszubereitung-im-psychiatrischen-dorf-von-kenia\/\" \/>\n<meta property=\"og:site_name\" content=\"Leonore Mau\" \/>\n<meta property=\"article:modified_time\" content=\"2026-01-21T08:38:41+00:00\" \/>\n<meta name=\"twitter:card\" content=\"summary_large_image\" \/>\n<meta name=\"twitter:label1\" content=\"Est. reading time\" \/>\n\t<meta name=\"twitter:data1\" content=\"1 minute\" \/>\n<script type=\"application\/ld+json\" class=\"yoast-schema-graph\">{\"@context\":\"https:\\\/\\\/schema.org\",\"@graph\":[{\"@type\":\"WebPage\",\"@id\":\"https:\\\/\\\/leonore-mau.de\\\/produkt\\\/ohne-titel-essenszubereitung-im-psychiatrischen-dorf-von-kenia\\\/\",\"url\":\"https:\\\/\\\/leonore-mau.de\\\/produkt\\\/ohne-titel-essenszubereitung-im-psychiatrischen-dorf-von-kenia\\\/\",\"name\":\"Ohne Titel (Essenszubereitung im psychiatrischen Dorf von Kenia) - Leonore Mau\",\"isPartOf\":{\"@id\":\"https:\\\/\\\/leonore-mau.de\\\/#website\"},\"datePublished\":\"2022-07-11T13:16:18+00:00\",\"dateModified\":\"2026-01-21T08:38:41+00:00\",\"breadcrumb\":{\"@id\":\"https:\\\/\\\/leonore-mau.de\\\/produkt\\\/ohne-titel-essenszubereitung-im-psychiatrischen-dorf-von-kenia\\\/#breadcrumb\"},\"inLanguage\":\"en-US\",\"potentialAction\":[{\"@type\":\"ReadAction\",\"target\":[\"https:\\\/\\\/leonore-mau.de\\\/produkt\\\/ohne-titel-essenszubereitung-im-psychiatrischen-dorf-von-kenia\\\/\"]}]},{\"@type\":\"BreadcrumbList\",\"@id\":\"https:\\\/\\\/leonore-mau.de\\\/produkt\\\/ohne-titel-essenszubereitung-im-psychiatrischen-dorf-von-kenia\\\/#breadcrumb\",\"itemListElement\":[{\"@type\":\"ListItem\",\"position\":1,\"name\":\"Startseite\",\"item\":\"https:\\\/\\\/leonore-mau.de\\\/en\\\/\"},{\"@type\":\"ListItem\",\"position\":2,\"name\":\"Shop\",\"item\":\"https:\\\/\\\/leonore-mau.de\\\/en\\\/shop-2\\\/\"},{\"@type\":\"ListItem\",\"position\":3,\"name\":\"Ohne Titel (Essenszubereitung im psychiatrischen Dorf von Kenia)\"}]},{\"@type\":\"WebSite\",\"@id\":\"https:\\\/\\\/leonore-mau.de\\\/#website\",\"url\":\"https:\\\/\\\/leonore-mau.de\\\/\",\"name\":\"Leonore Mau\",\"description\":\"Fotografin\",\"potentialAction\":[{\"@type\":\"SearchAction\",\"target\":{\"@type\":\"EntryPoint\",\"urlTemplate\":\"https:\\\/\\\/leonore-mau.de\\\/?s={search_term_string}\"},\"query-input\":{\"@type\":\"PropertyValueSpecification\",\"valueRequired\":true,\"valueName\":\"search_term_string\"}}],\"inLanguage\":\"en-US\"}]}<\/script>\n<!-- \/ Yoast SEO plugin. -->","yoast_head_json":{"title":"Ohne Titel (Essenszubereitung im psychiatrischen Dorf von Kenia) - Leonore Mau","robots":{"index":"index","follow":"follow","max-snippet":"max-snippet:-1","max-image-preview":"max-image-preview:large","max-video-preview":"max-video-preview:-1"},"canonical":"https:\/\/leonore-mau.de\/produkt\/ohne-titel-essenszubereitung-im-psychiatrischen-dorf-von-kenia\/","og_locale":"en_US","og_type":"article","og_title":"Ohne Titel (Essenszubereitung im psychiatrischen Dorf von Kenia) - Leonore Mau","og_description":"Eine Frau bei der Essenszubereitung im psychiatrischen Dorf von Kenia in Casamance, S\u00fcd-Senegal. Vor ihr eine Feuerstelle mit einem gro\u00dfen Kochtopf, in dem afrikanische Fr\u00fcchte kochen. Referenz: Hubert Fichte und Leonore Mau, Psyche, S. Fischer Verlag GmbH, 2005","og_url":"https:\/\/leonore-mau.de\/produkt\/ohne-titel-essenszubereitung-im-psychiatrischen-dorf-von-kenia\/","og_site_name":"Leonore Mau","article_modified_time":"2026-01-21T08:38:41+00:00","twitter_card":"summary_large_image","twitter_misc":{"Est. reading time":"1 minute"},"schema":{"@context":"https:\/\/schema.org","@graph":[{"@type":"WebPage","@id":"https:\/\/leonore-mau.de\/produkt\/ohne-titel-essenszubereitung-im-psychiatrischen-dorf-von-kenia\/","url":"https:\/\/leonore-mau.de\/produkt\/ohne-titel-essenszubereitung-im-psychiatrischen-dorf-von-kenia\/","name":"Ohne Titel (Essenszubereitung im psychiatrischen Dorf von Kenia) - Leonore Mau","isPartOf":{"@id":"https:\/\/leonore-mau.de\/#website"},"datePublished":"2022-07-11T13:16:18+00:00","dateModified":"2026-01-21T08:38:41+00:00","breadcrumb":{"@id":"https:\/\/leonore-mau.de\/produkt\/ohne-titel-essenszubereitung-im-psychiatrischen-dorf-von-kenia\/#breadcrumb"},"inLanguage":"en-US","potentialAction":[{"@type":"ReadAction","target":["https:\/\/leonore-mau.de\/produkt\/ohne-titel-essenszubereitung-im-psychiatrischen-dorf-von-kenia\/"]}]},{"@type":"BreadcrumbList","@id":"https:\/\/leonore-mau.de\/produkt\/ohne-titel-essenszubereitung-im-psychiatrischen-dorf-von-kenia\/#breadcrumb","itemListElement":[{"@type":"ListItem","position":1,"name":"Startseite","item":"https:\/\/leonore-mau.de\/en\/"},{"@type":"ListItem","position":2,"name":"Shop","item":"https:\/\/leonore-mau.de\/en\/shop-2\/"},{"@type":"ListItem","position":3,"name":"Ohne Titel (Essenszubereitung im psychiatrischen Dorf von Kenia)"}]},{"@type":"WebSite","@id":"https:\/\/leonore-mau.de\/#website","url":"https:\/\/leonore-mau.de\/","name":"Leonore Mau","description":"Fotografin","potentialAction":[{"@type":"SearchAction","target":{"@type":"EntryPoint","urlTemplate":"https:\/\/leonore-mau.de\/?s={search_term_string}"},"query-input":{"@type":"PropertyValueSpecification","valueRequired":true,"valueName":"search_term_string"}}],"inLanguage":"en-US"}]}},"_links":{"self":[{"href":"https:\/\/leonore-mau.de\/en\/wp-json\/wp\/v2\/product\/936","targetHints":{"allow":["GET"]}}],"collection":[{"href":"https:\/\/leonore-mau.de\/en\/wp-json\/wp\/v2\/product"}],"about":[{"href":"https:\/\/leonore-mau.de\/en\/wp-json\/wp\/v2\/types\/product"}],"wp:attachment":[{"href":"https:\/\/leonore-mau.de\/en\/wp-json\/wp\/v2\/media?parent=936"}],"wp:term":[{"taxonomy":"product_brand","embeddable":true,"href":"https:\/\/leonore-mau.de\/en\/wp-json\/wp\/v2\/product_brand?post=936"},{"taxonomy":"product_cat","embeddable":true,"href":"https:\/\/leonore-mau.de\/en\/wp-json\/wp\/v2\/product_cat?post=936"},{"taxonomy":"product_tag","embeddable":true,"href":"https:\/\/leonore-mau.de\/en\/wp-json\/wp\/v2\/product_tag?post=936"}],"curies":[{"name":"wp","href":"https:\/\/api.w.org\/{rel}","templated":true}]}}