{"id":943,"date":"2022-07-11T15:16:19","date_gmt":"2022-07-11T13:16:19","guid":{"rendered":"https:\/\/leonore-mau.de\/produkt\/ohne-titel-die-mauerbilder-des-papisto-boy-3\/"},"modified":"2022-09-13T23:09:52","modified_gmt":"2022-09-13T21:09:52","slug":"ohne-titel-die-mauerbilder-des-papisto-boy-3","status":"publish","type":"product","link":"https:\/\/leonore-mau.de\/en\/produkt\/ohne-titel-die-mauerbilder-des-papisto-boy-3\/","title":{"rendered":"Ohne Titel (Die Mauerbilder des Papisto Boy)"},"content":{"rendered":"<p>Die Mauerbilder des Papisto Boy (b\u00fcrgerlicher Name: Pape Mamadou Samb) in Dakar. Davor Pferd mit Anh\u00e4nger, auf dem ein Mann sitzt. R\u00fcckseitenbeschriftung: &#8220;Senegal 1974 [sic!]&#8221; <\/p>\n","protected":false},"excerpt":{"rendered":"<p>Die Mauerbilder des Papisto Boy (b\u00fcrgerlicher Name: Pape Mamadou Samb) in Dakar. Davor Pferd mit Anh\u00e4nger, auf dem ein Mann sitzt. R\u00fcckseitenbeschriftung: &#8220;Senegal 1974 [sic!]&#8221;<\/p>\n","protected":false},"featured_media":391,"template":"","meta":[],"product_brand":[],"product_cat":[4452,17],"product_tag":[78,22,24,21,23,1140,80,939,1352,1109,1110,1111,1112,1113,940,43,44,1198,412,89,592,1742,70,71,105,107,93,92,94,91,1141,95,106,108,418,109,110,111,112,113,114,957,958],"class_list":{"0":"post-943","1":"product","2":"type-product","3":"status-publish","4":"has-post-thumbnail","6":"product_cat-dakar-papisto-boy","7":"product_cat-unkategorisiert","8":"product_tag-1970er-jahre","9":"product_tag-20-jahrhundert-nach-chr","10":"product_tag-20-jh-n-chr","11":"product_tag-20-jahrhundert","12":"product_tag-20-jh","13":"product_tag-7-2-1_dakar-papisto-boy","14":"product_tag-70er","15":"product_tag-afrika","16":"product_tag-afrikaner","17":"product_tag-afrikanisch","18":"product_tag-afrikanische","19":"product_tag-afrikanischen","20":"product_tag-afrikanischer","21":"product_tag-afrikanisches","22":"product_tag-afrikas","23":"product_tag-fotografin","24":"product_tag-fotografinnen","25":"product_tag-maler","26":"product_tag-mauer","27":"product_tag-muralismus","28":"product_tag-pferd","29":"product_tag-pferdekutsche","30":"product_tag-photographin","31":"product_tag-photographinnen","32":"product_tag-s-w-fotografie","33":"product_tag-s-w-photographie","34":"product_tag-schwarzweissphotographie","35":"product_tag-schwarz-weiss-fotografie","36":"product_tag-schwarz-weiss-photographie","37":"product_tag-schwarzweissfotografie","38":"product_tag-senegal","39":"product_tag-siebziger","40":"product_tag-sw-fotografie","41":"product_tag-sw-photographie","42":"product_tag-wand","43":"product_tag-wandbild","44":"product_tag-wandbilder","45":"product_tag-wandbildes","46":"product_tag-wandgemaelde","47":"product_tag-wandmalerei","48":"product_tag-wandmalereien","49":"product_tag-westafrika","50":"product_tag-westafrikas","52":"first","53":"instock","54":"shipping-taxable","55":"product-type-simple"},"yoast_head":"<!-- This site is optimized with the Yoast SEO plugin v27.3 - https:\/\/yoast.com\/product\/yoast-seo-wordpress\/ -->\n<title>Ohne Titel (Die Mauerbilder des Papisto Boy) - Leonore Mau<\/title>\n<meta name=\"robots\" content=\"index, follow, max-snippet:-1, max-image-preview:large, max-video-preview:-1\" \/>\n<link rel=\"canonical\" href=\"https:\/\/leonore-mau.de\/produkt\/ohne-titel-die-mauerbilder-des-papisto-boy-3\/\" \/>\n<meta property=\"og:locale\" content=\"en_US\" \/>\n<meta property=\"og:type\" content=\"article\" \/>\n<meta property=\"og:title\" content=\"Ohne Titel (Die Mauerbilder des Papisto Boy) - Leonore Mau\" \/>\n<meta property=\"og:description\" content=\"Die Mauerbilder des Papisto Boy (b\u00fcrgerlicher Name: Pape Mamadou Samb) in Dakar. Davor Pferd mit Anh\u00e4nger, auf dem ein Mann sitzt. R\u00fcckseitenbeschriftung: &#8220;Senegal 1974 [sic!]&#8221;\" \/>\n<meta property=\"og:url\" content=\"https:\/\/leonore-mau.de\/produkt\/ohne-titel-die-mauerbilder-des-papisto-boy-3\/\" \/>\n<meta property=\"og:site_name\" content=\"Leonore Mau\" \/>\n<meta property=\"article:modified_time\" content=\"2022-09-13T21:09:52+00:00\" \/>\n<meta property=\"og:image\" content=\"https:\/\/leonore-mau.de\/wp-content\/uploads\/2022\/07\/70353607.jpg\" \/>\n\t<meta property=\"og:image:width\" content=\"1200\" \/>\n\t<meta property=\"og:image:height\" content=\"945\" \/>\n\t<meta property=\"og:image:type\" content=\"image\/jpeg\" \/>\n<meta name=\"twitter:card\" content=\"summary_large_image\" \/>\n<script type=\"application\/ld+json\" class=\"yoast-schema-graph\">{\"@context\":\"https:\\\/\\\/schema.org\",\"@graph\":[{\"@type\":\"WebPage\",\"@id\":\"https:\\\/\\\/leonore-mau.de\\\/produkt\\\/ohne-titel-die-mauerbilder-des-papisto-boy-3\\\/\",\"url\":\"https:\\\/\\\/leonore-mau.de\\\/produkt\\\/ohne-titel-die-mauerbilder-des-papisto-boy-3\\\/\",\"name\":\"Ohne Titel (Die Mauerbilder des Papisto Boy) - Leonore Mau\",\"isPartOf\":{\"@id\":\"https:\\\/\\\/leonore-mau.de\\\/#website\"},\"primaryImageOfPage\":{\"@id\":\"https:\\\/\\\/leonore-mau.de\\\/produkt\\\/ohne-titel-die-mauerbilder-des-papisto-boy-3\\\/#primaryimage\"},\"image\":{\"@id\":\"https:\\\/\\\/leonore-mau.de\\\/produkt\\\/ohne-titel-die-mauerbilder-des-papisto-boy-3\\\/#primaryimage\"},\"thumbnailUrl\":\"https:\\\/\\\/leonore-mau.de\\\/wp-content\\\/uploads\\\/2022\\\/07\\\/70353607.jpg\",\"datePublished\":\"2022-07-11T13:16:19+00:00\",\"dateModified\":\"2022-09-13T21:09:52+00:00\",\"breadcrumb\":{\"@id\":\"https:\\\/\\\/leonore-mau.de\\\/produkt\\\/ohne-titel-die-mauerbilder-des-papisto-boy-3\\\/#breadcrumb\"},\"inLanguage\":\"en-US\",\"potentialAction\":[{\"@type\":\"ReadAction\",\"target\":[\"https:\\\/\\\/leonore-mau.de\\\/produkt\\\/ohne-titel-die-mauerbilder-des-papisto-boy-3\\\/\"]}]},{\"@type\":\"ImageObject\",\"inLanguage\":\"en-US\",\"@id\":\"https:\\\/\\\/leonore-mau.de\\\/produkt\\\/ohne-titel-die-mauerbilder-des-papisto-boy-3\\\/#primaryimage\",\"url\":\"https:\\\/\\\/leonore-mau.de\\\/wp-content\\\/uploads\\\/2022\\\/07\\\/70353607.jpg\",\"contentUrl\":\"https:\\\/\\\/leonore-mau.de\\\/wp-content\\\/uploads\\\/2022\\\/07\\\/70353607.jpg\",\"width\":1200,\"height\":945,\"caption\":\"Die Mauerbilder des Papisto Boy (b\u00fcrgerlicher Name: Pape Mamadou Samb) in Dakar. Davor Pferd mit Anh\u00e4nger, auf dem ein Mann sitzt. R\u00fcckseitenbeschriftung: \\\"Senegal 1974 [sic!]\\\" Aufnahmedatum: Juni 1976 Material\\\/Technik: Foto \\\/ Silbergelatine auf PE-Papier Bildformat (Foto): 24,0 x 30,4 cm Aufnahmeort: Dakar Inventar-Nr.: LM-504928\"},{\"@type\":\"BreadcrumbList\",\"@id\":\"https:\\\/\\\/leonore-mau.de\\\/produkt\\\/ohne-titel-die-mauerbilder-des-papisto-boy-3\\\/#breadcrumb\",\"itemListElement\":[{\"@type\":\"ListItem\",\"position\":1,\"name\":\"Startseite\",\"item\":\"https:\\\/\\\/leonore-mau.de\\\/en\\\/\"},{\"@type\":\"ListItem\",\"position\":2,\"name\":\"Shop\",\"item\":\"https:\\\/\\\/leonore-mau.de\\\/en\\\/shop-2\\\/\"},{\"@type\":\"ListItem\",\"position\":3,\"name\":\"Ohne Titel (Die Mauerbilder des Papisto Boy)\"}]},{\"@type\":\"WebSite\",\"@id\":\"https:\\\/\\\/leonore-mau.de\\\/#website\",\"url\":\"https:\\\/\\\/leonore-mau.de\\\/\",\"name\":\"Leonore Mau\",\"description\":\"Fotografin\",\"potentialAction\":[{\"@type\":\"SearchAction\",\"target\":{\"@type\":\"EntryPoint\",\"urlTemplate\":\"https:\\\/\\\/leonore-mau.de\\\/?s={search_term_string}\"},\"query-input\":{\"@type\":\"PropertyValueSpecification\",\"valueRequired\":true,\"valueName\":\"search_term_string\"}}],\"inLanguage\":\"en-US\"}]}<\/script>\n<!-- \/ Yoast SEO plugin. -->","yoast_head_json":{"title":"Ohne Titel (Die Mauerbilder des Papisto Boy) - Leonore Mau","robots":{"index":"index","follow":"follow","max-snippet":"max-snippet:-1","max-image-preview":"max-image-preview:large","max-video-preview":"max-video-preview:-1"},"canonical":"https:\/\/leonore-mau.de\/produkt\/ohne-titel-die-mauerbilder-des-papisto-boy-3\/","og_locale":"en_US","og_type":"article","og_title":"Ohne Titel (Die Mauerbilder des Papisto Boy) - Leonore Mau","og_description":"Die Mauerbilder des Papisto Boy (b\u00fcrgerlicher Name: Pape Mamadou Samb) in Dakar. Davor Pferd mit Anh\u00e4nger, auf dem ein Mann sitzt. R\u00fcckseitenbeschriftung: &#8220;Senegal 1974 [sic!]&#8221;","og_url":"https:\/\/leonore-mau.de\/produkt\/ohne-titel-die-mauerbilder-des-papisto-boy-3\/","og_site_name":"Leonore Mau","article_modified_time":"2022-09-13T21:09:52+00:00","og_image":[{"width":1200,"height":945,"url":"https:\/\/leonore-mau.de\/wp-content\/uploads\/2022\/07\/70353607.jpg","type":"image\/jpeg"}],"twitter_card":"summary_large_image","schema":{"@context":"https:\/\/schema.org","@graph":[{"@type":"WebPage","@id":"https:\/\/leonore-mau.de\/produkt\/ohne-titel-die-mauerbilder-des-papisto-boy-3\/","url":"https:\/\/leonore-mau.de\/produkt\/ohne-titel-die-mauerbilder-des-papisto-boy-3\/","name":"Ohne Titel (Die Mauerbilder des Papisto Boy) - Leonore Mau","isPartOf":{"@id":"https:\/\/leonore-mau.de\/#website"},"primaryImageOfPage":{"@id":"https:\/\/leonore-mau.de\/produkt\/ohne-titel-die-mauerbilder-des-papisto-boy-3\/#primaryimage"},"image":{"@id":"https:\/\/leonore-mau.de\/produkt\/ohne-titel-die-mauerbilder-des-papisto-boy-3\/#primaryimage"},"thumbnailUrl":"https:\/\/leonore-mau.de\/wp-content\/uploads\/2022\/07\/70353607.jpg","datePublished":"2022-07-11T13:16:19+00:00","dateModified":"2022-09-13T21:09:52+00:00","breadcrumb":{"@id":"https:\/\/leonore-mau.de\/produkt\/ohne-titel-die-mauerbilder-des-papisto-boy-3\/#breadcrumb"},"inLanguage":"en-US","potentialAction":[{"@type":"ReadAction","target":["https:\/\/leonore-mau.de\/produkt\/ohne-titel-die-mauerbilder-des-papisto-boy-3\/"]}]},{"@type":"ImageObject","inLanguage":"en-US","@id":"https:\/\/leonore-mau.de\/produkt\/ohne-titel-die-mauerbilder-des-papisto-boy-3\/#primaryimage","url":"https:\/\/leonore-mau.de\/wp-content\/uploads\/2022\/07\/70353607.jpg","contentUrl":"https:\/\/leonore-mau.de\/wp-content\/uploads\/2022\/07\/70353607.jpg","width":1200,"height":945,"caption":"Die Mauerbilder des Papisto Boy (b\u00fcrgerlicher Name: Pape Mamadou Samb) in Dakar. Davor Pferd mit Anh\u00e4nger, auf dem ein Mann sitzt. R\u00fcckseitenbeschriftung: \"Senegal 1974 [sic!]\" Aufnahmedatum: Juni 1976 Material\/Technik: Foto \/ Silbergelatine auf PE-Papier Bildformat (Foto): 24,0 x 30,4 cm Aufnahmeort: Dakar Inventar-Nr.: LM-504928"},{"@type":"BreadcrumbList","@id":"https:\/\/leonore-mau.de\/produkt\/ohne-titel-die-mauerbilder-des-papisto-boy-3\/#breadcrumb","itemListElement":[{"@type":"ListItem","position":1,"name":"Startseite","item":"https:\/\/leonore-mau.de\/en\/"},{"@type":"ListItem","position":2,"name":"Shop","item":"https:\/\/leonore-mau.de\/en\/shop-2\/"},{"@type":"ListItem","position":3,"name":"Ohne Titel (Die Mauerbilder des Papisto Boy)"}]},{"@type":"WebSite","@id":"https:\/\/leonore-mau.de\/#website","url":"https:\/\/leonore-mau.de\/","name":"Leonore Mau","description":"Fotografin","potentialAction":[{"@type":"SearchAction","target":{"@type":"EntryPoint","urlTemplate":"https:\/\/leonore-mau.de\/?s={search_term_string}"},"query-input":{"@type":"PropertyValueSpecification","valueRequired":true,"valueName":"search_term_string"}}],"inLanguage":"en-US"}]}},"_links":{"self":[{"href":"https:\/\/leonore-mau.de\/en\/wp-json\/wp\/v2\/product\/943","targetHints":{"allow":["GET"]}}],"collection":[{"href":"https:\/\/leonore-mau.de\/en\/wp-json\/wp\/v2\/product"}],"about":[{"href":"https:\/\/leonore-mau.de\/en\/wp-json\/wp\/v2\/types\/product"}],"wp:featuredmedia":[{"embeddable":true,"href":"https:\/\/leonore-mau.de\/en\/wp-json\/wp\/v2\/media\/391"}],"wp:attachment":[{"href":"https:\/\/leonore-mau.de\/en\/wp-json\/wp\/v2\/media?parent=943"}],"wp:term":[{"taxonomy":"product_brand","embeddable":true,"href":"https:\/\/leonore-mau.de\/en\/wp-json\/wp\/v2\/product_brand?post=943"},{"taxonomy":"product_cat","embeddable":true,"href":"https:\/\/leonore-mau.de\/en\/wp-json\/wp\/v2\/product_cat?post=943"},{"taxonomy":"product_tag","embeddable":true,"href":"https:\/\/leonore-mau.de\/en\/wp-json\/wp\/v2\/product_tag?post=943"}],"curies":[{"name":"wp","href":"https:\/\/api.w.org\/{rel}","templated":true}]}}