{"id":949,"date":"2022-07-11T15:16:19","date_gmt":"2022-07-11T13:16:19","guid":{"rendered":"https:\/\/leonore-mau.de\/produkt\/ohne-titel-hubert-fichte-im-interview-mit-lopold-sdar-senghor\/"},"modified":"2022-09-13T23:09:54","modified_gmt":"2022-09-13T21:09:54","slug":"ohne-titel-hubert-fichte-im-interview-mit-lopold-sdar-senghor","status":"publish","type":"product","link":"https:\/\/leonore-mau.de\/en\/produkt\/ohne-titel-hubert-fichte-im-interview-mit-lopold-sdar-senghor\/","title":{"rendered":"Ohne Titel (Hubert Fichte im Interview mit L\u00e9opold S\u00e9dar Senghor)"},"content":{"rendered":"<p>Der Schriftsteller Hubert Fichte im Interview mit L\u00e9opold S\u00e9dar Senghor im Pr\u00e4sidentenpalast, erster Pr\u00e4sident Senegals von 1960 bis 1980. Referenz: Wilfried F. Schoeller, Hubert Fichte und Leonore Mau. Der Schriftsteller und die Fotografin, 2005 Referenz: Ronald Kay, H\u00e4lfte des Lebens, D\u00f6lling und Galitz Verlag, 1996 R\u00fcckseitenbeschriftung: &#8220;Mit Pr\u00e4sident L. S. Senghor in Dakar 1974, Foto: L. Mau, H. F. mit Senghor&#8221;<\/p>\n","protected":false},"excerpt":{"rendered":"<p>Der Schriftsteller Hubert Fichte im Interview mit L\u00e9opold S\u00e9dar Senghor im Pr\u00e4sidentenpalast, erster Pr\u00e4sident Senegals von 1960 bis 1980. Referenz: Wilfried F. Schoeller, Hubert Fichte und Leonore Mau. Der Schriftsteller und die Fotografin, 2005 Referenz: Ronald Kay, H\u00e4lfte des Lebens, D\u00f6lling und Galitz Verlag, 1996 R\u00fcckseitenbeschriftung: &#8220;Mit Pr\u00e4sident L. S. Senghor in Dakar 1974, Foto: [&hellip;]<\/p>\n","protected":false},"featured_media":397,"template":"","meta":[],"product_brand":[],"product_cat":[4437,17],"product_tag":[1767,1751,1321,939,940,1752,1753,84,1221,1222,1322,43,44,1754,1755,1756,1757,1323,1758,1759,1760,1761,1762,560,703,704,70,71,1733,1764,1765,1766,105,107,1233,93,92,94,91,1141,1769,106,108,1213,957,958],"class_list":{"0":"post-949","1":"product","2":"type-product","3":"status-publish","4":"has-post-thumbnail","6":"product_cat-hubert-fichte","7":"product_cat-unkategorisiert","8":"product_tag-sedar-senghor","9":"product_tag-9-10-1906-20-12-2001","10":"product_tag-3-1_hubert-fichte","11":"product_tag-afrika","12":"product_tag-afrikas","13":"product_tag-aufnahmegeraet","14":"product_tag-aufnahmegeraete","15":"product_tag-ausland","16":"product_tag-autor","17":"product_tag-autoren","18":"product_tag-fichte","19":"product_tag-fotografin","20":"product_tag-fotografinnen","21":"product_tag-gespraech","22":"product_tag-gespraeche","23":"product_tag-gespraeches","24":"product_tag-gespraechs","25":"product_tag-hubert-21-03-1935-08-03-1986","26":"product_tag-interview","27":"product_tag-konversation","28":"product_tag-konversationen","29":"product_tag-lampe","30":"product_tag-leopold","31":"product_tag-maenner","32":"product_tag-persoenlichkeit","33":"product_tag-persoenlichkeiten","34":"product_tag-photographin","35":"product_tag-photographinnen","36":"product_tag-politik","37":"product_tag-politiker","38":"product_tag-politikers","39":"product_tag-praesident","40":"product_tag-s-w-fotografie","41":"product_tag-s-w-photographie","42":"product_tag-schriftsteller","43":"product_tag-schwarzweissphotographie","44":"product_tag-schwarz-weiss-fotografie","45":"product_tag-schwarz-weiss-photographie","46":"product_tag-schwarzweissfotografie","47":"product_tag-senegal","48":"product_tag-staatspraesident","49":"product_tag-sw-fotografie","50":"product_tag-sw-photographie","51":"product_tag-tisch","52":"product_tag-westafrika","53":"product_tag-westafrikas","55":"first","56":"instock","57":"shipping-taxable","58":"product-type-simple"},"yoast_head":"<!-- This site is optimized with the Yoast SEO plugin v27.3 - https:\/\/yoast.com\/product\/yoast-seo-wordpress\/ -->\n<title>Ohne Titel (Hubert Fichte im Interview mit L\u00e9opold S\u00e9dar Senghor) - Leonore Mau<\/title>\n<meta name=\"robots\" content=\"index, follow, max-snippet:-1, max-image-preview:large, max-video-preview:-1\" \/>\n<link rel=\"canonical\" href=\"https:\/\/leonore-mau.de\/produkt\/ohne-titel-hubert-fichte-im-interview-mit-lopold-sdar-senghor\/\" \/>\n<meta property=\"og:locale\" content=\"en_US\" \/>\n<meta property=\"og:type\" content=\"article\" \/>\n<meta property=\"og:title\" content=\"Ohne Titel (Hubert Fichte im Interview mit L\u00e9opold S\u00e9dar Senghor) - Leonore Mau\" \/>\n<meta property=\"og:description\" content=\"Der Schriftsteller Hubert Fichte im Interview mit L\u00e9opold S\u00e9dar Senghor im Pr\u00e4sidentenpalast, erster Pr\u00e4sident Senegals von 1960 bis 1980. Referenz: Wilfried F. Schoeller, Hubert Fichte und Leonore Mau. Der Schriftsteller und die Fotografin, 2005 Referenz: Ronald Kay, H\u00e4lfte des Lebens, D\u00f6lling und Galitz Verlag, 1996 R\u00fcckseitenbeschriftung: &#8220;Mit Pr\u00e4sident L. S. Senghor in Dakar 1974, Foto: [&hellip;]\" \/>\n<meta property=\"og:url\" content=\"https:\/\/leonore-mau.de\/produkt\/ohne-titel-hubert-fichte-im-interview-mit-lopold-sdar-senghor\/\" \/>\n<meta property=\"og:site_name\" content=\"Leonore Mau\" \/>\n<meta property=\"article:modified_time\" content=\"2022-09-13T21:09:54+00:00\" \/>\n<meta property=\"og:image\" content=\"https:\/\/leonore-mau.de\/wp-content\/uploads\/2022\/07\/70353618.jpg\" \/>\n\t<meta property=\"og:image:width\" content=\"1200\" \/>\n\t<meta property=\"og:image:height\" content=\"779\" \/>\n\t<meta property=\"og:image:type\" content=\"image\/jpeg\" \/>\n<meta name=\"twitter:card\" content=\"summary_large_image\" \/>\n<script type=\"application\/ld+json\" class=\"yoast-schema-graph\">{\"@context\":\"https:\\\/\\\/schema.org\",\"@graph\":[{\"@type\":\"WebPage\",\"@id\":\"https:\\\/\\\/leonore-mau.de\\\/produkt\\\/ohne-titel-hubert-fichte-im-interview-mit-lopold-sdar-senghor\\\/\",\"url\":\"https:\\\/\\\/leonore-mau.de\\\/produkt\\\/ohne-titel-hubert-fichte-im-interview-mit-lopold-sdar-senghor\\\/\",\"name\":\"Ohne Titel (Hubert Fichte im Interview mit L\u00e9opold S\u00e9dar Senghor) - Leonore Mau\",\"isPartOf\":{\"@id\":\"https:\\\/\\\/leonore-mau.de\\\/#website\"},\"primaryImageOfPage\":{\"@id\":\"https:\\\/\\\/leonore-mau.de\\\/produkt\\\/ohne-titel-hubert-fichte-im-interview-mit-lopold-sdar-senghor\\\/#primaryimage\"},\"image\":{\"@id\":\"https:\\\/\\\/leonore-mau.de\\\/produkt\\\/ohne-titel-hubert-fichte-im-interview-mit-lopold-sdar-senghor\\\/#primaryimage\"},\"thumbnailUrl\":\"https:\\\/\\\/leonore-mau.de\\\/wp-content\\\/uploads\\\/2022\\\/07\\\/70353618.jpg\",\"datePublished\":\"2022-07-11T13:16:19+00:00\",\"dateModified\":\"2022-09-13T21:09:54+00:00\",\"breadcrumb\":{\"@id\":\"https:\\\/\\\/leonore-mau.de\\\/produkt\\\/ohne-titel-hubert-fichte-im-interview-mit-lopold-sdar-senghor\\\/#breadcrumb\"},\"inLanguage\":\"en-US\",\"potentialAction\":[{\"@type\":\"ReadAction\",\"target\":[\"https:\\\/\\\/leonore-mau.de\\\/produkt\\\/ohne-titel-hubert-fichte-im-interview-mit-lopold-sdar-senghor\\\/\"]}]},{\"@type\":\"ImageObject\",\"inLanguage\":\"en-US\",\"@id\":\"https:\\\/\\\/leonore-mau.de\\\/produkt\\\/ohne-titel-hubert-fichte-im-interview-mit-lopold-sdar-senghor\\\/#primaryimage\",\"url\":\"https:\\\/\\\/leonore-mau.de\\\/wp-content\\\/uploads\\\/2022\\\/07\\\/70353618.jpg\",\"contentUrl\":\"https:\\\/\\\/leonore-mau.de\\\/wp-content\\\/uploads\\\/2022\\\/07\\\/70353618.jpg\",\"width\":1200,\"height\":779,\"caption\":\"Der Schriftsteller Hubert Fichte im Interview mit L\u00e9opold S\u00e9dar Senghor im Pr\u00e4sidentenpalast, erster Pr\u00e4sident Senegals von 1960 bis 1980. Referenz: Wilfried F. Schoeller, Hubert Fichte und Leonore Mau. Der Schriftsteller und die Fotografin, 2005 Referenz: Ronald Kay, H\u00e4lfte des Lebens, D\u00f6lling und Galitz Verlag, 1996 R\u00fcckseitenbeschriftung: \\\"Mit Pr\u00e4sident L. S. Senghor in Dakar 1974, Foto: L. Mau, H. F. mit Senghor\\\" Aufnahmedatum: Februar 1974 Material\\\/Technik: Foto \\\/ Silbergelatine auf Barytpapier Bildformat (Foto): 23,1 x 30,0 cm Aufnahmeort: Dakar Inventar-Nr.: LM-501877\"},{\"@type\":\"BreadcrumbList\",\"@id\":\"https:\\\/\\\/leonore-mau.de\\\/produkt\\\/ohne-titel-hubert-fichte-im-interview-mit-lopold-sdar-senghor\\\/#breadcrumb\",\"itemListElement\":[{\"@type\":\"ListItem\",\"position\":1,\"name\":\"Startseite\",\"item\":\"https:\\\/\\\/leonore-mau.de\\\/en\\\/\"},{\"@type\":\"ListItem\",\"position\":2,\"name\":\"Shop\",\"item\":\"https:\\\/\\\/leonore-mau.de\\\/en\\\/shop-2\\\/\"},{\"@type\":\"ListItem\",\"position\":3,\"name\":\"Ohne Titel (Hubert Fichte im Interview mit L\u00e9opold S\u00e9dar Senghor)\"}]},{\"@type\":\"WebSite\",\"@id\":\"https:\\\/\\\/leonore-mau.de\\\/#website\",\"url\":\"https:\\\/\\\/leonore-mau.de\\\/\",\"name\":\"Leonore Mau\",\"description\":\"Fotografin\",\"potentialAction\":[{\"@type\":\"SearchAction\",\"target\":{\"@type\":\"EntryPoint\",\"urlTemplate\":\"https:\\\/\\\/leonore-mau.de\\\/?s={search_term_string}\"},\"query-input\":{\"@type\":\"PropertyValueSpecification\",\"valueRequired\":true,\"valueName\":\"search_term_string\"}}],\"inLanguage\":\"en-US\"}]}<\/script>\n<!-- \/ Yoast SEO plugin. -->","yoast_head_json":{"title":"Ohne Titel (Hubert Fichte im Interview mit L\u00e9opold S\u00e9dar Senghor) - Leonore Mau","robots":{"index":"index","follow":"follow","max-snippet":"max-snippet:-1","max-image-preview":"max-image-preview:large","max-video-preview":"max-video-preview:-1"},"canonical":"https:\/\/leonore-mau.de\/produkt\/ohne-titel-hubert-fichte-im-interview-mit-lopold-sdar-senghor\/","og_locale":"en_US","og_type":"article","og_title":"Ohne Titel (Hubert Fichte im Interview mit L\u00e9opold S\u00e9dar Senghor) - Leonore Mau","og_description":"Der Schriftsteller Hubert Fichte im Interview mit L\u00e9opold S\u00e9dar Senghor im Pr\u00e4sidentenpalast, erster Pr\u00e4sident Senegals von 1960 bis 1980. Referenz: Wilfried F. Schoeller, Hubert Fichte und Leonore Mau. Der Schriftsteller und die Fotografin, 2005 Referenz: Ronald Kay, H\u00e4lfte des Lebens, D\u00f6lling und Galitz Verlag, 1996 R\u00fcckseitenbeschriftung: &#8220;Mit Pr\u00e4sident L. S. Senghor in Dakar 1974, Foto: [&hellip;]","og_url":"https:\/\/leonore-mau.de\/produkt\/ohne-titel-hubert-fichte-im-interview-mit-lopold-sdar-senghor\/","og_site_name":"Leonore Mau","article_modified_time":"2022-09-13T21:09:54+00:00","og_image":[{"width":1200,"height":779,"url":"https:\/\/leonore-mau.de\/wp-content\/uploads\/2022\/07\/70353618.jpg","type":"image\/jpeg"}],"twitter_card":"summary_large_image","schema":{"@context":"https:\/\/schema.org","@graph":[{"@type":"WebPage","@id":"https:\/\/leonore-mau.de\/produkt\/ohne-titel-hubert-fichte-im-interview-mit-lopold-sdar-senghor\/","url":"https:\/\/leonore-mau.de\/produkt\/ohne-titel-hubert-fichte-im-interview-mit-lopold-sdar-senghor\/","name":"Ohne Titel (Hubert Fichte im Interview mit L\u00e9opold S\u00e9dar Senghor) - Leonore Mau","isPartOf":{"@id":"https:\/\/leonore-mau.de\/#website"},"primaryImageOfPage":{"@id":"https:\/\/leonore-mau.de\/produkt\/ohne-titel-hubert-fichte-im-interview-mit-lopold-sdar-senghor\/#primaryimage"},"image":{"@id":"https:\/\/leonore-mau.de\/produkt\/ohne-titel-hubert-fichte-im-interview-mit-lopold-sdar-senghor\/#primaryimage"},"thumbnailUrl":"https:\/\/leonore-mau.de\/wp-content\/uploads\/2022\/07\/70353618.jpg","datePublished":"2022-07-11T13:16:19+00:00","dateModified":"2022-09-13T21:09:54+00:00","breadcrumb":{"@id":"https:\/\/leonore-mau.de\/produkt\/ohne-titel-hubert-fichte-im-interview-mit-lopold-sdar-senghor\/#breadcrumb"},"inLanguage":"en-US","potentialAction":[{"@type":"ReadAction","target":["https:\/\/leonore-mau.de\/produkt\/ohne-titel-hubert-fichte-im-interview-mit-lopold-sdar-senghor\/"]}]},{"@type":"ImageObject","inLanguage":"en-US","@id":"https:\/\/leonore-mau.de\/produkt\/ohne-titel-hubert-fichte-im-interview-mit-lopold-sdar-senghor\/#primaryimage","url":"https:\/\/leonore-mau.de\/wp-content\/uploads\/2022\/07\/70353618.jpg","contentUrl":"https:\/\/leonore-mau.de\/wp-content\/uploads\/2022\/07\/70353618.jpg","width":1200,"height":779,"caption":"Der Schriftsteller Hubert Fichte im Interview mit L\u00e9opold S\u00e9dar Senghor im Pr\u00e4sidentenpalast, erster Pr\u00e4sident Senegals von 1960 bis 1980. Referenz: Wilfried F. Schoeller, Hubert Fichte und Leonore Mau. Der Schriftsteller und die Fotografin, 2005 Referenz: Ronald Kay, H\u00e4lfte des Lebens, D\u00f6lling und Galitz Verlag, 1996 R\u00fcckseitenbeschriftung: \"Mit Pr\u00e4sident L. S. Senghor in Dakar 1974, Foto: L. Mau, H. F. mit Senghor\" Aufnahmedatum: Februar 1974 Material\/Technik: Foto \/ Silbergelatine auf Barytpapier Bildformat (Foto): 23,1 x 30,0 cm Aufnahmeort: Dakar Inventar-Nr.: LM-501877"},{"@type":"BreadcrumbList","@id":"https:\/\/leonore-mau.de\/produkt\/ohne-titel-hubert-fichte-im-interview-mit-lopold-sdar-senghor\/#breadcrumb","itemListElement":[{"@type":"ListItem","position":1,"name":"Startseite","item":"https:\/\/leonore-mau.de\/en\/"},{"@type":"ListItem","position":2,"name":"Shop","item":"https:\/\/leonore-mau.de\/en\/shop-2\/"},{"@type":"ListItem","position":3,"name":"Ohne Titel (Hubert Fichte im Interview mit L\u00e9opold S\u00e9dar Senghor)"}]},{"@type":"WebSite","@id":"https:\/\/leonore-mau.de\/#website","url":"https:\/\/leonore-mau.de\/","name":"Leonore Mau","description":"Fotografin","potentialAction":[{"@type":"SearchAction","target":{"@type":"EntryPoint","urlTemplate":"https:\/\/leonore-mau.de\/?s={search_term_string}"},"query-input":{"@type":"PropertyValueSpecification","valueRequired":true,"valueName":"search_term_string"}}],"inLanguage":"en-US"}]}},"_links":{"self":[{"href":"https:\/\/leonore-mau.de\/en\/wp-json\/wp\/v2\/product\/949","targetHints":{"allow":["GET"]}}],"collection":[{"href":"https:\/\/leonore-mau.de\/en\/wp-json\/wp\/v2\/product"}],"about":[{"href":"https:\/\/leonore-mau.de\/en\/wp-json\/wp\/v2\/types\/product"}],"wp:featuredmedia":[{"embeddable":true,"href":"https:\/\/leonore-mau.de\/en\/wp-json\/wp\/v2\/media\/397"}],"wp:attachment":[{"href":"https:\/\/leonore-mau.de\/en\/wp-json\/wp\/v2\/media?parent=949"}],"wp:term":[{"taxonomy":"product_brand","embeddable":true,"href":"https:\/\/leonore-mau.de\/en\/wp-json\/wp\/v2\/product_brand?post=949"},{"taxonomy":"product_cat","embeddable":true,"href":"https:\/\/leonore-mau.de\/en\/wp-json\/wp\/v2\/product_cat?post=949"},{"taxonomy":"product_tag","embeddable":true,"href":"https:\/\/leonore-mau.de\/en\/wp-json\/wp\/v2\/product_tag?post=949"}],"curies":[{"name":"wp","href":"https:\/\/api.w.org\/{rel}","templated":true}]}}