{"id":950,"date":"2022-07-11T15:16:19","date_gmt":"2022-07-11T13:16:19","guid":{"rendered":"https:\/\/leonore-mau.de\/produkt\/ohne-titel-hubert-fichte-mit-xango-priesterin-mother-darling\/"},"modified":"2022-09-13T23:09:54","modified_gmt":"2022-09-13T21:09:54","slug":"ohne-titel-hubert-fichte-mit-xango-priesterin-mother-darling","status":"publish","type":"product","link":"https:\/\/leonore-mau.de\/en\/produkt\/ohne-titel-hubert-fichte-mit-xango-priesterin-mother-darling\/","title":{"rendered":"Ohne Titel (Hubert Fichte mit Xango-Priesterin Mother Darling)"},"content":{"rendered":"<p>Der Schriftsteller Hubert Fichte im Gespr\u00e4ch mit der Xango-Priesterin Mother Darling auf einem Reisfeld. Referenz: Leonore Mau, Portr\u00e4ts, Brinkmann &#038; Bose, 2016 Referenz: Wilfried F. Schoeller, Hubert Fichte und Leonore Mau. Der Schriftsteller und die Fotografin, 2005 Referenz: Ronald Kay, H\u00e4lfte des Lebens, D\u00f6lling und Galitz Verlag, 1996 R\u00fcckseitenbeschriftung: &#8220;1974, Trinidad&#8221; (Datierung ist nicht korrekt)<\/p>\n","protected":false},"excerpt":{"rendered":"<p>Der Schriftsteller Hubert Fichte im Gespr\u00e4ch mit der Xango-Priesterin Mother Darling auf einem Reisfeld. Referenz: Leonore Mau, Portr\u00e4ts, Brinkmann &#038; Bose, 2016 Referenz: Wilfried F. Schoeller, Hubert Fichte und Leonore Mau. Der Schriftsteller und die Fotografin, 2005 Referenz: Ronald Kay, H\u00e4lfte des Lebens, D\u00f6lling und Galitz Verlag, 1996 R\u00fcckseitenbeschriftung: &#8220;1974, Trinidad&#8221; (Datierung ist nicht korrekt)<\/p>\n","protected":false},"featured_media":398,"template":"","meta":[],"product_brand":[],"product_cat":[4437,17],"product_tag":[78,1722,1723,21,23,1321,80,1040,1041,1042,1043,1044,1221,1222,1008,1009,1322,43,44,354,1754,1755,1756,1757,1323,1758,206,1759,1760,486,70,71,1155,525,526,1013,1014,1015,1016,1017,1018,1019,105,107,1233,93,92,94,91,95,106,108,1029,1032,1039],"class_list":{"0":"post-950","1":"product","2":"type-product","3":"status-publish","4":"has-post-thumbnail","6":"product_cat-hubert-fichte","7":"product_cat-unkategorisiert","8":"product_tag-1970er-jahre","9":"product_tag-20-jahrhundert-vor-chr","10":"product_tag-20-jh-v-chr","11":"product_tag-20-jahrhundert","12":"product_tag-20-jh","13":"product_tag-3-1_hubert-fichte","14":"product_tag-70er","15":"product_tag-afroamerikanisch","16":"product_tag-afroamerikanische","17":"product_tag-afroamerikanischen","18":"product_tag-afroamerikanischer","19":"product_tag-afroamerikanisches","20":"product_tag-autor","21":"product_tag-autoren","22":"product_tag-ceremonie","23":"product_tag-ceremonien","24":"product_tag-fichte","25":"product_tag-fotografin","26":"product_tag-fotografinnen","27":"product_tag-frau","28":"product_tag-gespraech","29":"product_tag-gespraeche","30":"product_tag-gespraeches","31":"product_tag-gespraechs","32":"product_tag-hubert-21-03-1935-08-03-1986","33":"product_tag-interview","34":"product_tag-karibik","35":"product_tag-konversation","36":"product_tag-konversationen","37":"product_tag-mann","38":"product_tag-photographin","39":"product_tag-photographinnen","40":"product_tag-priesterin","41":"product_tag-religion","42":"product_tag-religionen","43":"product_tag-ritual","44":"product_tag-rituale","45":"product_tag-rituell","46":"product_tag-rituelle","47":"product_tag-rituellen","48":"product_tag-ritueller","49":"product_tag-rituelles","50":"product_tag-s-w-fotografie","51":"product_tag-s-w-photographie","52":"product_tag-schriftsteller","53":"product_tag-schwarzweissphotographie","54":"product_tag-schwarz-weiss-fotografie","55":"product_tag-schwarz-weiss-photographie","56":"product_tag-schwarzweissfotografie","57":"product_tag-siebziger","58":"product_tag-sw-fotografie","59":"product_tag-sw-photographie","60":"product_tag-trinidad-und-tobago","61":"product_tag-zeremonie","62":"product_tag-zeremonien","64":"first","65":"instock","66":"shipping-taxable","67":"product-type-simple"},"yoast_head":"<!-- This site is optimized with the Yoast SEO plugin v27.3 - https:\/\/yoast.com\/product\/yoast-seo-wordpress\/ -->\n<title>Ohne Titel (Hubert Fichte mit Xango-Priesterin Mother Darling) - Leonore Mau<\/title>\n<meta name=\"robots\" content=\"index, follow, max-snippet:-1, max-image-preview:large, max-video-preview:-1\" \/>\n<link rel=\"canonical\" href=\"https:\/\/leonore-mau.de\/produkt\/ohne-titel-hubert-fichte-mit-xango-priesterin-mother-darling\/\" \/>\n<meta property=\"og:locale\" content=\"en_US\" \/>\n<meta property=\"og:type\" content=\"article\" \/>\n<meta property=\"og:title\" content=\"Ohne Titel (Hubert Fichte mit Xango-Priesterin Mother Darling) - Leonore Mau\" \/>\n<meta property=\"og:description\" content=\"Der Schriftsteller Hubert Fichte im Gespr\u00e4ch mit der Xango-Priesterin Mother Darling auf einem Reisfeld. Referenz: Leonore Mau, Portr\u00e4ts, Brinkmann &#038; Bose, 2016 Referenz: Wilfried F. Schoeller, Hubert Fichte und Leonore Mau. Der Schriftsteller und die Fotografin, 2005 Referenz: Ronald Kay, H\u00e4lfte des Lebens, D\u00f6lling und Galitz Verlag, 1996 R\u00fcckseitenbeschriftung: &#8220;1974, Trinidad&#8221; (Datierung ist nicht korrekt)\" \/>\n<meta property=\"og:url\" content=\"https:\/\/leonore-mau.de\/produkt\/ohne-titel-hubert-fichte-mit-xango-priesterin-mother-darling\/\" \/>\n<meta property=\"og:site_name\" content=\"Leonore Mau\" \/>\n<meta property=\"article:modified_time\" content=\"2022-09-13T21:09:54+00:00\" \/>\n<meta property=\"og:image\" content=\"https:\/\/leonore-mau.de\/wp-content\/uploads\/2022\/07\/70353621.jpg\" \/>\n\t<meta property=\"og:image:width\" content=\"1200\" \/>\n\t<meta property=\"og:image:height\" content=\"904\" \/>\n\t<meta property=\"og:image:type\" content=\"image\/jpeg\" \/>\n<meta name=\"twitter:card\" content=\"summary_large_image\" \/>\n<script type=\"application\/ld+json\" class=\"yoast-schema-graph\">{\"@context\":\"https:\\\/\\\/schema.org\",\"@graph\":[{\"@type\":\"WebPage\",\"@id\":\"https:\\\/\\\/leonore-mau.de\\\/produkt\\\/ohne-titel-hubert-fichte-mit-xango-priesterin-mother-darling\\\/\",\"url\":\"https:\\\/\\\/leonore-mau.de\\\/produkt\\\/ohne-titel-hubert-fichte-mit-xango-priesterin-mother-darling\\\/\",\"name\":\"Ohne Titel (Hubert Fichte mit Xango-Priesterin Mother Darling) - Leonore Mau\",\"isPartOf\":{\"@id\":\"https:\\\/\\\/leonore-mau.de\\\/#website\"},\"primaryImageOfPage\":{\"@id\":\"https:\\\/\\\/leonore-mau.de\\\/produkt\\\/ohne-titel-hubert-fichte-mit-xango-priesterin-mother-darling\\\/#primaryimage\"},\"image\":{\"@id\":\"https:\\\/\\\/leonore-mau.de\\\/produkt\\\/ohne-titel-hubert-fichte-mit-xango-priesterin-mother-darling\\\/#primaryimage\"},\"thumbnailUrl\":\"https:\\\/\\\/leonore-mau.de\\\/wp-content\\\/uploads\\\/2022\\\/07\\\/70353621.jpg\",\"datePublished\":\"2022-07-11T13:16:19+00:00\",\"dateModified\":\"2022-09-13T21:09:54+00:00\",\"breadcrumb\":{\"@id\":\"https:\\\/\\\/leonore-mau.de\\\/produkt\\\/ohne-titel-hubert-fichte-mit-xango-priesterin-mother-darling\\\/#breadcrumb\"},\"inLanguage\":\"en-US\",\"potentialAction\":[{\"@type\":\"ReadAction\",\"target\":[\"https:\\\/\\\/leonore-mau.de\\\/produkt\\\/ohne-titel-hubert-fichte-mit-xango-priesterin-mother-darling\\\/\"]}]},{\"@type\":\"ImageObject\",\"inLanguage\":\"en-US\",\"@id\":\"https:\\\/\\\/leonore-mau.de\\\/produkt\\\/ohne-titel-hubert-fichte-mit-xango-priesterin-mother-darling\\\/#primaryimage\",\"url\":\"https:\\\/\\\/leonore-mau.de\\\/wp-content\\\/uploads\\\/2022\\\/07\\\/70353621.jpg\",\"contentUrl\":\"https:\\\/\\\/leonore-mau.de\\\/wp-content\\\/uploads\\\/2022\\\/07\\\/70353621.jpg\",\"width\":1200,\"height\":904,\"caption\":\"Der Schriftsteller Hubert Fichte im Gespr\u00e4ch mit der Xango-Priesterin Mother Darling auf einem Reisfeld. Referenz: Leonore Mau, Portr\u00e4ts, Brinkmann &amp; Bose, 2016 Referenz: Wilfried F. Schoeller, Hubert Fichte und Leonore Mau. Der Schriftsteller und die Fotografin, 2005 Referenz: Ronald Kay, H\u00e4lfte des Lebens, D\u00f6lling und Galitz Verlag, 1996 R\u00fcckseitenbeschriftung: \\\"1974, Trinidad\\\" (Datierung ist nicht korrekt) Aufnahmedatum: 1975 Material\\\/Technik: Foto \\\/ Silbergelatine auf PE-Papier Bildformat (Foto): 22,7 x 30,4 cm Aufnahmeort: Trinidad Inventar-Nr.: LM-501790\"},{\"@type\":\"BreadcrumbList\",\"@id\":\"https:\\\/\\\/leonore-mau.de\\\/produkt\\\/ohne-titel-hubert-fichte-mit-xango-priesterin-mother-darling\\\/#breadcrumb\",\"itemListElement\":[{\"@type\":\"ListItem\",\"position\":1,\"name\":\"Startseite\",\"item\":\"https:\\\/\\\/leonore-mau.de\\\/en\\\/\"},{\"@type\":\"ListItem\",\"position\":2,\"name\":\"Shop\",\"item\":\"https:\\\/\\\/leonore-mau.de\\\/en\\\/shop-2\\\/\"},{\"@type\":\"ListItem\",\"position\":3,\"name\":\"Ohne Titel (Hubert Fichte mit Xango-Priesterin Mother Darling)\"}]},{\"@type\":\"WebSite\",\"@id\":\"https:\\\/\\\/leonore-mau.de\\\/#website\",\"url\":\"https:\\\/\\\/leonore-mau.de\\\/\",\"name\":\"Leonore Mau\",\"description\":\"Fotografin\",\"potentialAction\":[{\"@type\":\"SearchAction\",\"target\":{\"@type\":\"EntryPoint\",\"urlTemplate\":\"https:\\\/\\\/leonore-mau.de\\\/?s={search_term_string}\"},\"query-input\":{\"@type\":\"PropertyValueSpecification\",\"valueRequired\":true,\"valueName\":\"search_term_string\"}}],\"inLanguage\":\"en-US\"}]}<\/script>\n<!-- \/ Yoast SEO plugin. -->","yoast_head_json":{"title":"Ohne Titel (Hubert Fichte mit Xango-Priesterin Mother Darling) - Leonore Mau","robots":{"index":"index","follow":"follow","max-snippet":"max-snippet:-1","max-image-preview":"max-image-preview:large","max-video-preview":"max-video-preview:-1"},"canonical":"https:\/\/leonore-mau.de\/produkt\/ohne-titel-hubert-fichte-mit-xango-priesterin-mother-darling\/","og_locale":"en_US","og_type":"article","og_title":"Ohne Titel (Hubert Fichte mit Xango-Priesterin Mother Darling) - Leonore Mau","og_description":"Der Schriftsteller Hubert Fichte im Gespr\u00e4ch mit der Xango-Priesterin Mother Darling auf einem Reisfeld. Referenz: Leonore Mau, Portr\u00e4ts, Brinkmann &#038; Bose, 2016 Referenz: Wilfried F. Schoeller, Hubert Fichte und Leonore Mau. Der Schriftsteller und die Fotografin, 2005 Referenz: Ronald Kay, H\u00e4lfte des Lebens, D\u00f6lling und Galitz Verlag, 1996 R\u00fcckseitenbeschriftung: &#8220;1974, Trinidad&#8221; (Datierung ist nicht korrekt)","og_url":"https:\/\/leonore-mau.de\/produkt\/ohne-titel-hubert-fichte-mit-xango-priesterin-mother-darling\/","og_site_name":"Leonore Mau","article_modified_time":"2022-09-13T21:09:54+00:00","og_image":[{"width":1200,"height":904,"url":"https:\/\/leonore-mau.de\/wp-content\/uploads\/2022\/07\/70353621.jpg","type":"image\/jpeg"}],"twitter_card":"summary_large_image","schema":{"@context":"https:\/\/schema.org","@graph":[{"@type":"WebPage","@id":"https:\/\/leonore-mau.de\/produkt\/ohne-titel-hubert-fichte-mit-xango-priesterin-mother-darling\/","url":"https:\/\/leonore-mau.de\/produkt\/ohne-titel-hubert-fichte-mit-xango-priesterin-mother-darling\/","name":"Ohne Titel (Hubert Fichte mit Xango-Priesterin Mother Darling) - Leonore Mau","isPartOf":{"@id":"https:\/\/leonore-mau.de\/#website"},"primaryImageOfPage":{"@id":"https:\/\/leonore-mau.de\/produkt\/ohne-titel-hubert-fichte-mit-xango-priesterin-mother-darling\/#primaryimage"},"image":{"@id":"https:\/\/leonore-mau.de\/produkt\/ohne-titel-hubert-fichte-mit-xango-priesterin-mother-darling\/#primaryimage"},"thumbnailUrl":"https:\/\/leonore-mau.de\/wp-content\/uploads\/2022\/07\/70353621.jpg","datePublished":"2022-07-11T13:16:19+00:00","dateModified":"2022-09-13T21:09:54+00:00","breadcrumb":{"@id":"https:\/\/leonore-mau.de\/produkt\/ohne-titel-hubert-fichte-mit-xango-priesterin-mother-darling\/#breadcrumb"},"inLanguage":"en-US","potentialAction":[{"@type":"ReadAction","target":["https:\/\/leonore-mau.de\/produkt\/ohne-titel-hubert-fichte-mit-xango-priesterin-mother-darling\/"]}]},{"@type":"ImageObject","inLanguage":"en-US","@id":"https:\/\/leonore-mau.de\/produkt\/ohne-titel-hubert-fichte-mit-xango-priesterin-mother-darling\/#primaryimage","url":"https:\/\/leonore-mau.de\/wp-content\/uploads\/2022\/07\/70353621.jpg","contentUrl":"https:\/\/leonore-mau.de\/wp-content\/uploads\/2022\/07\/70353621.jpg","width":1200,"height":904,"caption":"Der Schriftsteller Hubert Fichte im Gespr\u00e4ch mit der Xango-Priesterin Mother Darling auf einem Reisfeld. Referenz: Leonore Mau, Portr\u00e4ts, Brinkmann &amp; Bose, 2016 Referenz: Wilfried F. Schoeller, Hubert Fichte und Leonore Mau. Der Schriftsteller und die Fotografin, 2005 Referenz: Ronald Kay, H\u00e4lfte des Lebens, D\u00f6lling und Galitz Verlag, 1996 R\u00fcckseitenbeschriftung: \"1974, Trinidad\" (Datierung ist nicht korrekt) Aufnahmedatum: 1975 Material\/Technik: Foto \/ Silbergelatine auf PE-Papier Bildformat (Foto): 22,7 x 30,4 cm Aufnahmeort: Trinidad Inventar-Nr.: LM-501790"},{"@type":"BreadcrumbList","@id":"https:\/\/leonore-mau.de\/produkt\/ohne-titel-hubert-fichte-mit-xango-priesterin-mother-darling\/#breadcrumb","itemListElement":[{"@type":"ListItem","position":1,"name":"Startseite","item":"https:\/\/leonore-mau.de\/en\/"},{"@type":"ListItem","position":2,"name":"Shop","item":"https:\/\/leonore-mau.de\/en\/shop-2\/"},{"@type":"ListItem","position":3,"name":"Ohne Titel (Hubert Fichte mit Xango-Priesterin Mother Darling)"}]},{"@type":"WebSite","@id":"https:\/\/leonore-mau.de\/#website","url":"https:\/\/leonore-mau.de\/","name":"Leonore Mau","description":"Fotografin","potentialAction":[{"@type":"SearchAction","target":{"@type":"EntryPoint","urlTemplate":"https:\/\/leonore-mau.de\/?s={search_term_string}"},"query-input":{"@type":"PropertyValueSpecification","valueRequired":true,"valueName":"search_term_string"}}],"inLanguage":"en-US"}]}},"_links":{"self":[{"href":"https:\/\/leonore-mau.de\/en\/wp-json\/wp\/v2\/product\/950","targetHints":{"allow":["GET"]}}],"collection":[{"href":"https:\/\/leonore-mau.de\/en\/wp-json\/wp\/v2\/product"}],"about":[{"href":"https:\/\/leonore-mau.de\/en\/wp-json\/wp\/v2\/types\/product"}],"wp:featuredmedia":[{"embeddable":true,"href":"https:\/\/leonore-mau.de\/en\/wp-json\/wp\/v2\/media\/398"}],"wp:attachment":[{"href":"https:\/\/leonore-mau.de\/en\/wp-json\/wp\/v2\/media?parent=950"}],"wp:term":[{"taxonomy":"product_brand","embeddable":true,"href":"https:\/\/leonore-mau.de\/en\/wp-json\/wp\/v2\/product_brand?post=950"},{"taxonomy":"product_cat","embeddable":true,"href":"https:\/\/leonore-mau.de\/en\/wp-json\/wp\/v2\/product_cat?post=950"},{"taxonomy":"product_tag","embeddable":true,"href":"https:\/\/leonore-mau.de\/en\/wp-json\/wp\/v2\/product_tag?post=950"}],"curies":[{"name":"wp","href":"https:\/\/api.w.org\/{rel}","templated":true}]}}