{"id":952,"date":"2022-07-11T15:16:20","date_gmt":"2022-07-11T13:16:20","guid":{"rendered":"https:\/\/leonore-mau.de\/produkt\/ohne-titel-hubert-fichte-mit-springbrunnen\/"},"modified":"2022-09-13T23:09:55","modified_gmt":"2022-09-13T21:09:55","slug":"ohne-titel-hubert-fichte-mit-springbrunnen","status":"publish","type":"product","link":"https:\/\/leonore-mau.de\/en\/produkt\/ohne-titel-hubert-fichte-mit-springbrunnen\/","title":{"rendered":"Ohne Titel (Hubert Fichte mit Springbrunnen)"},"content":{"rendered":"<p>Der Schriftsteller Hubert Fichte mit einem Springbrunnen in Form einer weiblichen Chim\u00e4re. Aufgenommen in der Parkanlage der Villa d&#8217;Este. Referenz: Ronald Kay, H\u00e4lfte des Lebens, D\u00f6lling und Galitz Verlag, 1996 Referenz: Wilfried F. Schoeller, Hubert Fichte und Leonore Mau. Der Schriftsteller und die Fotografin, 2005 R\u00fcckseitenbeschriftung: &#8220;Tivoli (Rom) 1968&#8221;<\/p>\n","protected":false},"excerpt":{"rendered":"<p>Der Schriftsteller Hubert Fichte mit einem Springbrunnen in Form einer weiblichen Chim\u00e4re. Aufgenommen in der Parkanlage der Villa d&#8217;Este. Referenz: Ronald Kay, H\u00e4lfte des Lebens, D\u00f6lling und Galitz Verlag, 1996 Referenz: Wilfried F. Schoeller, Hubert Fichte und Leonore Mau. Der Schriftsteller und die Fotografin, 2005 R\u00fcckseitenbeschriftung: &#8220;Tivoli (Rom) 1968&#8221;<\/p>\n","protected":false},"featured_media":400,"template":"","meta":[],"product_brand":[],"product_cat":[4437,17],"product_tag":[1321,1221,1222,1774,1775,1776,692,1322,43,44,920,921,1323,578,579,486,1777,932,70,71,105,107,1233,93,92,94,91,634,1778,106,108,1438],"class_list":{"0":"post-952","1":"product","2":"type-product","3":"status-publish","4":"has-post-thumbnail","6":"product_cat-hubert-fichte","7":"product_cat-unkategorisiert","8":"product_tag-3-1_hubert-fichte","9":"product_tag-autor","10":"product_tag-autoren","11":"product_tag-brust","12":"product_tag-brustwarze","13":"product_tag-brustwarzen","14":"product_tag-buecher","15":"product_tag-fichte","16":"product_tag-fotografin","17":"product_tag-fotografinnen","18":"product_tag-garten","19":"product_tag-gartens","20":"product_tag-hubert-21-03-1935-08-03-1986","21":"product_tag-italien","22":"product_tag-italiens","23":"product_tag-mann","24":"product_tag-nippel","25":"product_tag-park","26":"product_tag-photographin","27":"product_tag-photographinnen","28":"product_tag-s-w-fotografie","29":"product_tag-s-w-photographie","30":"product_tag-schriftsteller","31":"product_tag-schwarzweissphotographie","32":"product_tag-schwarz-weiss-fotografie","33":"product_tag-schwarz-weiss-photographie","34":"product_tag-schwarzweissfotografie","35":"product_tag-springbrunnen","36":"product_tag-studium","37":"product_tag-sw-fotografie","38":"product_tag-sw-photographie","39":"product_tag-wasser","41":"first","42":"instock","43":"shipping-taxable","44":"product-type-simple"},"yoast_head":"<!-- This site is optimized with the Yoast SEO plugin v27.3 - https:\/\/yoast.com\/product\/yoast-seo-wordpress\/ -->\n<title>Ohne Titel (Hubert Fichte mit Springbrunnen) - Leonore Mau<\/title>\n<meta name=\"robots\" content=\"index, follow, max-snippet:-1, max-image-preview:large, max-video-preview:-1\" \/>\n<link rel=\"canonical\" href=\"https:\/\/leonore-mau.de\/produkt\/ohne-titel-hubert-fichte-mit-springbrunnen\/\" \/>\n<meta property=\"og:locale\" content=\"en_US\" \/>\n<meta property=\"og:type\" content=\"article\" \/>\n<meta property=\"og:title\" content=\"Ohne Titel (Hubert Fichte mit Springbrunnen) - Leonore Mau\" \/>\n<meta property=\"og:description\" content=\"Der Schriftsteller Hubert Fichte mit einem Springbrunnen in Form einer weiblichen Chim\u00e4re. Aufgenommen in der Parkanlage der Villa d&#8217;Este. Referenz: Ronald Kay, H\u00e4lfte des Lebens, D\u00f6lling und Galitz Verlag, 1996 Referenz: Wilfried F. Schoeller, Hubert Fichte und Leonore Mau. Der Schriftsteller und die Fotografin, 2005 R\u00fcckseitenbeschriftung: &#8220;Tivoli (Rom) 1968&#8221;\" \/>\n<meta property=\"og:url\" content=\"https:\/\/leonore-mau.de\/produkt\/ohne-titel-hubert-fichte-mit-springbrunnen\/\" \/>\n<meta property=\"og:site_name\" content=\"Leonore Mau\" \/>\n<meta property=\"article:modified_time\" content=\"2022-09-13T21:09:55+00:00\" \/>\n<meta property=\"og:image\" content=\"https:\/\/leonore-mau.de\/wp-content\/uploads\/2022\/07\/70353623.jpg\" \/>\n\t<meta property=\"og:image:width\" content=\"995\" \/>\n\t<meta property=\"og:image:height\" content=\"1200\" \/>\n\t<meta property=\"og:image:type\" content=\"image\/jpeg\" \/>\n<meta name=\"twitter:card\" content=\"summary_large_image\" \/>\n<script type=\"application\/ld+json\" class=\"yoast-schema-graph\">{\"@context\":\"https:\\\/\\\/schema.org\",\"@graph\":[{\"@type\":\"WebPage\",\"@id\":\"https:\\\/\\\/leonore-mau.de\\\/produkt\\\/ohne-titel-hubert-fichte-mit-springbrunnen\\\/\",\"url\":\"https:\\\/\\\/leonore-mau.de\\\/produkt\\\/ohne-titel-hubert-fichte-mit-springbrunnen\\\/\",\"name\":\"Ohne Titel (Hubert Fichte mit Springbrunnen) - Leonore Mau\",\"isPartOf\":{\"@id\":\"https:\\\/\\\/leonore-mau.de\\\/#website\"},\"primaryImageOfPage\":{\"@id\":\"https:\\\/\\\/leonore-mau.de\\\/produkt\\\/ohne-titel-hubert-fichte-mit-springbrunnen\\\/#primaryimage\"},\"image\":{\"@id\":\"https:\\\/\\\/leonore-mau.de\\\/produkt\\\/ohne-titel-hubert-fichte-mit-springbrunnen\\\/#primaryimage\"},\"thumbnailUrl\":\"https:\\\/\\\/leonore-mau.de\\\/wp-content\\\/uploads\\\/2022\\\/07\\\/70353623.jpg\",\"datePublished\":\"2022-07-11T13:16:20+00:00\",\"dateModified\":\"2022-09-13T21:09:55+00:00\",\"breadcrumb\":{\"@id\":\"https:\\\/\\\/leonore-mau.de\\\/produkt\\\/ohne-titel-hubert-fichte-mit-springbrunnen\\\/#breadcrumb\"},\"inLanguage\":\"en-US\",\"potentialAction\":[{\"@type\":\"ReadAction\",\"target\":[\"https:\\\/\\\/leonore-mau.de\\\/produkt\\\/ohne-titel-hubert-fichte-mit-springbrunnen\\\/\"]}]},{\"@type\":\"ImageObject\",\"inLanguage\":\"en-US\",\"@id\":\"https:\\\/\\\/leonore-mau.de\\\/produkt\\\/ohne-titel-hubert-fichte-mit-springbrunnen\\\/#primaryimage\",\"url\":\"https:\\\/\\\/leonore-mau.de\\\/wp-content\\\/uploads\\\/2022\\\/07\\\/70353623.jpg\",\"contentUrl\":\"https:\\\/\\\/leonore-mau.de\\\/wp-content\\\/uploads\\\/2022\\\/07\\\/70353623.jpg\",\"width\":995,\"height\":1200,\"caption\":\"Der Schriftsteller Hubert Fichte mit einem Springbrunnen in Form einer weiblichen Chim\u00e4re. Aufgenommen in der Parkanlage der Villa d'Este. Referenz: Ronald Kay, H\u00e4lfte des Lebens, D\u00f6lling und Galitz Verlag, 1996 Referenz: Wilfried F. Schoeller, Hubert Fichte und Leonore Mau. Der Schriftsteller und die Fotografin, 2005 R\u00fcckseitenbeschriftung: \\\"Tivoli (Rom) 1968\\\" Aufnahmedatum: 1968 Material\\\/Technik: Foto \\\/ Silbergelatine auf PE-Papier Bildformat (Foto): 22,6 x 27,1 cm Aufnahmeort: Rom Inventar-Nr.: LM-501763\"},{\"@type\":\"BreadcrumbList\",\"@id\":\"https:\\\/\\\/leonore-mau.de\\\/produkt\\\/ohne-titel-hubert-fichte-mit-springbrunnen\\\/#breadcrumb\",\"itemListElement\":[{\"@type\":\"ListItem\",\"position\":1,\"name\":\"Startseite\",\"item\":\"https:\\\/\\\/leonore-mau.de\\\/en\\\/\"},{\"@type\":\"ListItem\",\"position\":2,\"name\":\"Shop\",\"item\":\"https:\\\/\\\/leonore-mau.de\\\/en\\\/shop-2\\\/\"},{\"@type\":\"ListItem\",\"position\":3,\"name\":\"Ohne Titel (Hubert Fichte mit Springbrunnen)\"}]},{\"@type\":\"WebSite\",\"@id\":\"https:\\\/\\\/leonore-mau.de\\\/#website\",\"url\":\"https:\\\/\\\/leonore-mau.de\\\/\",\"name\":\"Leonore Mau\",\"description\":\"Fotografin\",\"potentialAction\":[{\"@type\":\"SearchAction\",\"target\":{\"@type\":\"EntryPoint\",\"urlTemplate\":\"https:\\\/\\\/leonore-mau.de\\\/?s={search_term_string}\"},\"query-input\":{\"@type\":\"PropertyValueSpecification\",\"valueRequired\":true,\"valueName\":\"search_term_string\"}}],\"inLanguage\":\"en-US\"}]}<\/script>\n<!-- \/ Yoast SEO plugin. -->","yoast_head_json":{"title":"Ohne Titel (Hubert Fichte mit Springbrunnen) - Leonore Mau","robots":{"index":"index","follow":"follow","max-snippet":"max-snippet:-1","max-image-preview":"max-image-preview:large","max-video-preview":"max-video-preview:-1"},"canonical":"https:\/\/leonore-mau.de\/produkt\/ohne-titel-hubert-fichte-mit-springbrunnen\/","og_locale":"en_US","og_type":"article","og_title":"Ohne Titel (Hubert Fichte mit Springbrunnen) - Leonore Mau","og_description":"Der Schriftsteller Hubert Fichte mit einem Springbrunnen in Form einer weiblichen Chim\u00e4re. Aufgenommen in der Parkanlage der Villa d&#8217;Este. Referenz: Ronald Kay, H\u00e4lfte des Lebens, D\u00f6lling und Galitz Verlag, 1996 Referenz: Wilfried F. Schoeller, Hubert Fichte und Leonore Mau. Der Schriftsteller und die Fotografin, 2005 R\u00fcckseitenbeschriftung: &#8220;Tivoli (Rom) 1968&#8221;","og_url":"https:\/\/leonore-mau.de\/produkt\/ohne-titel-hubert-fichte-mit-springbrunnen\/","og_site_name":"Leonore Mau","article_modified_time":"2022-09-13T21:09:55+00:00","og_image":[{"width":995,"height":1200,"url":"https:\/\/leonore-mau.de\/wp-content\/uploads\/2022\/07\/70353623.jpg","type":"image\/jpeg"}],"twitter_card":"summary_large_image","schema":{"@context":"https:\/\/schema.org","@graph":[{"@type":"WebPage","@id":"https:\/\/leonore-mau.de\/produkt\/ohne-titel-hubert-fichte-mit-springbrunnen\/","url":"https:\/\/leonore-mau.de\/produkt\/ohne-titel-hubert-fichte-mit-springbrunnen\/","name":"Ohne Titel (Hubert Fichte mit Springbrunnen) - Leonore Mau","isPartOf":{"@id":"https:\/\/leonore-mau.de\/#website"},"primaryImageOfPage":{"@id":"https:\/\/leonore-mau.de\/produkt\/ohne-titel-hubert-fichte-mit-springbrunnen\/#primaryimage"},"image":{"@id":"https:\/\/leonore-mau.de\/produkt\/ohne-titel-hubert-fichte-mit-springbrunnen\/#primaryimage"},"thumbnailUrl":"https:\/\/leonore-mau.de\/wp-content\/uploads\/2022\/07\/70353623.jpg","datePublished":"2022-07-11T13:16:20+00:00","dateModified":"2022-09-13T21:09:55+00:00","breadcrumb":{"@id":"https:\/\/leonore-mau.de\/produkt\/ohne-titel-hubert-fichte-mit-springbrunnen\/#breadcrumb"},"inLanguage":"en-US","potentialAction":[{"@type":"ReadAction","target":["https:\/\/leonore-mau.de\/produkt\/ohne-titel-hubert-fichte-mit-springbrunnen\/"]}]},{"@type":"ImageObject","inLanguage":"en-US","@id":"https:\/\/leonore-mau.de\/produkt\/ohne-titel-hubert-fichte-mit-springbrunnen\/#primaryimage","url":"https:\/\/leonore-mau.de\/wp-content\/uploads\/2022\/07\/70353623.jpg","contentUrl":"https:\/\/leonore-mau.de\/wp-content\/uploads\/2022\/07\/70353623.jpg","width":995,"height":1200,"caption":"Der Schriftsteller Hubert Fichte mit einem Springbrunnen in Form einer weiblichen Chim\u00e4re. Aufgenommen in der Parkanlage der Villa d'Este. Referenz: Ronald Kay, H\u00e4lfte des Lebens, D\u00f6lling und Galitz Verlag, 1996 Referenz: Wilfried F. Schoeller, Hubert Fichte und Leonore Mau. Der Schriftsteller und die Fotografin, 2005 R\u00fcckseitenbeschriftung: \"Tivoli (Rom) 1968\" Aufnahmedatum: 1968 Material\/Technik: Foto \/ Silbergelatine auf PE-Papier Bildformat (Foto): 22,6 x 27,1 cm Aufnahmeort: Rom Inventar-Nr.: LM-501763"},{"@type":"BreadcrumbList","@id":"https:\/\/leonore-mau.de\/produkt\/ohne-titel-hubert-fichte-mit-springbrunnen\/#breadcrumb","itemListElement":[{"@type":"ListItem","position":1,"name":"Startseite","item":"https:\/\/leonore-mau.de\/en\/"},{"@type":"ListItem","position":2,"name":"Shop","item":"https:\/\/leonore-mau.de\/en\/shop-2\/"},{"@type":"ListItem","position":3,"name":"Ohne Titel (Hubert Fichte mit Springbrunnen)"}]},{"@type":"WebSite","@id":"https:\/\/leonore-mau.de\/#website","url":"https:\/\/leonore-mau.de\/","name":"Leonore Mau","description":"Fotografin","potentialAction":[{"@type":"SearchAction","target":{"@type":"EntryPoint","urlTemplate":"https:\/\/leonore-mau.de\/?s={search_term_string}"},"query-input":{"@type":"PropertyValueSpecification","valueRequired":true,"valueName":"search_term_string"}}],"inLanguage":"en-US"}]}},"_links":{"self":[{"href":"https:\/\/leonore-mau.de\/en\/wp-json\/wp\/v2\/product\/952","targetHints":{"allow":["GET"]}}],"collection":[{"href":"https:\/\/leonore-mau.de\/en\/wp-json\/wp\/v2\/product"}],"about":[{"href":"https:\/\/leonore-mau.de\/en\/wp-json\/wp\/v2\/types\/product"}],"wp:featuredmedia":[{"embeddable":true,"href":"https:\/\/leonore-mau.de\/en\/wp-json\/wp\/v2\/media\/400"}],"wp:attachment":[{"href":"https:\/\/leonore-mau.de\/en\/wp-json\/wp\/v2\/media?parent=952"}],"wp:term":[{"taxonomy":"product_brand","embeddable":true,"href":"https:\/\/leonore-mau.de\/en\/wp-json\/wp\/v2\/product_brand?post=952"},{"taxonomy":"product_cat","embeddable":true,"href":"https:\/\/leonore-mau.de\/en\/wp-json\/wp\/v2\/product_cat?post=952"},{"taxonomy":"product_tag","embeddable":true,"href":"https:\/\/leonore-mau.de\/en\/wp-json\/wp\/v2\/product_tag?post=952"}],"curies":[{"name":"wp","href":"https:\/\/api.w.org\/{rel}","templated":true}]}}