{"id":955,"date":"2022-07-11T15:16:22","date_gmt":"2022-07-11T13:16:22","guid":{"rendered":"https:\/\/leonore-mau.de\/produkt\/ohne-titel-salvador-allende\/"},"modified":"2022-09-13T23:09:59","modified_gmt":"2022-09-13T21:09:59","slug":"ohne-titel-salvador-allende","status":"publish","type":"product","link":"https:\/\/leonore-mau.de\/en\/produkt\/ohne-titel-salvador-allende\/","title":{"rendered":"Ohne Titel (Salvador Allende)"},"content":{"rendered":"<p>Portr\u00e4t des chilenischen Pr\u00e4sidenten Salvador Allende. Referenz: Leonore Mau, Portr\u00e4ts, Brinkmann &#038; Bose, 2016<\/p>\n","protected":false},"excerpt":{"rendered":"<p>Portr\u00e4t des chilenischen Pr\u00e4sidenten Salvador Allende. Referenz: Leonore Mau, Portr\u00e4ts, Brinkmann &#038; Bose, 2016<\/p>\n","protected":false},"featured_media":403,"template":"","meta":[],"product_brand":[],"product_cat":[4438,17],"product_tag":[393,681,394,1297,389,1793,1794,1795,1796,1797,1798,43,44,1758,728,729,486,703,704,70,71,1733,580,322,323,324,325,326,581,327,328,329,330,331,1766,105,107,404,405,735,1799,1800,1801,1802,1803,1804,93,92,94,91,106,108],"class_list":{"0":"post-955","1":"product","2":"type-product","3":"status-publish","4":"has-post-thumbnail","6":"product_cat-persoenlichkeiten","7":"product_cat-unkategorisiert","8":"product_tag-26-06-1908-11-09-1973","9":"product_tag-3-2_persoenlichkeiten","10":"product_tag-allende","11":"product_tag-brille","12":"product_tag-chile","13":"product_tag-chilenisch","14":"product_tag-chilenische","15":"product_tag-chilenischem","16":"product_tag-chilenischen","17":"product_tag-chilenischer","18":"product_tag-chilenisches","19":"product_tag-fotografin","20":"product_tag-fotografinnen","21":"product_tag-interview","22":"product_tag-krawatte","23":"product_tag-krawatten","24":"product_tag-mann","25":"product_tag-persoenlichkeit","26":"product_tag-persoenlichkeiten","27":"product_tag-photographin","28":"product_tag-photographinnen","29":"product_tag-politik","30":"product_tag-portrait","31":"product_tag-portraitaufnahme","32":"product_tag-portraitfoto","33":"product_tag-portraitfotografie","34":"product_tag-portraitphoto","35":"product_tag-portraitphotographie","36":"product_tag-portraet","37":"product_tag-portraetaufnahme","38":"product_tag-portraetfoto","39":"product_tag-portraetfotografie","40":"product_tag-portraetphoto","41":"product_tag-portraetphotographie","42":"product_tag-praesident","43":"product_tag-s-w-fotografie","44":"product_tag-s-w-photographie","45":"product_tag-salvador","46":"product_tag-salvador-guillermo-allende-gossens","47":"product_tag-schlips","48":"product_tag-schnauzbart","49":"product_tag-schnauzbaerte","50":"product_tag-schnauzbartes","51":"product_tag-schnauzbarts","52":"product_tag-schnauzer","53":"product_tag-schnauzers","54":"product_tag-schwarzweissphotographie","55":"product_tag-schwarz-weiss-fotografie","56":"product_tag-schwarz-weiss-photographie","57":"product_tag-schwarzweissfotografie","58":"product_tag-sw-fotografie","59":"product_tag-sw-photographie","61":"first","62":"instock","63":"shipping-taxable","64":"product-type-simple"},"yoast_head":"<!-- This site is optimized with the Yoast SEO plugin v27.3 - https:\/\/yoast.com\/product\/yoast-seo-wordpress\/ -->\n<title>Ohne Titel (Salvador Allende) - Leonore Mau<\/title>\n<meta name=\"robots\" content=\"index, follow, max-snippet:-1, max-image-preview:large, max-video-preview:-1\" \/>\n<link rel=\"canonical\" href=\"https:\/\/leonore-mau.de\/produkt\/ohne-titel-salvador-allende\/\" \/>\n<meta property=\"og:locale\" content=\"en_US\" \/>\n<meta property=\"og:type\" content=\"article\" \/>\n<meta property=\"og:title\" content=\"Ohne Titel (Salvador Allende) - Leonore Mau\" \/>\n<meta property=\"og:description\" content=\"Portr\u00e4t des chilenischen Pr\u00e4sidenten Salvador Allende. Referenz: Leonore Mau, Portr\u00e4ts, Brinkmann &#038; Bose, 2016\" \/>\n<meta property=\"og:url\" content=\"https:\/\/leonore-mau.de\/produkt\/ohne-titel-salvador-allende\/\" \/>\n<meta property=\"og:site_name\" content=\"Leonore Mau\" \/>\n<meta property=\"article:modified_time\" content=\"2022-09-13T21:09:59+00:00\" \/>\n<meta property=\"og:image\" content=\"https:\/\/leonore-mau.de\/wp-content\/uploads\/2022\/07\/70353640.jpg\" \/>\n\t<meta property=\"og:image:width\" content=\"942\" \/>\n\t<meta property=\"og:image:height\" content=\"1200\" \/>\n\t<meta property=\"og:image:type\" content=\"image\/jpeg\" \/>\n<meta name=\"twitter:card\" content=\"summary_large_image\" \/>\n<script type=\"application\/ld+json\" class=\"yoast-schema-graph\">{\"@context\":\"https:\\\/\\\/schema.org\",\"@graph\":[{\"@type\":\"WebPage\",\"@id\":\"https:\\\/\\\/leonore-mau.de\\\/produkt\\\/ohne-titel-salvador-allende\\\/\",\"url\":\"https:\\\/\\\/leonore-mau.de\\\/produkt\\\/ohne-titel-salvador-allende\\\/\",\"name\":\"Ohne Titel (Salvador Allende) - Leonore Mau\",\"isPartOf\":{\"@id\":\"https:\\\/\\\/leonore-mau.de\\\/#website\"},\"primaryImageOfPage\":{\"@id\":\"https:\\\/\\\/leonore-mau.de\\\/produkt\\\/ohne-titel-salvador-allende\\\/#primaryimage\"},\"image\":{\"@id\":\"https:\\\/\\\/leonore-mau.de\\\/produkt\\\/ohne-titel-salvador-allende\\\/#primaryimage\"},\"thumbnailUrl\":\"https:\\\/\\\/leonore-mau.de\\\/wp-content\\\/uploads\\\/2022\\\/07\\\/70353640.jpg\",\"datePublished\":\"2022-07-11T13:16:22+00:00\",\"dateModified\":\"2022-09-13T21:09:59+00:00\",\"breadcrumb\":{\"@id\":\"https:\\\/\\\/leonore-mau.de\\\/produkt\\\/ohne-titel-salvador-allende\\\/#breadcrumb\"},\"inLanguage\":\"en-US\",\"potentialAction\":[{\"@type\":\"ReadAction\",\"target\":[\"https:\\\/\\\/leonore-mau.de\\\/produkt\\\/ohne-titel-salvador-allende\\\/\"]}]},{\"@type\":\"ImageObject\",\"inLanguage\":\"en-US\",\"@id\":\"https:\\\/\\\/leonore-mau.de\\\/produkt\\\/ohne-titel-salvador-allende\\\/#primaryimage\",\"url\":\"https:\\\/\\\/leonore-mau.de\\\/wp-content\\\/uploads\\\/2022\\\/07\\\/70353640.jpg\",\"contentUrl\":\"https:\\\/\\\/leonore-mau.de\\\/wp-content\\\/uploads\\\/2022\\\/07\\\/70353640.jpg\",\"width\":942,\"height\":1200,\"caption\":\"Portr\u00e4t des chilenischen Pr\u00e4sidenten Salvador Allende. Referenz: Leonore Mau, Portr\u00e4ts, Brinkmann &amp; Bose, 2016 Aufnahmedatum: Juli 1971 Material\\\/Technik: Foto \\\/ Silbergelatine auf Barytpapier Bildformat (Foto): 23,8 x 30,0 cm Aufnahmeort: Santiago de Chile Inventar-Nr.: LM-500782\"},{\"@type\":\"BreadcrumbList\",\"@id\":\"https:\\\/\\\/leonore-mau.de\\\/produkt\\\/ohne-titel-salvador-allende\\\/#breadcrumb\",\"itemListElement\":[{\"@type\":\"ListItem\",\"position\":1,\"name\":\"Startseite\",\"item\":\"https:\\\/\\\/leonore-mau.de\\\/en\\\/\"},{\"@type\":\"ListItem\",\"position\":2,\"name\":\"Shop\",\"item\":\"https:\\\/\\\/leonore-mau.de\\\/en\\\/shop-2\\\/\"},{\"@type\":\"ListItem\",\"position\":3,\"name\":\"Ohne Titel (Salvador Allende)\"}]},{\"@type\":\"WebSite\",\"@id\":\"https:\\\/\\\/leonore-mau.de\\\/#website\",\"url\":\"https:\\\/\\\/leonore-mau.de\\\/\",\"name\":\"Leonore Mau\",\"description\":\"Fotografin\",\"potentialAction\":[{\"@type\":\"SearchAction\",\"target\":{\"@type\":\"EntryPoint\",\"urlTemplate\":\"https:\\\/\\\/leonore-mau.de\\\/?s={search_term_string}\"},\"query-input\":{\"@type\":\"PropertyValueSpecification\",\"valueRequired\":true,\"valueName\":\"search_term_string\"}}],\"inLanguage\":\"en-US\"}]}<\/script>\n<!-- \/ Yoast SEO plugin. -->","yoast_head_json":{"title":"Ohne Titel (Salvador Allende) - Leonore Mau","robots":{"index":"index","follow":"follow","max-snippet":"max-snippet:-1","max-image-preview":"max-image-preview:large","max-video-preview":"max-video-preview:-1"},"canonical":"https:\/\/leonore-mau.de\/produkt\/ohne-titel-salvador-allende\/","og_locale":"en_US","og_type":"article","og_title":"Ohne Titel (Salvador Allende) - Leonore Mau","og_description":"Portr\u00e4t des chilenischen Pr\u00e4sidenten Salvador Allende. Referenz: Leonore Mau, Portr\u00e4ts, Brinkmann &#038; Bose, 2016","og_url":"https:\/\/leonore-mau.de\/produkt\/ohne-titel-salvador-allende\/","og_site_name":"Leonore Mau","article_modified_time":"2022-09-13T21:09:59+00:00","og_image":[{"width":942,"height":1200,"url":"https:\/\/leonore-mau.de\/wp-content\/uploads\/2022\/07\/70353640.jpg","type":"image\/jpeg"}],"twitter_card":"summary_large_image","schema":{"@context":"https:\/\/schema.org","@graph":[{"@type":"WebPage","@id":"https:\/\/leonore-mau.de\/produkt\/ohne-titel-salvador-allende\/","url":"https:\/\/leonore-mau.de\/produkt\/ohne-titel-salvador-allende\/","name":"Ohne Titel (Salvador Allende) - Leonore Mau","isPartOf":{"@id":"https:\/\/leonore-mau.de\/#website"},"primaryImageOfPage":{"@id":"https:\/\/leonore-mau.de\/produkt\/ohne-titel-salvador-allende\/#primaryimage"},"image":{"@id":"https:\/\/leonore-mau.de\/produkt\/ohne-titel-salvador-allende\/#primaryimage"},"thumbnailUrl":"https:\/\/leonore-mau.de\/wp-content\/uploads\/2022\/07\/70353640.jpg","datePublished":"2022-07-11T13:16:22+00:00","dateModified":"2022-09-13T21:09:59+00:00","breadcrumb":{"@id":"https:\/\/leonore-mau.de\/produkt\/ohne-titel-salvador-allende\/#breadcrumb"},"inLanguage":"en-US","potentialAction":[{"@type":"ReadAction","target":["https:\/\/leonore-mau.de\/produkt\/ohne-titel-salvador-allende\/"]}]},{"@type":"ImageObject","inLanguage":"en-US","@id":"https:\/\/leonore-mau.de\/produkt\/ohne-titel-salvador-allende\/#primaryimage","url":"https:\/\/leonore-mau.de\/wp-content\/uploads\/2022\/07\/70353640.jpg","contentUrl":"https:\/\/leonore-mau.de\/wp-content\/uploads\/2022\/07\/70353640.jpg","width":942,"height":1200,"caption":"Portr\u00e4t des chilenischen Pr\u00e4sidenten Salvador Allende. Referenz: Leonore Mau, Portr\u00e4ts, Brinkmann &amp; Bose, 2016 Aufnahmedatum: Juli 1971 Material\/Technik: Foto \/ Silbergelatine auf Barytpapier Bildformat (Foto): 23,8 x 30,0 cm Aufnahmeort: Santiago de Chile Inventar-Nr.: LM-500782"},{"@type":"BreadcrumbList","@id":"https:\/\/leonore-mau.de\/produkt\/ohne-titel-salvador-allende\/#breadcrumb","itemListElement":[{"@type":"ListItem","position":1,"name":"Startseite","item":"https:\/\/leonore-mau.de\/en\/"},{"@type":"ListItem","position":2,"name":"Shop","item":"https:\/\/leonore-mau.de\/en\/shop-2\/"},{"@type":"ListItem","position":3,"name":"Ohne Titel (Salvador Allende)"}]},{"@type":"WebSite","@id":"https:\/\/leonore-mau.de\/#website","url":"https:\/\/leonore-mau.de\/","name":"Leonore Mau","description":"Fotografin","potentialAction":[{"@type":"SearchAction","target":{"@type":"EntryPoint","urlTemplate":"https:\/\/leonore-mau.de\/?s={search_term_string}"},"query-input":{"@type":"PropertyValueSpecification","valueRequired":true,"valueName":"search_term_string"}}],"inLanguage":"en-US"}]}},"_links":{"self":[{"href":"https:\/\/leonore-mau.de\/en\/wp-json\/wp\/v2\/product\/955","targetHints":{"allow":["GET"]}}],"collection":[{"href":"https:\/\/leonore-mau.de\/en\/wp-json\/wp\/v2\/product"}],"about":[{"href":"https:\/\/leonore-mau.de\/en\/wp-json\/wp\/v2\/types\/product"}],"wp:featuredmedia":[{"embeddable":true,"href":"https:\/\/leonore-mau.de\/en\/wp-json\/wp\/v2\/media\/403"}],"wp:attachment":[{"href":"https:\/\/leonore-mau.de\/en\/wp-json\/wp\/v2\/media?parent=955"}],"wp:term":[{"taxonomy":"product_brand","embeddable":true,"href":"https:\/\/leonore-mau.de\/en\/wp-json\/wp\/v2\/product_brand?post=955"},{"taxonomy":"product_cat","embeddable":true,"href":"https:\/\/leonore-mau.de\/en\/wp-json\/wp\/v2\/product_cat?post=955"},{"taxonomy":"product_tag","embeddable":true,"href":"https:\/\/leonore-mau.de\/en\/wp-json\/wp\/v2\/product_tag?post=955"}],"curies":[{"name":"wp","href":"https:\/\/api.w.org\/{rel}","templated":true}]}}