{"id":958,"date":"2022-07-11T15:16:22","date_gmt":"2022-07-11T13:16:22","guid":{"rendered":"https:\/\/leonore-mau.de\/produkt\/ohne-titel-hubert-fichte-im-literarischen-colloquium\/"},"modified":"2022-09-13T23:10:00","modified_gmt":"2022-09-13T21:10:00","slug":"ohne-titel-hubert-fichte-im-literarischen-colloquium","status":"publish","type":"product","link":"https:\/\/leonore-mau.de\/en\/produkt\/ohne-titel-hubert-fichte-im-literarischen-colloquium\/","title":{"rendered":"Ohne Titel (Hubert Fichte im Literarischen Colloquium)"},"content":{"rendered":"<p>Der Schriftsteller Hubert Fichte u.a. mit den Schriftsteller*innen Elfriede Gerstl, Jochaim Neugr\u00f6schel und Jan Huber im Literarischen Colloquium in Berlin. Referenz: Wilfried F. Schoeller, Hubert Fichte und Leonore Mau. Der Schriftsteller und die Fotografin, 2005 Referenz: Ronald Kay, H\u00e4lfte des Lebens, D\u00f6lling und Galitz Verlag, 1996 R\u00fcckseitenbeschriftung: &#8220;Literarisches Colloquium Berlin 1964&#8221;<\/p>\n","protected":false},"excerpt":{"rendered":"<p>Der Schriftsteller Hubert Fichte u.a. mit den Schriftsteller*innen Elfriede Gerstl, Jochaim Neugr\u00f6schel und Jan Huber im Literarischen Colloquium in Berlin. Referenz: Wilfried F. Schoeller, Hubert Fichte und Leonore Mau. Der Schriftsteller und die Fotografin, 2005 Referenz: Ronald Kay, H\u00e4lfte des Lebens, D\u00f6lling und Galitz Verlag, 1996 R\u00fcckseitenbeschriftung: &#8220;Literarisches Colloquium Berlin 1964&#8221;<\/p>\n","protected":false},"featured_media":406,"template":"","meta":[],"product_brand":[],"product_cat":[4437,17],"product_tag":[1816,20,22,24,21,23,1321,26,1221,1222,1817,1818,352,353,1819,1322,43,44,1820,1821,1323,702,70,71,105,107,1233,93,92,94,91,74,536,537,538,539,540,541,542,106,108],"class_list":{"0":"post-958","1":"product","2":"type-product","3":"status-publish","4":"has-post-thumbnail","6":"product_cat-hubert-fichte","7":"product_cat-unkategorisiert","8":"product_tag-16-06-1932-09-04-2009","9":"product_tag-1960er-jahre","10":"product_tag-20-jahrhundert-nach-chr","11":"product_tag-20-jh-n-chr","12":"product_tag-20-jahrhundert","13":"product_tag-20-jh","14":"product_tag-3-1_hubert-fichte","15":"product_tag-60er","16":"product_tag-autor","17":"product_tag-autoren","18":"product_tag-besprechung","19":"product_tag-besprechungen","20":"product_tag-brd","21":"product_tag-bundesrepublik-deutschland","22":"product_tag-elfriede","23":"product_tag-fichte","24":"product_tag-fotografin","25":"product_tag-fotografinnen","26":"product_tag-gedankenaustausch","27":"product_tag-gerstl","28":"product_tag-hubert-21-03-1935-08-03-1986","29":"product_tag-literatur","30":"product_tag-photographin","31":"product_tag-photographinnen","32":"product_tag-s-w-fotografie","33":"product_tag-s-w-photographie","34":"product_tag-schriftsteller","35":"product_tag-schwarzweissphotographie","36":"product_tag-schwarz-weiss-fotografie","37":"product_tag-schwarz-weiss-photographie","38":"product_tag-schwarzweissfotografie","39":"product_tag-sechziger","40":"product_tag-sitzen","41":"product_tag-sitzend","42":"product_tag-sitzende","43":"product_tag-sitzenden","44":"product_tag-sitzender","45":"product_tag-sitzendes","46":"product_tag-sitzt","47":"product_tag-sw-fotografie","48":"product_tag-sw-photographie","50":"first","51":"instock","52":"shipping-taxable","53":"product-type-simple"},"yoast_head":"<!-- This site is optimized with the Yoast SEO plugin v27.3 - https:\/\/yoast.com\/product\/yoast-seo-wordpress\/ -->\n<title>Ohne Titel (Hubert Fichte im Literarischen Colloquium) - Leonore Mau<\/title>\n<meta name=\"robots\" content=\"index, follow, max-snippet:-1, max-image-preview:large, max-video-preview:-1\" \/>\n<link rel=\"canonical\" href=\"https:\/\/leonore-mau.de\/produkt\/ohne-titel-hubert-fichte-im-literarischen-colloquium\/\" \/>\n<meta property=\"og:locale\" content=\"en_US\" \/>\n<meta property=\"og:type\" content=\"article\" \/>\n<meta property=\"og:title\" content=\"Ohne Titel (Hubert Fichte im Literarischen Colloquium) - Leonore Mau\" \/>\n<meta property=\"og:description\" content=\"Der Schriftsteller Hubert Fichte u.a. mit den Schriftsteller*innen Elfriede Gerstl, Jochaim Neugr\u00f6schel und Jan Huber im Literarischen Colloquium in Berlin. Referenz: Wilfried F. Schoeller, Hubert Fichte und Leonore Mau. Der Schriftsteller und die Fotografin, 2005 Referenz: Ronald Kay, H\u00e4lfte des Lebens, D\u00f6lling und Galitz Verlag, 1996 R\u00fcckseitenbeschriftung: &#8220;Literarisches Colloquium Berlin 1964&#8221;\" \/>\n<meta property=\"og:url\" content=\"https:\/\/leonore-mau.de\/produkt\/ohne-titel-hubert-fichte-im-literarischen-colloquium\/\" \/>\n<meta property=\"og:site_name\" content=\"Leonore Mau\" \/>\n<meta property=\"article:modified_time\" content=\"2022-09-13T21:10:00+00:00\" \/>\n<meta property=\"og:image\" content=\"https:\/\/leonore-mau.de\/wp-content\/uploads\/2022\/07\/70353649.jpg\" \/>\n\t<meta property=\"og:image:width\" content=\"1200\" \/>\n\t<meta property=\"og:image:height\" content=\"877\" \/>\n\t<meta property=\"og:image:type\" content=\"image\/jpeg\" \/>\n<meta name=\"twitter:card\" content=\"summary_large_image\" \/>\n<script type=\"application\/ld+json\" class=\"yoast-schema-graph\">{\"@context\":\"https:\\\/\\\/schema.org\",\"@graph\":[{\"@type\":\"WebPage\",\"@id\":\"https:\\\/\\\/leonore-mau.de\\\/produkt\\\/ohne-titel-hubert-fichte-im-literarischen-colloquium\\\/\",\"url\":\"https:\\\/\\\/leonore-mau.de\\\/produkt\\\/ohne-titel-hubert-fichte-im-literarischen-colloquium\\\/\",\"name\":\"Ohne Titel (Hubert Fichte im Literarischen Colloquium) - Leonore Mau\",\"isPartOf\":{\"@id\":\"https:\\\/\\\/leonore-mau.de\\\/#website\"},\"primaryImageOfPage\":{\"@id\":\"https:\\\/\\\/leonore-mau.de\\\/produkt\\\/ohne-titel-hubert-fichte-im-literarischen-colloquium\\\/#primaryimage\"},\"image\":{\"@id\":\"https:\\\/\\\/leonore-mau.de\\\/produkt\\\/ohne-titel-hubert-fichte-im-literarischen-colloquium\\\/#primaryimage\"},\"thumbnailUrl\":\"https:\\\/\\\/leonore-mau.de\\\/wp-content\\\/uploads\\\/2022\\\/07\\\/70353649.jpg\",\"datePublished\":\"2022-07-11T13:16:22+00:00\",\"dateModified\":\"2022-09-13T21:10:00+00:00\",\"breadcrumb\":{\"@id\":\"https:\\\/\\\/leonore-mau.de\\\/produkt\\\/ohne-titel-hubert-fichte-im-literarischen-colloquium\\\/#breadcrumb\"},\"inLanguage\":\"en-US\",\"potentialAction\":[{\"@type\":\"ReadAction\",\"target\":[\"https:\\\/\\\/leonore-mau.de\\\/produkt\\\/ohne-titel-hubert-fichte-im-literarischen-colloquium\\\/\"]}]},{\"@type\":\"ImageObject\",\"inLanguage\":\"en-US\",\"@id\":\"https:\\\/\\\/leonore-mau.de\\\/produkt\\\/ohne-titel-hubert-fichte-im-literarischen-colloquium\\\/#primaryimage\",\"url\":\"https:\\\/\\\/leonore-mau.de\\\/wp-content\\\/uploads\\\/2022\\\/07\\\/70353649.jpg\",\"contentUrl\":\"https:\\\/\\\/leonore-mau.de\\\/wp-content\\\/uploads\\\/2022\\\/07\\\/70353649.jpg\",\"width\":1200,\"height\":877,\"caption\":\"Der Schriftsteller Hubert Fichte u.a. mit den Schriftsteller*innen Elfriede Gerstl, Jochaim Neugr\u00f6schel und Jan Huber im Literarischen Colloquium in Berlin. Referenz: Wilfried F. Schoeller, Hubert Fichte und Leonore Mau. Der Schriftsteller und die Fotografin, 2005 Referenz: Ronald Kay, H\u00e4lfte des Lebens, D\u00f6lling und Galitz Verlag, 1996 R\u00fcckseitenbeschriftung: \\\"Literarisches Colloquium Berlin 1964\\\" Aufnahmedatum: 1964 Material\\\/Technik: Foto \\\/ Silbergelatine auf PE-Papier Bildformat (Foto): 24,0 x 30,4 cm Aufnahmeort: Berlin Inventar-Nr.: LM-500347\"},{\"@type\":\"BreadcrumbList\",\"@id\":\"https:\\\/\\\/leonore-mau.de\\\/produkt\\\/ohne-titel-hubert-fichte-im-literarischen-colloquium\\\/#breadcrumb\",\"itemListElement\":[{\"@type\":\"ListItem\",\"position\":1,\"name\":\"Startseite\",\"item\":\"https:\\\/\\\/leonore-mau.de\\\/en\\\/\"},{\"@type\":\"ListItem\",\"position\":2,\"name\":\"Shop\",\"item\":\"https:\\\/\\\/leonore-mau.de\\\/en\\\/shop-2\\\/\"},{\"@type\":\"ListItem\",\"position\":3,\"name\":\"Ohne Titel (Hubert Fichte im Literarischen Colloquium)\"}]},{\"@type\":\"WebSite\",\"@id\":\"https:\\\/\\\/leonore-mau.de\\\/#website\",\"url\":\"https:\\\/\\\/leonore-mau.de\\\/\",\"name\":\"Leonore Mau\",\"description\":\"Fotografin\",\"potentialAction\":[{\"@type\":\"SearchAction\",\"target\":{\"@type\":\"EntryPoint\",\"urlTemplate\":\"https:\\\/\\\/leonore-mau.de\\\/?s={search_term_string}\"},\"query-input\":{\"@type\":\"PropertyValueSpecification\",\"valueRequired\":true,\"valueName\":\"search_term_string\"}}],\"inLanguage\":\"en-US\"}]}<\/script>\n<!-- \/ Yoast SEO plugin. -->","yoast_head_json":{"title":"Ohne Titel (Hubert Fichte im Literarischen Colloquium) - Leonore Mau","robots":{"index":"index","follow":"follow","max-snippet":"max-snippet:-1","max-image-preview":"max-image-preview:large","max-video-preview":"max-video-preview:-1"},"canonical":"https:\/\/leonore-mau.de\/produkt\/ohne-titel-hubert-fichte-im-literarischen-colloquium\/","og_locale":"en_US","og_type":"article","og_title":"Ohne Titel (Hubert Fichte im Literarischen Colloquium) - Leonore Mau","og_description":"Der Schriftsteller Hubert Fichte u.a. mit den Schriftsteller*innen Elfriede Gerstl, Jochaim Neugr\u00f6schel und Jan Huber im Literarischen Colloquium in Berlin. Referenz: Wilfried F. Schoeller, Hubert Fichte und Leonore Mau. Der Schriftsteller und die Fotografin, 2005 Referenz: Ronald Kay, H\u00e4lfte des Lebens, D\u00f6lling und Galitz Verlag, 1996 R\u00fcckseitenbeschriftung: &#8220;Literarisches Colloquium Berlin 1964&#8221;","og_url":"https:\/\/leonore-mau.de\/produkt\/ohne-titel-hubert-fichte-im-literarischen-colloquium\/","og_site_name":"Leonore Mau","article_modified_time":"2022-09-13T21:10:00+00:00","og_image":[{"width":1200,"height":877,"url":"https:\/\/leonore-mau.de\/wp-content\/uploads\/2022\/07\/70353649.jpg","type":"image\/jpeg"}],"twitter_card":"summary_large_image","schema":{"@context":"https:\/\/schema.org","@graph":[{"@type":"WebPage","@id":"https:\/\/leonore-mau.de\/produkt\/ohne-titel-hubert-fichte-im-literarischen-colloquium\/","url":"https:\/\/leonore-mau.de\/produkt\/ohne-titel-hubert-fichte-im-literarischen-colloquium\/","name":"Ohne Titel (Hubert Fichte im Literarischen Colloquium) - Leonore Mau","isPartOf":{"@id":"https:\/\/leonore-mau.de\/#website"},"primaryImageOfPage":{"@id":"https:\/\/leonore-mau.de\/produkt\/ohne-titel-hubert-fichte-im-literarischen-colloquium\/#primaryimage"},"image":{"@id":"https:\/\/leonore-mau.de\/produkt\/ohne-titel-hubert-fichte-im-literarischen-colloquium\/#primaryimage"},"thumbnailUrl":"https:\/\/leonore-mau.de\/wp-content\/uploads\/2022\/07\/70353649.jpg","datePublished":"2022-07-11T13:16:22+00:00","dateModified":"2022-09-13T21:10:00+00:00","breadcrumb":{"@id":"https:\/\/leonore-mau.de\/produkt\/ohne-titel-hubert-fichte-im-literarischen-colloquium\/#breadcrumb"},"inLanguage":"en-US","potentialAction":[{"@type":"ReadAction","target":["https:\/\/leonore-mau.de\/produkt\/ohne-titel-hubert-fichte-im-literarischen-colloquium\/"]}]},{"@type":"ImageObject","inLanguage":"en-US","@id":"https:\/\/leonore-mau.de\/produkt\/ohne-titel-hubert-fichte-im-literarischen-colloquium\/#primaryimage","url":"https:\/\/leonore-mau.de\/wp-content\/uploads\/2022\/07\/70353649.jpg","contentUrl":"https:\/\/leonore-mau.de\/wp-content\/uploads\/2022\/07\/70353649.jpg","width":1200,"height":877,"caption":"Der Schriftsteller Hubert Fichte u.a. mit den Schriftsteller*innen Elfriede Gerstl, Jochaim Neugr\u00f6schel und Jan Huber im Literarischen Colloquium in Berlin. Referenz: Wilfried F. Schoeller, Hubert Fichte und Leonore Mau. Der Schriftsteller und die Fotografin, 2005 Referenz: Ronald Kay, H\u00e4lfte des Lebens, D\u00f6lling und Galitz Verlag, 1996 R\u00fcckseitenbeschriftung: \"Literarisches Colloquium Berlin 1964\" Aufnahmedatum: 1964 Material\/Technik: Foto \/ Silbergelatine auf PE-Papier Bildformat (Foto): 24,0 x 30,4 cm Aufnahmeort: Berlin Inventar-Nr.: LM-500347"},{"@type":"BreadcrumbList","@id":"https:\/\/leonore-mau.de\/produkt\/ohne-titel-hubert-fichte-im-literarischen-colloquium\/#breadcrumb","itemListElement":[{"@type":"ListItem","position":1,"name":"Startseite","item":"https:\/\/leonore-mau.de\/en\/"},{"@type":"ListItem","position":2,"name":"Shop","item":"https:\/\/leonore-mau.de\/en\/shop-2\/"},{"@type":"ListItem","position":3,"name":"Ohne Titel (Hubert Fichte im Literarischen Colloquium)"}]},{"@type":"WebSite","@id":"https:\/\/leonore-mau.de\/#website","url":"https:\/\/leonore-mau.de\/","name":"Leonore Mau","description":"Fotografin","potentialAction":[{"@type":"SearchAction","target":{"@type":"EntryPoint","urlTemplate":"https:\/\/leonore-mau.de\/?s={search_term_string}"},"query-input":{"@type":"PropertyValueSpecification","valueRequired":true,"valueName":"search_term_string"}}],"inLanguage":"en-US"}]}},"_links":{"self":[{"href":"https:\/\/leonore-mau.de\/en\/wp-json\/wp\/v2\/product\/958","targetHints":{"allow":["GET"]}}],"collection":[{"href":"https:\/\/leonore-mau.de\/en\/wp-json\/wp\/v2\/product"}],"about":[{"href":"https:\/\/leonore-mau.de\/en\/wp-json\/wp\/v2\/types\/product"}],"wp:featuredmedia":[{"embeddable":true,"href":"https:\/\/leonore-mau.de\/en\/wp-json\/wp\/v2\/media\/406"}],"wp:attachment":[{"href":"https:\/\/leonore-mau.de\/en\/wp-json\/wp\/v2\/media?parent=958"}],"wp:term":[{"taxonomy":"product_brand","embeddable":true,"href":"https:\/\/leonore-mau.de\/en\/wp-json\/wp\/v2\/product_brand?post=958"},{"taxonomy":"product_cat","embeddable":true,"href":"https:\/\/leonore-mau.de\/en\/wp-json\/wp\/v2\/product_cat?post=958"},{"taxonomy":"product_tag","embeddable":true,"href":"https:\/\/leonore-mau.de\/en\/wp-json\/wp\/v2\/product_tag?post=958"}],"curies":[{"name":"wp","href":"https:\/\/api.w.org\/{rel}","templated":true}]}}