{"id":969,"date":"2022-07-11T15:16:23","date_gmt":"2022-07-11T13:16:23","guid":{"rendered":"https:\/\/leonore-mau.de\/produkt\/ohne-titel-leonore-mau-mit-ei-und-rolleiflex-kamera-vor-dem-spiegel\/"},"modified":"2022-09-13T23:10:04","modified_gmt":"2022-09-13T21:10:04","slug":"ohne-titel-leonore-mau-mit-ei-und-rolleiflex-kamera-vor-dem-spiegel","status":"publish","type":"product","link":"https:\/\/leonore-mau.de\/en\/produkt\/ohne-titel-leonore-mau-mit-ei-und-rolleiflex-kamera-vor-dem-spiegel\/","title":{"rendered":"Ohne Titel (Leonore Mau mit Ei und Rolleiflex-Kamera vor dem Spiegel)"},"content":{"rendered":"<p>Die Fotografin Leonore Mau mit Ei und Rolleiflex-Kamera vor dem Spiegel. Aufgenommen in der D\u00fcrerstra\u00dfe in Othmarschen, Hamburg. R\u00fcckseitenbeschriftung: &#8220;1967&#8221;<\/p>\n","protected":false},"excerpt":{"rendered":"<p>Die Fotografin Leonore Mau mit Ei und Rolleiflex-Kamera vor dem Spiegel. Aufgenommen in der D\u00fcrerstra\u00dfe in Othmarschen, Hamburg. R\u00fcckseitenbeschriftung: &#8220;1967&#8221;<\/p>\n","protected":false},"featured_media":417,"template":"","meta":[],"product_brand":[],"product_cat":[17],"product_tag":[20,314,22,24,21,23,26,352,353,1871,1872,1873,1874,336,337,43,44,338,339,354,905,340,341,70,71,342,343,105,107,93,92,94,91,74,344,345,346,347,348,349,106,108],"class_list":{"0":"post-969","1":"product","2":"type-product","3":"status-publish","4":"has-post-thumbnail","6":"product_cat-unkategorisiert","7":"product_tag-1960er-jahre","8":"product_tag-2_zur-person","9":"product_tag-20-jahrhundert-nach-chr","10":"product_tag-20-jh-n-chr","11":"product_tag-20-jahrhundert","12":"product_tag-20-jh","13":"product_tag-60er","14":"product_tag-brd","15":"product_tag-bundesrepublik-deutschland","16":"product_tag-deckenlampe","17":"product_tag-deckenlampen","18":"product_tag-deckenleuchte","19":"product_tag-deckenleuchten","20":"product_tag-fotoapparat","21":"product_tag-fotoapparate","22":"product_tag-fotografin","23":"product_tag-fotografinnen","24":"product_tag-fotokamera","25":"product_tag-fotokameras","26":"product_tag-frau","27":"product_tag-hand","28":"product_tag-photoapparat","29":"product_tag-photoapparate","30":"product_tag-photographin","31":"product_tag-photographinnen","32":"product_tag-photokamera","33":"product_tag-photokameras","34":"product_tag-s-w-fotografie","35":"product_tag-s-w-photographie","36":"product_tag-schwarzweissphotographie","37":"product_tag-schwarz-weiss-fotografie","38":"product_tag-schwarz-weiss-photographie","39":"product_tag-schwarzweissfotografie","40":"product_tag-sechziger","41":"product_tag-selbstbildnis","42":"product_tag-selbstbildnisse","43":"product_tag-selbstportrait","44":"product_tag-selbstportraits","45":"product_tag-selbstportraet","46":"product_tag-selbstportraets","47":"product_tag-sw-fotografie","48":"product_tag-sw-photographie","50":"first","51":"instock","52":"shipping-taxable","53":"product-type-simple"},"yoast_head":"<!-- This site is optimized with the Yoast SEO plugin v27.3 - https:\/\/yoast.com\/product\/yoast-seo-wordpress\/ -->\n<title>Ohne Titel (Leonore Mau mit Ei und Rolleiflex-Kamera vor dem Spiegel) - Leonore Mau<\/title>\n<meta name=\"robots\" content=\"index, follow, max-snippet:-1, max-image-preview:large, max-video-preview:-1\" \/>\n<link rel=\"canonical\" href=\"https:\/\/leonore-mau.de\/produkt\/ohne-titel-leonore-mau-mit-ei-und-rolleiflex-kamera-vor-dem-spiegel\/\" \/>\n<meta property=\"og:locale\" content=\"en_US\" \/>\n<meta property=\"og:type\" content=\"article\" \/>\n<meta property=\"og:title\" content=\"Ohne Titel (Leonore Mau mit Ei und Rolleiflex-Kamera vor dem Spiegel) - Leonore Mau\" \/>\n<meta property=\"og:description\" content=\"Die Fotografin Leonore Mau mit Ei und Rolleiflex-Kamera vor dem Spiegel. Aufgenommen in der D\u00fcrerstra\u00dfe in Othmarschen, Hamburg. R\u00fcckseitenbeschriftung: &#8220;1967&#8221;\" \/>\n<meta property=\"og:url\" content=\"https:\/\/leonore-mau.de\/produkt\/ohne-titel-leonore-mau-mit-ei-und-rolleiflex-kamera-vor-dem-spiegel\/\" \/>\n<meta property=\"og:site_name\" content=\"Leonore Mau\" \/>\n<meta property=\"article:modified_time\" content=\"2022-09-13T21:10:04+00:00\" \/>\n<meta property=\"og:image\" content=\"https:\/\/leonore-mau.de\/wp-content\/uploads\/2022\/07\/70353671.jpg\" \/>\n\t<meta property=\"og:image:width\" content=\"897\" \/>\n\t<meta property=\"og:image:height\" content=\"1200\" \/>\n\t<meta property=\"og:image:type\" content=\"image\/jpeg\" \/>\n<meta name=\"twitter:card\" content=\"summary_large_image\" \/>\n<script type=\"application\/ld+json\" class=\"yoast-schema-graph\">{\"@context\":\"https:\\\/\\\/schema.org\",\"@graph\":[{\"@type\":\"WebPage\",\"@id\":\"https:\\\/\\\/leonore-mau.de\\\/produkt\\\/ohne-titel-leonore-mau-mit-ei-und-rolleiflex-kamera-vor-dem-spiegel\\\/\",\"url\":\"https:\\\/\\\/leonore-mau.de\\\/produkt\\\/ohne-titel-leonore-mau-mit-ei-und-rolleiflex-kamera-vor-dem-spiegel\\\/\",\"name\":\"Ohne Titel (Leonore Mau mit Ei und Rolleiflex-Kamera vor dem Spiegel) - Leonore Mau\",\"isPartOf\":{\"@id\":\"https:\\\/\\\/leonore-mau.de\\\/#website\"},\"primaryImageOfPage\":{\"@id\":\"https:\\\/\\\/leonore-mau.de\\\/produkt\\\/ohne-titel-leonore-mau-mit-ei-und-rolleiflex-kamera-vor-dem-spiegel\\\/#primaryimage\"},\"image\":{\"@id\":\"https:\\\/\\\/leonore-mau.de\\\/produkt\\\/ohne-titel-leonore-mau-mit-ei-und-rolleiflex-kamera-vor-dem-spiegel\\\/#primaryimage\"},\"thumbnailUrl\":\"https:\\\/\\\/leonore-mau.de\\\/wp-content\\\/uploads\\\/2022\\\/07\\\/70353671.jpg\",\"datePublished\":\"2022-07-11T13:16:23+00:00\",\"dateModified\":\"2022-09-13T21:10:04+00:00\",\"breadcrumb\":{\"@id\":\"https:\\\/\\\/leonore-mau.de\\\/produkt\\\/ohne-titel-leonore-mau-mit-ei-und-rolleiflex-kamera-vor-dem-spiegel\\\/#breadcrumb\"},\"inLanguage\":\"en-US\",\"potentialAction\":[{\"@type\":\"ReadAction\",\"target\":[\"https:\\\/\\\/leonore-mau.de\\\/produkt\\\/ohne-titel-leonore-mau-mit-ei-und-rolleiflex-kamera-vor-dem-spiegel\\\/\"]}]},{\"@type\":\"ImageObject\",\"inLanguage\":\"en-US\",\"@id\":\"https:\\\/\\\/leonore-mau.de\\\/produkt\\\/ohne-titel-leonore-mau-mit-ei-und-rolleiflex-kamera-vor-dem-spiegel\\\/#primaryimage\",\"url\":\"https:\\\/\\\/leonore-mau.de\\\/wp-content\\\/uploads\\\/2022\\\/07\\\/70353671.jpg\",\"contentUrl\":\"https:\\\/\\\/leonore-mau.de\\\/wp-content\\\/uploads\\\/2022\\\/07\\\/70353671.jpg\",\"width\":897,\"height\":1200,\"caption\":\"Die Fotografin Leonore Mau mit Ei und Rolleiflex-Kamera vor dem Spiegel. Aufgenommen in der D\u00fcrerstra\u00dfe in Othmarschen, Hamburg. R\u00fcckseitenbeschriftung: \\\"1967\\\" Aufnahmedatum: 03.10.1967 Material\\\/Technik: Foto \\\/ Silbergelatine auf PE-Papier Bildformat (Foto): 30,3 x 40,5 cm Aufnahmeort: Hamburg Inventar-Nr.: LM-500067\"},{\"@type\":\"BreadcrumbList\",\"@id\":\"https:\\\/\\\/leonore-mau.de\\\/produkt\\\/ohne-titel-leonore-mau-mit-ei-und-rolleiflex-kamera-vor-dem-spiegel\\\/#breadcrumb\",\"itemListElement\":[{\"@type\":\"ListItem\",\"position\":1,\"name\":\"Startseite\",\"item\":\"https:\\\/\\\/leonore-mau.de\\\/en\\\/\"},{\"@type\":\"ListItem\",\"position\":2,\"name\":\"Shop\",\"item\":\"https:\\\/\\\/leonore-mau.de\\\/en\\\/shop-2\\\/\"},{\"@type\":\"ListItem\",\"position\":3,\"name\":\"Ohne Titel (Leonore Mau mit Ei und Rolleiflex-Kamera vor dem Spiegel)\"}]},{\"@type\":\"WebSite\",\"@id\":\"https:\\\/\\\/leonore-mau.de\\\/#website\",\"url\":\"https:\\\/\\\/leonore-mau.de\\\/\",\"name\":\"Leonore Mau\",\"description\":\"Fotografin\",\"potentialAction\":[{\"@type\":\"SearchAction\",\"target\":{\"@type\":\"EntryPoint\",\"urlTemplate\":\"https:\\\/\\\/leonore-mau.de\\\/?s={search_term_string}\"},\"query-input\":{\"@type\":\"PropertyValueSpecification\",\"valueRequired\":true,\"valueName\":\"search_term_string\"}}],\"inLanguage\":\"en-US\"}]}<\/script>\n<!-- \/ Yoast SEO plugin. -->","yoast_head_json":{"title":"Ohne Titel (Leonore Mau mit Ei und Rolleiflex-Kamera vor dem Spiegel) - Leonore Mau","robots":{"index":"index","follow":"follow","max-snippet":"max-snippet:-1","max-image-preview":"max-image-preview:large","max-video-preview":"max-video-preview:-1"},"canonical":"https:\/\/leonore-mau.de\/produkt\/ohne-titel-leonore-mau-mit-ei-und-rolleiflex-kamera-vor-dem-spiegel\/","og_locale":"en_US","og_type":"article","og_title":"Ohne Titel (Leonore Mau mit Ei und Rolleiflex-Kamera vor dem Spiegel) - Leonore Mau","og_description":"Die Fotografin Leonore Mau mit Ei und Rolleiflex-Kamera vor dem Spiegel. Aufgenommen in der D\u00fcrerstra\u00dfe in Othmarschen, Hamburg. R\u00fcckseitenbeschriftung: &#8220;1967&#8221;","og_url":"https:\/\/leonore-mau.de\/produkt\/ohne-titel-leonore-mau-mit-ei-und-rolleiflex-kamera-vor-dem-spiegel\/","og_site_name":"Leonore Mau","article_modified_time":"2022-09-13T21:10:04+00:00","og_image":[{"width":897,"height":1200,"url":"https:\/\/leonore-mau.de\/wp-content\/uploads\/2022\/07\/70353671.jpg","type":"image\/jpeg"}],"twitter_card":"summary_large_image","schema":{"@context":"https:\/\/schema.org","@graph":[{"@type":"WebPage","@id":"https:\/\/leonore-mau.de\/produkt\/ohne-titel-leonore-mau-mit-ei-und-rolleiflex-kamera-vor-dem-spiegel\/","url":"https:\/\/leonore-mau.de\/produkt\/ohne-titel-leonore-mau-mit-ei-und-rolleiflex-kamera-vor-dem-spiegel\/","name":"Ohne Titel (Leonore Mau mit Ei und Rolleiflex-Kamera vor dem Spiegel) - Leonore Mau","isPartOf":{"@id":"https:\/\/leonore-mau.de\/#website"},"primaryImageOfPage":{"@id":"https:\/\/leonore-mau.de\/produkt\/ohne-titel-leonore-mau-mit-ei-und-rolleiflex-kamera-vor-dem-spiegel\/#primaryimage"},"image":{"@id":"https:\/\/leonore-mau.de\/produkt\/ohne-titel-leonore-mau-mit-ei-und-rolleiflex-kamera-vor-dem-spiegel\/#primaryimage"},"thumbnailUrl":"https:\/\/leonore-mau.de\/wp-content\/uploads\/2022\/07\/70353671.jpg","datePublished":"2022-07-11T13:16:23+00:00","dateModified":"2022-09-13T21:10:04+00:00","breadcrumb":{"@id":"https:\/\/leonore-mau.de\/produkt\/ohne-titel-leonore-mau-mit-ei-und-rolleiflex-kamera-vor-dem-spiegel\/#breadcrumb"},"inLanguage":"en-US","potentialAction":[{"@type":"ReadAction","target":["https:\/\/leonore-mau.de\/produkt\/ohne-titel-leonore-mau-mit-ei-und-rolleiflex-kamera-vor-dem-spiegel\/"]}]},{"@type":"ImageObject","inLanguage":"en-US","@id":"https:\/\/leonore-mau.de\/produkt\/ohne-titel-leonore-mau-mit-ei-und-rolleiflex-kamera-vor-dem-spiegel\/#primaryimage","url":"https:\/\/leonore-mau.de\/wp-content\/uploads\/2022\/07\/70353671.jpg","contentUrl":"https:\/\/leonore-mau.de\/wp-content\/uploads\/2022\/07\/70353671.jpg","width":897,"height":1200,"caption":"Die Fotografin Leonore Mau mit Ei und Rolleiflex-Kamera vor dem Spiegel. Aufgenommen in der D\u00fcrerstra\u00dfe in Othmarschen, Hamburg. R\u00fcckseitenbeschriftung: \"1967\" Aufnahmedatum: 03.10.1967 Material\/Technik: Foto \/ Silbergelatine auf PE-Papier Bildformat (Foto): 30,3 x 40,5 cm Aufnahmeort: Hamburg Inventar-Nr.: LM-500067"},{"@type":"BreadcrumbList","@id":"https:\/\/leonore-mau.de\/produkt\/ohne-titel-leonore-mau-mit-ei-und-rolleiflex-kamera-vor-dem-spiegel\/#breadcrumb","itemListElement":[{"@type":"ListItem","position":1,"name":"Startseite","item":"https:\/\/leonore-mau.de\/en\/"},{"@type":"ListItem","position":2,"name":"Shop","item":"https:\/\/leonore-mau.de\/en\/shop-2\/"},{"@type":"ListItem","position":3,"name":"Ohne Titel (Leonore Mau mit Ei und Rolleiflex-Kamera vor dem Spiegel)"}]},{"@type":"WebSite","@id":"https:\/\/leonore-mau.de\/#website","url":"https:\/\/leonore-mau.de\/","name":"Leonore Mau","description":"Fotografin","potentialAction":[{"@type":"SearchAction","target":{"@type":"EntryPoint","urlTemplate":"https:\/\/leonore-mau.de\/?s={search_term_string}"},"query-input":{"@type":"PropertyValueSpecification","valueRequired":true,"valueName":"search_term_string"}}],"inLanguage":"en-US"}]}},"_links":{"self":[{"href":"https:\/\/leonore-mau.de\/en\/wp-json\/wp\/v2\/product\/969","targetHints":{"allow":["GET"]}}],"collection":[{"href":"https:\/\/leonore-mau.de\/en\/wp-json\/wp\/v2\/product"}],"about":[{"href":"https:\/\/leonore-mau.de\/en\/wp-json\/wp\/v2\/types\/product"}],"wp:featuredmedia":[{"embeddable":true,"href":"https:\/\/leonore-mau.de\/en\/wp-json\/wp\/v2\/media\/417"}],"wp:attachment":[{"href":"https:\/\/leonore-mau.de\/en\/wp-json\/wp\/v2\/media?parent=969"}],"wp:term":[{"taxonomy":"product_brand","embeddable":true,"href":"https:\/\/leonore-mau.de\/en\/wp-json\/wp\/v2\/product_brand?post=969"},{"taxonomy":"product_cat","embeddable":true,"href":"https:\/\/leonore-mau.de\/en\/wp-json\/wp\/v2\/product_cat?post=969"},{"taxonomy":"product_tag","embeddable":true,"href":"https:\/\/leonore-mau.de\/en\/wp-json\/wp\/v2\/product_tag?post=969"}],"curies":[{"name":"wp","href":"https:\/\/api.w.org\/{rel}","templated":true}]}}