{"id":974,"date":"2022-07-11T15:16:24","date_gmt":"2022-07-11T13:16:24","guid":{"rendered":"https:\/\/leonore-mau.de\/produkt\/ohne-titel-hubert-fichte-beim-maler-andr-pierre\/"},"modified":"2022-09-13T23:10:06","modified_gmt":"2022-09-13T21:10:06","slug":"ohne-titel-hubert-fichte-beim-maler-andr-pierre","status":"publish","type":"product","link":"https:\/\/leonore-mau.de\/en\/produkt\/ohne-titel-hubert-fichte-beim-maler-andr-pierre\/","title":{"rendered":"Ohne Titel (Hubert Fichte beim Maler Andr\u00e9 Pierre)"},"content":{"rendered":"<p>&#8220;Bei dem Maler Andr\u00e9 Pierre in Croix de Mission.&#8221; Referenz: Ronald Kay, H\u00e4lfte des Lebens, D\u00f6lling und Galitz Verlag, 1996 R\u00fcckseitenbeschriftung: &#8220;Haiti, 1972&#8221;<\/p>\n","protected":false},"excerpt":{"rendered":"<p>&#8220;Bei dem Maler Andr\u00e9 Pierre in Croix de Mission.&#8221; Referenz: Ronald Kay, H\u00e4lfte des Lebens, D\u00f6lling und Galitz Verlag, 1996 R\u00fcckseitenbeschriftung: &#8220;Haiti, 1972&#8221;<\/p>\n","protected":false},"featured_media":422,"template":"","meta":[],"product_brand":[],"product_cat":[4437,17],"product_tag":[78,22,24,21,23,1321,80,84,1221,1222,1322,43,44,1886,1754,1755,1756,1757,239,1323,1758,206,1759,1760,1194,1195,1196,1197,1198,1734,560,1887,1888,70,71,1851,1852,1853,1854,1739,105,107,1233,93,92,94,91,95,536,537,538,539,540,541,542,1889,997,106,108],"class_list":{"0":"post-974","1":"product","2":"type-product","3":"status-publish","4":"has-post-thumbnail","6":"product_cat-hubert-fichte","7":"product_cat-unkategorisiert","8":"product_tag-1970er-jahre","9":"product_tag-20-jahrhundert-nach-chr","10":"product_tag-20-jh-n-chr","11":"product_tag-20-jahrhundert","12":"product_tag-20-jh","13":"product_tag-3-1_hubert-fichte","14":"product_tag-70er","15":"product_tag-ausland","16":"product_tag-autor","17":"product_tag-autoren","18":"product_tag-fichte","19":"product_tag-fotografin","20":"product_tag-fotografinnen","21":"product_tag-gemaelde","22":"product_tag-gespraech","23":"product_tag-gespraeche","24":"product_tag-gespraeches","25":"product_tag-gespraechs","26":"product_tag-holzstuhl","27":"product_tag-hubert-21-03-1935-08-03-1986","28":"product_tag-interview","29":"product_tag-karibik","30":"product_tag-konversation","31":"product_tag-konversationen","32":"product_tag-kuenstlerportrait","33":"product_tag-kuenstlerportraits","34":"product_tag-kuenstlerportraet","35":"product_tag-kuenstlerportraets","36":"product_tag-maler","37":"product_tag-malerei","38":"product_tag-maenner","39":"product_tag-naiv","40":"product_tag-naive-kunst","41":"product_tag-photographin","42":"product_tag-photographinnen","43":"product_tag-profil","44":"product_tag-profilansicht","45":"product_tag-profilbild","46":"product_tag-profilbildnis","47":"product_tag-reise","48":"product_tag-s-w-fotografie","49":"product_tag-s-w-photographie","50":"product_tag-schriftsteller","51":"product_tag-schwarzweissphotographie","52":"product_tag-schwarz-weiss-fotografie","53":"product_tag-schwarz-weiss-photographie","54":"product_tag-schwarzweissfotografie","55":"product_tag-siebziger","56":"product_tag-sitzen","57":"product_tag-sitzend","58":"product_tag-sitzende","59":"product_tag-sitzenden","60":"product_tag-sitzender","61":"product_tag-sitzendes","62":"product_tag-sitzt","63":"product_tag-staffelei","64":"product_tag-stehend","65":"product_tag-sw-fotografie","66":"product_tag-sw-photographie","68":"first","69":"instock","70":"shipping-taxable","71":"product-type-simple"},"yoast_head":"<!-- This site is optimized with the Yoast SEO plugin v27.3 - https:\/\/yoast.com\/product\/yoast-seo-wordpress\/ -->\n<title>Ohne Titel (Hubert Fichte beim Maler Andr\u00e9 Pierre) - Leonore Mau<\/title>\n<meta name=\"robots\" content=\"index, follow, max-snippet:-1, max-image-preview:large, max-video-preview:-1\" \/>\n<link rel=\"canonical\" href=\"https:\/\/leonore-mau.de\/produkt\/ohne-titel-hubert-fichte-beim-maler-andr-pierre\/\" \/>\n<meta property=\"og:locale\" content=\"en_US\" \/>\n<meta property=\"og:type\" content=\"article\" \/>\n<meta property=\"og:title\" content=\"Ohne Titel (Hubert Fichte beim Maler Andr\u00e9 Pierre) - Leonore Mau\" \/>\n<meta property=\"og:description\" content=\"&#8220;Bei dem Maler Andr\u00e9 Pierre in Croix de Mission.&#8221; Referenz: Ronald Kay, H\u00e4lfte des Lebens, D\u00f6lling und Galitz Verlag, 1996 R\u00fcckseitenbeschriftung: &#8220;Haiti, 1972&#8221;\" \/>\n<meta property=\"og:url\" content=\"https:\/\/leonore-mau.de\/produkt\/ohne-titel-hubert-fichte-beim-maler-andr-pierre\/\" \/>\n<meta property=\"og:site_name\" content=\"Leonore Mau\" \/>\n<meta property=\"article:modified_time\" content=\"2022-09-13T21:10:06+00:00\" \/>\n<meta property=\"og:image\" content=\"https:\/\/leonore-mau.de\/wp-content\/uploads\/2022\/07\/70353683.jpg\" \/>\n\t<meta property=\"og:image:width\" content=\"1073\" \/>\n\t<meta property=\"og:image:height\" content=\"1200\" \/>\n\t<meta property=\"og:image:type\" content=\"image\/jpeg\" \/>\n<meta name=\"twitter:card\" content=\"summary_large_image\" \/>\n<script type=\"application\/ld+json\" class=\"yoast-schema-graph\">{\"@context\":\"https:\\\/\\\/schema.org\",\"@graph\":[{\"@type\":\"WebPage\",\"@id\":\"https:\\\/\\\/leonore-mau.de\\\/produkt\\\/ohne-titel-hubert-fichte-beim-maler-andr-pierre\\\/\",\"url\":\"https:\\\/\\\/leonore-mau.de\\\/produkt\\\/ohne-titel-hubert-fichte-beim-maler-andr-pierre\\\/\",\"name\":\"Ohne Titel (Hubert Fichte beim Maler Andr\u00e9 Pierre) - Leonore Mau\",\"isPartOf\":{\"@id\":\"https:\\\/\\\/leonore-mau.de\\\/#website\"},\"primaryImageOfPage\":{\"@id\":\"https:\\\/\\\/leonore-mau.de\\\/produkt\\\/ohne-titel-hubert-fichte-beim-maler-andr-pierre\\\/#primaryimage\"},\"image\":{\"@id\":\"https:\\\/\\\/leonore-mau.de\\\/produkt\\\/ohne-titel-hubert-fichte-beim-maler-andr-pierre\\\/#primaryimage\"},\"thumbnailUrl\":\"https:\\\/\\\/leonore-mau.de\\\/wp-content\\\/uploads\\\/2022\\\/07\\\/70353683.jpg\",\"datePublished\":\"2022-07-11T13:16:24+00:00\",\"dateModified\":\"2022-09-13T21:10:06+00:00\",\"breadcrumb\":{\"@id\":\"https:\\\/\\\/leonore-mau.de\\\/produkt\\\/ohne-titel-hubert-fichte-beim-maler-andr-pierre\\\/#breadcrumb\"},\"inLanguage\":\"en-US\",\"potentialAction\":[{\"@type\":\"ReadAction\",\"target\":[\"https:\\\/\\\/leonore-mau.de\\\/produkt\\\/ohne-titel-hubert-fichte-beim-maler-andr-pierre\\\/\"]}]},{\"@type\":\"ImageObject\",\"inLanguage\":\"en-US\",\"@id\":\"https:\\\/\\\/leonore-mau.de\\\/produkt\\\/ohne-titel-hubert-fichte-beim-maler-andr-pierre\\\/#primaryimage\",\"url\":\"https:\\\/\\\/leonore-mau.de\\\/wp-content\\\/uploads\\\/2022\\\/07\\\/70353683.jpg\",\"contentUrl\":\"https:\\\/\\\/leonore-mau.de\\\/wp-content\\\/uploads\\\/2022\\\/07\\\/70353683.jpg\",\"width\":1073,\"height\":1200,\"caption\":\"\\\"Bei dem Maler Andr\u00e9 Pierre in Croix de Mission.\\\" Referenz: Ronald Kay, H\u00e4lfte des Lebens, D\u00f6lling und Galitz Verlag, 1996 R\u00fcckseitenbeschriftung: \\\"Haiti, 1972\\\" Aufnahmedatum: 1972 Material\\\/Technik: Foto \\\/ Silbergelatine auf PE-Papier Bildformat (Foto): 17,5 x 24,0 cm Aufnahmeort: Haiti Inventar-Nr.: LM-501778\"},{\"@type\":\"BreadcrumbList\",\"@id\":\"https:\\\/\\\/leonore-mau.de\\\/produkt\\\/ohne-titel-hubert-fichte-beim-maler-andr-pierre\\\/#breadcrumb\",\"itemListElement\":[{\"@type\":\"ListItem\",\"position\":1,\"name\":\"Startseite\",\"item\":\"https:\\\/\\\/leonore-mau.de\\\/en\\\/\"},{\"@type\":\"ListItem\",\"position\":2,\"name\":\"Shop\",\"item\":\"https:\\\/\\\/leonore-mau.de\\\/en\\\/shop-2\\\/\"},{\"@type\":\"ListItem\",\"position\":3,\"name\":\"Ohne Titel (Hubert Fichte beim Maler Andr\u00e9 Pierre)\"}]},{\"@type\":\"WebSite\",\"@id\":\"https:\\\/\\\/leonore-mau.de\\\/#website\",\"url\":\"https:\\\/\\\/leonore-mau.de\\\/\",\"name\":\"Leonore Mau\",\"description\":\"Fotografin\",\"potentialAction\":[{\"@type\":\"SearchAction\",\"target\":{\"@type\":\"EntryPoint\",\"urlTemplate\":\"https:\\\/\\\/leonore-mau.de\\\/?s={search_term_string}\"},\"query-input\":{\"@type\":\"PropertyValueSpecification\",\"valueRequired\":true,\"valueName\":\"search_term_string\"}}],\"inLanguage\":\"en-US\"}]}<\/script>\n<!-- \/ Yoast SEO plugin. -->","yoast_head_json":{"title":"Ohne Titel (Hubert Fichte beim Maler Andr\u00e9 Pierre) - Leonore Mau","robots":{"index":"index","follow":"follow","max-snippet":"max-snippet:-1","max-image-preview":"max-image-preview:large","max-video-preview":"max-video-preview:-1"},"canonical":"https:\/\/leonore-mau.de\/produkt\/ohne-titel-hubert-fichte-beim-maler-andr-pierre\/","og_locale":"en_US","og_type":"article","og_title":"Ohne Titel (Hubert Fichte beim Maler Andr\u00e9 Pierre) - Leonore Mau","og_description":"&#8220;Bei dem Maler Andr\u00e9 Pierre in Croix de Mission.&#8221; Referenz: Ronald Kay, H\u00e4lfte des Lebens, D\u00f6lling und Galitz Verlag, 1996 R\u00fcckseitenbeschriftung: &#8220;Haiti, 1972&#8221;","og_url":"https:\/\/leonore-mau.de\/produkt\/ohne-titel-hubert-fichte-beim-maler-andr-pierre\/","og_site_name":"Leonore Mau","article_modified_time":"2022-09-13T21:10:06+00:00","og_image":[{"width":1073,"height":1200,"url":"https:\/\/leonore-mau.de\/wp-content\/uploads\/2022\/07\/70353683.jpg","type":"image\/jpeg"}],"twitter_card":"summary_large_image","schema":{"@context":"https:\/\/schema.org","@graph":[{"@type":"WebPage","@id":"https:\/\/leonore-mau.de\/produkt\/ohne-titel-hubert-fichte-beim-maler-andr-pierre\/","url":"https:\/\/leonore-mau.de\/produkt\/ohne-titel-hubert-fichte-beim-maler-andr-pierre\/","name":"Ohne Titel (Hubert Fichte beim Maler Andr\u00e9 Pierre) - Leonore Mau","isPartOf":{"@id":"https:\/\/leonore-mau.de\/#website"},"primaryImageOfPage":{"@id":"https:\/\/leonore-mau.de\/produkt\/ohne-titel-hubert-fichte-beim-maler-andr-pierre\/#primaryimage"},"image":{"@id":"https:\/\/leonore-mau.de\/produkt\/ohne-titel-hubert-fichte-beim-maler-andr-pierre\/#primaryimage"},"thumbnailUrl":"https:\/\/leonore-mau.de\/wp-content\/uploads\/2022\/07\/70353683.jpg","datePublished":"2022-07-11T13:16:24+00:00","dateModified":"2022-09-13T21:10:06+00:00","breadcrumb":{"@id":"https:\/\/leonore-mau.de\/produkt\/ohne-titel-hubert-fichte-beim-maler-andr-pierre\/#breadcrumb"},"inLanguage":"en-US","potentialAction":[{"@type":"ReadAction","target":["https:\/\/leonore-mau.de\/produkt\/ohne-titel-hubert-fichte-beim-maler-andr-pierre\/"]}]},{"@type":"ImageObject","inLanguage":"en-US","@id":"https:\/\/leonore-mau.de\/produkt\/ohne-titel-hubert-fichte-beim-maler-andr-pierre\/#primaryimage","url":"https:\/\/leonore-mau.de\/wp-content\/uploads\/2022\/07\/70353683.jpg","contentUrl":"https:\/\/leonore-mau.de\/wp-content\/uploads\/2022\/07\/70353683.jpg","width":1073,"height":1200,"caption":"\"Bei dem Maler Andr\u00e9 Pierre in Croix de Mission.\" Referenz: Ronald Kay, H\u00e4lfte des Lebens, D\u00f6lling und Galitz Verlag, 1996 R\u00fcckseitenbeschriftung: \"Haiti, 1972\" Aufnahmedatum: 1972 Material\/Technik: Foto \/ Silbergelatine auf PE-Papier Bildformat (Foto): 17,5 x 24,0 cm Aufnahmeort: Haiti Inventar-Nr.: LM-501778"},{"@type":"BreadcrumbList","@id":"https:\/\/leonore-mau.de\/produkt\/ohne-titel-hubert-fichte-beim-maler-andr-pierre\/#breadcrumb","itemListElement":[{"@type":"ListItem","position":1,"name":"Startseite","item":"https:\/\/leonore-mau.de\/en\/"},{"@type":"ListItem","position":2,"name":"Shop","item":"https:\/\/leonore-mau.de\/en\/shop-2\/"},{"@type":"ListItem","position":3,"name":"Ohne Titel (Hubert Fichte beim Maler Andr\u00e9 Pierre)"}]},{"@type":"WebSite","@id":"https:\/\/leonore-mau.de\/#website","url":"https:\/\/leonore-mau.de\/","name":"Leonore Mau","description":"Fotografin","potentialAction":[{"@type":"SearchAction","target":{"@type":"EntryPoint","urlTemplate":"https:\/\/leonore-mau.de\/?s={search_term_string}"},"query-input":{"@type":"PropertyValueSpecification","valueRequired":true,"valueName":"search_term_string"}}],"inLanguage":"en-US"}]}},"_links":{"self":[{"href":"https:\/\/leonore-mau.de\/en\/wp-json\/wp\/v2\/product\/974","targetHints":{"allow":["GET"]}}],"collection":[{"href":"https:\/\/leonore-mau.de\/en\/wp-json\/wp\/v2\/product"}],"about":[{"href":"https:\/\/leonore-mau.de\/en\/wp-json\/wp\/v2\/types\/product"}],"wp:featuredmedia":[{"embeddable":true,"href":"https:\/\/leonore-mau.de\/en\/wp-json\/wp\/v2\/media\/422"}],"wp:attachment":[{"href":"https:\/\/leonore-mau.de\/en\/wp-json\/wp\/v2\/media?parent=974"}],"wp:term":[{"taxonomy":"product_brand","embeddable":true,"href":"https:\/\/leonore-mau.de\/en\/wp-json\/wp\/v2\/product_brand?post=974"},{"taxonomy":"product_cat","embeddable":true,"href":"https:\/\/leonore-mau.de\/en\/wp-json\/wp\/v2\/product_cat?post=974"},{"taxonomy":"product_tag","embeddable":true,"href":"https:\/\/leonore-mau.de\/en\/wp-json\/wp\/v2\/product_tag?post=974"}],"curies":[{"name":"wp","href":"https:\/\/api.w.org\/{rel}","templated":true}]}}