{"id":975,"date":"2022-07-11T15:16:24","date_gmt":"2022-07-11T13:16:24","guid":{"rendered":"https:\/\/leonore-mau.de\/produkt\/ohne-titel-albert-paris-gtersloh\/"},"modified":"2022-09-13T23:10:07","modified_gmt":"2022-09-13T21:10:07","slug":"ohne-titel-albert-paris-gtersloh","status":"publish","type":"product","link":"https:\/\/leonore-mau.de\/en\/produkt\/ohne-titel-albert-paris-gtersloh\/","title":{"rendered":"Ohne Titel (Albert Paris G\u00fctersloh)"},"content":{"rendered":"<p>Portr\u00e4t des Malers Albert Paris G\u00fctersloh. Referenz: Wilfried F. Schoeller, Hubert Fichte und Leonore Mau. Der Schriftsteller und die Fotografin, 2005 R\u00fcckseitenbeschriftung: &#8220;Wien 1968 G\u00fctersloh&#8221;<\/p>\n","protected":false},"excerpt":{"rendered":"<p>Portr\u00e4t des Malers Albert Paris G\u00fctersloh. Referenz: Wilfried F. Schoeller, Hubert Fichte und Leonore Mau. Der Schriftsteller und die Fotografin, 2005 R\u00fcckseitenbeschriftung: &#8220;Wien 1968 G\u00fctersloh&#8221;<\/p>\n","protected":false},"featured_media":423,"template":"","meta":[],"product_brand":[],"product_cat":[4438,17],"product_tag":[20,22,24,21,23,681,26,534,535,43,44,1886,1890,1891,56,57,1194,1195,1196,1197,1198,1734,1892,486,1893,1227,1228,1229,1230,1231,1232,1894,703,704,70,71,1895,322,323,324,325,326,327,328,329,330,331,74,536,537,538,539,540,541,542,1896,1897],"class_list":{"0":"post-975","1":"product","2":"type-product","3":"status-publish","4":"has-post-thumbnail","6":"product_cat-persoenlichkeiten","7":"product_cat-unkategorisiert","8":"product_tag-1960er-jahre","9":"product_tag-20-jahrhundert-nach-chr","10":"product_tag-20-jh-n-chr","11":"product_tag-20-jahrhundert","12":"product_tag-20-jh","13":"product_tag-3-2_persoenlichkeiten","14":"product_tag-60er","15":"product_tag-bett","16":"product_tag-betten","17":"product_tag-fotografin","18":"product_tag-fotografinnen","19":"product_tag-gemaelde","20":"product_tag-gemaelden","21":"product_tag-gemaeldes","22":"product_tag-innenaufnahme","23":"product_tag-innenaufnahmen","24":"product_tag-kuenstlerportrait","25":"product_tag-kuenstlerportraits","26":"product_tag-kuenstlerportraet","27":"product_tag-kuenstlerportraets","28":"product_tag-maler","29":"product_tag-malerei","30":"product_tag-malereien","31":"product_tag-mann","32":"product_tag-oesterreich","33":"product_tag-oesterreichisch","34":"product_tag-oesterreichische","35":"product_tag-oesterreichischem","36":"product_tag-oesterreichischen","37":"product_tag-oesterreichischer","38":"product_tag-oesterreichisches","39":"product_tag-oesterreichs","40":"product_tag-persoenlichkeit","41":"product_tag-persoenlichkeiten","42":"product_tag-photographin","43":"product_tag-photographinnen","44":"product_tag-pinsel","45":"product_tag-portraitaufnahme","46":"product_tag-portraitfoto","47":"product_tag-portraitfotografie","48":"product_tag-portraitphoto","49":"product_tag-portraitphotographie","50":"product_tag-portraetaufnahme","51":"product_tag-portraetfoto","52":"product_tag-portraetfotografie","53":"product_tag-portraetphoto","54":"product_tag-portraetphotographie","55":"product_tag-sechziger","56":"product_tag-sitzen","57":"product_tag-sitzend","58":"product_tag-sitzende","59":"product_tag-sitzenden","60":"product_tag-sitzender","61":"product_tag-sitzendes","62":"product_tag-sitzt","63":"product_tag-wanduhr","64":"product_tag-wanduhren","66":"first","67":"instock","68":"shipping-taxable","69":"product-type-simple"},"yoast_head":"<!-- This site is optimized with the Yoast SEO plugin v27.3 - https:\/\/yoast.com\/product\/yoast-seo-wordpress\/ -->\n<title>Ohne Titel (Albert Paris G\u00fctersloh) - Leonore Mau<\/title>\n<meta name=\"robots\" content=\"index, follow, max-snippet:-1, max-image-preview:large, max-video-preview:-1\" \/>\n<link rel=\"canonical\" href=\"https:\/\/leonore-mau.de\/produkt\/ohne-titel-albert-paris-gtersloh\/\" \/>\n<meta property=\"og:locale\" content=\"en_US\" \/>\n<meta property=\"og:type\" content=\"article\" \/>\n<meta property=\"og:title\" content=\"Ohne Titel (Albert Paris G\u00fctersloh) - Leonore Mau\" \/>\n<meta property=\"og:description\" content=\"Portr\u00e4t des Malers Albert Paris G\u00fctersloh. Referenz: Wilfried F. Schoeller, Hubert Fichte und Leonore Mau. Der Schriftsteller und die Fotografin, 2005 R\u00fcckseitenbeschriftung: &#8220;Wien 1968 G\u00fctersloh&#8221;\" \/>\n<meta property=\"og:url\" content=\"https:\/\/leonore-mau.de\/produkt\/ohne-titel-albert-paris-gtersloh\/\" \/>\n<meta property=\"og:site_name\" content=\"Leonore Mau\" \/>\n<meta property=\"article:modified_time\" content=\"2022-09-13T21:10:07+00:00\" \/>\n<meta property=\"og:image\" content=\"https:\/\/leonore-mau.de\/wp-content\/uploads\/2022\/07\/70353686.jpg\" \/>\n\t<meta property=\"og:image:width\" content=\"1200\" \/>\n\t<meta property=\"og:image:height\" content=\"811\" \/>\n\t<meta property=\"og:image:type\" content=\"image\/jpeg\" \/>\n<meta name=\"twitter:card\" content=\"summary_large_image\" \/>\n<script type=\"application\/ld+json\" class=\"yoast-schema-graph\">{\"@context\":\"https:\\\/\\\/schema.org\",\"@graph\":[{\"@type\":\"WebPage\",\"@id\":\"https:\\\/\\\/leonore-mau.de\\\/produkt\\\/ohne-titel-albert-paris-gtersloh\\\/\",\"url\":\"https:\\\/\\\/leonore-mau.de\\\/produkt\\\/ohne-titel-albert-paris-gtersloh\\\/\",\"name\":\"Ohne Titel (Albert Paris G\u00fctersloh) - Leonore Mau\",\"isPartOf\":{\"@id\":\"https:\\\/\\\/leonore-mau.de\\\/#website\"},\"primaryImageOfPage\":{\"@id\":\"https:\\\/\\\/leonore-mau.de\\\/produkt\\\/ohne-titel-albert-paris-gtersloh\\\/#primaryimage\"},\"image\":{\"@id\":\"https:\\\/\\\/leonore-mau.de\\\/produkt\\\/ohne-titel-albert-paris-gtersloh\\\/#primaryimage\"},\"thumbnailUrl\":\"https:\\\/\\\/leonore-mau.de\\\/wp-content\\\/uploads\\\/2022\\\/07\\\/70353686.jpg\",\"datePublished\":\"2022-07-11T13:16:24+00:00\",\"dateModified\":\"2022-09-13T21:10:07+00:00\",\"breadcrumb\":{\"@id\":\"https:\\\/\\\/leonore-mau.de\\\/produkt\\\/ohne-titel-albert-paris-gtersloh\\\/#breadcrumb\"},\"inLanguage\":\"en-US\",\"potentialAction\":[{\"@type\":\"ReadAction\",\"target\":[\"https:\\\/\\\/leonore-mau.de\\\/produkt\\\/ohne-titel-albert-paris-gtersloh\\\/\"]}]},{\"@type\":\"ImageObject\",\"inLanguage\":\"en-US\",\"@id\":\"https:\\\/\\\/leonore-mau.de\\\/produkt\\\/ohne-titel-albert-paris-gtersloh\\\/#primaryimage\",\"url\":\"https:\\\/\\\/leonore-mau.de\\\/wp-content\\\/uploads\\\/2022\\\/07\\\/70353686.jpg\",\"contentUrl\":\"https:\\\/\\\/leonore-mau.de\\\/wp-content\\\/uploads\\\/2022\\\/07\\\/70353686.jpg\",\"width\":1200,\"height\":811,\"caption\":\"Portr\u00e4t des Malers Albert Paris G\u00fctersloh. Referenz: Wilfried F. Schoeller, Hubert Fichte und Leonore Mau. Der Schriftsteller und die Fotografin, 2005 R\u00fcckseitenbeschriftung: \\\"Wien 1968 G\u00fctersloh\\\" Aufnahmedatum: Mai 1968 Material\\\/Technik: Foto \\\/ Silbergelatine auf PE-Papier Bildformat (Foto): 20,4 x 30,3 cm Aufnahmeort: Wien Inventar-Nr.: LM-500910\"},{\"@type\":\"BreadcrumbList\",\"@id\":\"https:\\\/\\\/leonore-mau.de\\\/produkt\\\/ohne-titel-albert-paris-gtersloh\\\/#breadcrumb\",\"itemListElement\":[{\"@type\":\"ListItem\",\"position\":1,\"name\":\"Startseite\",\"item\":\"https:\\\/\\\/leonore-mau.de\\\/en\\\/\"},{\"@type\":\"ListItem\",\"position\":2,\"name\":\"Shop\",\"item\":\"https:\\\/\\\/leonore-mau.de\\\/en\\\/shop-2\\\/\"},{\"@type\":\"ListItem\",\"position\":3,\"name\":\"Ohne Titel (Albert Paris G\u00fctersloh)\"}]},{\"@type\":\"WebSite\",\"@id\":\"https:\\\/\\\/leonore-mau.de\\\/#website\",\"url\":\"https:\\\/\\\/leonore-mau.de\\\/\",\"name\":\"Leonore Mau\",\"description\":\"Fotografin\",\"potentialAction\":[{\"@type\":\"SearchAction\",\"target\":{\"@type\":\"EntryPoint\",\"urlTemplate\":\"https:\\\/\\\/leonore-mau.de\\\/?s={search_term_string}\"},\"query-input\":{\"@type\":\"PropertyValueSpecification\",\"valueRequired\":true,\"valueName\":\"search_term_string\"}}],\"inLanguage\":\"en-US\"}]}<\/script>\n<!-- \/ Yoast SEO plugin. -->","yoast_head_json":{"title":"Ohne Titel (Albert Paris G\u00fctersloh) - Leonore Mau","robots":{"index":"index","follow":"follow","max-snippet":"max-snippet:-1","max-image-preview":"max-image-preview:large","max-video-preview":"max-video-preview:-1"},"canonical":"https:\/\/leonore-mau.de\/produkt\/ohne-titel-albert-paris-gtersloh\/","og_locale":"en_US","og_type":"article","og_title":"Ohne Titel (Albert Paris G\u00fctersloh) - Leonore Mau","og_description":"Portr\u00e4t des Malers Albert Paris G\u00fctersloh. Referenz: Wilfried F. Schoeller, Hubert Fichte und Leonore Mau. Der Schriftsteller und die Fotografin, 2005 R\u00fcckseitenbeschriftung: &#8220;Wien 1968 G\u00fctersloh&#8221;","og_url":"https:\/\/leonore-mau.de\/produkt\/ohne-titel-albert-paris-gtersloh\/","og_site_name":"Leonore Mau","article_modified_time":"2022-09-13T21:10:07+00:00","og_image":[{"width":1200,"height":811,"url":"https:\/\/leonore-mau.de\/wp-content\/uploads\/2022\/07\/70353686.jpg","type":"image\/jpeg"}],"twitter_card":"summary_large_image","schema":{"@context":"https:\/\/schema.org","@graph":[{"@type":"WebPage","@id":"https:\/\/leonore-mau.de\/produkt\/ohne-titel-albert-paris-gtersloh\/","url":"https:\/\/leonore-mau.de\/produkt\/ohne-titel-albert-paris-gtersloh\/","name":"Ohne Titel (Albert Paris G\u00fctersloh) - Leonore Mau","isPartOf":{"@id":"https:\/\/leonore-mau.de\/#website"},"primaryImageOfPage":{"@id":"https:\/\/leonore-mau.de\/produkt\/ohne-titel-albert-paris-gtersloh\/#primaryimage"},"image":{"@id":"https:\/\/leonore-mau.de\/produkt\/ohne-titel-albert-paris-gtersloh\/#primaryimage"},"thumbnailUrl":"https:\/\/leonore-mau.de\/wp-content\/uploads\/2022\/07\/70353686.jpg","datePublished":"2022-07-11T13:16:24+00:00","dateModified":"2022-09-13T21:10:07+00:00","breadcrumb":{"@id":"https:\/\/leonore-mau.de\/produkt\/ohne-titel-albert-paris-gtersloh\/#breadcrumb"},"inLanguage":"en-US","potentialAction":[{"@type":"ReadAction","target":["https:\/\/leonore-mau.de\/produkt\/ohne-titel-albert-paris-gtersloh\/"]}]},{"@type":"ImageObject","inLanguage":"en-US","@id":"https:\/\/leonore-mau.de\/produkt\/ohne-titel-albert-paris-gtersloh\/#primaryimage","url":"https:\/\/leonore-mau.de\/wp-content\/uploads\/2022\/07\/70353686.jpg","contentUrl":"https:\/\/leonore-mau.de\/wp-content\/uploads\/2022\/07\/70353686.jpg","width":1200,"height":811,"caption":"Portr\u00e4t des Malers Albert Paris G\u00fctersloh. Referenz: Wilfried F. Schoeller, Hubert Fichte und Leonore Mau. Der Schriftsteller und die Fotografin, 2005 R\u00fcckseitenbeschriftung: \"Wien 1968 G\u00fctersloh\" Aufnahmedatum: Mai 1968 Material\/Technik: Foto \/ Silbergelatine auf PE-Papier Bildformat (Foto): 20,4 x 30,3 cm Aufnahmeort: Wien Inventar-Nr.: LM-500910"},{"@type":"BreadcrumbList","@id":"https:\/\/leonore-mau.de\/produkt\/ohne-titel-albert-paris-gtersloh\/#breadcrumb","itemListElement":[{"@type":"ListItem","position":1,"name":"Startseite","item":"https:\/\/leonore-mau.de\/en\/"},{"@type":"ListItem","position":2,"name":"Shop","item":"https:\/\/leonore-mau.de\/en\/shop-2\/"},{"@type":"ListItem","position":3,"name":"Ohne Titel (Albert Paris G\u00fctersloh)"}]},{"@type":"WebSite","@id":"https:\/\/leonore-mau.de\/#website","url":"https:\/\/leonore-mau.de\/","name":"Leonore Mau","description":"Fotografin","potentialAction":[{"@type":"SearchAction","target":{"@type":"EntryPoint","urlTemplate":"https:\/\/leonore-mau.de\/?s={search_term_string}"},"query-input":{"@type":"PropertyValueSpecification","valueRequired":true,"valueName":"search_term_string"}}],"inLanguage":"en-US"}]}},"_links":{"self":[{"href":"https:\/\/leonore-mau.de\/en\/wp-json\/wp\/v2\/product\/975","targetHints":{"allow":["GET"]}}],"collection":[{"href":"https:\/\/leonore-mau.de\/en\/wp-json\/wp\/v2\/product"}],"about":[{"href":"https:\/\/leonore-mau.de\/en\/wp-json\/wp\/v2\/types\/product"}],"wp:featuredmedia":[{"embeddable":true,"href":"https:\/\/leonore-mau.de\/en\/wp-json\/wp\/v2\/media\/423"}],"wp:attachment":[{"href":"https:\/\/leonore-mau.de\/en\/wp-json\/wp\/v2\/media?parent=975"}],"wp:term":[{"taxonomy":"product_brand","embeddable":true,"href":"https:\/\/leonore-mau.de\/en\/wp-json\/wp\/v2\/product_brand?post=975"},{"taxonomy":"product_cat","embeddable":true,"href":"https:\/\/leonore-mau.de\/en\/wp-json\/wp\/v2\/product_cat?post=975"},{"taxonomy":"product_tag","embeddable":true,"href":"https:\/\/leonore-mau.de\/en\/wp-json\/wp\/v2\/product_tag?post=975"}],"curies":[{"name":"wp","href":"https:\/\/api.w.org\/{rel}","templated":true}]}}