{"id":980,"date":"2022-07-11T15:16:24","date_gmt":"2022-07-11T13:16:24","guid":{"rendered":"https:\/\/leonore-mau.de\/produkt\/ohne-titel-oskar-kokoschka-vor-seinem-gemlde-amor-und-eros\/"},"modified":"2022-09-13T23:10:09","modified_gmt":"2022-09-13T21:10:09","slug":"ohne-titel-oskar-kokoschka-vor-seinem-gemlde-amor-und-eros","status":"publish","type":"product","link":"https:\/\/leonore-mau.de\/en\/produkt\/ohne-titel-oskar-kokoschka-vor-seinem-gemlde-amor-und-eros\/","title":{"rendered":"Ohne Titel (Oskar Kokoschka vor seinem Gem\u00e4lde &#8220;Amor und Eros&#8221;)"},"content":{"rendered":"<p>Der Maler Oskar Kokoschka vor seinem Gem\u00e4lde &#8220;Amor und Eros&#8221;. Referenz: Leonore Mau, Portr\u00e4ts, Brinkmann &#038; Bose, 2016 R\u00fcckseitenbeschriftung: &#8220;FAZ&#8221;<\/p>\n","protected":false},"excerpt":{"rendered":"<p>Der Maler Oskar Kokoschka vor seinem Gem\u00e4lde &#8220;Amor und Eros&#8221;. Referenz: Leonore Mau, Portr\u00e4ts, Brinkmann &#038; Bose, 2016 R\u00fcckseitenbeschriftung: &#8220;FAZ&#8221;<\/p>\n","protected":false},"featured_media":428,"template":"","meta":[],"product_brand":[],"product_cat":[4438,17],"product_tag":[1918,1917,20,22,24,21,23,681,26,1180,1181,84,1177,1178,1301,1302,43,44,1886,1890,1891,239,240,1194,1195,1196,1197,1198,1734,1892,486,1920,703,704,70,71,322,323,324,325,326,327,328,329,330,331,105,107,1922,1923,1924,1925,93,92,94,91,1926,74,536,537,538,539,540,541,542,1927,106,108,1314,1315],"class_list":{"0":"post-980","1":"product","2":"type-product","3":"status-publish","4":"has-post-thumbnail","6":"product_cat-persoenlichkeiten","7":"product_cat-unkategorisiert","8":"product_tag-kokoschka","9":"product_tag-1-3-1886-22-2-1980","10":"product_tag-1960er-jahre","11":"product_tag-20-jahrhundert-nach-chr","12":"product_tag-20-jh-n-chr","13":"product_tag-20-jahrhundert","14":"product_tag-20-jh","15":"product_tag-3-2_persoenlichkeiten","16":"product_tag-60er","17":"product_tag-atelier","18":"product_tag-ateliers","19":"product_tag-ausland","20":"product_tag-blume","21":"product_tag-blumen","22":"product_tag-cigarette","23":"product_tag-cigaretten","24":"product_tag-fotografin","25":"product_tag-fotografinnen","26":"product_tag-gemaelde","27":"product_tag-gemaelden","28":"product_tag-gemaeldes","29":"product_tag-holzstuhl","30":"product_tag-holzstuehle","31":"product_tag-kuenstlerportrait","32":"product_tag-kuenstlerportraits","33":"product_tag-kuenstlerportraet","34":"product_tag-kuenstlerportraets","35":"product_tag-maler","36":"product_tag-malerei","37":"product_tag-malereien","38":"product_tag-mann","39":"product_tag-oskar","40":"product_tag-persoenlichkeit","41":"product_tag-persoenlichkeiten","42":"product_tag-photographin","43":"product_tag-photographinnen","44":"product_tag-portraitaufnahme","45":"product_tag-portraitfoto","46":"product_tag-portraitfotografie","47":"product_tag-portraitphoto","48":"product_tag-portraitphotographie","49":"product_tag-portraetaufnahme","50":"product_tag-portraetfoto","51":"product_tag-portraetfotografie","52":"product_tag-portraetphoto","53":"product_tag-portraetphotographie","54":"product_tag-s-w-fotografie","55":"product_tag-s-w-photographie","56":"product_tag-schreibtisch","57":"product_tag-schreibtische","58":"product_tag-schreibtisches","59":"product_tag-schreibtischs","60":"product_tag-schwarzweissphotographie","61":"product_tag-schwarz-weiss-fotografie","62":"product_tag-schwarz-weiss-photographie","63":"product_tag-schwarzweissfotografie","64":"product_tag-schweiz","65":"product_tag-sechziger","66":"product_tag-sitzen","67":"product_tag-sitzend","68":"product_tag-sitzende","69":"product_tag-sitzenden","70":"product_tag-sitzender","71":"product_tag-sitzendes","72":"product_tag-sitzt","73":"product_tag-stuhl","74":"product_tag-sw-fotografie","75":"product_tag-sw-photographie","76":"product_tag-zigarette","77":"product_tag-zigaretten","79":"first","80":"instock","81":"shipping-taxable","82":"product-type-simple"},"yoast_head":"<!-- This site is optimized with the Yoast SEO plugin v27.3 - https:\/\/yoast.com\/product\/yoast-seo-wordpress\/ -->\n<title>Ohne Titel (Oskar Kokoschka vor seinem Gem\u00e4lde &quot;Amor und Eros&quot;) - Leonore Mau<\/title>\n<meta name=\"robots\" content=\"index, follow, max-snippet:-1, max-image-preview:large, max-video-preview:-1\" \/>\n<link rel=\"canonical\" href=\"https:\/\/leonore-mau.de\/produkt\/ohne-titel-oskar-kokoschka-vor-seinem-gemlde-amor-und-eros\/\" \/>\n<meta property=\"og:locale\" content=\"en_US\" \/>\n<meta property=\"og:type\" content=\"article\" \/>\n<meta property=\"og:title\" content=\"Ohne Titel (Oskar Kokoschka vor seinem Gem\u00e4lde &quot;Amor und Eros&quot;) - Leonore Mau\" \/>\n<meta property=\"og:description\" content=\"Der Maler Oskar Kokoschka vor seinem Gem\u00e4lde &#8220;Amor und Eros&#8221;. Referenz: Leonore Mau, Portr\u00e4ts, Brinkmann &#038; Bose, 2016 R\u00fcckseitenbeschriftung: &#8220;FAZ&#8221;\" \/>\n<meta property=\"og:url\" content=\"https:\/\/leonore-mau.de\/produkt\/ohne-titel-oskar-kokoschka-vor-seinem-gemlde-amor-und-eros\/\" \/>\n<meta property=\"og:site_name\" content=\"Leonore Mau\" \/>\n<meta property=\"article:modified_time\" content=\"2022-09-13T21:10:09+00:00\" \/>\n<meta property=\"og:image\" content=\"https:\/\/leonore-mau.de\/wp-content\/uploads\/2022\/07\/70353698.jpg\" \/>\n\t<meta property=\"og:image:width\" content=\"816\" \/>\n\t<meta property=\"og:image:height\" content=\"1200\" \/>\n\t<meta property=\"og:image:type\" content=\"image\/jpeg\" \/>\n<meta name=\"twitter:card\" content=\"summary_large_image\" \/>\n<script type=\"application\/ld+json\" class=\"yoast-schema-graph\">{\"@context\":\"https:\\\/\\\/schema.org\",\"@graph\":[{\"@type\":\"WebPage\",\"@id\":\"https:\\\/\\\/leonore-mau.de\\\/produkt\\\/ohne-titel-oskar-kokoschka-vor-seinem-gemlde-amor-und-eros\\\/\",\"url\":\"https:\\\/\\\/leonore-mau.de\\\/produkt\\\/ohne-titel-oskar-kokoschka-vor-seinem-gemlde-amor-und-eros\\\/\",\"name\":\"Ohne Titel (Oskar Kokoschka vor seinem Gem\u00e4lde \\\"Amor und Eros\\\") - Leonore Mau\",\"isPartOf\":{\"@id\":\"https:\\\/\\\/leonore-mau.de\\\/#website\"},\"primaryImageOfPage\":{\"@id\":\"https:\\\/\\\/leonore-mau.de\\\/produkt\\\/ohne-titel-oskar-kokoschka-vor-seinem-gemlde-amor-und-eros\\\/#primaryimage\"},\"image\":{\"@id\":\"https:\\\/\\\/leonore-mau.de\\\/produkt\\\/ohne-titel-oskar-kokoschka-vor-seinem-gemlde-amor-und-eros\\\/#primaryimage\"},\"thumbnailUrl\":\"https:\\\/\\\/leonore-mau.de\\\/wp-content\\\/uploads\\\/2022\\\/07\\\/70353698.jpg\",\"datePublished\":\"2022-07-11T13:16:24+00:00\",\"dateModified\":\"2022-09-13T21:10:09+00:00\",\"breadcrumb\":{\"@id\":\"https:\\\/\\\/leonore-mau.de\\\/produkt\\\/ohne-titel-oskar-kokoschka-vor-seinem-gemlde-amor-und-eros\\\/#breadcrumb\"},\"inLanguage\":\"en-US\",\"potentialAction\":[{\"@type\":\"ReadAction\",\"target\":[\"https:\\\/\\\/leonore-mau.de\\\/produkt\\\/ohne-titel-oskar-kokoschka-vor-seinem-gemlde-amor-und-eros\\\/\"]}]},{\"@type\":\"ImageObject\",\"inLanguage\":\"en-US\",\"@id\":\"https:\\\/\\\/leonore-mau.de\\\/produkt\\\/ohne-titel-oskar-kokoschka-vor-seinem-gemlde-amor-und-eros\\\/#primaryimage\",\"url\":\"https:\\\/\\\/leonore-mau.de\\\/wp-content\\\/uploads\\\/2022\\\/07\\\/70353698.jpg\",\"contentUrl\":\"https:\\\/\\\/leonore-mau.de\\\/wp-content\\\/uploads\\\/2022\\\/07\\\/70353698.jpg\",\"width\":816,\"height\":1200,\"caption\":\"Der Maler Oskar Kokoschka vor seinem Gem\u00e4lde \\\"Amor und Eros\\\". Referenz: Leonore Mau, Portr\u00e4ts, Brinkmann &amp; Bose, 2016 R\u00fcckseitenbeschriftung: \\\"FAZ\\\" Aufnahmedatum: August 1962 Material\\\/Technik: Foto \\\/ Silbergelatine auf Barytpapier Bildformat (Foto): 19,9 x 29,7 cm Aufnahmeort: Villeneuve Inventar-Nr.: LM-500951\"},{\"@type\":\"BreadcrumbList\",\"@id\":\"https:\\\/\\\/leonore-mau.de\\\/produkt\\\/ohne-titel-oskar-kokoschka-vor-seinem-gemlde-amor-und-eros\\\/#breadcrumb\",\"itemListElement\":[{\"@type\":\"ListItem\",\"position\":1,\"name\":\"Startseite\",\"item\":\"https:\\\/\\\/leonore-mau.de\\\/en\\\/\"},{\"@type\":\"ListItem\",\"position\":2,\"name\":\"Shop\",\"item\":\"https:\\\/\\\/leonore-mau.de\\\/en\\\/shop-2\\\/\"},{\"@type\":\"ListItem\",\"position\":3,\"name\":\"Ohne Titel (Oskar Kokoschka vor seinem Gem\u00e4lde &#8222;Amor und Eros&#8220;)\"}]},{\"@type\":\"WebSite\",\"@id\":\"https:\\\/\\\/leonore-mau.de\\\/#website\",\"url\":\"https:\\\/\\\/leonore-mau.de\\\/\",\"name\":\"Leonore Mau\",\"description\":\"Fotografin\",\"potentialAction\":[{\"@type\":\"SearchAction\",\"target\":{\"@type\":\"EntryPoint\",\"urlTemplate\":\"https:\\\/\\\/leonore-mau.de\\\/?s={search_term_string}\"},\"query-input\":{\"@type\":\"PropertyValueSpecification\",\"valueRequired\":true,\"valueName\":\"search_term_string\"}}],\"inLanguage\":\"en-US\"}]}<\/script>\n<!-- \/ Yoast SEO plugin. -->","yoast_head_json":{"title":"Ohne Titel (Oskar Kokoschka vor seinem Gem\u00e4lde \"Amor und Eros\") - Leonore Mau","robots":{"index":"index","follow":"follow","max-snippet":"max-snippet:-1","max-image-preview":"max-image-preview:large","max-video-preview":"max-video-preview:-1"},"canonical":"https:\/\/leonore-mau.de\/produkt\/ohne-titel-oskar-kokoschka-vor-seinem-gemlde-amor-und-eros\/","og_locale":"en_US","og_type":"article","og_title":"Ohne Titel (Oskar Kokoschka vor seinem Gem\u00e4lde \"Amor und Eros\") - Leonore Mau","og_description":"Der Maler Oskar Kokoschka vor seinem Gem\u00e4lde &#8220;Amor und Eros&#8221;. Referenz: Leonore Mau, Portr\u00e4ts, Brinkmann &#038; Bose, 2016 R\u00fcckseitenbeschriftung: &#8220;FAZ&#8221;","og_url":"https:\/\/leonore-mau.de\/produkt\/ohne-titel-oskar-kokoschka-vor-seinem-gemlde-amor-und-eros\/","og_site_name":"Leonore Mau","article_modified_time":"2022-09-13T21:10:09+00:00","og_image":[{"width":816,"height":1200,"url":"https:\/\/leonore-mau.de\/wp-content\/uploads\/2022\/07\/70353698.jpg","type":"image\/jpeg"}],"twitter_card":"summary_large_image","schema":{"@context":"https:\/\/schema.org","@graph":[{"@type":"WebPage","@id":"https:\/\/leonore-mau.de\/produkt\/ohne-titel-oskar-kokoschka-vor-seinem-gemlde-amor-und-eros\/","url":"https:\/\/leonore-mau.de\/produkt\/ohne-titel-oskar-kokoschka-vor-seinem-gemlde-amor-und-eros\/","name":"Ohne Titel (Oskar Kokoschka vor seinem Gem\u00e4lde \"Amor und Eros\") - Leonore Mau","isPartOf":{"@id":"https:\/\/leonore-mau.de\/#website"},"primaryImageOfPage":{"@id":"https:\/\/leonore-mau.de\/produkt\/ohne-titel-oskar-kokoschka-vor-seinem-gemlde-amor-und-eros\/#primaryimage"},"image":{"@id":"https:\/\/leonore-mau.de\/produkt\/ohne-titel-oskar-kokoschka-vor-seinem-gemlde-amor-und-eros\/#primaryimage"},"thumbnailUrl":"https:\/\/leonore-mau.de\/wp-content\/uploads\/2022\/07\/70353698.jpg","datePublished":"2022-07-11T13:16:24+00:00","dateModified":"2022-09-13T21:10:09+00:00","breadcrumb":{"@id":"https:\/\/leonore-mau.de\/produkt\/ohne-titel-oskar-kokoschka-vor-seinem-gemlde-amor-und-eros\/#breadcrumb"},"inLanguage":"en-US","potentialAction":[{"@type":"ReadAction","target":["https:\/\/leonore-mau.de\/produkt\/ohne-titel-oskar-kokoschka-vor-seinem-gemlde-amor-und-eros\/"]}]},{"@type":"ImageObject","inLanguage":"en-US","@id":"https:\/\/leonore-mau.de\/produkt\/ohne-titel-oskar-kokoschka-vor-seinem-gemlde-amor-und-eros\/#primaryimage","url":"https:\/\/leonore-mau.de\/wp-content\/uploads\/2022\/07\/70353698.jpg","contentUrl":"https:\/\/leonore-mau.de\/wp-content\/uploads\/2022\/07\/70353698.jpg","width":816,"height":1200,"caption":"Der Maler Oskar Kokoschka vor seinem Gem\u00e4lde \"Amor und Eros\". Referenz: Leonore Mau, Portr\u00e4ts, Brinkmann &amp; Bose, 2016 R\u00fcckseitenbeschriftung: \"FAZ\" Aufnahmedatum: August 1962 Material\/Technik: Foto \/ Silbergelatine auf Barytpapier Bildformat (Foto): 19,9 x 29,7 cm Aufnahmeort: Villeneuve Inventar-Nr.: LM-500951"},{"@type":"BreadcrumbList","@id":"https:\/\/leonore-mau.de\/produkt\/ohne-titel-oskar-kokoschka-vor-seinem-gemlde-amor-und-eros\/#breadcrumb","itemListElement":[{"@type":"ListItem","position":1,"name":"Startseite","item":"https:\/\/leonore-mau.de\/en\/"},{"@type":"ListItem","position":2,"name":"Shop","item":"https:\/\/leonore-mau.de\/en\/shop-2\/"},{"@type":"ListItem","position":3,"name":"Ohne Titel (Oskar Kokoschka vor seinem Gem\u00e4lde &#8222;Amor und Eros&#8220;)"}]},{"@type":"WebSite","@id":"https:\/\/leonore-mau.de\/#website","url":"https:\/\/leonore-mau.de\/","name":"Leonore Mau","description":"Fotografin","potentialAction":[{"@type":"SearchAction","target":{"@type":"EntryPoint","urlTemplate":"https:\/\/leonore-mau.de\/?s={search_term_string}"},"query-input":{"@type":"PropertyValueSpecification","valueRequired":true,"valueName":"search_term_string"}}],"inLanguage":"en-US"}]}},"_links":{"self":[{"href":"https:\/\/leonore-mau.de\/en\/wp-json\/wp\/v2\/product\/980","targetHints":{"allow":["GET"]}}],"collection":[{"href":"https:\/\/leonore-mau.de\/en\/wp-json\/wp\/v2\/product"}],"about":[{"href":"https:\/\/leonore-mau.de\/en\/wp-json\/wp\/v2\/types\/product"}],"wp:featuredmedia":[{"embeddable":true,"href":"https:\/\/leonore-mau.de\/en\/wp-json\/wp\/v2\/media\/428"}],"wp:attachment":[{"href":"https:\/\/leonore-mau.de\/en\/wp-json\/wp\/v2\/media?parent=980"}],"wp:term":[{"taxonomy":"product_brand","embeddable":true,"href":"https:\/\/leonore-mau.de\/en\/wp-json\/wp\/v2\/product_brand?post=980"},{"taxonomy":"product_cat","embeddable":true,"href":"https:\/\/leonore-mau.de\/en\/wp-json\/wp\/v2\/product_cat?post=980"},{"taxonomy":"product_tag","embeddable":true,"href":"https:\/\/leonore-mau.de\/en\/wp-json\/wp\/v2\/product_tag?post=980"}],"curies":[{"name":"wp","href":"https:\/\/api.w.org\/{rel}","templated":true}]}}