{"id":993,"date":"2022-07-11T15:16:27","date_gmt":"2022-07-11T13:16:27","guid":{"rendered":"https:\/\/leonore-mau.de\/produkt\/ohne-titel-hans-henny-jahnn-wird-protrtiert\/"},"modified":"2022-09-13T23:10:19","modified_gmt":"2022-09-13T21:10:19","slug":"ohne-titel-hans-henny-jahnn-wird-protrtiert","status":"publish","type":"product","link":"https:\/\/leonore-mau.de\/en\/produkt\/ohne-titel-hans-henny-jahnn-wird-protrtiert\/","title":{"rendered":"Ohne Titel (Hans Henny Jahnn wird protr\u00e4tiert)"},"content":{"rendered":"<p>Der Schriftsteller und Orgelbauer Hans Henny Jahnn wird von Ernst Hansing portr\u00e4tiert (Sch\u00fcler von Fernand L\u00e9ger). Referenz: Leonore Mau Portr\u00e4ts, Brinkmann &#038; Bose, 2016 R\u00fcckseitenbeschriftung: &#8220;Jahnn wird von einem Sch\u00fcler von F. Leger, (Paris) &#8211; von Ernst G. Hansing, portraitiert.&#8221;<\/p>\n","protected":false},"excerpt":{"rendered":"<p>Der Schriftsteller und Orgelbauer Hans Henny Jahnn wird von Ernst Hansing portr\u00e4tiert (Sch\u00fcler von Fernand L\u00e9ger). Referenz: Leonore Mau Portr\u00e4ts, Brinkmann &#038; Bose, 2016 R\u00fcckseitenbeschriftung: &#8220;Jahnn wird von einem Sch\u00fcler von F. Leger, (Paris) &#8211; von Ernst G. Hansing, portraitiert.&#8221;<\/p>\n","protected":false},"featured_media":441,"template":"","meta":[],"product_brand":[],"product_cat":[4438,17],"product_tag":[2058,2042,19,22,24,21,23,681,25,2043,2044,2045,2046,2047,2048,2049,1221,1222,684,685,686,687,352,353,2050,2051,2052,2053,2054,2055,43,44,52,1886,1890,1891,2056,1198,1734,1892,560,703,704,70,71,322,323,324,325,326,581,327,328,329,330,331,1851,1852,1853,1854,105,107,1233,705,706,707,708,93,92,94,91,106,108],"class_list":{"0":"post-993","1":"product","2":"type-product","3":"status-publish","4":"has-post-thumbnail","6":"product_cat-persoenlichkeiten","7":"product_cat-unkategorisiert","8":"product_tag-jahnn","9":"product_tag-1894-1959","10":"product_tag-1950er-jahre","11":"product_tag-20-jahrhundert-nach-chr","12":"product_tag-20-jh-n-chr","13":"product_tag-20-jahrhundert","14":"product_tag-20-jh","15":"product_tag-3-2_persoenlichkeiten","16":"product_tag-50er","17":"product_tag-abstraction","18":"product_tag-abstrakt","19":"product_tag-abstrakte","20":"product_tag-abstrakte-malerei","21":"product_tag-abstrakter","22":"product_tag-abstraktes","23":"product_tag-abstraktion","24":"product_tag-autor","25":"product_tag-autoren","26":"product_tag-autorenportrait","27":"product_tag-autorenportraits","28":"product_tag-autorenportraet","29":"product_tag-autorenportraets","30":"product_tag-brd","31":"product_tag-bundesrepublik-deutschland","32":"product_tag-doppelbildnis","33":"product_tag-doppelbildnisse","34":"product_tag-doppelportrait","35":"product_tag-doppelportraits","36":"product_tag-doppelportraet","37":"product_tag-doppelportraets","38":"product_tag-fotografin","39":"product_tag-fotografinnen","40":"product_tag-fuenfziger","41":"product_tag-gemaelde","42":"product_tag-gemaelden","43":"product_tag-gemaeldes","44":"product_tag-hans-henny","45":"product_tag-maler","46":"product_tag-malerei","47":"product_tag-malereien","48":"product_tag-maenner","49":"product_tag-persoenlichkeit","50":"product_tag-persoenlichkeiten","51":"product_tag-photographin","52":"product_tag-photographinnen","53":"product_tag-portraitaufnahme","54":"product_tag-portraitfoto","55":"product_tag-portraitfotografie","56":"product_tag-portraitphoto","57":"product_tag-portraitphotographie","58":"product_tag-portraet","59":"product_tag-portraetaufnahme","60":"product_tag-portraetfoto","61":"product_tag-portraetfotografie","62":"product_tag-portraetphoto","63":"product_tag-portraetphotographie","64":"product_tag-profil","65":"product_tag-profilansicht","66":"product_tag-profilbild","67":"product_tag-profilbildnis","68":"product_tag-s-w-fotografie","69":"product_tag-s-w-photographie","70":"product_tag-schriftsteller","71":"product_tag-schriftstellerportrait","72":"product_tag-schriftstellerportraits","73":"product_tag-schriftstellerportraet","74":"product_tag-schriftstellerportraets","75":"product_tag-schwarzweissphotographie","76":"product_tag-schwarz-weiss-fotografie","77":"product_tag-schwarz-weiss-photographie","78":"product_tag-schwarzweissfotografie","79":"product_tag-sw-fotografie","80":"product_tag-sw-photographie","82":"first","83":"instock","84":"shipping-taxable","85":"product-type-simple"},"yoast_head":"<!-- This site is optimized with the Yoast SEO plugin v27.3 - https:\/\/yoast.com\/product\/yoast-seo-wordpress\/ -->\n<title>Ohne Titel (Hans Henny Jahnn wird protr\u00e4tiert) - Leonore Mau<\/title>\n<meta name=\"robots\" content=\"index, follow, max-snippet:-1, max-image-preview:large, max-video-preview:-1\" \/>\n<link rel=\"canonical\" href=\"https:\/\/leonore-mau.de\/produkt\/ohne-titel-hans-henny-jahnn-wird-protrtiert\/\" \/>\n<meta property=\"og:locale\" content=\"en_US\" \/>\n<meta property=\"og:type\" content=\"article\" \/>\n<meta property=\"og:title\" content=\"Ohne Titel (Hans Henny Jahnn wird protr\u00e4tiert) - Leonore Mau\" \/>\n<meta property=\"og:description\" content=\"Der Schriftsteller und Orgelbauer Hans Henny Jahnn wird von Ernst Hansing portr\u00e4tiert (Sch\u00fcler von Fernand L\u00e9ger). Referenz: Leonore Mau Portr\u00e4ts, Brinkmann &#038; Bose, 2016 R\u00fcckseitenbeschriftung: &#8220;Jahnn wird von einem Sch\u00fcler von F. Leger, (Paris) &#8211; von Ernst G. Hansing, portraitiert.&#8221;\" \/>\n<meta property=\"og:url\" content=\"https:\/\/leonore-mau.de\/produkt\/ohne-titel-hans-henny-jahnn-wird-protrtiert\/\" \/>\n<meta property=\"og:site_name\" content=\"Leonore Mau\" \/>\n<meta property=\"article:modified_time\" content=\"2022-09-13T21:10:19+00:00\" \/>\n<meta property=\"og:image\" content=\"https:\/\/leonore-mau.de\/wp-content\/uploads\/2022\/07\/70363515.jpg\" \/>\n\t<meta property=\"og:image:width\" content=\"1200\" \/>\n\t<meta property=\"og:image:height\" content=\"791\" \/>\n\t<meta property=\"og:image:type\" content=\"image\/jpeg\" \/>\n<meta name=\"twitter:card\" content=\"summary_large_image\" \/>\n<script type=\"application\/ld+json\" class=\"yoast-schema-graph\">{\"@context\":\"https:\\\/\\\/schema.org\",\"@graph\":[{\"@type\":\"WebPage\",\"@id\":\"https:\\\/\\\/leonore-mau.de\\\/produkt\\\/ohne-titel-hans-henny-jahnn-wird-protrtiert\\\/\",\"url\":\"https:\\\/\\\/leonore-mau.de\\\/produkt\\\/ohne-titel-hans-henny-jahnn-wird-protrtiert\\\/\",\"name\":\"Ohne Titel (Hans Henny Jahnn wird protr\u00e4tiert) - Leonore Mau\",\"isPartOf\":{\"@id\":\"https:\\\/\\\/leonore-mau.de\\\/#website\"},\"primaryImageOfPage\":{\"@id\":\"https:\\\/\\\/leonore-mau.de\\\/produkt\\\/ohne-titel-hans-henny-jahnn-wird-protrtiert\\\/#primaryimage\"},\"image\":{\"@id\":\"https:\\\/\\\/leonore-mau.de\\\/produkt\\\/ohne-titel-hans-henny-jahnn-wird-protrtiert\\\/#primaryimage\"},\"thumbnailUrl\":\"https:\\\/\\\/leonore-mau.de\\\/wp-content\\\/uploads\\\/2022\\\/07\\\/70363515.jpg\",\"datePublished\":\"2022-07-11T13:16:27+00:00\",\"dateModified\":\"2022-09-13T21:10:19+00:00\",\"breadcrumb\":{\"@id\":\"https:\\\/\\\/leonore-mau.de\\\/produkt\\\/ohne-titel-hans-henny-jahnn-wird-protrtiert\\\/#breadcrumb\"},\"inLanguage\":\"en-US\",\"potentialAction\":[{\"@type\":\"ReadAction\",\"target\":[\"https:\\\/\\\/leonore-mau.de\\\/produkt\\\/ohne-titel-hans-henny-jahnn-wird-protrtiert\\\/\"]}]},{\"@type\":\"ImageObject\",\"inLanguage\":\"en-US\",\"@id\":\"https:\\\/\\\/leonore-mau.de\\\/produkt\\\/ohne-titel-hans-henny-jahnn-wird-protrtiert\\\/#primaryimage\",\"url\":\"https:\\\/\\\/leonore-mau.de\\\/wp-content\\\/uploads\\\/2022\\\/07\\\/70363515.jpg\",\"contentUrl\":\"https:\\\/\\\/leonore-mau.de\\\/wp-content\\\/uploads\\\/2022\\\/07\\\/70363515.jpg\",\"width\":1200,\"height\":791,\"caption\":\"Der Schriftsteller und Orgelbauer Hans Henny Jahnn wird von Ernst Hansing portr\u00e4tiert (Sch\u00fcler von Fernand L\u00e9ger). Referenz: Leonore Mau Portr\u00e4ts, Brinkmann &amp; Bose, 2016 R\u00fcckseitenbeschriftung: \\\"Jahnn wird von einem Sch\u00fcler von F. Leger, (Paris) - von Ernst G. Hansing, portraitiert.\\\" Aufnahmedatum: 1056 - 1959 Material\\\/Technik: Foto \\\/ Silbergelatine auf Barytpapier Bildformat (Foto): 15,5 x 23,5 cm Aufnahmeort: Hamburg Inventar-Nr.: LM-500638\"},{\"@type\":\"BreadcrumbList\",\"@id\":\"https:\\\/\\\/leonore-mau.de\\\/produkt\\\/ohne-titel-hans-henny-jahnn-wird-protrtiert\\\/#breadcrumb\",\"itemListElement\":[{\"@type\":\"ListItem\",\"position\":1,\"name\":\"Startseite\",\"item\":\"https:\\\/\\\/leonore-mau.de\\\/en\\\/\"},{\"@type\":\"ListItem\",\"position\":2,\"name\":\"Shop\",\"item\":\"https:\\\/\\\/leonore-mau.de\\\/en\\\/shop-2\\\/\"},{\"@type\":\"ListItem\",\"position\":3,\"name\":\"Ohne Titel (Hans Henny Jahnn wird protr\u00e4tiert)\"}]},{\"@type\":\"WebSite\",\"@id\":\"https:\\\/\\\/leonore-mau.de\\\/#website\",\"url\":\"https:\\\/\\\/leonore-mau.de\\\/\",\"name\":\"Leonore Mau\",\"description\":\"Fotografin\",\"potentialAction\":[{\"@type\":\"SearchAction\",\"target\":{\"@type\":\"EntryPoint\",\"urlTemplate\":\"https:\\\/\\\/leonore-mau.de\\\/?s={search_term_string}\"},\"query-input\":{\"@type\":\"PropertyValueSpecification\",\"valueRequired\":true,\"valueName\":\"search_term_string\"}}],\"inLanguage\":\"en-US\"}]}<\/script>\n<!-- \/ Yoast SEO plugin. -->","yoast_head_json":{"title":"Ohne Titel (Hans Henny Jahnn wird protr\u00e4tiert) - Leonore Mau","robots":{"index":"index","follow":"follow","max-snippet":"max-snippet:-1","max-image-preview":"max-image-preview:large","max-video-preview":"max-video-preview:-1"},"canonical":"https:\/\/leonore-mau.de\/produkt\/ohne-titel-hans-henny-jahnn-wird-protrtiert\/","og_locale":"en_US","og_type":"article","og_title":"Ohne Titel (Hans Henny Jahnn wird protr\u00e4tiert) - Leonore Mau","og_description":"Der Schriftsteller und Orgelbauer Hans Henny Jahnn wird von Ernst Hansing portr\u00e4tiert (Sch\u00fcler von Fernand L\u00e9ger). Referenz: Leonore Mau Portr\u00e4ts, Brinkmann &#038; Bose, 2016 R\u00fcckseitenbeschriftung: &#8220;Jahnn wird von einem Sch\u00fcler von F. Leger, (Paris) &#8211; von Ernst G. Hansing, portraitiert.&#8221;","og_url":"https:\/\/leonore-mau.de\/produkt\/ohne-titel-hans-henny-jahnn-wird-protrtiert\/","og_site_name":"Leonore Mau","article_modified_time":"2022-09-13T21:10:19+00:00","og_image":[{"width":1200,"height":791,"url":"https:\/\/leonore-mau.de\/wp-content\/uploads\/2022\/07\/70363515.jpg","type":"image\/jpeg"}],"twitter_card":"summary_large_image","schema":{"@context":"https:\/\/schema.org","@graph":[{"@type":"WebPage","@id":"https:\/\/leonore-mau.de\/produkt\/ohne-titel-hans-henny-jahnn-wird-protrtiert\/","url":"https:\/\/leonore-mau.de\/produkt\/ohne-titel-hans-henny-jahnn-wird-protrtiert\/","name":"Ohne Titel (Hans Henny Jahnn wird protr\u00e4tiert) - Leonore Mau","isPartOf":{"@id":"https:\/\/leonore-mau.de\/#website"},"primaryImageOfPage":{"@id":"https:\/\/leonore-mau.de\/produkt\/ohne-titel-hans-henny-jahnn-wird-protrtiert\/#primaryimage"},"image":{"@id":"https:\/\/leonore-mau.de\/produkt\/ohne-titel-hans-henny-jahnn-wird-protrtiert\/#primaryimage"},"thumbnailUrl":"https:\/\/leonore-mau.de\/wp-content\/uploads\/2022\/07\/70363515.jpg","datePublished":"2022-07-11T13:16:27+00:00","dateModified":"2022-09-13T21:10:19+00:00","breadcrumb":{"@id":"https:\/\/leonore-mau.de\/produkt\/ohne-titel-hans-henny-jahnn-wird-protrtiert\/#breadcrumb"},"inLanguage":"en-US","potentialAction":[{"@type":"ReadAction","target":["https:\/\/leonore-mau.de\/produkt\/ohne-titel-hans-henny-jahnn-wird-protrtiert\/"]}]},{"@type":"ImageObject","inLanguage":"en-US","@id":"https:\/\/leonore-mau.de\/produkt\/ohne-titel-hans-henny-jahnn-wird-protrtiert\/#primaryimage","url":"https:\/\/leonore-mau.de\/wp-content\/uploads\/2022\/07\/70363515.jpg","contentUrl":"https:\/\/leonore-mau.de\/wp-content\/uploads\/2022\/07\/70363515.jpg","width":1200,"height":791,"caption":"Der Schriftsteller und Orgelbauer Hans Henny Jahnn wird von Ernst Hansing portr\u00e4tiert (Sch\u00fcler von Fernand L\u00e9ger). Referenz: Leonore Mau Portr\u00e4ts, Brinkmann &amp; Bose, 2016 R\u00fcckseitenbeschriftung: \"Jahnn wird von einem Sch\u00fcler von F. Leger, (Paris) - von Ernst G. Hansing, portraitiert.\" Aufnahmedatum: 1056 - 1959 Material\/Technik: Foto \/ Silbergelatine auf Barytpapier Bildformat (Foto): 15,5 x 23,5 cm Aufnahmeort: Hamburg Inventar-Nr.: LM-500638"},{"@type":"BreadcrumbList","@id":"https:\/\/leonore-mau.de\/produkt\/ohne-titel-hans-henny-jahnn-wird-protrtiert\/#breadcrumb","itemListElement":[{"@type":"ListItem","position":1,"name":"Startseite","item":"https:\/\/leonore-mau.de\/en\/"},{"@type":"ListItem","position":2,"name":"Shop","item":"https:\/\/leonore-mau.de\/en\/shop-2\/"},{"@type":"ListItem","position":3,"name":"Ohne Titel (Hans Henny Jahnn wird protr\u00e4tiert)"}]},{"@type":"WebSite","@id":"https:\/\/leonore-mau.de\/#website","url":"https:\/\/leonore-mau.de\/","name":"Leonore Mau","description":"Fotografin","potentialAction":[{"@type":"SearchAction","target":{"@type":"EntryPoint","urlTemplate":"https:\/\/leonore-mau.de\/?s={search_term_string}"},"query-input":{"@type":"PropertyValueSpecification","valueRequired":true,"valueName":"search_term_string"}}],"inLanguage":"en-US"}]}},"_links":{"self":[{"href":"https:\/\/leonore-mau.de\/en\/wp-json\/wp\/v2\/product\/993","targetHints":{"allow":["GET"]}}],"collection":[{"href":"https:\/\/leonore-mau.de\/en\/wp-json\/wp\/v2\/product"}],"about":[{"href":"https:\/\/leonore-mau.de\/en\/wp-json\/wp\/v2\/types\/product"}],"wp:featuredmedia":[{"embeddable":true,"href":"https:\/\/leonore-mau.de\/en\/wp-json\/wp\/v2\/media\/441"}],"wp:attachment":[{"href":"https:\/\/leonore-mau.de\/en\/wp-json\/wp\/v2\/media?parent=993"}],"wp:term":[{"taxonomy":"product_brand","embeddable":true,"href":"https:\/\/leonore-mau.de\/en\/wp-json\/wp\/v2\/product_brand?post=993"},{"taxonomy":"product_cat","embeddable":true,"href":"https:\/\/leonore-mau.de\/en\/wp-json\/wp\/v2\/product_cat?post=993"},{"taxonomy":"product_tag","embeddable":true,"href":"https:\/\/leonore-mau.de\/en\/wp-json\/wp\/v2\/product_tag?post=993"}],"curies":[{"name":"wp","href":"https:\/\/api.w.org\/{rel}","templated":true}]}}